{"id":35309,"date":"2025-11-26T13:48:31","date_gmt":"2025-11-26T12:48:31","guid":{"rendered":"https:\/\/wearevillage.org\/?post_type=product&#038;p=35309"},"modified":"2026-01-11T08:34:07","modified_gmt":"2026-01-11T07:34:07","slug":"kakaozeremonie-queer-bridges","status":"publish","type":"product","link":"https:\/\/wearevillage.org\/shop\/queer-bridges-monday\/w03-2026\/","title":{"rendered":"Kakaozeremonie \u2013 Queer Bridges"},"content":{"rendered":"<div class=\"wpb-content-wrapper\"><div class=\"vc_row wpb_row vc_row-fluid\"><div class=\"wpb_column vc_column_container vc_col-sm-12\"><div class=\"vc_column-inner\"><div class=\"wpb_wrapper\"><h4 style=\"text-align: left\" class=\"vc_custom_heading vc_do_custom_heading\" >Kakaozeremonie<\/h4><h5 style=\"text-align: left\" class=\"vc_custom_heading vc_do_custom_heading\" >mit Roby Two Spirit<\/h5>\n\t<div class=\"wpb_text_column wpb_content_element\" >\n\t\t<div class=\"wpb_wrapper\">\n\t\t\t<p>Lasst uns mit Kakao unter dem abnehmenden Mond zusammenkommen, einer Zeit des Loslassens, der Erneuerung und der Vorbereitung auf den kommenden Zyklus. Verwurzelt in den Traditionen indigener und gemischter Gemeinschaften S\u00fcdamerikas schafft diese Zeremonie einen geerdeten Raum f\u00fcr unser inneres Kind, unsere Vorfahren und unsere LGBTQ+-Gemeinschaft.<\/p>\n<p>Wir er\u00f6ffnen den zeremoniellen Raum mit klarer Absicht, teilen warmen Kakao und kommen in einem Kreis von Medizinliedern zusammen, die uns im gegenw\u00e4rtigen Moment verankern. Eine gef\u00fchrte Meditation unterst\u00fctzt unsere innere Reise und vertieft die Verbindung zum Kakao.<\/p>\n<p>Kakao ist eine sanfte, aber kraftvolle Medizin, bekannt daf\u00fcr, das Herz zu \u00f6ffnen und den Geist zu kl\u00e4ren. Ob du nach Klarheit, emotionaler Entlastung oder einem Moment der Ruhe suchst \u2013 diese Zeremonie bietet einen Raum, um dich zu verbinden.<\/p>\n\n\t\t<\/div>\n\t<\/div>\n<div class=\"vc_separator wpb_content_element vc_separator_align_center vc_sep_width_100 vc_sep_pos_align_center vc_separator_no_text vc_sep_color_grey wpb_content_element  wpb_content_element\" ><span class=\"vc_sep_holder vc_sep_holder_l\"><span class=\"vc_sep_line\"><\/span><\/span><span class=\"vc_sep_holder vc_sep_holder_r\"><span class=\"vc_sep_line\"><\/span><\/span>\n<\/div>\n\t<div class=\"wpb_text_column wpb_content_element\" >\n\t\t<div class=\"wpb_wrapper\">\n\t\t\t<p><strong><img loading=\"lazy\" decoding=\"async\" class=\"wp-image-35311 alignleft\" src=\"https:\/\/wearevillage.org\/wp-content\/uploads\/2025\/11\/hOi_MOcTPizDu4p2eLuqMsdICHQSgnf9G5A3S3rpKkU-scaled.jpeg\" alt=\"\" width=\"150\" height=\"100\" srcset=\"https:\/\/wearevillage.org\/wp-content\/uploads\/2025\/11\/hOi_MOcTPizDu4p2eLuqMsdICHQSgnf9G5A3S3rpKkU-scaled.jpeg 2560w, https:\/\/wearevillage.org\/wp-content\/uploads\/2025\/11\/hOi_MOcTPizDu4p2eLuqMsdICHQSgnf9G5A3S3rpKkU-300x200.jpeg 300w, https:\/\/wearevillage.org\/wp-content\/uploads\/2025\/11\/hOi_MOcTPizDu4p2eLuqMsdICHQSgnf9G5A3S3rpKkU-1024x683.jpeg 1024w, https:\/\/wearevillage.org\/wp-content\/uploads\/2025\/11\/hOi_MOcTPizDu4p2eLuqMsdICHQSgnf9G5A3S3rpKkU-150x100.jpeg 150w, https:\/\/wearevillage.org\/wp-content\/uploads\/2025\/11\/hOi_MOcTPizDu4p2eLuqMsdICHQSgnf9G5A3S3rpKkU-768x512.jpeg 768w, https:\/\/wearevillage.org\/wp-content\/uploads\/2025\/11\/hOi_MOcTPizDu4p2eLuqMsdICHQSgnf9G5A3S3rpKkU-1536x1024.jpeg 1536w, https:\/\/wearevillage.org\/wp-content\/uploads\/2025\/11\/hOi_MOcTPizDu4p2eLuqMsdICHQSgnf9G5A3S3rpKkU-2048x1365.jpeg 2048w, https:\/\/wearevillage.org\/wp-content\/uploads\/2025\/11\/hOi_MOcTPizDu4p2eLuqMsdICHQSgnf9G5A3S3rpKkU-624x416.jpeg 624w, https:\/\/wearevillage.org\/wp-content\/uploads\/2025\/11\/hOi_MOcTPizDu4p2eLuqMsdICHQSgnf9G5A3S3rpKkU-390x260.jpeg 390w, https:\/\/wearevillage.org\/wp-content\/uploads\/2025\/11\/hOi_MOcTPizDu4p2eLuqMsdICHQSgnf9G5A3S3rpKkU-600x400.jpeg 600w\" sizes=\"auto, (max-width: 150px) 100vw, 150px\" \/><\/strong><\/p>\n<p><strong>Roby<\/strong> ist eine 37-j\u00e4hrige Two-Spirit-Person (queer) aus Chile und tr\u00e4gt die Energie des Kondors aus den Anden in sich. Seit etwa sieben Jahren ist dey eine hingebungsvolle Praktizierende der traditionellen Rituale des Camino Rojo, hat 13 Tage der Vision Quest absolviert, tr\u00e4gt eine Heilige Pfeife und h\u00e4lt die Segnungen des Temazcal \/ der Schwitzh\u00fctte.<br data-start=\"487\" data-end=\"490\" \/>Roby leitet Temazcal-, Kakao-, Rap\u00e9- und Tabakzeremonien, begleitet Singkreise und gibt au\u00dferdem Workshops zu Diversit\u00e4t & Inklusion sowie Achtsamkeit in Berlin und weltweit.<\/p>\n\n\t\t<\/div>\n\t<\/div>\n<div class=\"vc_separator wpb_content_element vc_separator_align_center vc_sep_width_100 vc_sep_pos_align_center vc_separator_no_text vc_sep_color_grey wpb_content_element  wpb_content_element\" ><span class=\"vc_sep_holder vc_sep_holder_l\"><span class=\"vc_sep_line\"><\/span><\/span><span class=\"vc_sep_holder vc_sep_holder_r\"><span class=\"vc_sep_line\"><\/span><\/span>\n<\/div>\n\t<div class=\"wpb_text_column wpb_content_element\" >\n\t\t<div class=\"wpb_wrapper\">\n\t\t\t<p><strong>Queer Bridges: Verbindungen schaffen und Ressourcen f\u00fcr LGBTQIA+ Menschen mit Migrationserfahrung bereitstellen.<\/strong><\/p>\n<p>Queere Menschen mit Migrationserfahrung in Berlin sehen sich in ihrem t\u00e4glichen Leben oft mit besonderen Herausforderungen konfrontiert, die ihren Zugang zu unterst\u00fctzenden Gemeinschaften und integrativen Umgebungen einschr\u00e4nken k\u00f6nnen.<\/p>\n<p><img loading=\"lazy\" decoding=\"async\" class=\"wp-image-15170 alignleft\" src=\"https:\/\/wearevillage.org\/wp-content\/uploads\/2024\/06\/stiftung-300x121.png\" alt=\"\" width=\"216\" height=\"87\" srcset=\"https:\/\/wearevillage.org\/wp-content\/uploads\/2024\/06\/stiftung-300x121.png 300w, https:\/\/wearevillage.org\/wp-content\/uploads\/2024\/06\/stiftung-1024x414.png 1024w, https:\/\/wearevillage.org\/wp-content\/uploads\/2024\/06\/stiftung-150x61.png 150w, https:\/\/wearevillage.org\/wp-content\/uploads\/2024\/06\/stiftung-768x310.png 768w, https:\/\/wearevillage.org\/wp-content\/uploads\/2024\/06\/stiftung-1536x620.png 1536w, https:\/\/wearevillage.org\/wp-content\/uploads\/2024\/06\/stiftung-2048x827.png 2048w, https:\/\/wearevillage.org\/wp-content\/uploads\/2024\/06\/stiftung-624x252.png 624w, https:\/\/wearevillage.org\/wp-content\/uploads\/2024\/06\/stiftung-390x158.png 390w, https:\/\/wearevillage.org\/wp-content\/uploads\/2024\/06\/stiftung-600x242.png 600w\" sizes=\"auto, (max-width: 216px) 100vw, 216px\" \/>Mit Unterst\u00fctzung der<strong> Deutschen Fernsehlotterie Stiftung<\/strong>, haben wir das Programm Queer Bridges entwickelt, um diese H\u00fcrden zu \u00fcberwinden. Wir bieten Ressourcen, Vernetzung und Unterst\u00fctzung in einem einladenden Umfeld f\u00fcr queere Migrant*innen und Gefl\u00fcchtete durch unser spezielles Programm. Unser Ziel ist es, ein Gef\u00fchl der Zugeh\u00f6rigkeit zur lokalen LGBTQIA+ Community zu f\u00f6rdern und damit eine reibungslose Integration sowie eine verbesserte Lebensqualit\u00e4t f\u00fcr queere Menschen mit Migrations- und\/oder Fluchterfahrung zu erm\u00f6glichen.<\/p>\n<p><span style=\"vertical-align: inherit;\"><span style=\"vertical-align: inherit;\">\u2705 Unser <strong>Queer Bridges<\/strong> Programm wird sich stetig weiter entwickeln und wir freuen uns auch jederzeit von Euren Bedarfen zu h\u00f6ren. Bei Interesse k\u00f6nnt ihr uns eine E-Mail schicken, um \u00fcber weitere Aktualisierungen informiert zu bleiben.<\/span><\/span><\/p>\n\n\t\t<\/div>\n\t<\/div>\n<div class=\"vc_separator wpb_content_element vc_separator_align_center vc_sep_width_100 vc_sep_pos_align_center vc_separator_no_text vc_sep_color_grey wpb_content_element  wpb_content_element\" ><span class=\"vc_sep_holder vc_sep_holder_l\"><span class=\"vc_sep_line\"><\/span><\/span><span class=\"vc_sep_holder vc_sep_holder_r\"><span class=\"vc_sep_line\"><\/span><\/span>\n<\/div>\n\t<div class=\"wpb_text_column wpb_content_element\" >\n\t\t<div class=\"wpb_wrapper\">\n\t\t\t<p><span style=\"text-decoration: underline;\"><strong>Hinweise<\/strong><\/span><br \/>\n<strong>Teilnehmende<\/strong>: Dieser Workshop richtet sich an alle, die sich als LGBTQIA+ identifizieren und Migrations- und\/oder Fluchterfahrung erlebt haben. Wenn ihr diese Erfahrungen nicht teilt, aber dennoch an einer Teilnahme interessiert seid, meldet euch bitte zuerst bei uns, um zu kl\u00e4ren, ob ein Platz frei ist. Wir bitten alle Teilnehmenden, den Schwerpunkt des Programms zu respektieren und dazu beizutragen, einen offenen, respektvollen Raum zu schaffen.<br \/>\n<strong>Anmeldung<\/strong>: F\u00fcr dieses Event stehen begrenzte Pl\u00e4tze zur Verf\u00fcgung. Eine Registrierung \u00fcber unsere Website ist daher erforderlich.<br \/>\n<strong>Sprache<\/strong>: Englisch<br \/>\n<strong>Kosten<\/strong>: Die Teilnahme ist kostenlos.<\/p>\n\n\t\t<\/div>\n\t<\/div>\n<\/div><\/div><\/div><\/div>\n<\/div>","protected":false},"excerpt":{"rendered":"<h5>Montag<br \/>\n18:00-19:30<br \/>\nKostenlos mit Anmeldung<\/h5>\n<p><strong> | <span style=\"color: #ec6c23;\"> LGBTQIA+ <\/span> | <\/strong><\/p>\n<p>Lasst uns mit Kakao unter dem abnehmenden Mond zusammenkommen, einer Zeit des Loslassens, der Erneuerung und der Vorbereitung auf den kommenden Zyklus. Verwurzelt in den Traditionen indigener und gemischter Gemeinschaften S\u00fcdamerikas schafft diese Zeremonie einen geerdeten Raum f\u00fcr unser inneres Kind, unsere Vorfahren und unsere LGBTQIA+-Gemeinschaft.<\/p>\n","protected":false},"author":12,"featured_media":35446,"template":"","meta":{"pmpro_default_level":"","inline_featured_image":false},"product_brand":[],"product_cat":[769,797,83],"product_tag":[469],"class_list":{"0":"post-35309","1":"product","2":"type-product","3":"status-publish","4":"has-post-thumbnail","6":"product_cat-kostenloser-zugang","7":"product_cat-queer-bridges-events-2","8":"product_cat-workshops","9":"product_tag-lgbtqiaplus","10":"pmpro-has-access","12":"first","13":"outofstock","14":"sold-individually","15":"product-type-simple"},"wpml_current_locale":"de_DE","wpml_translations":{"en_US":{"locale":"en_US","id":35315,"slug":"kakaozeremonie-queer-bridges","post_title":"Cacao Ceremony \u2013 Queer Bridges","href":"https:\/\/wearevillage.org\/en\/shop\/queer-bridges-monday\/w03-2026"}},"language":{"code":"de","locale":"","name":"","is_rtl":false},"_links":{"self":[{"href":"https:\/\/wearevillage.org\/wp-json\/wp\/v2\/product\/35309","targetHints":{"allow":["GET"]}}],"collection":[{"href":"https:\/\/wearevillage.org\/wp-json\/wp\/v2\/product"}],"about":[{"href":"https:\/\/wearevillage.org\/wp-json\/wp\/v2\/types\/product"}],"author":[{"embeddable":true,"href":"https:\/\/wearevillage.org\/wp-json\/wp\/v2\/users\/12"}],"wp:featuredmedia":[{"embeddable":true,"href":"https:\/\/wearevillage.org\/wp-json\/wp\/v2\/media\/35446"}],"wp:attachment":[{"href":"https:\/\/wearevillage.org\/wp-json\/wp\/v2\/media?parent=35309"}],"wp:term":[{"taxonomy":"product_brand","embeddable":true,"href":"https:\/\/wearevillage.org\/wp-json\/wp\/v2\/product_brand?post=35309"},{"taxonomy":"product_cat","embeddable":true,"href":"https:\/\/wearevillage.org\/wp-json\/wp\/v2\/product_cat?post=35309"},{"taxonomy":"product_tag","embeddable":true,"href":"https:\/\/wearevillage.org\/wp-json\/wp\/v2\/product_tag?post=35309"}],"curies":[{"name":"wp","href":"https:\/\/api.w.org\/{rel}","templated":true}]}}