{"id":35316,"date":"2025-11-26T14:05:14","date_gmt":"2025-11-26T13:05:14","guid":{"rendered":"https:\/\/wearevillage.org\/?post_type=product&#038;p=35316"},"modified":"2025-11-30T12:57:58","modified_gmt":"2025-11-30T11:57:58","slug":"kakaozeremonie-queer-bridges-copy","status":"publish","type":"product","link":"https:\/\/wearevillage.org\/shop\/queer-bridges-monday\/w04-2026\/","title":{"rendered":"Tanzen und verbinden \u2013 Queer Bridges"},"content":{"rendered":"<div class=\"wpb-content-wrapper\"><div class=\"vc_row wpb_row vc_row-fluid\"><div class=\"wpb_column vc_column_container vc_col-sm-12\"><div class=\"vc_column-inner\"><div class=\"wpb_wrapper\"><h4 style=\"text-align: left\" class=\"vc_custom_heading vc_do_custom_heading\" >Tanzen und verbinden<\/h4><h5 style=\"text-align: left\" class=\"vc_custom_heading vc_do_custom_heading\" >mit Yousef Iskandar<\/h5>\n\t<div class=\"wpb_text_column wpb_content_element\" >\n\t\t<div class=\"wpb_wrapper\">\n\t\t\t<p>Tanzen und verbinden ist ein Raum f\u00fcr <strong>LGBTQIA+ Menschen mit Migrationserfahrung<\/strong>, um zusammenzukommen, sich zu bewegen und gemeinsam ein Erlebnis zu gestalten. In diesem 90-min\u00fctigen Treffen leiten uns Musik, Rhythmus und Tanz und helfen uns, einander zuzuh\u00f6ren und die Geschichten in unseren K\u00f6rpern wahrzunehmen. Gemeinsam erforschen wir, wie Bewegung ein Gef\u00fchl von Verbundenheit webt. Eine kleine Utopie, in der wir das gewohnte Empfinden von Zeit und Raum verlieren. Alle sind ein wesentlicher Teil dieses Treffens, und jeder Rhythmus z\u00e4hlt. Der Workshop l\u00e4dt zu Neugier, Ausdruck und der Freude ein, zu entdecken, was Tanz zwischen uns \u00f6ffnen kann.<\/p>\n\n\t\t<\/div>\n\t<\/div>\n<div class=\"vc_separator wpb_content_element vc_separator_align_center vc_sep_width_100 vc_sep_pos_align_center vc_separator_no_text vc_sep_color_grey wpb_content_element  wpb_content_element\" ><span class=\"vc_sep_holder vc_sep_holder_l\"><span class=\"vc_sep_line\"><\/span><\/span><span class=\"vc_sep_holder vc_sep_holder_r\"><span class=\"vc_sep_line\"><\/span><\/span>\n<\/div>\n\t<div class=\"wpb_text_column wpb_content_element\" >\n\t\t<div class=\"wpb_wrapper\">\n\t\t\t<p><strong><img loading=\"lazy\" decoding=\"async\" class=\"wp-image-35318 alignleft\" src=\"https:\/\/wearevillage.org\/wp-content\/uploads\/2025\/11\/WhatsApp-Image-2025-11-26-at-00.12.24-scaled.jpeg\" alt=\"\" width=\"151\" height=\"227\" srcset=\"https:\/\/wearevillage.org\/wp-content\/uploads\/2025\/11\/WhatsApp-Image-2025-11-26-at-00.12.24-scaled.jpeg 1707w, https:\/\/wearevillage.org\/wp-content\/uploads\/2025\/11\/WhatsApp-Image-2025-11-26-at-00.12.24-200x300.jpeg 200w, https:\/\/wearevillage.org\/wp-content\/uploads\/2025\/11\/WhatsApp-Image-2025-11-26-at-00.12.24-683x1024.jpeg 683w, https:\/\/wearevillage.org\/wp-content\/uploads\/2025\/11\/WhatsApp-Image-2025-11-26-at-00.12.24-100x150.jpeg 100w, https:\/\/wearevillage.org\/wp-content\/uploads\/2025\/11\/WhatsApp-Image-2025-11-26-at-00.12.24-768x1152.jpeg 768w, https:\/\/wearevillage.org\/wp-content\/uploads\/2025\/11\/WhatsApp-Image-2025-11-26-at-00.12.24-1024x1536.jpeg 1024w, https:\/\/wearevillage.org\/wp-content\/uploads\/2025\/11\/WhatsApp-Image-2025-11-26-at-00.12.24-1365x2048.jpeg 1365w, https:\/\/wearevillage.org\/wp-content\/uploads\/2025\/11\/WhatsApp-Image-2025-11-26-at-00.12.24-624x936.jpeg 624w, https:\/\/wearevillage.org\/wp-content\/uploads\/2025\/11\/WhatsApp-Image-2025-11-26-at-00.12.24-390x585.jpeg 390w, https:\/\/wearevillage.org\/wp-content\/uploads\/2025\/11\/WhatsApp-Image-2025-11-26-at-00.12.24-600x900.jpeg 600w\" sizes=\"auto, (max-width: 151px) 100vw, 151px\" \/><\/strong><\/p>\n<p><strong>Yousef Iskandar<\/strong> ist ein libanesischer multidisziplin\u00e4rer K\u00fcnstler, der auch Workshops leitet, in denen Bewegung, Sinnlichkeit und Selbstausdruck erforscht werden. Angetrieben von seinem Glauben an Kreativit\u00e4t als eine Form der Therapie schafft Yousef kraftvolle R\u00e4ume, in denen Menschen sich verbinden, heilen und ihr authentisches Selbst durch Ber\u00fchrung, Bewegung und kreative Erkundung annehmen k\u00f6nnen. Mit einem Hintergrund in Performance und visueller Erz\u00e4hlkunst verbindet Yousef nahtlos Kunst und pers\u00f6nliche Transformation und f\u00f6rdert in jedem von ihm geschaffenen Raum Verbindung und Freiheit des Ausdrucks.<\/p>\n\n\t\t<\/div>\n\t<\/div>\n<div class=\"vc_separator wpb_content_element vc_separator_align_center vc_sep_width_100 vc_sep_pos_align_center vc_separator_no_text vc_sep_color_grey wpb_content_element  wpb_content_element\" ><span class=\"vc_sep_holder vc_sep_holder_l\"><span class=\"vc_sep_line\"><\/span><\/span><span class=\"vc_sep_holder vc_sep_holder_r\"><span class=\"vc_sep_line\"><\/span><\/span>\n<\/div>\n\t<div class=\"wpb_text_column wpb_content_element\" >\n\t\t<div class=\"wpb_wrapper\">\n\t\t\t<p><strong>Queer Bridges: Verbindungen schaffen und Ressourcen f\u00fcr LGBTQIA+ Menschen mit Migrationserfahrung bereitstellen.<\/strong><\/p>\n<p>Queere Menschen mit Migrationserfahrung in Berlin sehen sich in ihrem t\u00e4glichen Leben oft mit besonderen Herausforderungen konfrontiert, die ihren Zugang zu unterst\u00fctzenden Gemeinschaften und integrativen Umgebungen einschr\u00e4nken k\u00f6nnen.<\/p>\n<p><img loading=\"lazy\" decoding=\"async\" class=\"wp-image-15170 alignleft\" src=\"https:\/\/wearevillage.org\/wp-content\/uploads\/2024\/06\/stiftung-300x121.png\" alt=\"\" width=\"216\" height=\"87\" srcset=\"https:\/\/wearevillage.org\/wp-content\/uploads\/2024\/06\/stiftung-300x121.png 300w, https:\/\/wearevillage.org\/wp-content\/uploads\/2024\/06\/stiftung-1024x414.png 1024w, https:\/\/wearevillage.org\/wp-content\/uploads\/2024\/06\/stiftung-150x61.png 150w, https:\/\/wearevillage.org\/wp-content\/uploads\/2024\/06\/stiftung-768x310.png 768w, https:\/\/wearevillage.org\/wp-content\/uploads\/2024\/06\/stiftung-1536x620.png 1536w, https:\/\/wearevillage.org\/wp-content\/uploads\/2024\/06\/stiftung-2048x827.png 2048w, https:\/\/wearevillage.org\/wp-content\/uploads\/2024\/06\/stiftung-624x252.png 624w, https:\/\/wearevillage.org\/wp-content\/uploads\/2024\/06\/stiftung-390x158.png 390w, https:\/\/wearevillage.org\/wp-content\/uploads\/2024\/06\/stiftung-600x242.png 600w\" sizes=\"auto, (max-width: 216px) 100vw, 216px\" \/>Mit Unterst\u00fctzung der<strong> Deutschen Fernsehlotterie Stiftung<\/strong>, haben wir das Programm Queer Bridges entwickelt, um diese H\u00fcrden zu \u00fcberwinden. Wir bieten Ressourcen, Vernetzung und Unterst\u00fctzung in einem einladenden Umfeld f\u00fcr queere Migrant*innen und Gefl\u00fcchtete durch unser spezielles Programm. Unser Ziel ist es, ein Gef\u00fchl der Zugeh\u00f6rigkeit zur lokalen LGBTQIA+ Community zu f\u00f6rdern und damit eine reibungslose Integration sowie eine verbesserte Lebensqualit\u00e4t f\u00fcr queere Menschen mit Migrations- und\/oder Fluchterfahrung zu erm\u00f6glichen.<\/p>\n<p><span style=\"vertical-align: inherit;\"><span style=\"vertical-align: inherit;\">\u2705 Unser <strong>Queer Bridges<\/strong> Programm wird sich stetig weiter entwickeln und wir freuen uns auch jederzeit von Euren Bedarfen zu h\u00f6ren. Bei Interesse k\u00f6nnt ihr uns eine E-Mail schicken, um \u00fcber weitere Aktualisierungen informiert zu bleiben.<\/span><\/span><\/p>\n\n\t\t<\/div>\n\t<\/div>\n<div class=\"vc_separator wpb_content_element vc_separator_align_center vc_sep_width_100 vc_sep_pos_align_center vc_separator_no_text vc_sep_color_grey wpb_content_element  wpb_content_element\" ><span class=\"vc_sep_holder vc_sep_holder_l\"><span class=\"vc_sep_line\"><\/span><\/span><span class=\"vc_sep_holder vc_sep_holder_r\"><span class=\"vc_sep_line\"><\/span><\/span>\n<\/div>\n\t<div class=\"wpb_text_column wpb_content_element\" >\n\t\t<div class=\"wpb_wrapper\">\n\t\t\t<p><span style=\"text-decoration: underline;\"><strong>Hinweise<\/strong><\/span><br \/>\n<strong>Teilnehmende<\/strong>: Dieser Workshop richtet sich an alle, die sich als LGBTQIA+ identifizieren und Migrations- und\/oder Fluchterfahrung erlebt haben. Wenn ihr diese Erfahrungen nicht teilt, aber dennoch an einer Teilnahme interessiert seid, meldet euch bitte zuerst bei uns, um zu kl\u00e4ren, ob ein Platz frei ist. Wir bitten alle Teilnehmenden, den Schwerpunkt des Programms zu respektieren und dazu beizutragen, einen offenen, respektvollen Raum zu schaffen.<br \/>\n<strong>Anmeldung<\/strong>: F\u00fcr dieses Event stehen begrenzte Pl\u00e4tze zur Verf\u00fcgung. Eine Registrierung \u00fcber unsere Website ist daher erforderlich.<br \/>\n<strong>Sprache<\/strong>: Englisch<br \/>\n<strong>Kosten<\/strong>: Die Teilnahme ist kostenlos.<\/p>\n\n\t\t<\/div>\n\t<\/div>\n<\/div><\/div><\/div><\/div>\n<\/div>","protected":false},"excerpt":{"rendered":"<h5>Montag<br \/>\n18:00-19:30<br \/>\nKostenlos mit Anmeldung<\/h5>\n<p><strong> | <span style=\"color: #ec6c23;\"> LGBTQIA+ <\/span> | <\/strong><\/p>\n<p>Tanzen und verbinden bringt <strong>LGBTQIA+ Menschen mit Migrationserfahrung<\/strong>\u00a0Personen durch Musik, Rhythmus und Bewegung zusammen. Wir schaffen eine kleine Utopie, in der Geschichten durch den K\u00f6rper flie\u00dfen und Zeit anders sp\u00fcrbar wird. Ein Raum f\u00fcr Neugier, Ausdruck und das, was Tanz zwischen uns \u00f6ffnen kann.<\/p>\n","protected":false},"author":12,"featured_media":35519,"template":"","meta":{"pmpro_default_level":"","inline_featured_image":false},"product_brand":[],"product_cat":[769,797,83],"product_tag":[469],"class_list":{"0":"post-35316","1":"product","2":"type-product","3":"status-publish","4":"has-post-thumbnail","6":"product_cat-kostenloser-zugang","7":"product_cat-queer-bridges-events-2","8":"product_cat-workshops","9":"product_tag-lgbtqiaplus","10":"pmpro-has-access","12":"first","13":"instock","14":"sold-individually","15":"product-type-simple"},"wpml_current_locale":"de_DE","wpml_translations":{"en_US":{"locale":"en_US","id":35332,"slug":"kakaozeremonie-queer-bridges-copy","post_title":"Dance and Connect \u2013 Queer Bridges","href":"https:\/\/wearevillage.org\/en\/shop\/queer-bridges-monday\/w04-2026"}},"language":{"code":"de","locale":"","name":"","is_rtl":false},"_links":{"self":[{"href":"https:\/\/wearevillage.org\/wp-json\/wp\/v2\/product\/35316","targetHints":{"allow":["GET"]}}],"collection":[{"href":"https:\/\/wearevillage.org\/wp-json\/wp\/v2\/product"}],"about":[{"href":"https:\/\/wearevillage.org\/wp-json\/wp\/v2\/types\/product"}],"author":[{"embeddable":true,"href":"https:\/\/wearevillage.org\/wp-json\/wp\/v2\/users\/12"}],"wp:featuredmedia":[{"embeddable":true,"href":"https:\/\/wearevillage.org\/wp-json\/wp\/v2\/media\/35519"}],"wp:attachment":[{"href":"https:\/\/wearevillage.org\/wp-json\/wp\/v2\/media?parent=35316"}],"wp:term":[{"taxonomy":"product_brand","embeddable":true,"href":"https:\/\/wearevillage.org\/wp-json\/wp\/v2\/product_brand?post=35316"},{"taxonomy":"product_cat","embeddable":true,"href":"https:\/\/wearevillage.org\/wp-json\/wp\/v2\/product_cat?post=35316"},{"taxonomy":"product_tag","embeddable":true,"href":"https:\/\/wearevillage.org\/wp-json\/wp\/v2\/product_tag?post=35316"}],"curies":[{"name":"wp","href":"https:\/\/api.w.org\/{rel}","templated":true}]}}