{"id":35511,"date":"2025-11-27T16:33:37","date_gmt":"2025-11-27T15:33:37","guid":{"rendered":"https:\/\/wearevillage.org\/?post_type=product&#038;p=35511"},"modified":"2026-01-13T15:36:52","modified_gmt":"2026-01-13T14:36:52","slug":"embodied-consent-30","status":"publish","type":"product","link":"https:\/\/wearevillage.org\/shop\/embodied-consent\/w03-2026\/","title":{"rendered":"Embodied Consent"},"content":{"rendered":"<div class=\"wpb-content-wrapper\"><div class=\"vc_row wpb_row vc_row-fluid\"><div class=\"wpb_column vc_column_container vc_col-sm-12\"><div class=\"vc_column-inner\"><div class=\"wpb_wrapper\"><h4 style=\"text-align: left\" class=\"vc_custom_heading vc_do_custom_heading\" >Embodied Consent<\/h4><h5 style=\"text-align: left\" class=\"vc_custom_heading vc_do_custom_heading\" >Lernen \u00fcber Grenzen und Kommunikation mit Karl-Henrik Sahl\u00e9n<\/h5>\n\t<div class=\"wpb_text_column wpb_content_element\" >\n\t\t<div class=\"wpb_wrapper\">\n\t\t\t<p>Sich seiner Grenzen bewusst zu sein und sein Einverst\u00e4ndnis oder Nicht-Einverst\u00e4ndnis auszudr\u00fccken, sind wichtige F\u00e4higkeiten im Leben, aber wir haben nicht oft die Gelegenheit, die F\u00e4higkeit des Einverst\u00e4ndnisses auf die gleiche Weise zu \u00fcben wie andere F\u00e4higkeiten, wie Singen, Sport treiben oder eine Sprache lernen.<\/p>\n<p>Bei Consent geht es um viel mehr als ein einfaches Ja oder Nein. Wenn wir die Zustimmung dekonstruieren, entdecken wir, wie wir unsere wahren W\u00fcnsche kommunizieren k\u00f6nnen, und h\u00f6ren auf, Dinge zu w\u00e4hlen, die wir nicht wollen. Durch Diskussionen, Bewegung und Partnerspiele werden wir Werkzeuge entwickeln, um k\u00f6rperliche W\u00fcnsche auszudr\u00fccken und zu verhandeln und durch praktische \u00dcbungen Grenzen zu setzen. Dieser Workshop ist f\u00fcr Menschen aller K\u00f6rpergr\u00f6\u00dfen, Geschlechter und Hintergr\u00fcnde offen und einladend.<\/p>\n<p>Es handelt sich um einen nicht-sexuellen Workshop bei dem, ohne Druck, Kommunikation und Ber\u00fchrung ge\u00fcbt werden k\u00f6nnen. Es geht genauso darum, wirklich Ja zu sagen und es auch so zu meinen, wie es darum geht, Nein zu sagen!<\/p>\n<p>Wenn Sie noch nicht an einem Workshop zum Thema Consent im Village teilgenommen haben, ist es jetzt an der Zeit! Diese Erfahrung wird Ihnen nicht nur helfen, sich in der we are village Community zurechtzufinden, sondern sie wird Sie auch dazu bef\u00e4higen, diese Werte in Ihr Leben zu \u00fcbertragen. Gemeinsam wollen wir eine auf Consent ausgerichtete Gemeinschaft mit gemeinsamen Werten aufbauen und dabei die Verantwortung des Einzelnen f\u00fcr die Einhaltung dieser Grunds\u00e4tze betonen. Unser oberstes Ziel ist es, gesunde Beziehungen zu f\u00f6rdern und eine integrative Community f\u00fcr eine bessere, vernetzte Zukunft zu schaffen.<\/p>\n\n\t\t<\/div>\n\t<\/div>\n<div class=\"vc_separator wpb_content_element vc_separator_align_center vc_sep_width_100 vc_sep_pos_align_center vc_separator_no_text vc_sep_color_grey wpb_content_element  wpb_content_element\" ><span class=\"vc_sep_holder vc_sep_holder_l\"><span class=\"vc_sep_line\"><\/span><\/span><span class=\"vc_sep_holder vc_sep_holder_r\"><span class=\"vc_sep_line\"><\/span><\/span>\n<\/div>\n\t<div class=\"wpb_text_column wpb_content_element\" >\n\t\t<div class=\"wpb_wrapper\">\n\t\t\t<p><strong><img loading=\"lazy\" decoding=\"async\" class=\"wp-image-37020 alignleft\" src=\"https:\/\/wearevillage.org\/wp-content\/uploads\/2025\/12\/wav-team-Karl-Henrik-Sahlen3-270x300.png\" alt=\"\" width=\"160\" height=\"178\" srcset=\"https:\/\/wearevillage.org\/wp-content\/uploads\/2025\/12\/wav-team-Karl-Henrik-Sahlen3-270x300.png 270w, https:\/\/wearevillage.org\/wp-content\/uploads\/2025\/12\/wav-team-Karl-Henrik-Sahlen3-135x150.png 135w, https:\/\/wearevillage.org\/wp-content\/uploads\/2025\/12\/wav-team-Karl-Henrik-Sahlen3-768x853.png 768w, https:\/\/wearevillage.org\/wp-content\/uploads\/2025\/12\/wav-team-Karl-Henrik-Sahlen3-624x693.png 624w, https:\/\/wearevillage.org\/wp-content\/uploads\/2025\/12\/wav-team-Karl-Henrik-Sahlen3-390x433.png 390w, https:\/\/wearevillage.org\/wp-content\/uploads\/2025\/12\/wav-team-Karl-Henrik-Sahlen3-600x667.png 600w, https:\/\/wearevillage.org\/wp-content\/uploads\/2025\/12\/wav-team-Karl-Henrik-Sahlen3.png 900w\" sizes=\"auto, (max-width: 160px) 100vw, 160px\" \/>Karl Henrik <\/strong>verf\u00fcgt \u00fcber einen Bachelor-Abschluss in Internationaler Psychologie, ist zertifiziert im Life Purpose Coaching sowie in Hatha- und Jivamukti-Yoga. Zudem integriert er Praktiken wie Bioenergetik, Feldenkrais und Intuitive Bewegung in seine Arbeit. Durch die Verbindung von Psychologie, Spiritualit\u00e4t und Bewegung bietet er Einzelsitzungen, Workshops, Retreats und M\u00e4nnerkreise an. Mit Ehrlichkeit, Freude und Mitgef\u00fchl schafft er R\u00e4ume f\u00fcr Selbsterforschung und Transformation, indem er Pr\u00e4senz, Gef\u00fchle und Bewegung kombiniert, um andere auf ihrem Weg zum authentischem Sein zu unterst\u00fctzen.<\/p>\n\n\t\t<\/div>\n\t<\/div>\n<div class=\"vc_separator wpb_content_element vc_separator_align_center vc_sep_width_100 vc_sep_pos_align_center vc_separator_no_text vc_sep_color_grey wpb_content_element  wpb_content_element\" ><span class=\"vc_sep_holder vc_sep_holder_l\"><span class=\"vc_sep_line\"><\/span><\/span><span class=\"vc_sep_holder vc_sep_holder_r\"><span class=\"vc_sep_line\"><\/span><\/span>\n<\/div>\n\t<div class=\"wpb_text_column wpb_content_element\" >\n\t\t<div class=\"wpb_wrapper\">\n\t\t\t<p><strong><span style=\"text-decoration: underline;\">Hinweise<\/span><br \/>\n<\/strong>Die Teilnehmendenzahl ist auf <strong>15 Personen<\/strong> begrenzt, um die Qualit\u00e4t des Austauschs zu gew\u00e4hrleisten.<br \/>\n<strong>Sprache<\/strong>: Der Workshop wird auf Englisch gef\u00fchrt. Um ein vollst\u00e4ndiges Verst\u00e4ndnis des Themas zu gew\u00e4hrleisten, bieten wir alle zwei Monate eine Sitzung in deutscher Sprache an. Bitte w\u00e4hlen Sie Ihre Sitzung gem\u00e4\u00df unserem Kalender.<br \/>\n<strong>Kosten<\/strong>: kostenlos mit Anmeldung.<\/p>\n<p><em>** Diese Veranstaltung ist Teil unseres Programms \u2018<strong><a href=\"https:\/\/wearevillage.org\/village-quartiere\/addressing-queer-lonliness\" target=\"_blank\" rel=\"noopener\">Gemeinsam statt einsam<\/a><\/strong>\u2018, unterst\u00fctzt von der <strong><a href=\"https:\/\/www.berlin.de\/sen\/lads\/en\/\" target=\"_blank\" rel=\"noopener\">LADS<\/a><\/strong>. <\/em><br \/>\n<em>Erfahre mehr \u00fcber das Programm <a href=\"https:\/\/wearevillage.org\/village-quartiere\/addressing-queer-lonliness\" target=\"_blank\" rel=\"noopener\">hier<\/a>.<\/em><\/p>\n\n\t\t<\/div>\n\t<\/div>\n<\/div><\/div><\/div><\/div>\n<\/div>","protected":false},"excerpt":{"rendered":"<h5>Sonntags (einmal im Monat)<br \/>\n11:00 \u2013 13:00<br \/>\nkostenlos mit Anmeldung<br \/>\nAuf Englisch<\/h5>\n<p class=\"p1\"><strong>| <span style=\"color: #ec6c23;\">LGBTIQA+<\/span>\u00a0|<\/strong><\/p>\n<p><strong>Lernen \u00fcber Grenzen und Kommunikation<\/strong><br \/>\nWenn Sie noch nicht an einem Workshop zum Thema Consent im Village teilgenommen haben, ist es jetzt an der Zeit! Dieser Workshop ist sehr zu empfehlen f\u00fcr alle, die unser Projekt regelm\u00e4\u00dfig besuchen oder an einem unserer Workshops teilnehmen m\u00f6chten. Diese Erfahrung wird Ihnen nicht nur helfen, sich in der we.are.village-Community zurechtzufinden, sondern sie wird Sie auch dazu bef\u00e4higen, diese Werte in Ihr Leben zu \u00fcbertragen.<\/p>\n","protected":false},"author":12,"featured_media":9606,"template":"","meta":{"pmpro_default_level":"","inline_featured_image":false},"product_brand":[],"product_cat":[791,769,79],"product_tag":[469],"class_list":{"0":"post-35511","1":"product","2":"type-product","3":"status-publish","4":"has-post-thumbnail","6":"product_cat-gemeinsam-statt-einsam","7":"product_cat-kostenloser-zugang","8":"product_cat-monatliche-events","9":"product_tag-lgbtqiaplus","10":"pmpro-has-access","12":"first","13":"instock","14":"sold-individually","15":"product-type-simple"},"wpml_current_locale":"de_DE","wpml_translations":{"en_US":{"locale":"en_US","id":35513,"slug":"embodied-consent-30","post_title":"Embodied Consent","href":"https:\/\/wearevillage.org\/en\/shop\/embodied-consent\/w03-2026"}},"language":{"code":"de","locale":"","name":"","is_rtl":false},"_links":{"self":[{"href":"https:\/\/wearevillage.org\/wp-json\/wp\/v2\/product\/35511","targetHints":{"allow":["GET"]}}],"collection":[{"href":"https:\/\/wearevillage.org\/wp-json\/wp\/v2\/product"}],"about":[{"href":"https:\/\/wearevillage.org\/wp-json\/wp\/v2\/types\/product"}],"author":[{"embeddable":true,"href":"https:\/\/wearevillage.org\/wp-json\/wp\/v2\/users\/12"}],"wp:featuredmedia":[{"embeddable":true,"href":"https:\/\/wearevillage.org\/wp-json\/wp\/v2\/media\/9606"}],"wp:attachment":[{"href":"https:\/\/wearevillage.org\/wp-json\/wp\/v2\/media?parent=35511"}],"wp:term":[{"taxonomy":"product_brand","embeddable":true,"href":"https:\/\/wearevillage.org\/wp-json\/wp\/v2\/product_brand?post=35511"},{"taxonomy":"product_cat","embeddable":true,"href":"https:\/\/wearevillage.org\/wp-json\/wp\/v2\/product_cat?post=35511"},{"taxonomy":"product_tag","embeddable":true,"href":"https:\/\/wearevillage.org\/wp-json\/wp\/v2\/product_tag?post=35511"}],"curies":[{"name":"wp","href":"https:\/\/api.w.org\/{rel}","templated":true}]}}