{"id":35658,"date":"2025-11-28T13:49:53","date_gmt":"2025-11-28T12:49:53","guid":{"rendered":"https:\/\/wearevillage.org\/?post_type=product&#038;p=35658"},"modified":"2026-02-18T16:08:13","modified_gmt":"2026-02-18T15:08:13","slug":"meditation-60","status":"publish","type":"product","link":"https:\/\/wearevillage.org\/shop\/meditation\/w8-2026\/","title":{"rendered":"*Meditation"},"content":{"rendered":"<div class=\"wpb-content-wrapper\"><div class=\"vc_row wpb_row vc_row-fluid\"><div class=\"wpb_column vc_column_container vc_col-sm-12\"><div class=\"vc_column-inner\"><div class=\"wpb_wrapper\"><h4 style=\"text-align: left\" class=\"vc_custom_heading vc_do_custom_heading\" >Meditation<\/h4><h5 style=\"text-align: left\" class=\"vc_custom_heading vc_do_custom_heading\" >mit Leon, Tony, Alan und Paz<\/h5>\n\t<div class=\"wpb_text_column wpb_content_element\" >\n\t\t<div class=\"wpb_wrapper\">\n\t\t\t<p>Die Queer Meditationsgruppe bietet einen sicheren und inklusiven Raum f\u00fcr LGBTQIA+ Personen, um sich durch sanfte K\u00f6rperabstimmung, Atemachtsamkeit und bewusste Sitzpraxis auf einen erkundenden Ansatz zur Meditation einzulassen.<\/p>\n<p>Geleitet von vier erfahrenen Lehrern im Wechsel, bringt jeder der Leiter Erfahrungen mit Achtsamkeit, Zen, Vipassana und anderen Formen der Meditation mit.<br \/>\nVorherige Meditationserfahrung ist nicht erforderlich.<\/p>\n\n\t\t<\/div>\n\t<\/div>\n<div class=\"vc_separator wpb_content_element vc_separator_align_center vc_sep_width_100 vc_sep_pos_align_center vc_separator_no_text vc_sep_color_grey vc_custom_1724413459150 wpb_content_element  vc_custom_1724413459150 wpb_content_element\" ><span class=\"vc_sep_holder vc_sep_holder_l\"><span class=\"vc_sep_line\"><\/span><\/span><span class=\"vc_sep_holder vc_sep_holder_r\"><span class=\"vc_sep_line\"><\/span><\/span>\n<\/div>\n\t<div class=\"wpb_text_column wpb_content_element\" >\n\t\t<div class=\"wpb_wrapper\">\n\t\t\t<p><strong><u>Hinweise<\/u><\/strong><br \/>\n<strong>Sprache<\/strong>: Dieses Event wird je nach Teilnehmerbed\u00fcrfnissen auf Deutsch und\/oder Englisch sein.<br \/>\n<strong>Facilitators<\/strong>: Die Queer-Meditationsgruppe wird von einer wechselnden Gruppe von vier Moderatoren geleitet.<br \/>\n<b>Kosten<\/b>: Diese Veranstaltung z\u00e4hlt zu den kostenfreien Veranstaltungen pro Monat f\u00fcr Mitglieder.<br \/>\n<b>Member werden<\/b>: Als Mitglied unterst\u00fctzt du nicht nur unser Projekt, sondern du erh\u00e4ltst gleichzeitig monatlich Zugang zu den kostenfreien Veranstaltungen. Mehr Infos <u><a href=\"https:\/\/wearevillage.org\/membership\" target=\"_blank\" rel=\"noopener noreferrer\" data-sk=\"tooltip_parent\">hier<\/a><\/u>.<\/p>\n\n\t\t<\/div>\n\t<\/div>\n<div class=\"vc_separator wpb_content_element vc_separator_align_center vc_sep_width_100 vc_sep_pos_align_center vc_separator_no_text vc_sep_color_grey vc_custom_1724413459150 wpb_content_element  vc_custom_1724413459150 wpb_content_element\" ><span class=\"vc_sep_holder vc_sep_holder_l\"><span class=\"vc_sep_line\"><\/span><\/span><span class=\"vc_sep_holder vc_sep_holder_r\"><span class=\"vc_sep_line\"><\/span><\/span>\n<\/div>\n\t<div class=\"wpb_text_column wpb_content_element\" >\n\t\t<div class=\"wpb_wrapper\">\n\t\t\t<p><img loading=\"lazy\" decoding=\"async\" class=\"wp-image-6128 alignleft\" src=\"https:\/\/wearevillage.org\/wp-content\/uploads\/2023\/06\/wav-team-Leon-Taubert-270x300.png\" alt=\"\" width=\"107\" height=\"119\" srcset=\"https:\/\/wearevillage.org\/wp-content\/uploads\/2023\/06\/wav-team-Leon-Taubert-270x300.png 270w, https:\/\/wearevillage.org\/wp-content\/uploads\/2023\/06\/wav-team-Leon-Taubert-135x150.png 135w, https:\/\/wearevillage.org\/wp-content\/uploads\/2023\/06\/wav-team-Leon-Taubert-768x853.png 768w, https:\/\/wearevillage.org\/wp-content\/uploads\/2023\/06\/wav-team-Leon-Taubert-624x693.png 624w, https:\/\/wearevillage.org\/wp-content\/uploads\/2023\/06\/wav-team-Leon-Taubert-390x433.png 390w, https:\/\/wearevillage.org\/wp-content\/uploads\/2023\/06\/wav-team-Leon-Taubert-600x667.png 600w, https:\/\/wearevillage.org\/wp-content\/uploads\/2023\/06\/wav-team-Leon-Taubert.png 900w\" sizes=\"auto, (max-width: 107px) 100vw, 107px\" \/><strong> Leon Taubert<\/strong>, Dipl.-Psychologe, Ausbildung in integrativer, k\u00f6rperorientierter Psychotherapie, Sexualberatung (DGfS), Hatha-Yoga (Vinyasa-Style). Verschiede Meditationsretreats in S\u00fcdostasien und Deutschland, vor allem in Tradition des Theravada-Buddhismus.<\/p>\n\n\t\t<\/div>\n\t<\/div>\n<div class=\"vc_separator wpb_content_element vc_separator_align_center vc_sep_width_100 vc_sep_pos_align_center vc_separator_no_text vc_sep_color_grey vc_custom_1724413459150 wpb_content_element  vc_custom_1724413459150 wpb_content_element\" ><span class=\"vc_sep_holder vc_sep_holder_l\"><span class=\"vc_sep_line\"><\/span><\/span><span class=\"vc_sep_holder vc_sep_holder_r\"><span class=\"vc_sep_line\"><\/span><\/span>\n<\/div>\n\t<div class=\"wpb_text_column wpb_content_element\" >\n\t\t<div class=\"wpb_wrapper\">\n\t\t\t<p><img loading=\"lazy\" decoding=\"async\" class=\"wp-image-16202 alignleft\" src=\"https:\/\/wearevillage.org\/wp-content\/uploads\/2024\/08\/tony3-e1724413209997-270x300.jpg\" alt=\"\" width=\"108\" height=\"120\" srcset=\"https:\/\/wearevillage.org\/wp-content\/uploads\/2024\/08\/tony3-e1724413209997-270x300.jpg 270w, https:\/\/wearevillage.org\/wp-content\/uploads\/2024\/08\/tony3-e1724413209997-135x150.jpg 135w, https:\/\/wearevillage.org\/wp-content\/uploads\/2024\/08\/tony3-e1724413209997.jpg 315w\" sizes=\"auto, (max-width: 108px) 100vw, 108px\" \/> <strong>Tony Just<\/strong> kommt aus den USA und lebt seit 13 Jahren in Berlin. Er ist ein K\u00fcnstler, der Meditation, Reiki und Baumumarmungen praktiziert.<\/p>\n\n\t\t<\/div>\n\t<\/div>\n<div class=\"vc_separator wpb_content_element vc_separator_align_center vc_sep_width_100 vc_sep_pos_align_center vc_separator_no_text vc_sep_color_grey vc_custom_1724413459150 wpb_content_element  vc_custom_1724413459150 wpb_content_element\" ><span class=\"vc_sep_holder vc_sep_holder_l\"><span class=\"vc_sep_line\"><\/span><\/span><span class=\"vc_sep_holder vc_sep_holder_r\"><span class=\"vc_sep_line\"><\/span><\/span>\n<\/div>\n\t<div class=\"wpb_text_column wpb_content_element\" >\n\t\t<div class=\"wpb_wrapper\">\n\t\t\t<p><img loading=\"lazy\" decoding=\"async\" class=\"wp-image-14366 alignleft\" src=\"https:\/\/wearevillage.org\/wp-content\/uploads\/2024\/05\/wav-team-Alan-Lessik-270x300.png\" alt=\"\" width=\"108\" height=\"120\" srcset=\"https:\/\/wearevillage.org\/wp-content\/uploads\/2024\/05\/wav-team-Alan-Lessik-270x300.png 270w, https:\/\/wearevillage.org\/wp-content\/uploads\/2024\/05\/wav-team-Alan-Lessik-135x150.png 135w, https:\/\/wearevillage.org\/wp-content\/uploads\/2024\/05\/wav-team-Alan-Lessik-768x853.png 768w, https:\/\/wearevillage.org\/wp-content\/uploads\/2024\/05\/wav-team-Alan-Lessik-624x693.png 624w, https:\/\/wearevillage.org\/wp-content\/uploads\/2024\/05\/wav-team-Alan-Lessik-390x433.png 390w, https:\/\/wearevillage.org\/wp-content\/uploads\/2024\/05\/wav-team-Alan-Lessik-600x667.png 600w, https:\/\/wearevillage.org\/wp-content\/uploads\/2024\/05\/wav-team-Alan-Lessik.png 900w\" sizes=\"auto, (max-width: 108px) 100vw, 108px\" \/> <strong>Alan Lessik <\/strong>ist Romanautor, Queer-Aktivist und Zen-Praktizierender. Er lehrte Meditation bei Queer Dharma im San Francisco Zen Center und war Gastlehrer bei der SF LGBTQ Sangha.<\/p>\n\n\t\t<\/div>\n\t<\/div>\n<div class=\"vc_separator wpb_content_element vc_separator_align_center vc_sep_width_100 vc_sep_pos_align_center vc_separator_no_text vc_sep_color_grey vc_custom_1724413459150 wpb_content_element  vc_custom_1724413459150 wpb_content_element\" ><span class=\"vc_sep_holder vc_sep_holder_l\"><span class=\"vc_sep_line\"><\/span><\/span><span class=\"vc_sep_holder vc_sep_holder_r\"><span class=\"vc_sep_line\"><\/span><\/span>\n<\/div>\n\t<div class=\"wpb_text_column wpb_content_element\" >\n\t\t<div class=\"wpb_wrapper\">\n\t\t\t<p><img loading=\"lazy\" decoding=\"async\" class=\"wp-image-25096 alignleft\" src=\"https:\/\/wearevillage.org\/wp-content\/uploads\/2025\/03\/Paz-e1745925266810.jpg\" alt=\"\" width=\"109\" height=\"121\" \/><strong>Paz<\/strong> ist ein zertifizierter Coach und Meditationslehrer, der best\u00e4rkende R\u00e4ume f\u00fcr LGBTQ+ Menschen schafft. Ausgebildet in traumasensibler Praxis, psychedelischer Integration, tiefenpsychologischen Ans\u00e4tzen und dem Modell der inneren Familiensysteme (IFS) bringt er einen einf\u00fchlenden und inklusiven Ansatz zu Meditation und die Arbeit mit dem Bewusstsein ein.<\/p>\n\n\t\t<\/div>\n\t<\/div>\n<\/div><\/div><\/div><\/div>\n<\/div>","protected":false},"excerpt":{"rendered":"<h5>Mittwochs<br \/>\n18:30 \u2013 19:30<\/h5>\n<p><strong>| <span style=\"color: #ec6c23;\">LGBTQIA+<\/span>\u00a0|<\/strong><\/p>\n<p>Die Queer Meditationsgruppe bietet einen sicheren und inklusiven Raum f\u00fcr LGBTQIA+ Personen, um sich durch sanfte K\u00f6rperabstimmung, Atemachtsamkeit und bewusste Sitzpraxis auf einen erkundenden Ansatz zur Meditation einzulassen. Vorherige Meditationserfahrung ist nicht erforderlich.<\/p>\n","protected":false},"author":11,"featured_media":8619,"template":"","meta":{"pmpro_default_level":"","inline_featured_image":false},"product_brand":[],"product_cat":[82],"product_tag":[469],"class_list":{"0":"post-35658","1":"product","2":"type-product","3":"status-publish","4":"has-post-thumbnail","6":"product_cat-woechentliche-klassen","7":"product_tag-lgbtqiaplus","8":"pmpro-has-access","10":"first","11":"instock","12":"product-type-variable"},"wpml_current_locale":"de_DE","wpml_translations":{"en_US":{"locale":"en_US","id":35662,"slug":"meditation-60","post_title":"*Meditation","href":"https:\/\/wearevillage.org\/en\/become-a-member-2"}},"language":{"code":"de","locale":"","name":"","is_rtl":false},"_links":{"self":[{"href":"https:\/\/wearevillage.org\/wp-json\/wp\/v2\/product\/35658","targetHints":{"allow":["GET"]}}],"collection":[{"href":"https:\/\/wearevillage.org\/wp-json\/wp\/v2\/product"}],"about":[{"href":"https:\/\/wearevillage.org\/wp-json\/wp\/v2\/types\/product"}],"author":[{"embeddable":true,"href":"https:\/\/wearevillage.org\/wp-json\/wp\/v2\/users\/11"}],"wp:featuredmedia":[{"embeddable":true,"href":"https:\/\/wearevillage.org\/wp-json\/wp\/v2\/media\/8619"}],"wp:attachment":[{"href":"https:\/\/wearevillage.org\/wp-json\/wp\/v2\/media?parent=35658"}],"wp:term":[{"taxonomy":"product_brand","embeddable":true,"href":"https:\/\/wearevillage.org\/wp-json\/wp\/v2\/product_brand?post=35658"},{"taxonomy":"product_cat","embeddable":true,"href":"https:\/\/wearevillage.org\/wp-json\/wp\/v2\/product_cat?post=35658"},{"taxonomy":"product_tag","embeddable":true,"href":"https:\/\/wearevillage.org\/wp-json\/wp\/v2\/product_tag?post=35658"}],"curies":[{"name":"wp","href":"https:\/\/api.w.org\/{rel}","templated":true}]}}