{"id":35726,"date":"2025-11-30T12:10:39","date_gmt":"2025-11-30T11:10:39","guid":{"rendered":"https:\/\/wearevillage.org\/?post_type=product&#038;p=35726"},"modified":"2025-12-28T09:04:07","modified_gmt":"2025-12-28T08:04:07","slug":"outdoor-spreewanderung-durch-berlin","status":"publish","type":"product","link":"https:\/\/wearevillage.org\/shop\/village-outdoor\/w52-2025\/","title":{"rendered":"Outdoor \u2013 Spreewanderung durch Berlin"},"content":{"rendered":"<div class=\"wpb-content-wrapper\"><div class=\"vc_row wpb_row vc_row-fluid\"><div class=\"wpb_column vc_column_container vc_col-sm-12\"><div class=\"vc_column-inner\"><div class=\"wpb_wrapper\"><h4 style=\"text-align: left\" class=\"vc_custom_heading vc_do_custom_heading\" >Outdoor \u2013 Spreewanderung durch Berlin: von Ruhleben bis zum Tiergarten<\/h4><h5 style=\"text-align: left\" class=\"vc_custom_heading vc_do_custom_heading\" >mit Harms Wulf<\/h5>\n\t<div class=\"wpb_text_column wpb_content_element\" >\n\t\t<div class=\"wpb_wrapper\">\n\t\t\t<p>Die letzte Wanderung des Jahres 2025 f\u00fchrt uns auf einen wenig bekannten, aber \u00fcberraschend abwechslungsreichen Abschnitt entlang der Spree im Westen Berlins \u2013 von Ruhleben bis zum Tiergarten.<\/p>\n<p>Gleich zu Beginn verl\u00e4uft der Weg direkt am Ufer entlang, durch eine ruhige, lang gestreckte Kleingartenkolonie. Am Ende dieses stillen Abschnitts \u00f6ffnet sich der Blick auf den Schlossgarten Charlottenburg mit seinem stimmungsvollen Landschaftspark, den barocken Gartenanlagen und den kleinen Parkbauten.<\/p>\n<p>Nach der Schlossbr\u00fccke beginnt der urbanere Teil der Tour: eine Abfolge von Uferpromenaden, an denen sich historische Industrieanlagen und architektonisch spannende Neubauten abwechseln. Dabei wird im Nebeneinander von alten Backsteinfassaden und gl\u00e4sernen B\u00fcrogeb\u00e4uden die Geschichte und Gegenwart Berlins besonders sichtbar.<\/p>\n<p>Zum Abschluss unserer Wanderung kehren wir im Caf\u00e9 am Neuen See im Tiergarten ein, wo wir bei einem hei\u00dfen Getr\u00e4nk und dem knisternden Lagerfeuer das Wanderjahr gem\u00fctlich ausklingen lassen.<\/p>\n\n\t\t<\/div>\n\t<\/div>\n<div class=\"vc_separator wpb_content_element vc_separator_align_center vc_sep_width_100 vc_sep_pos_align_center vc_separator_no_text vc_sep_color_grey wpb_content_element  wpb_content_element\" ><span class=\"vc_sep_holder vc_sep_holder_l\"><span class=\"vc_sep_line\"><\/span><\/span><span class=\"vc_sep_holder vc_sep_holder_r\"><span class=\"vc_sep_line\"><\/span><\/span>\n<\/div>\n\t<div class=\"wpb_text_column wpb_content_element\" >\n\t\t<div class=\"wpb_wrapper\">\n\t\t\t<p><strong>Was ist Village Outdoor?<\/strong><br \/>\nVillage Outdoor Events sind monatliche Treffen der we are village-Community und ihrer Freunde, um Outdoor-Aktivit\u00e4ten in und um Berlin zu genie\u00dfen. Zu den Aktivit\u00e4ten geh\u00f6ren Waldwanderungen, Radtouren, Schwimmen in Seen, Sightseeing und Kajakfahren.<br \/>\nJeden Monat gibt es einen kostenlosen und unkomplizierten Spaziergang oder eine Wanderung in Bereichen Berlins oder in der Umgebung, die mit \u00f6ffentlichen Verkehrsmitteln erreichbar sind.<\/p>\n\n\t\t<\/div>\n\t<\/div>\n<div class=\"vc_separator wpb_content_element vc_separator_align_center vc_sep_width_100 vc_sep_pos_align_center vc_separator_no_text vc_sep_color_grey wpb_content_element  wpb_content_element\" ><span class=\"vc_sep_holder vc_sep_holder_l\"><span class=\"vc_sep_line\"><\/span><\/span><span class=\"vc_sep_holder vc_sep_holder_r\"><span class=\"vc_sep_line\"><\/span><\/span>\n<\/div>\n\t<div class=\"wpb_text_column wpb_content_element\" >\n\t\t<div class=\"wpb_wrapper\">\n\t\t\t<p><img loading=\"lazy\" decoding=\"async\" class=\"wp-image-13760 alignleft\" src=\"https:\/\/wearevillage.org\/wp-content\/uploads\/2024\/04\/wav-team-Harms-Wulf-270x300.png\" alt=\"\" width=\"130\" height=\"145\" srcset=\"https:\/\/wearevillage.org\/wp-content\/uploads\/2024\/04\/wav-team-Harms-Wulf-270x300.png 270w, https:\/\/wearevillage.org\/wp-content\/uploads\/2024\/04\/wav-team-Harms-Wulf-135x150.png 135w, https:\/\/wearevillage.org\/wp-content\/uploads\/2024\/04\/wav-team-Harms-Wulf-768x853.png 768w, https:\/\/wearevillage.org\/wp-content\/uploads\/2024\/04\/wav-team-Harms-Wulf-624x693.png 624w, https:\/\/wearevillage.org\/wp-content\/uploads\/2024\/04\/wav-team-Harms-Wulf-390x433.png 390w, https:\/\/wearevillage.org\/wp-content\/uploads\/2024\/04\/wav-team-Harms-Wulf-600x667.png 600w, https:\/\/wearevillage.org\/wp-content\/uploads\/2024\/04\/wav-team-Harms-Wulf.png 900w\" sizes=\"auto, (max-width: 130px) 100vw, 130px\" \/><strong>Harms Wulf<\/strong> kennt Berlin bereits aus den Zeiten der Teilung. Seitdem hat er die Stadt- und Naturr\u00e4ume Berlins und seiner Umgebung beruflich und privat erkundet.<\/p>\n\n\t\t<\/div>\n\t<\/div>\n<div class=\"vc_separator wpb_content_element vc_separator_align_center vc_sep_width_100 vc_sep_pos_align_center vc_separator_no_text vc_sep_color_grey wpb_content_element  wpb_content_element\" ><span class=\"vc_sep_holder vc_sep_holder_l\"><span class=\"vc_sep_line\"><\/span><\/span><span class=\"vc_sep_holder vc_sep_holder_r\"><span class=\"vc_sep_line\"><\/span><\/span>\n<\/div>\n\t<div class=\"wpb_text_column wpb_content_element\" >\n\t\t<div class=\"wpb_wrapper\">\n\t\t\t<p><u><strong>Hinweise<\/strong><\/u><br \/>\n<strong>Treffpunkt<\/strong>: 11 Uhr, U-Bahnhof Ruhleben (U2), Ausgang Spandauer Damm<br \/>\n<strong>R\u00fcckfahrt<\/strong>: S-Bahnhof Tiergarten (S3, S5, S7, S9)<br \/>\n<strong>Streckenl\u00e4nge<\/strong>: ca. 10 km (ca. 3 Std.)<br \/>\n<strong>Sprache<\/strong>: Deutsch und\/oder Englisch<br \/>\n<strong>Kosten<\/strong>: kostenlos mit Anmeldung<\/p>\n<p><em>** Diese Veranstaltung ist Teil unseres Programms \u201a<strong><a href=\"https:\/\/wearevillage.org\/village-quartiere\/addressing-queer-lonliness\" target=\"_blank\" rel=\"noopener\">Gemeinsam statt einsam<\/a><\/strong>\u201a, unterst\u00fctzt von der <strong><a href=\"https:\/\/www.berlin.de\/sen\/lads\/\" target=\"_blank\" rel=\"noopener\">LADS<\/a><\/strong>. <\/em><br \/>\n<em>Erfahre mehr \u00fcber das Programm <a href=\"https:\/\/wearevillage.org\/village-quartiere\/addressing-queer-lonliness\" target=\"_blank\" rel=\"noopener\">hier<\/a>.<\/em><\/p>\n\n\t\t<\/div>\n\t<\/div>\n<\/div><\/div><\/div><\/div>\n<\/div>","protected":false},"excerpt":{"rendered":"<h5>Sonntags (einmal im Monat)<br \/>\n11:00 \u2013 14:00<br \/>\nKostenlos mit Anmeldung<br \/>\nTreffpunkt: U-Bahnhof Ruhleben (U2)<\/h5>\n<p><strong>| <span style=\"color: #ec6c23;\">LGBTQIA+\u00a0<\/span>|<\/strong><\/p>\n<p><strong>Spreewanderung durch Berlin: von Ruhleben bis zum Tiergarten.<\/strong><br \/>\nDie letzte Wanderung des Jahres 2025 f\u00fchrt uns auf einen wenig bekannten, aber \u00fcberraschend abwechslungsreichen Abschnitt entlang der Spree im Westen Berlins \u2013 von Ruhleben bis zum Tiergarten.<\/p>\n","protected":false},"author":12,"featured_media":35729,"template":"","meta":{"pmpro_default_level":"","inline_featured_image":false},"product_brand":[],"product_cat":[77,791,769,79],"product_tag":[469],"class_list":{"0":"post-35726","1":"product","2":"type-product","3":"status-publish","4":"has-post-thumbnail","6":"product_cat-community-events","7":"product_cat-gemeinsam-statt-einsam","8":"product_cat-kostenloser-zugang","9":"product_cat-monatliche-events","10":"product_tag-lgbtqiaplus","11":"pmpro-has-access","13":"first","14":"instock","15":"sold-individually","16":"product-type-simple"},"wpml_current_locale":"de_DE","wpml_translations":{"en_US":{"locale":"en_US","id":35727,"slug":"village-outdoor-w52-2025","post_title":"Outdoor: Spree River Hike through Berlin","href":"https:\/\/wearevillage.org\/en\/shop\/village-outdoor-w52-2025\/"}},"language":{"code":"de","locale":"","name":"","is_rtl":false},"_links":{"self":[{"href":"https:\/\/wearevillage.org\/wp-json\/wp\/v2\/product\/35726","targetHints":{"allow":["GET"]}}],"collection":[{"href":"https:\/\/wearevillage.org\/wp-json\/wp\/v2\/product"}],"about":[{"href":"https:\/\/wearevillage.org\/wp-json\/wp\/v2\/types\/product"}],"author":[{"embeddable":true,"href":"https:\/\/wearevillage.org\/wp-json\/wp\/v2\/users\/12"}],"wp:featuredmedia":[{"embeddable":true,"href":"https:\/\/wearevillage.org\/wp-json\/wp\/v2\/media\/35729"}],"wp:attachment":[{"href":"https:\/\/wearevillage.org\/wp-json\/wp\/v2\/media?parent=35726"}],"wp:term":[{"taxonomy":"product_brand","embeddable":true,"href":"https:\/\/wearevillage.org\/wp-json\/wp\/v2\/product_brand?post=35726"},{"taxonomy":"product_cat","embeddable":true,"href":"https:\/\/wearevillage.org\/wp-json\/wp\/v2\/product_cat?post=35726"},{"taxonomy":"product_tag","embeddable":true,"href":"https:\/\/wearevillage.org\/wp-json\/wp\/v2\/product_tag?post=35726"}],"curies":[{"name":"wp","href":"https:\/\/api.w.org\/{rel}","templated":true}]}}