{"id":36468,"date":"2025-12-11T15:15:48","date_gmt":"2025-12-11T14:15:48","guid":{"rendered":"https:\/\/wearevillage.org\/?post_type=product&#038;p=36468"},"modified":"2026-02-02T11:36:49","modified_gmt":"2026-02-02T10:36:49","slug":"touch-and-move-kontakt-improvisieren-community-schaffen-73","status":"publish","type":"product","link":"https:\/\/wearevillage.org\/shop\/touch-and-move\/w06-2026\/","title":{"rendered":"*Entf\u00e4lt \/\/ Touch and Move: Kontakt improvisieren, Community schaffen"},"content":{"rendered":"<div class=\"wpb-content-wrapper\"><div class=\"vc_row wpb_row vc_row-fluid\"><div class=\"wpb_column vc_column_container vc_col-sm-12\"><div class=\"vc_column-inner\"><div class=\"wpb_wrapper\"><h4 style=\"text-align: left\" class=\"vc_custom_heading vc_do_custom_heading\" >Touch and Move: Kontakt improvisieren, Community schaffen<\/h4><h5 style=\"text-align: left\" class=\"vc_custom_heading vc_do_custom_heading\" >mit Jochen Kleres und\/oder Zahiro Ji<\/h5>\n\t<div class=\"wpb_text_column wpb_content_element\" >\n\t\t<div class=\"wpb_wrapper\">\n\t\t\t<p>Dies ist ein Kurs f\u00fcr GBTQ M\u00e4nner* mit allen Erfahrungsstufen, von absoluten Neulingen bis zu Fortgeschrittenen.<br \/>\nWir treffen uns und beginnen mit einem gegenseitigen Kennenlernen, gefolgt von einer angeleiteten Erkundung, die von somatischer Praxis zu Kontakttanzimprovisationen f\u00fchrt. Von hier aus \u00f6ffnen wir den Raum f\u00fcr den freien Fluss des Tanzes und der Erkundungen in Duos, Trios und als Gruppe.<br \/>\nMit Hilfe von Bodywork w\u00e4rmen wir uns zum Schluss auf und integrieren das Erlebte. Tanz ist unsere Art, einen Raum f\u00fcr Erkundungen zu schaffen: Was passiert, wenn sich die K\u00f6rper queerer M\u00e4nner treffen und ohne Erwartungen und Absichten in Ber\u00fchrung kommen?<br \/>\nIn der Contact Improvisation ist die Ber\u00fchrung der Ursprung, um Tanzbewegungen zu entdecken. Sie hilft dir, offen zu sein f\u00fcr das Hier und Jetzt, f\u00fcr \u00dcberraschungen, f\u00fcr das Loslassen von Rollen, Erwartungen und Vorschriften.<br \/>\nJede Bewegung kann Teil dieses Tanzes sein, egal wie einfach \u2013 wir bewegen uns so, wie wir uns tats\u00e4chlich f\u00fchlen. So entsteht eine Konversation ohne Worte, einfach durch unsere bewegten K\u00f6rper. Uns selbst zu sp\u00fcren, indem wir andere sp\u00fcren, kann ein ebenso wertvolles Gemeinschaftsgef\u00fchl, wie ein Gef\u00fchl von Befreiung schaffen. Wir legen Wert auf Konsens, Respekt, die Vielfalt der Menschen und Energien, das Zuh\u00f6ren und einen urteilsfreien Raum.<\/p>\n\n\t\t<\/div>\n\t<\/div>\n<div class=\"vc_separator wpb_content_element vc_separator_align_center vc_sep_width_100 vc_sep_pos_align_center vc_separator_no_text vc_sep_color_grey wpb_content_element  wpb_content_element\" ><span class=\"vc_sep_holder vc_sep_holder_l\"><span class=\"vc_sep_line\"><\/span><\/span><span class=\"vc_sep_holder vc_sep_holder_r\"><span class=\"vc_sep_line\"><\/span><\/span>\n<\/div>\n\t<div class=\"wpb_text_column wpb_content_element\" >\n\t\t<div class=\"wpb_wrapper\">\n\t\t\t<p><img loading=\"lazy\" decoding=\"async\" class=\"wp-image-28 alignleft\" src=\"https:\/\/wearevillage.org\/wp-content\/uploads\/2022\/08\/Jochen-Kleres.jpg\" alt=\"\" width=\"160\" height=\"177\" srcset=\"https:\/\/wearevillage.org\/wp-content\/uploads\/2022\/08\/Jochen-Kleres.jpg 700w, https:\/\/wearevillage.org\/wp-content\/uploads\/2022\/08\/Jochen-Kleres-390x431.jpg 390w, https:\/\/wearevillage.org\/wp-content\/uploads\/2022\/08\/Jochen-Kleres-600x663.jpg 600w, https:\/\/wearevillage.org\/wp-content\/uploads\/2022\/08\/Jochen-Kleres-271x300.jpg 271w, https:\/\/wearevillage.org\/wp-content\/uploads\/2022\/08\/Jochen-Kleres-624x690.jpg 624w\" sizes=\"auto, (max-width: 160px) 100vw, 160px\" \/><strong>Jochen Kleres<\/strong> ist Tanztherapeut, Heilpraktiker f\u00fcr Psychotherapie und Soziologe. Er macht leidenschaftlich Improvisationstanz (Contact Improvisation, Instant Composition, Gaga) und spielt Fagott. Im Village engagiert er sich auch als Facilitator des monatlichen Workshops <em>Mit Einsamkeit umgehen. Verbindungen schaffen<\/em>.<\/p>\n<p><img loading=\"lazy\" decoding=\"async\" class=\"wp-image-28 alignleft\" src=\"https:\/\/wearevillage.org\/wp-content\/uploads\/2024\/11\/Zahiro-Ji.jpeg\" alt=\"\" width=\"160\" height=\"177\" \/> <strong>Zahiro Ji<\/strong> kommt urspr\u00fcnglich vom zeitgen\u00f6ssischen Tanz und arbeitete dann als Heilpraktiker und Dozent f\u00fcr Bewegung und Thai-Meridian-Massage. Als ein Certified Somatic Experiencing \u00ae Practitioner ist er nun im Bereich der Trauma- und Stressbew\u00e4ltigung spezialisiert und integriert hier seine F\u00e4higkeiten der K\u00f6rperarbeit und Bewegung. Er ist einer der Mitbegr\u00fcnder der Contact Improvisation Class im Village und leitete zahlreiche Massage\/ K\u00f6rperarbeit Workshops innerhalb der Village\/Stretch Community.<\/p>\n\n\t\t<\/div>\n\t<\/div>\n<div class=\"vc_separator wpb_content_element vc_separator_align_center vc_sep_width_100 vc_sep_pos_align_center vc_separator_no_text vc_sep_color_grey wpb_content_element  wpb_content_element\" ><span class=\"vc_sep_holder vc_sep_holder_l\"><span class=\"vc_sep_line\"><\/span><\/span><span class=\"vc_sep_holder vc_sep_holder_r\"><span class=\"vc_sep_line\"><\/span><\/span>\n<\/div>\n\t<div class=\"wpb_text_column wpb_content_element\" >\n\t\t<div class=\"wpb_wrapper\">\n\t\t\t<p><u><strong>Hinweise<\/strong><\/u><br \/>\nTrage bequeme Kleidungen<br \/>\n<strong>Sprache<\/strong>: Je nach Bed\u00fcrfnissen der Gruppe werden wir Deutsch und\/oder Englisch sprechen.<br \/>\n<strong>Kosten<\/strong>: Diese Veranstaltung z\u00e4hlt zu den zwei kostenfreien Veranstaltungen pro Monat f\u00fcr Mitglieder.<br \/>\n<strong>Member werden<\/strong>: Als Mitglied unterst\u00fctzt du nicht nur unser Projekt, sondern du erh\u00e4ltst gleichzeitig monatlich Zugang zu zwei kostenfreien Veranstaltungen. Mehr Infos <a href=\"https:\/\/wearevillage.org\/mitgliedschaft\/\" target=\"_blank\" rel=\"noopener\"><strong>hier<\/strong><\/a>.<\/p>\n\n\t\t<\/div>\n\t<\/div>\n<\/div><\/div><\/div><\/div>\n<\/div>","protected":false},"excerpt":{"rendered":"<h5>Montags<br \/>\n20:00 \u2013 21:30<\/h5>\n<p><strong>| <span style=\"color: #ec6c23;\">GBTQ men*<\/span>\u00a0|<\/strong><\/p>\n<p>Tanz ist unsere Art, einen Raum f\u00fcr Erkundungen zu schaffen: Was passiert, wenn sich die K\u00f6rper queerer M\u00e4nner* treffen und ohne Erwartungen und Absichten in Ber\u00fchrung kommen? In der Contact Improvisation ist die Ber\u00fchrung der Ursprung, um Tanzbewegungen zu entdecken.<\/p>\n","protected":false},"author":11,"featured_media":36407,"template":"","meta":{"pmpro_default_level":"","inline_featured_image":false},"product_brand":[],"product_cat":[82],"product_tag":[256],"class_list":{"0":"post-36468","1":"product","2":"type-product","3":"status-publish","4":"has-post-thumbnail","6":"product_cat-woechentliche-klassen","7":"product_tag-gbtq-men","8":"pmpro-has-access","10":"first","11":"outofstock","12":"product-type-variable"},"wpml_current_locale":"de_DE","wpml_translations":{"en_US":{"locale":"en_US","id":36472,"slug":"touch-and-move-improvising-contact-creating-community-copy-15","post_title":"*Cancelled \/\/ Touch and Move: Improvising Contact, creating Community","href":"https:\/\/wearevillage.org\/en\/shop\/touch-and-move\/w06-2026"}},"language":{"code":"de","locale":"","name":"","is_rtl":false},"_links":{"self":[{"href":"https:\/\/wearevillage.org\/wp-json\/wp\/v2\/product\/36468","targetHints":{"allow":["GET"]}}],"collection":[{"href":"https:\/\/wearevillage.org\/wp-json\/wp\/v2\/product"}],"about":[{"href":"https:\/\/wearevillage.org\/wp-json\/wp\/v2\/types\/product"}],"author":[{"embeddable":true,"href":"https:\/\/wearevillage.org\/wp-json\/wp\/v2\/users\/11"}],"wp:featuredmedia":[{"embeddable":true,"href":"https:\/\/wearevillage.org\/wp-json\/wp\/v2\/media\/36407"}],"wp:attachment":[{"href":"https:\/\/wearevillage.org\/wp-json\/wp\/v2\/media?parent=36468"}],"wp:term":[{"taxonomy":"product_brand","embeddable":true,"href":"https:\/\/wearevillage.org\/wp-json\/wp\/v2\/product_brand?post=36468"},{"taxonomy":"product_cat","embeddable":true,"href":"https:\/\/wearevillage.org\/wp-json\/wp\/v2\/product_cat?post=36468"},{"taxonomy":"product_tag","embeddable":true,"href":"https:\/\/wearevillage.org\/wp-json\/wp\/v2\/product_tag?post=36468"}],"curies":[{"name":"wp","href":"https:\/\/api.w.org\/{rel}","templated":true}]}}