{"id":36633,"date":"2025-12-14T11:31:56","date_gmt":"2025-12-14T10:31:56","guid":{"rendered":"https:\/\/wearevillage.org\/?post_type=product&#038;p=36633"},"modified":"2025-12-14T11:33:49","modified_gmt":"2025-12-14T10:33:49","slug":"queer-zine-workshop-2","status":"publish","type":"product","link":"https:\/\/wearevillage.org\/shop\/zine-workshop\/w03-2026\/","title":{"rendered":"Queer Zine Workshop"},"content":{"rendered":"<div class=\"wpb-content-wrapper\"><div class=\"vc_row wpb_row vc_row-fluid\"><div class=\"wpb_column vc_column_container vc_col-sm-12\"><div class=\"vc_column-inner\"><div class=\"wpb_wrapper\"><h4 style=\"text-align: left\" class=\"vc_custom_heading vc_do_custom_heading\" >Conflict to Connection: A Queer Zine Workshop<\/h4><h5 style=\"text-align: left\" class=\"vc_custom_heading vc_do_custom_heading\" >mit Sar\u00e1 Kr\u00e1l<\/h5>\n\t<div class=\"wpb_text_column wpb_content_element\" >\n\t\t<div class=\"wpb_wrapper\">\n\t\t\t<p><strong>Zum Abschluss des Projekts <a href=\"https:\/\/wearevillage.org\/conflict-and-resilience\">Konflikt & Resilienz<\/a> laden wir alle Teilnehmenden von Radical Empathy \u2014 Queer Storytelling, die Arbeitsgruppe \u201eKonflikte als Chance\u201c sowie alle Interessierten ein, gemeinsam ein konfliktvolles Zine zu gestalten.<\/strong><\/p>\n<p>Der Workshop hat Werkstattcharakter: offen, experimentell und kollektiv. Queere Lebensrealit\u00e4ten sind von Spannungen gepr\u00e4gt \u2013 zwischen Zugeh\u00f6rigkeit und Ausschluss, Sichtbarkeit und Ausl\u00f6schung, Intimit\u00e4t und Fremdheit. Statt diese Gegens\u00e4tze zu gl\u00e4tten, wollen wir sie sichtbar machen und ihre Energie nutzen. Konflikte werden zu Ausgangspunkten f\u00fcr Kreativit\u00e4t, Verbindung und gemeinsames Lernen.<\/p>\n<p>Gemeinsam erschaffen wir ein Zine, das unsere Erfahrungen, Fragen und Reibungen einf\u00e4ngt. Worte, Texte, Wortfetzen, Collagen, Zeichnungen oder Notizen \u2013 alles kann Teil dieses kollektiven Prozesses werden. Wir werden Ideen austauschen, Geschichten erz\u00e4hlen und individuelle Stimmen zu einem gemeinsamen Ausdruck verweben. Es wird ein gemeinsames Zine werden \u2013 jeder Teilnehmende wird eine bestimmte Anzahl von Seiten gestalten.<br \/>\nZine-Making ist dabei mehr als Kunst: Es ist ein Akt der Selbsterm\u00e4chtigung und des Community-Buildings. Indem wir unsere Geschichten teilen, schaffen wir Raum f\u00fcr Vielfalt, Widerspruch und gegenseitige Inspiration.<br \/>\n<em><br \/>\nOffen f\u00fcr alle Altersgruppen und Hintergr\u00fcnde \u2013 ob du zum ersten Mal ein Zine machst oder schon Erfahrung mitbringst. Komm, bring deine Ideen, deine Fragen und deine Konflikte mit \u2013 und lass uns gemeinsam daraus etwas Neues entstehen. <\/em><em>Die Teilnehmenden k\u00f6nnen einen kleinen Beitrag f\u00fcr das Zine vorbereiten und passendes pers\u00f6nliches Material wie Zeitschriften, Sticker oder Fotos mitbringen.<\/em><\/p>\n\n\t\t<\/div>\n\t<\/div>\n<div class=\"vc_separator wpb_content_element vc_separator_align_center vc_sep_width_100 vc_sep_pos_align_center vc_separator_no_text vc_sep_color_grey wpb_content_element  wpb_content_element\" ><span class=\"vc_sep_holder vc_sep_holder_l\"><span class=\"vc_sep_line\"><\/span><\/span><span class=\"vc_sep_holder vc_sep_holder_r\"><span class=\"vc_sep_line\"><\/span><\/span>\n<\/div>\n\t<div class=\"wpb_text_column wpb_content_element\" >\n\t\t<div class=\"wpb_wrapper\">\n\t\t\t<p><img loading=\"lazy\" decoding=\"async\" class=\"wp-image-35179 alignleft\" src=\"https:\/\/wearevillage.org\/wp-content\/uploads\/2025\/11\/wav-team-Sara-Kral-270x300.png\" alt=\"\" width=\"160\" height=\"178\" srcset=\"https:\/\/wearevillage.org\/wp-content\/uploads\/2025\/11\/wav-team-Sara-Kral-270x300.png 270w, https:\/\/wearevillage.org\/wp-content\/uploads\/2025\/11\/wav-team-Sara-Kral-135x150.png 135w, https:\/\/wearevillage.org\/wp-content\/uploads\/2025\/11\/wav-team-Sara-Kral-768x853.png 768w, https:\/\/wearevillage.org\/wp-content\/uploads\/2025\/11\/wav-team-Sara-Kral-624x693.png 624w, https:\/\/wearevillage.org\/wp-content\/uploads\/2025\/11\/wav-team-Sara-Kral-390x433.png 390w, https:\/\/wearevillage.org\/wp-content\/uploads\/2025\/11\/wav-team-Sara-Kral-600x667.png 600w, https:\/\/wearevillage.org\/wp-content\/uploads\/2025\/11\/wav-team-Sara-Kral.png 900w\" sizes=\"auto, (max-width: 160px) 100vw, 160px\" \/><strong>S\u00e1ra Kr\u00e1l<\/strong> (sie|ihr) ist eine bildende K\u00fcnstlerin, deren Arbeit sich an der Schnittstelle von Illustration, Grafikdesign, Schreiben und Selbstver\u00f6ffentlichung bewegt. In ihrer kreativen Praxis l\u00e4sst sie sich oft von slawischer Mythologie inspirieren und besch\u00e4ftigt sich mit Themen wie generationen\u00fcbergreifenden Traumata, \u00f6kologischer und sozialer Gerechtigkeit, kollektivem Tr\u00e4umen und f\u00fcrsorglichen Beziehungen. Sie arbeitet gerne mit NGOs, kulturellen oder bildungsbezogenen Veranstaltungen und Institutionen zusammen. S\u00e1ra lebt und arbeitet derzeit in Berlin. www.instagram.com\/sara_is_the_king<\/p>\n\n\t\t<\/div>\n\t<\/div>\n<div class=\"vc_separator wpb_content_element vc_separator_align_center vc_sep_width_100 vc_sep_pos_align_center vc_separator_no_text vc_sep_color_grey wpb_content_element  wpb_content_element\" ><span class=\"vc_sep_holder vc_sep_holder_l\"><span class=\"vc_sep_line\"><\/span><\/span><span class=\"vc_sep_holder vc_sep_holder_r\"><span class=\"vc_sep_line\"><\/span><\/span>\n<\/div>\n\t<div class=\"wpb_text_column wpb_content_element\" >\n\t\t<div class=\"wpb_wrapper\">\n\t\t\t<p><img loading=\"lazy\" decoding=\"async\" class=\" wp-image-30028 alignleft\" src=\"https:\/\/wearevillage.org\/wp-content\/uploads\/2025\/08\/Logo-Berlin-gegen-Gewalt_CMYK_farbig-300x199.jpeg\" alt=\"\" width=\"113\" height=\"75\" srcset=\"https:\/\/wearevillage.org\/wp-content\/uploads\/2025\/08\/Logo-Berlin-gegen-Gewalt_CMYK_farbig-300x199.jpeg 300w, https:\/\/wearevillage.org\/wp-content\/uploads\/2025\/08\/Logo-Berlin-gegen-Gewalt_CMYK_farbig-1024x678.jpeg 1024w, https:\/\/wearevillage.org\/wp-content\/uploads\/2025\/08\/Logo-Berlin-gegen-Gewalt_CMYK_farbig-150x99.jpeg 150w, https:\/\/wearevillage.org\/wp-content\/uploads\/2025\/08\/Logo-Berlin-gegen-Gewalt_CMYK_farbig-768x509.jpeg 768w, https:\/\/wearevillage.org\/wp-content\/uploads\/2025\/08\/Logo-Berlin-gegen-Gewalt_CMYK_farbig-624x413.jpeg 624w, https:\/\/wearevillage.org\/wp-content\/uploads\/2025\/08\/Logo-Berlin-gegen-Gewalt_CMYK_farbig-390x258.jpeg 390w, https:\/\/wearevillage.org\/wp-content\/uploads\/2025\/08\/Logo-Berlin-gegen-Gewalt_CMYK_farbig-600x398.jpeg 600w, https:\/\/wearevillage.org\/wp-content\/uploads\/2025\/08\/Logo-Berlin-gegen-Gewalt_CMYK_farbig.jpeg 1280w\" sizes=\"auto, (max-width: 113px) 100vw, 113px\" \/>Mit Unterst\u00fctzung der Senatsverwaltung f\u00fcr Inneres und Sport \u2013 Landeskommission Berlin gegen Gewalt haben wir das Programm <strong>Konflikte als Ausgangspunkt \u2013 Resilienz als Gemeinschaftserfahrung<\/strong> entwickelt. Das Projekt er\u00f6ffnet respektvolle, dialogische R\u00e4ume f\u00fcr queere Menschen in Berlin. Es macht Differenzen sichtbar, l\u00e4dt dazu ein, sie auszuhalten, und schafft M\u00f6glichkeiten, sie produktiv und kreativ zu bearbeiten. Damit soll die soziale Fragmentierung innerhalb der queeren Communities \u00fcberwunden und neue Formen von Austausch, Zusammenhalt und gegenseitiger Teilhabe gest\u00e4rkt werden.<\/p>\n\n\t\t<\/div>\n\t<\/div>\n<div class=\"vc_separator wpb_content_element vc_separator_align_center vc_sep_width_100 vc_sep_pos_align_center vc_separator_no_text vc_sep_color_grey wpb_content_element  wpb_content_element\" ><span class=\"vc_sep_holder vc_sep_holder_l\"><span class=\"vc_sep_line\"><\/span><\/span><span class=\"vc_sep_holder vc_sep_holder_r\"><span class=\"vc_sep_line\"><\/span><\/span>\n<\/div>\n\t<div class=\"wpb_text_column wpb_content_element\" >\n\t\t<div class=\"wpb_wrapper\">\n\t\t\t<p><span style=\"text-decoration: underline;\"><strong>Hinweise<br \/>\n<\/strong><\/span><strong>Teilnehmende:<\/strong> Die Reihe richtet sich an queere Menschen (LGBTQIA+).<br \/>\n<strong>Sprache:<\/strong> Je nach Bed\u00fcrfnissen der Gruppe auf Deutsch und\/oder Englisch.<br \/>\n<strong>Kosten:<\/strong> kostenlos mit Anmeldung.<\/p>\n\n\t\t<\/div>\n\t<\/div>\n<\/div><\/div><\/div><\/div>\n<\/div>","protected":false},"excerpt":{"rendered":"<h5>Samstag<br \/>\n14:00-17:00<br \/>\nKostenlos mit Anmeldung<\/h5>\n<p><strong> | <span style=\"color: #ec6c23;\"> LGBTQIA+ <\/span> | <\/strong><\/p>\n<p>Queere Lebensrealit\u00e4ten sind von Spannungen gepr\u00e4gt: zwischen Zugeh\u00f6rigkeit und Ausschluss, Sichtbarkeit und Ausl\u00f6schung, Intimit\u00e4t und Fremdheit. Anstatt diese Widerspr\u00fcche zu verdr\u00e4ngen, l\u00e4dt diese Reihe dazu ein, sie zu halten, mit ihnen zu ringen \u2013 und Freude an ihrer Reibung zu finden.<\/p>\n","protected":false},"author":12,"featured_media":35181,"template":"","meta":{"pmpro_default_level":"","inline_featured_image":false},"product_brand":[],"product_cat":[952,954,769,83],"product_tag":[469],"class_list":{"0":"post-36633","1":"product","2":"type-product","3":"status-publish","4":"has-post-thumbnail","6":"product_cat-radical-empathy","7":"product_cat-queer-connect","8":"product_cat-kostenloser-zugang","9":"product_cat-workshops","10":"product_tag-lgbtqiaplus","11":"pmpro-has-access","13":"first","14":"instock","15":"sold-individually","16":"product-type-simple"},"wpml_current_locale":"de_DE","wpml_translations":{"en_US":{"locale":"en_US","id":36634,"slug":"cancelled-_-queer-zine-workshop-copy","post_title":"Queer Zine Workshop","href":"https:\/\/wearevillage.org\/en\/shop\/zine-workshop\/w03-2026"}},"language":{"code":"de","locale":"","name":"","is_rtl":false},"_links":{"self":[{"href":"https:\/\/wearevillage.org\/wp-json\/wp\/v2\/product\/36633","targetHints":{"allow":["GET"]}}],"collection":[{"href":"https:\/\/wearevillage.org\/wp-json\/wp\/v2\/product"}],"about":[{"href":"https:\/\/wearevillage.org\/wp-json\/wp\/v2\/types\/product"}],"author":[{"embeddable":true,"href":"https:\/\/wearevillage.org\/wp-json\/wp\/v2\/users\/12"}],"wp:featuredmedia":[{"embeddable":true,"href":"https:\/\/wearevillage.org\/wp-json\/wp\/v2\/media\/35181"}],"wp:attachment":[{"href":"https:\/\/wearevillage.org\/wp-json\/wp\/v2\/media?parent=36633"}],"wp:term":[{"taxonomy":"product_brand","embeddable":true,"href":"https:\/\/wearevillage.org\/wp-json\/wp\/v2\/product_brand?post=36633"},{"taxonomy":"product_cat","embeddable":true,"href":"https:\/\/wearevillage.org\/wp-json\/wp\/v2\/product_cat?post=36633"},{"taxonomy":"product_tag","embeddable":true,"href":"https:\/\/wearevillage.org\/wp-json\/wp\/v2\/product_tag?post=36633"}],"curies":[{"name":"wp","href":"https:\/\/api.w.org\/{rel}","templated":true}]}}