{"id":36683,"date":"2025-12-16T11:30:30","date_gmt":"2025-12-16T10:30:30","guid":{"rendered":"https:\/\/wearevillage.org\/?post_type=product&#038;p=36683"},"modified":"2026-01-16T15:43:01","modified_gmt":"2026-01-16T14:43:01","slug":"extend-2","status":"publish","type":"product","link":"https:\/\/wearevillage.org\/shop\/extend\/w03-2026\/","title":{"rendered":"e*xtend"},"content":{"rendered":"<div class=\"wpb-content-wrapper\"><div class=\"vc_row wpb_row vc_row-fluid\"><\/div><div class=\"wpb_column vc_column_container vc_col-sm-12\"><div class=\"vc_column-inner\"><div class=\"wpb_wrapper\"><\/div><\/div><\/div>\n\t<div class=\"wpb_text_column wpb_content_element\" >\n\t\t<div class=\"wpb_wrapper\">\n\t\t\t<p><span style=\"font-weight: 400;\">Was bedeutet es heute, queer und online zu sein?<\/span><\/p>\n<p>Wir sind in jeder App hypervernetzt und f\u00fchlen uns gleichzeitig einsamer denn je. Algorithmusgesteuerte Social-Media-Plattformen belohnen Leistungskennzahlen \u2013 Likes, Shares und Taps \u2013, die oberfl\u00e4chliches Engagement gegen\u00fcber echter Verbindung priorisieren.<\/p>\n<p><span style=\"font-weight: 400;\">Wir verbessern nicht den Algorithmus \u2013 wir schaffen einen v\u00f6llig neuen Raum. Unser Verbindungsraum und unsere kuratierten Workshops belohnen Pr\u00e4senz. Man kann einen Meerjungfrauen-Tanz oder pers\u00f6nliches Storytelling nicht halbherzig angehen! Man muss tats\u00e4chlich anwesend sein und darf nicht nur ein kuratiertes Bild von sich selbst posten. <\/span><\/p>\n<p><b>e*xtend <\/b><span style=\"font-weight: 400;\">ist ein Tag voller Workshops, an dem wir Verbindung, Konversation und gemeinsame Kreation in den Vordergrund stellen.<\/span><\/p>\n<p><span style=\"font-weight: 400;\">Wenn du LGBTQIA+ bist und Lust hast, Gleichgesinnte nicht nur aus Berlin, sondern aus der ganzen Welt kennenzulernen, dann ist <\/span><b>e*xtend<\/b><span style=\"font-weight: 400;\"> f\u00fcr dich.<\/span><\/p>\n\n\t\t<\/div>\n\t<\/div>\n<div class=\"vc_separator wpb_content_element vc_separator_align_center vc_sep_width_100 vc_sep_pos_align_center vc_separator_no_text vc_sep_color_grey wpb_content_element  wpb_content_element\" ><span class=\"vc_sep_holder vc_sep_holder_l\"><span class=\"vc_sep_line\"><\/span><\/span><span class=\"vc_sep_holder vc_sep_holder_r\"><span class=\"vc_sep_line\"><\/span><\/span>\n<\/div><div class=\"vc_row wpb_row vc_row-fluid\"><div class=\"wpb_column vc_column_container vc_col-sm-12\"><div class=\"vc_column-inner\"><div class=\"wpb_wrapper\"><h3 style=\"text-align: left;font-family:Abril Fatface;font-weight:400;font-style:normal\" class=\"vc_custom_heading vc_do_custom_heading\" >Programm<\/h3>\n\t<div class=\"wpb_text_column wpb_content_element\" >\n\t\t<div class=\"wpb_wrapper\">\n\t\t\t<p><span style=\"font-weight: 400;\">Das Programm bietet zwei virtuelle Begegnungsr\u00e4ume, die echte Verbindung erm\u00f6glichen:<\/span><\/p>\n<p><b>CONNECTION ROOM \u2013 Triff deine Leute<br \/>\n<\/b><\/p>\n<p><span style=\"font-weight: 400;\">Hier kannst du an Gruppenspielen, einem Online-\u201eLunch and Chat\u201c und Einzelgespr\u00e4chen mit anderen queeren Menschen teilnehmen, die einen sinnvollen Dialog anregen. Hier kannst du dich mit Gleichgesinnten verbinden und unabh\u00e4ngig von der physischen Entfernung eine Gemeinschaft aufbauen.<\/span><\/p>\n<p><strong>CREATION ROOM \u2013 Workshops, die dich vom Denken ins Handeln bringen<\/strong><\/p>\n<p><span style=\"font-weight: 400;\">Gemeinsame Praktiken \u2013 Bewegen, Schreiben, Gestalten \u2013 schaffen eine ganz andere Art von Verbindung als Gespr\u00e4che allein. Unsere Workshops geben Dir Werkzeuge an die Hand, um Deinen K\u00f6rper, Deine Kreativit\u00e4t und Deine Stimme zu erkunden:<br \/>\n<\/span><\/p>\n<p><strong data-start=\"0\" data-end=\"23\" data-is-only-node=\"\">9:00 \u2013 9:45: Er\u00f6ffnungszeremonie<\/strong><\/p>\n<ul>\n<li>Lerne die anderen Teilnehmenden kennen, erfahre mehr \u00fcber <em data-start=\"84\" data-end=\"100\">We Are Village<\/em> und schaffe gemeinsam eine Atmosph\u00e4re der Entdeckung und Verbundenheit<\/li>\n<\/ul>\n<p><strong>10:00 \u2013 11:00: Workshop 1 \u2013 Yoga<\/strong><\/p>\n<ul>\n<li>Eine sanfte, angeleitete Stretch- und Bewegungspause, die dir hilft, kurz durchzuatmen, dich neu zu sammeln und in einer offenen, freundlichen Praxis gemeinsam anzukommen.<\/li>\n<\/ul>\n<p><strong>13:00 \u2013 15:00: Workshop 2 \u2013 Write for Life, Write for Self mit <i>Todd Barrowclough<\/i><\/strong><\/p>\n<ul>\n<li><span style=\"font-weight: 400;\">Nutze das Schreiben, um Deine Geschichte zu erz\u00e4hlen. Unterrichtet auf Englisch; du kannst in jeder beliebigen Sprache schreiben.<\/span><\/li>\n<\/ul>\n<p><strong>15:15 \u2013 16:45: Workshop 3 \u2013 Dancing Little Mermaid mit <i>Jorge Rodolfo De Hoyos Jr<\/i><\/strong><\/p>\n<ul>\n<li style=\"font-weight: 400;\" aria-level=\"1\"><span style=\"font-weight: 400;\">Komm in Bewegung. Keine Vorkenntnisse n\u00f6tig \u2013 einfach auftauchen und tanzen.<\/span><\/li>\n<\/ul>\n<p><span style=\"font-weight: 400;\">Wir werden gemeinsam online zu Mittag essen und den Tag mit einer queeren Zeremonie beginnen und beenden: Erdung, Absichtsbekundung und sanfte Integration.<\/span><\/p>\n\n\t\t<\/div>\n\t<\/div>\n<div class=\"vc_separator wpb_content_element vc_separator_align_center vc_sep_width_100 vc_sep_pos_align_center vc_separator_no_text vc_sep_color_grey wpb_content_element  wpb_content_element\" ><span class=\"vc_sep_holder vc_sep_holder_l\"><span class=\"vc_sep_line\"><\/span><\/span><span class=\"vc_sep_holder vc_sep_holder_r\"><span class=\"vc_sep_line\"><\/span><\/span>\n<\/div><\/div><\/div><\/div><\/div><div class=\"vc_row wpb_row vc_row-fluid\"><div class=\"wpb_column vc_column_container vc_col-sm-12\"><div class=\"vc_column-inner\"><div class=\"wpb_wrapper\"><h4 style=\"text-align: left;font-family:Abril Fatface;font-weight:400;font-style:normal\" class=\"vc_custom_heading vc_do_custom_heading\" >Praktische Infos<\/h4>\n\t<div class=\"wpb_text_column wpb_content_element\" >\n\t\t<div class=\"wpb_wrapper\">\n\t\t\t<p><b>e*xtend<\/b><span style=\"font-weight: 400;\"> findet am <\/span><b>Samstag, den 17. Januar 2026<\/b><span style=\"font-weight: 400;\">, von <\/span><b>9:00 bis 17:00 Uhr (CET)<\/b><span style=\"font-weight: 400;\"> statt.<\/span><span style=\"font-weight: 400;\"><br \/>\n<\/span><span style=\"font-weight: 400;\">Du brauchst eine stabile Internetverbindung, einen Laptop oder ein Smartphone \u2013 und Neugier.<\/span><\/p>\n\n\t\t<\/div>\n\t<\/div>\n<div class=\"vc_separator wpb_content_element vc_separator_align_center vc_sep_width_100 vc_sep_pos_align_center vc_separator_no_text vc_sep_color_grey wpb_content_element  wpb_content_element\" ><span class=\"vc_sep_holder vc_sep_holder_l\"><span class=\"vc_sep_line\"><\/span><\/span><span class=\"vc_sep_holder vc_sep_holder_r\"><span class=\"vc_sep_line\"><\/span><\/span>\n<\/div><\/div><\/div><\/div><\/div><div class=\"vc_row wpb_row vc_row-fluid\"><div class=\"wpb_column vc_column_container vc_col-sm-12\"><div class=\"vc_column-inner\"><div class=\"wpb_wrapper\"><h4 style=\"text-align: left;font-family:Abril Fatface;font-weight:400;font-style:normal\" class=\"vc_custom_heading vc_do_custom_heading\" >Zahlungsbedingungen<\/h4>\n\t<div class=\"wpb_text_column wpb_content_element\" >\n\t\t<div class=\"wpb_wrapper\">\n\t\t\t<p><span style=\"font-weight: 400;\">Wir m\u00f6chten, dass alle queeren Menschen teilnehmen k\u00f6nnen, unabh\u00e4ngig von ihrer finanziellen Situation. e*xtend finanziert sich durch Spenden \u2013 zahle, was Dir m\u00f6glich ist. Dein Beitrag unterst\u00fctzt queere Moderator*innen und h\u00e4lt diesen Raum am Laufen.<\/span><\/p>\n<h6><span style=\"font-weight: 400;\"><strong><a href=\"https:\/\/www.paypal.com\/donate\/?hosted_button_id=KC98QY4EE9VGA\" target=\"_blank\" rel=\"noopener\">Spende<\/a>\u00a0<\/strong><\/span><\/h6>\n\n\t\t<\/div>\n\t<\/div>\n<\/div><\/div><\/div><\/div>\n<\/div>","protected":false},"excerpt":{"rendered":"<p><strong>von 9:00 bis 17:00 Uhr MEZ statt<br \/>\n<\/strong><br aria-hidden=\"true\" \/><strong>| <span style=\"color: #ec6c23;\">LGBTQIA+<\/span>\u00a0|<\/strong><\/p>\n<p><b>Ein Online-Treffen f\u00fcr queere Menschen auf der Suche nach echter Verbindung.<br \/>\n<\/b><strong>e*xtend<\/strong> (das digitale Pendant zum etablierten Stretch Festival von we are village) ist ein Tag voller Workshops, bei denen wir den Schwerpunkt auf Vernetzung, Austausch und gemeinsame Kreativit\u00e4t legen. Wo auch immer Du dich auf der Welt befindest, e*xtend l\u00e4dt Dich ein, in unserem digitalen Treffpunkt eine Gemeinschaft zu bilden.<\/p>\n<p><b>e*xtend ist auf Spendenbasis \u2013 gib, was du kannst.<br \/>\n<\/b><span style=\"font-weight: 400;\">Dein Beitrag unterst\u00fctzt queere Facilitator*innen, unsere Community-Arbeit und den digitalen Raum, den wir gemeinsam gestalten. Wir sind dankbar f\u00fcr das, was du geben kannst.<\/span><\/p>\n<h6><span style=\"font-weight: 400;\"><strong><a href=\"https:\/\/www.paypal.com\/donate\/?hosted_button_id=KC98QY4EE9VGA\" target=\"_blank\" rel=\"noopener\">Spende<\/a>\u00a0<\/strong><\/span><\/h6>\n","protected":false},"author":12,"featured_media":36715,"template":"","meta":{"pmpro_default_level":"","inline_featured_image":false},"product_brand":[],"product_cat":[951,83],"product_tag":[469],"class_list":{"0":"post-36683","1":"product","2":"type-product","3":"status-publish","4":"has-post-thumbnail","6":"product_cat-online-event","7":"product_cat-workshops","8":"product_tag-lgbtqiaplus","9":"pmpro-has-access","11":"first","12":"instock","13":"product-type-simple"},"wpml_current_locale":"de_DE","wpml_translations":{"en_US":{"locale":"en_US","id":36688,"slug":"extend-2","post_title":"e*xtend","href":"https:\/\/wearevillage.org\/en\/shop\/extend\/w03-2026"}},"language":{"code":"de","locale":"","name":"","is_rtl":false},"_links":{"self":[{"href":"https:\/\/wearevillage.org\/wp-json\/wp\/v2\/product\/36683","targetHints":{"allow":["GET"]}}],"collection":[{"href":"https:\/\/wearevillage.org\/wp-json\/wp\/v2\/product"}],"about":[{"href":"https:\/\/wearevillage.org\/wp-json\/wp\/v2\/types\/product"}],"author":[{"embeddable":true,"href":"https:\/\/wearevillage.org\/wp-json\/wp\/v2\/users\/12"}],"wp:featuredmedia":[{"embeddable":true,"href":"https:\/\/wearevillage.org\/wp-json\/wp\/v2\/media\/36715"}],"wp:attachment":[{"href":"https:\/\/wearevillage.org\/wp-json\/wp\/v2\/media?parent=36683"}],"wp:term":[{"taxonomy":"product_brand","embeddable":true,"href":"https:\/\/wearevillage.org\/wp-json\/wp\/v2\/product_brand?post=36683"},{"taxonomy":"product_cat","embeddable":true,"href":"https:\/\/wearevillage.org\/wp-json\/wp\/v2\/product_cat?post=36683"},{"taxonomy":"product_tag","embeddable":true,"href":"https:\/\/wearevillage.org\/wp-json\/wp\/v2\/product_tag?post=36683"}],"curies":[{"name":"wp","href":"https:\/\/api.w.org\/{rel}","templated":true}]}}