{"id":36702,"date":"2025-12-16T13:23:22","date_gmt":"2025-12-16T12:23:22","guid":{"rendered":"https:\/\/wearevillage.org\/?post_type=product&#038;p=36702"},"modified":"2025-12-16T13:25:51","modified_gmt":"2025-12-16T12:25:51","slug":"transfem-embodied-practices-6","status":"publish","type":"product","link":"https:\/\/wearevillage.org\/shop\/transfem-embodied-practices\/w02-2026\/","title":{"rendered":"Transfem* Embodied Practices"},"content":{"rendered":"<div class=\"wpb-content-wrapper\"><div class=\"vc_row wpb_row vc_row-fluid\"><div class=\"wpb_column vc_column_container vc_col-sm-12\"><div class=\"vc_column-inner\"><div class=\"wpb_wrapper\"><h4 style=\"text-align: left\" class=\"vc_custom_heading vc_do_custom_heading\" >Transfem* Embodied Practices<\/h4><h5 style=\"text-align: left\" class=\"vc_custom_heading vc_do_custom_heading\" >mit Lux<\/h5>\n\t<div class=\"wpb_text_column wpb_content_element\" >\n\t\t<div class=\"wpb_wrapper\">\n\t\t\t<p>Ein monatlicher 2,5-st\u00fcndiger Raum f\u00fcr transfeminine Menschen aus allen Femme-Spektren (Transfrauen, Transvestiten, Hormonelle Faggots, Butch-Femmes, Gender-Nonconforming und diejenigen, die sich mit der breiteren transfemininen Erfahrung identifizieren). Der Raum hei\u00dft alle willkommen, die sich einer Hormonersatztherapie unterziehen, aber auch diejenigen, die keine medizinische Transition anstreben, und erkennt Verk\u00f6rperung sowohl als etwas k\u00f6rperliches als auch etwas politisches an.<\/p>\n<p>Die Absicht dieses Raumes ist es, das Vertrauen in unsere K\u00f6rperlichkeit als Femmes zu st\u00e4rken, unsere k\u00f6rperliche Autonomie zu n\u00e4hren und in einer unterst\u00fctzenden Gemeinschaft Kompetenz und Erfahrung f\u00fcr Ber\u00fchrung zu entwickeln. Die Praxis ist als eine \u00dcbung f\u00fcr die Resilienz von Femmes gegen gesellschaftliche Gewalt und Ausgrenzung gedacht, die diese Narrative mit Erm\u00e4chtigung, Pr\u00e4senz und Freude ver\u00e4ndert und neu schreibt. Die Reise f\u00fchrt von der individuellen K\u00f6rperwahrnehmung (somatische Praktiken und Ber\u00fchrungen) zur gemeinschaftlichen Bewegung (Tanz und Raum\u00fcbungen) und endet mit freier Bewegung und Integration, wobei Konsens, Autonomie und F\u00fcrsorge im Mittelpunkt stehen.<\/p>\n\n\t\t<\/div>\n\t<\/div>\n<div class=\"vc_separator wpb_content_element vc_separator_align_center vc_sep_width_100 vc_sep_pos_align_center vc_separator_no_text vc_sep_color_grey wpb_content_element  wpb_content_element\" ><span class=\"vc_sep_holder vc_sep_holder_l\"><span class=\"vc_sep_line\"><\/span><\/span><span class=\"vc_sep_holder vc_sep_holder_r\"><span class=\"vc_sep_line\"><\/span><\/span>\n<\/div>\n\t<div class=\"wpb_text_column wpb_content_element\" >\n\t\t<div class=\"wpb_wrapper\">\n\t\t\t<p><img loading=\"lazy\" decoding=\"async\" class=\"size-full wp-image-24633 alignleft\" src=\"https:\/\/wearevillage.org\/wp-content\/uploads\/2025\/04\/project-1-e1744801154655.jpg\" alt=\"\" width=\"160\" height=\"178\" srcset=\"https:\/\/wearevillage.org\/wp-content\/uploads\/2025\/04\/project-1-e1744801154655.jpg 878w, https:\/\/wearevillage.org\/wp-content\/uploads\/2025\/04\/project-1-e1744801154655-270x300.jpg 270w, https:\/\/wearevillage.org\/wp-content\/uploads\/2025\/04\/project-1-e1744801154655-135x150.jpg 135w, https:\/\/wearevillage.org\/wp-content\/uploads\/2025\/04\/project-1-e1744801154655-768x853.jpg 768w, https:\/\/wearevillage.org\/wp-content\/uploads\/2025\/04\/project-1-e1744801154655-624x693.jpg 624w, https:\/\/wearevillage.org\/wp-content\/uploads\/2025\/04\/project-1-e1744801154655-390x433.jpg 390w, https:\/\/wearevillage.org\/wp-content\/uploads\/2025\/04\/project-1-e1744801154655-600x666.jpg 600w\" sizes=\"auto, (max-width: 160px) 100vw, 160px\" \/> <strong>Lux<\/strong>, auch bekannt als Luxifera, ist eine transfeminine, nicht-geschlechts-konforme italienische K\u00fcnstlerin, die in Berlin lebt. Als Bewegungsvermittlerin, Bodyworkerin, DJ und Performerin verbindet Lux Somatik, Bewegung, Kunst, Sound, Politik und Gender miteinander. Mit ihrem Hintergrund in den Bereichen Tanz, darstellender Kunst, Vermittlung, Workshopleitung und verk\u00f6rperten Praktiken entwickelt sie Methoden, die sich auf eigene k\u00f6rperliche Handlungsmacht, Ber\u00fchrungskompetenz und r\u00e4umliches Bewusstsein konzentrieren. Lux\u2018 Arbeit ist gepr\u00e4gt von ihren Erfahrungen im Umgang mit Trans-Sein in k\u00fcnstlerischen R\u00e4umen, im Nachtleben und in der K\u00f6rperarbeit, sowie von ihren t\u00e4glichen Begegnungen mit struktureller Gewalt und dem Ziel, ihre Existenz jenseits des Bin\u00e4ren zu erweitern. Sie f\u00f6rdert integrative, nicht-hierarchische R\u00e4ume f\u00fcr die Wiedervereinigung mit dem K\u00f6rper.<\/p>\n\n\t\t<\/div>\n\t<\/div>\n<div class=\"vc_separator wpb_content_element vc_separator_align_center vc_sep_width_100 vc_sep_pos_align_center vc_separator_no_text vc_sep_color_grey wpb_content_element  wpb_content_element\" ><span class=\"vc_sep_holder vc_sep_holder_l\"><span class=\"vc_sep_line\"><\/span><\/span><span class=\"vc_sep_holder vc_sep_holder_r\"><span class=\"vc_sep_line\"><\/span><\/span>\n<\/div>\n\t<div class=\"wpb_text_column wpb_content_element\" >\n\t\t<div class=\"wpb_wrapper\">\n\t\t\t<p><span style=\"text-decoration: underline;\"><strong>Hinweise<\/strong><\/span><br \/>\nUm sich vollst\u00e4ndig auf das Erlebnis einzulassen, werden die Teilnehmenden ermutigt, bequeme Kleidung zu tragen.<strong><br \/>\nTeilnehmer*innen<\/strong>: Dieser Workshop richtet sich an alle transfeminine Menschen aus allen Femme-Spektren (Transfrauen, Transvestiten, Hormonelle Faggots, Butch-Femmes, Gender-Nonconforming und diejenigen, die sich mit der breiteren transfemininen Erfahrung identifizieren).<strong><br \/>\nAnmeldung<\/strong>: F\u00fcr dieses Event stehen begrenzte Pl\u00e4tze zur Verf\u00fcgung. Eine Registrierung \u00fcber unsere Website ist daher erforderlich.<strong><br \/>\nSprache<\/strong>: Dieses Event wird auf Englisch sein.<br \/>\n<strong>Kosten<\/strong>: Die Teilnahme ist kostenlos.<\/p>\n\n\t\t<\/div>\n\t<\/div>\n<\/div><\/div><\/div><\/div>\n<\/div>","protected":false},"excerpt":{"rendered":"<h5>Freitag<br \/>\n19:00-21:30<br \/>\nKostenlos mit Anmeldung<br \/>\nAuf Englisch<\/h5>\n<p><strong> | <span style=\"color: #ec6c23;\">Queer Femmes* <\/span><\/strong><strong>| <\/strong><\/p>\n<p>Ein Raum f\u00fcr transfeminine Menschen aus allen Femme-Spektren, um K\u00f6rperlichkeit, Ber\u00fchrung und Bewegung zu erforschen \u2013 zur St\u00e4rkung von Selbstvertrauen, Autonomie und gemeinschaftlicher Resilienz durch somatische und kollektive Praxis.<\/p>\n","protected":false},"author":12,"featured_media":32309,"template":"","meta":{"pmpro_default_level":"","inline_featured_image":false},"product_brand":[],"product_cat":[954,769],"product_tag":[809],"class_list":{"0":"post-36702","1":"product","2":"type-product","3":"status-publish","4":"has-post-thumbnail","6":"product_cat-queer-connect","7":"product_cat-kostenloser-zugang","8":"product_tag-queer-femmes","9":"pmpro-has-access","11":"first","12":"instock","13":"sold-individually","14":"product-type-simple"},"wpml_current_locale":"de_DE","wpml_translations":{"en_US":{"locale":"en_US","id":36703,"slug":"transfem-embodied-practices-w02-2026","post_title":"Transfem* Embodied Practices","href":"https:\/\/wearevillage.org\/en\/shop\/transfem-embodied-practices\/w02-2026"}},"language":{"code":"de","locale":"","name":"","is_rtl":false},"_links":{"self":[{"href":"https:\/\/wearevillage.org\/wp-json\/wp\/v2\/product\/36702","targetHints":{"allow":["GET"]}}],"collection":[{"href":"https:\/\/wearevillage.org\/wp-json\/wp\/v2\/product"}],"about":[{"href":"https:\/\/wearevillage.org\/wp-json\/wp\/v2\/types\/product"}],"author":[{"embeddable":true,"href":"https:\/\/wearevillage.org\/wp-json\/wp\/v2\/users\/12"}],"wp:featuredmedia":[{"embeddable":true,"href":"https:\/\/wearevillage.org\/wp-json\/wp\/v2\/media\/32309"}],"wp:attachment":[{"href":"https:\/\/wearevillage.org\/wp-json\/wp\/v2\/media?parent=36702"}],"wp:term":[{"taxonomy":"product_brand","embeddable":true,"href":"https:\/\/wearevillage.org\/wp-json\/wp\/v2\/product_brand?post=36702"},{"taxonomy":"product_cat","embeddable":true,"href":"https:\/\/wearevillage.org\/wp-json\/wp\/v2\/product_cat?post=36702"},{"taxonomy":"product_tag","embeddable":true,"href":"https:\/\/wearevillage.org\/wp-json\/wp\/v2\/product_tag?post=36702"}],"curies":[{"name":"wp","href":"https:\/\/api.w.org\/{rel}","templated":true}]}}