{"id":36723,"date":"2025-12-16T16:42:27","date_gmt":"2025-12-16T15:42:27","guid":{"rendered":"https:\/\/wearevillage.org\/?post_type=product&#038;p=36723"},"modified":"2025-12-16T16:43:47","modified_gmt":"2025-12-16T15:43:47","slug":"volunteer-meeting-together-we-grow-4","status":"publish","type":"product","link":"https:\/\/wearevillage.org\/shop\/volunteer\/w03-2026\/","title":{"rendered":"Volunteer Meeting \/ Together we grow!"},"content":{"rendered":"<div class=\"wpb-content-wrapper\"><div class=\"vc_row wpb_row vc_row-fluid\"><div class=\"wpb_column vc_column_container vc_col-sm-12\"><div class=\"vc_column-inner\"><div class=\"wpb_wrapper\"><h4 style=\"text-align: left\" class=\"vc_custom_heading vc_do_custom_heading\" >Village Volunteer Meeting<\/h4><h5 style=\"text-align: left\" class=\"vc_custom_heading vc_do_custom_heading\" >mit Roby<\/h5>\n\t<div class=\"wpb_text_column wpb_content_element\" >\n\t\t<div class=\"wpb_wrapper\">\n\t\t\t<p>Wir freuen uns, euch zu unserem n\u00e4chsten <strong>Volunteers Gathering<\/strong> einzuladen! \ud83d\udc9b<\/p>\n<p>Dies ist ein lockerer und einladender Raum, um miteinander in Kontakt zu treten, Neuigkeiten auszutauschen und eure Ideen einzubringen, w\u00e4hrend wir gemeinsam neue Wege erkunden, die Arbeit von Village mitzugestalten. Die Agenda bleibt offen \u2013 denn am wichtigsten sind eure Anwesenheit, eure Ideen und die Inspiration, die ihr mitbringt.<\/p>\n<p>\u2728 <strong>Warum teilnehmen?<\/strong><\/p>\n<p>Egal, ob ihr schon freiwillig aktiv seid oder einfach neugierig darauf, mitzumachen \u2013 dieses Treffen ist der perfekte Ort, um:<\/p>\n<p>\ud83e\udd1d Andere Volunteers kennenzulernen und Kontakte zu kn\u00fcpfen<\/p>\n<p>\ud83d\udcac Eure Stimme, Ideen und Inspirationen zu teilen<\/p>\n<p>\ud83c\udf1f Aktuelle Bedarfe und zuk\u00fcnftige M\u00f6glichkeiten zu erkunden<\/p>\n<p>\ud83c\udff3\ufe0f\u200d\ud83c\udf08 Unsere Gemeinschaftspflege und Zusammenarbeit zu st\u00e4rken<\/p>\n<p>Und nat\u00fcrlich \u2013 neue Gesichter sind herzlich willkommen! Wenn ihr schon l\u00e4nger dar\u00fcber nachdenkt, euch zu engagieren, ist das der perfekte Moment, einzusteigen. Bleibt gerne noch f\u00fcr informelle Gespr\u00e4che und zum Vernetzen.<\/p>\n<p>\u2728 <strong>Warum bei Village freiwillig arbeiten?<\/strong><\/p>\n<p>Volunteers sind das Herzst\u00fcck von Village. Mit eurem Engagement helft ihr, bedeutungsvolle, inklusive und inspirierende Veranstaltungen zu gestalten, die unsere Community lebendig machen. Ihr werdet Teil eines wunderbaren Teams, das sich daf\u00fcr einsetzt, einen sicheren, einladenden und lebendigen Raum zu schaffen.<\/p>\n<p>Und \u00fcber ein einzelnes Treffen oder Event hinaus bedeutet Freiwilligenarbeit bei Village, Teil einer fortlaufenden Reise zu sein: Gemeinsam k\u00f6nnen wir noch viele weitere Aktivit\u00e4ten, Feiern und Projekte im Laufe des Jahres gestalten.<\/p>\n\n\t\t<\/div>\n\t<\/div>\n\n\t<div class=\"wpb_text_column wpb_content_element\" >\n\t\t<div class=\"wpb_wrapper\">\n\t\t\t<p><strong><u>Hinweise<\/u><\/strong><br \/>\n<strong>Sprache<\/strong>: Dieses Event wird je nach Teilnehmerbed\u00fcrfnissen auf Deutsch und\/oder Englisch sein.<\/p>\n<p><strong>Kosten:<\/strong> Diese Veranstaltung ist kostenlos f\u00fcr registrierte Freiwillige.<\/p>\n<p><strong>Werde Freiwillige*r: <\/strong>Mach mit als Volunteer, besuche unsere Veranstaltungen kostenlos und hilf mit, Village zum Leben zu erwecken \u2013 und dabei au\u00dfergew\u00f6hnliche Erlebnisse f\u00fcr dich und unsere Gemeinschaft zu schaffen. Mehr Informationen <a href=\"https:\/\/wearevillage.org\/volunteers-form\/\" target=\"_blank\" rel=\"noopener\">hier<\/a>.<\/p>\n\n\t\t<\/div>\n\t<\/div>\n<\/div><\/div><\/div><\/div>\n<\/div>","protected":false},"excerpt":{"rendered":"<h5>Samstags (einmal pro Monat)<br \/>\n17:00 \u2013 19:30<\/h5>\n<p>Kostenfrei<\/p>\n<p><strong>| LGBTQIA+\u00a0|<\/strong><\/p>\n<p>Sei dabei beim n\u00e4chsten <strong>Volunteers Gathering<\/strong>! \ud83c\udf08<\/p>\n<p>Ein offener Raum, um sich zu vernetzen, Ideen auszutauschen und gemeinsam neue Wege zu finden, Village mitzugestalten. Ob du schon freiwillig aktiv bist oder einfach neugierig \u2013 hier ist der perfekte Ort, um einzusteigen und inspiriert zu werden. \u2728<\/p>\n<p>Volunteers sind das Herz von Village \u2013 eure Energie und Kreativit\u00e4t machen alles m\u00f6glich. \ud83d\udc9b<\/p>\n","protected":false},"author":12,"featured_media":30832,"template":"","meta":{"pmpro_default_level":"","inline_featured_image":false},"product_brand":[],"product_cat":[77,791,79],"product_tag":[469],"class_list":{"0":"post-36723","1":"product","2":"type-product","3":"status-publish","4":"has-post-thumbnail","6":"product_cat-community-events","7":"product_cat-gemeinsam-statt-einsam","8":"product_cat-monatliche-events","9":"product_tag-lgbtqiaplus","10":"pmpro-has-access","12":"first","13":"instock","14":"product-type-simple"},"wpml_current_locale":"de_DE","wpml_translations":{"en_US":{"locale":"en_US","id":36724,"slug":"volunteer-meeting-together-we-grow-copy","post_title":"Volunteer Meeting \/ Together we grow!","href":"https:\/\/wearevillage.org\/en\/shop\/volunteer\/w03-2026"}},"language":{"code":"de","locale":"","name":"","is_rtl":false},"_links":{"self":[{"href":"https:\/\/wearevillage.org\/wp-json\/wp\/v2\/product\/36723","targetHints":{"allow":["GET"]}}],"collection":[{"href":"https:\/\/wearevillage.org\/wp-json\/wp\/v2\/product"}],"about":[{"href":"https:\/\/wearevillage.org\/wp-json\/wp\/v2\/types\/product"}],"author":[{"embeddable":true,"href":"https:\/\/wearevillage.org\/wp-json\/wp\/v2\/users\/12"}],"wp:featuredmedia":[{"embeddable":true,"href":"https:\/\/wearevillage.org\/wp-json\/wp\/v2\/media\/30832"}],"wp:attachment":[{"href":"https:\/\/wearevillage.org\/wp-json\/wp\/v2\/media?parent=36723"}],"wp:term":[{"taxonomy":"product_brand","embeddable":true,"href":"https:\/\/wearevillage.org\/wp-json\/wp\/v2\/product_brand?post=36723"},{"taxonomy":"product_cat","embeddable":true,"href":"https:\/\/wearevillage.org\/wp-json\/wp\/v2\/product_cat?post=36723"},{"taxonomy":"product_tag","embeddable":true,"href":"https:\/\/wearevillage.org\/wp-json\/wp\/v2\/product_tag?post=36723"}],"curies":[{"name":"wp","href":"https:\/\/api.w.org\/{rel}","templated":true}]}}