{"id":37043,"date":"2025-12-27T13:43:22","date_gmt":"2025-12-27T12:43:22","guid":{"rendered":"https:\/\/wearevillage.org\/?post_type=product&#038;p=37043"},"modified":"2025-12-27T13:51:56","modified_gmt":"2025-12-27T12:51:56","slug":"book-club-9","status":"publish","type":"product","link":"https:\/\/wearevillage.org\/shop\/book-club\/w06-2026-2\/","title":{"rendered":"Book Club"},"content":{"rendered":"<div class=\"wpb-content-wrapper\"><div class=\"vc_row wpb_row vc_row-fluid\"><div class=\"wpb_column vc_column_container vc_col-sm-12\"><div class=\"vc_column-inner\"><div class=\"wpb_wrapper\"><h4 style=\"text-align: left\" class=\"vc_custom_heading vc_do_custom_heading\" >Village Book Club in English: \u201eThe Silver Book\u201c von Olivia Laing (2025)<\/h4><h5 style=\"text-align: left\" class=\"vc_custom_heading vc_do_custom_heading\" >Gast: Marco Astolfi<\/h5>\n\t<div class=\"wpb_text_column wpb_content_element\" >\n\t\t<div class=\"wpb_wrapper\">\n\t\t\t<p>Venedig, September 1974. Der junge englische Kunststudent Nicholas begegnet dem legend\u00e4ren Kost\u00fcm- und B\u00fchnenbildner Danilo Donati und wird dessen pers\u00f6nlicher Assistent (und zugleich sein Geliebter). Gemeinsam reisen sie zun\u00e4chst nach Rom, wo sie in den Cinecitt\u00e0-Studios Venedig f\u00fcr Fellinis \u201eCasanova\u201c nachbauen, und anschlie\u00dfend zum Set von \u201eSal\u00f2\u201c, Pier Paolo Pasolinis entsetzlicher Fabel \u00fcber den Faschismus. Pasolini wird im November 1975, unter mysteri\u00f6sen Umst\u00e4nden an einem Strand in Ostia, brutal ermordet \u2013 kurz vor der Ver\u00f6ffentlichung des Films.<\/p>\n<p>Durch die \u201eunschuldigen\u201c Augen einer fiktiven Figur erz\u00e4hlt Olivia Laing eine queere Liebesgeschichte und einen noir-artigen Thriller zwischen K\u00fcnstlichkeit und Wahrheit, der Traumfabrik des Kinos und der angespannten politischen Realit\u00e4t der Bleiernen Jahre in Italien.<\/p>\n\n\t\t<\/div>\n\t<\/div>\n<div class=\"vc_separator wpb_content_element vc_separator_align_center vc_sep_width_100 vc_sep_pos_align_center vc_separator_no_text vc_sep_color_grey wpb_content_element  wpb_content_element\" ><span class=\"vc_sep_holder vc_sep_holder_l\"><span class=\"vc_sep_line\"><\/span><\/span><span class=\"vc_sep_holder vc_sep_holder_r\"><span class=\"vc_sep_line\"><\/span><\/span>\n<\/div>\n\t<div class=\"wpb_text_column wpb_content_element\" >\n\t\t<div class=\"wpb_wrapper\">\n\t\t\t<p><img loading=\"lazy\" decoding=\"async\" class=\"wp-image-32865 alignleft\" src=\"https:\/\/wearevillage.org\/wp-content\/uploads\/2025\/10\/wav-team-Marco-270x300.png\" alt=\"\" width=\"160\" height=\"178\" srcset=\"https:\/\/wearevillage.org\/wp-content\/uploads\/2025\/10\/wav-team-Marco-270x300.png 270w, https:\/\/wearevillage.org\/wp-content\/uploads\/2025\/10\/wav-team-Marco-135x150.png 135w, https:\/\/wearevillage.org\/wp-content\/uploads\/2025\/10\/wav-team-Marco-768x853.png 768w, https:\/\/wearevillage.org\/wp-content\/uploads\/2025\/10\/wav-team-Marco-624x693.png 624w, https:\/\/wearevillage.org\/wp-content\/uploads\/2025\/10\/wav-team-Marco-390x433.png 390w, https:\/\/wearevillage.org\/wp-content\/uploads\/2025\/10\/wav-team-Marco-600x667.png 600w, https:\/\/wearevillage.org\/wp-content\/uploads\/2025\/10\/wav-team-Marco.png 900w\" sizes=\"auto, (max-width: 160px) 100vw, 160px\" \/> <strong>Marco Astolfi<\/strong> ist Literatur\u00fcbersetzer, Schriftsteller und Fee aus Italien. Er lebt in Berlin, ist Mitveranstalter des Village Heart Circle f\u00fcr GBTQ-M\u00e4nner und leitet alle zwei Monate den Book Club-Abend. Er ist Stammgast beim Creative Writing und kann gelegentlich als Model f\u00fcr die Life Drawing Unterrichte vorgefunden werden. Er besuchte das One Year Training im 2018 und leitete die Workshops Cock O\u2019Clock beim Easter Stretch Festival 2019 und Privates Talk beim Stretch Imagina 2020.<\/p>\n\n\t\t<\/div>\n\t<\/div>\n<div class=\"vc_separator wpb_content_element vc_separator_align_center vc_sep_width_100 vc_sep_pos_align_center vc_separator_no_text vc_sep_color_grey vc_custom_1723801636502 wpb_content_element  vc_custom_1723801636502 wpb_content_element\" ><span class=\"vc_sep_holder vc_sep_holder_l\"><span class=\"vc_sep_line\"><\/span><\/span><span class=\"vc_sep_holder vc_sep_holder_r\"><span class=\"vc_sep_line\"><\/span><\/span>\n<\/div>\n\t<div class=\"wpb_text_column wpb_content_element\" >\n\t\t<div class=\"wpb_wrapper\">\n\t\t\t<p><strong>\u00dcber den Village Book Club<\/strong><br \/>\nB\u00fccherliebhaber und Leseratten treffen sich jeden Monat, um Literatur und Sachb\u00fccher (Romane, Biografien und Essays) zu besprechen, die sich mit LGBTQIA+-Themen und -Pers\u00f6nlichkeiten befassen oder damit in Zusammenhang stehen.<br \/>\nIn Voraussicht auf aufschlussreiche Diskussionen w\u00e4hlen wir das n\u00e4chste Buch zwei Monate im Voraus aus.<br \/>\nDie Diskussionen am Abend finden <strong>auf Englisch<\/strong> statt, aber die Teilnehmenden k\u00f6nnen die B\u00fccher in ihrer Lieblingssprache lesen.<\/p>\n<p><em>** Diese Veranstaltung ist Teil unseres Programms \u201a<strong><a href=\"https:\/\/wearevillage.org\/village-quartiere\/addressing-queer-lonliness\" target=\"_blank\" rel=\"noopener\">Gemeinsam statt einsam<\/a><\/strong>\u201a, unterst\u00fctzt von der <strong><a href=\"https:\/\/www.berlin.de\/sen\/lads\/\" target=\"_blank\" rel=\"noopener\">LADS<\/a><\/strong>. <\/em><br \/>\n<em>Erfahre mehr \u00fcber das Programm <a href=\"https:\/\/wearevillage.org\/village-quartiere\/addressing-queer-lonliness\" target=\"_blank\" rel=\"noopener\">hier<\/a>.<\/em><\/p>\n\n\t\t<\/div>\n\t<\/div>\n<\/div><\/div><\/div><\/div>\n<\/div>","protected":false},"excerpt":{"rendered":"<h5>Donnerstag (alle 2 Monate)<br \/>\n20:00 \u2013 22:30<br \/>\nkostenlos mit Anmeldung<\/h5>\n<p class=\"p1\"><strong>| <span style=\"color: #ec6c23;\">LGBTQIA+<\/span>\u00a0|<\/strong><\/p>\n<p><strong>\u201cThe Silver Book\u201d von Olivia Laing (2025)<\/strong><\/p>\n<p>Durch die \u201eunschuldigen\u201c Augen einer fiktiven Figur erz\u00e4hlt Olivia Laing eine queere Liebesgeschichte und einen noir-artigen Thriller zwischen K\u00fcnstlichkeit und Wahrheit, der Traumfabrik des Kinos und der angespannten politischen Realit\u00e4t der Bleiernen Jahre in Italien.<\/p>\n","protected":false},"author":12,"featured_media":37046,"template":"","meta":{"pmpro_default_level":"","inline_featured_image":false},"product_brand":[],"product_cat":[791,769,79],"product_tag":[469],"class_list":{"0":"post-37043","1":"product","2":"type-product","3":"status-publish","4":"has-post-thumbnail","6":"product_cat-gemeinsam-statt-einsam","7":"product_cat-kostenloser-zugang","8":"product_cat-monatliche-events","9":"product_tag-lgbtqiaplus","10":"pmpro-has-access","12":"first","13":"instock","14":"product-type-simple"},"wpml_current_locale":"de_DE","wpml_translations":{"en_US":{"locale":"en_US","id":37044,"slug":"book-club-copy-2","post_title":"Book Club","href":"https:\/\/wearevillage.org\/en\/shop\/book-club\/w06-2026-2"}},"language":{"code":"de","locale":"","name":"","is_rtl":false},"_links":{"self":[{"href":"https:\/\/wearevillage.org\/wp-json\/wp\/v2\/product\/37043","targetHints":{"allow":["GET"]}}],"collection":[{"href":"https:\/\/wearevillage.org\/wp-json\/wp\/v2\/product"}],"about":[{"href":"https:\/\/wearevillage.org\/wp-json\/wp\/v2\/types\/product"}],"author":[{"embeddable":true,"href":"https:\/\/wearevillage.org\/wp-json\/wp\/v2\/users\/12"}],"wp:featuredmedia":[{"embeddable":true,"href":"https:\/\/wearevillage.org\/wp-json\/wp\/v2\/media\/37046"}],"wp:attachment":[{"href":"https:\/\/wearevillage.org\/wp-json\/wp\/v2\/media?parent=37043"}],"wp:term":[{"taxonomy":"product_brand","embeddable":true,"href":"https:\/\/wearevillage.org\/wp-json\/wp\/v2\/product_brand?post=37043"},{"taxonomy":"product_cat","embeddable":true,"href":"https:\/\/wearevillage.org\/wp-json\/wp\/v2\/product_cat?post=37043"},{"taxonomy":"product_tag","embeddable":true,"href":"https:\/\/wearevillage.org\/wp-json\/wp\/v2\/product_tag?post=37043"}],"curies":[{"name":"wp","href":"https:\/\/api.w.org\/{rel}","templated":true}]}}