{"id":37770,"date":"2026-01-15T08:38:02","date_gmt":"2026-01-15T07:38:02","guid":{"rendered":"https:\/\/wearevillage.org\/?post_type=product&#038;p=37770"},"modified":"2026-03-27T14:36:06","modified_gmt":"2026-03-27T13:36:06","slug":"authentic-eros-weekend-3","status":"publish","type":"product","link":"https:\/\/wearevillage.org\/shop\/authentic-eros-weekend\/w16-2026\/","title":{"rendered":"Authentic Eros Weekend"},"content":{"rendered":"<div class=\"wpb-content-wrapper\"><div class=\"vc_row wpb_row vc_row-fluid\"><div class=\"wpb_column vc_column_container vc_col-sm-12\"><div class=\"vc_column-inner\"><div class=\"wpb_wrapper\"><h4 style=\"text-align: left\" class=\"vc_custom_heading vc_do_custom_heading\" >Authentic Eros Introduction Weekend - exploring skills in support of a deeper connection<\/h4><h5 style=\"text-align: left\" class=\"vc_custom_heading vc_do_custom_heading\" >mit Kai Ehrhardt<\/h5>\n\t<div class=\"wpb_text_column wpb_content_element\" >\n\t\t<div class=\"wpb_wrapper\">\n\t\t\t<div class=\"x11i5rnm xat24cr x1mh8g0r x1vvkbs xtlvy1s\">\n<div class=\"x11i5rnm xat24cr x1mh8g0r x1vvkbs xtlvy1s\">\n<div class=\"x11i5rnm xat24cr x1mh8g0r x1vvkbs xtlvy1s\">\n<p>Auf intimer Ebene gesehen und gesch\u00e4tzt zu werden, sexuell lebendig und verbunden zu sein, entspringt einem tiefen menschlichen Bed\u00fcrfnis und bindet so viel von unserer (oft unbewussten) Handlungsmotivation. Orte, an denen wir unsere Entwicklung, unsere Bef\u00e4higung und unser Wohlergehen in diesem Bereich unterst\u00fctzen k\u00f6nnen, sind rar und notwendig.<\/p>\n<p>Als schwule \/ queere M\u00e4nner* nehmen wir unsere Referenzen f\u00fcr Sexualit\u00e4t und Intimit\u00e4t zu gro\u00dfen Anteilen \u00fcber unsere Umgebung auf: soziale und famili\u00e4re Normen, Medien, Internet, Clubs, Pornos, Dating-Apps oder st\u00e4dtische Umgebungen, die stark aufgeladen oder \u201cbet\u00e4ubend\u201d, wertend oder ungesund sein k\u00f6nnen.<\/p>\n<p><strong>Dieser Workshop schafft einen sichereren und spielerischen Rahmen,\u00a0um zu reflektieren, was wir wirklich wollen, denken, f\u00fchlen oder erleben, wenn es um Intimit\u00e4t und Sex geht. Wir werden eine Art Lupe \u00fcber einige Aspekte der zwischenmenschlichen Begegnung legen, damit wir voneinander und von unseren Gewohnheiten lernen und uns auf der Grundlage unserer individuellen Bed\u00fcrfnisse auf neues Verhaltens- und Beziehungsterritorium ausdehnen k\u00f6nnen.<\/strong><\/p>\n<\/div>\n<\/div>\n<\/div>\n\n\t\t<\/div>\n\t<\/div>\n<div class=\"vc_separator wpb_content_element vc_separator_align_center vc_sep_width_100 vc_sep_pos_align_center vc_separator_no_text vc_sep_color_grey wpb_content_element  wpb_content_element\" ><span class=\"vc_sep_holder vc_sep_holder_l\"><span class=\"vc_sep_line\"><\/span><\/span><span class=\"vc_sep_holder vc_sep_holder_r\"><span class=\"vc_sep_line\"><\/span><\/span>\n<\/div>\n\t<div class=\"wpb_text_column wpb_content_element\" >\n\t\t<div class=\"wpb_wrapper\">\n\t\t\t<p><img loading=\"lazy\" decoding=\"async\" class=\"wp-image-43 alignleft\" src=\"https:\/\/wearevillage.org\/wp-content\/uploads\/2022\/08\/team-kai-erhardt.jpg\" alt=\"\" width=\"160\" height=\"177\" srcset=\"https:\/\/wearevillage.org\/wp-content\/uploads\/2022\/08\/team-kai-erhardt.jpg 700w, https:\/\/wearevillage.org\/wp-content\/uploads\/2022\/08\/team-kai-erhardt-390x431.jpg 390w, https:\/\/wearevillage.org\/wp-content\/uploads\/2022\/08\/team-kai-erhardt-600x663.jpg 600w, https:\/\/wearevillage.org\/wp-content\/uploads\/2022\/08\/team-kai-erhardt-271x300.jpg 271w, https:\/\/wearevillage.org\/wp-content\/uploads\/2022\/08\/team-kai-erhardt-624x690.jpg 624w\" sizes=\"auto, (max-width: 160px) 100vw, 160px\" \/> <strong>Kai Ehrhardt<\/strong> gr\u00fcndete 2016 Village.Berlin (heute: we are village) und 2012 die Somatische Akademie Berlin, wo er administrativ in der Gesch\u00e4ftsf\u00fchrung t\u00e4tig ist, Veranstaltungen und Aus- sowie Fortbildungen entwickelt, und die STRETCH und BODY IQ Festivals kuratiert und durchf\u00fchrt. Als somatischer P\u00e4dagoge unterrichtet er den Erfahrbarer Atem nach Prof. Middendorf und Continuum und besitzt die Zulassung zum Heilpraktiker Psychotherapie. Im Jahr 2002 gr\u00fcndete er Authentic Eros \u2013 ein Angebot f\u00fcr schwule, bi und trans Gruppenprozesse rund um Intimit\u00e4t und Ber\u00fchrung, Kommunikation und pers\u00f6nliche Entwicklung.<\/p>\n\n\t\t<\/div>\n\t<\/div>\n<div class=\"vc_separator wpb_content_element vc_separator_align_center vc_sep_width_100 vc_sep_pos_align_center vc_separator_no_text vc_sep_color_grey wpb_content_element  wpb_content_element\" ><span class=\"vc_sep_holder vc_sep_holder_l\"><span class=\"vc_sep_line\"><\/span><\/span><span class=\"vc_sep_holder vc_sep_holder_r\"><span class=\"vc_sep_line\"><\/span><\/span>\n<\/div>\n\t<div class=\"wpb_text_column wpb_content_element\" >\n\t\t<div class=\"wpb_wrapper\">\n\t\t\t<div class=\"x11i5rnm xat24cr x1mh8g0r x1vvkbs xtlvy1s\">\n<div class=\"x11i5rnm xat24cr x1mh8g0r x1vvkbs xtlvy1s\">\n<div class=\"x11i5rnm xat24cr x1mh8g0r x1vvkbs xtlvy1s\">\n<p><strong>Was du erwarten kannst:<\/strong><\/p>\n<p>\u2022\u00a0einen Raum f\u00fcr Fragen zu Sexualit\u00e4t, Intimit\u00e4t und Beziehungsdynamiken<br \/>\n\u2022 eine Praxis, deine Bed\u00fcrfnisse auszudr\u00fccken<br \/>\n\u2022 mit unerf\u00fcllten W\u00fcnschen und der Angst vor Ablehnung umzugehen<br \/>\n\u2022 tats\u00e4chliche Gedanken, Gef\u00fchle und Handlungen befragen<br \/>\n\u2022 raus aus dem Kopf und rein in den K\u00f6rper gehen<br \/>\n\u2022 \u00fcber das Erfahren des eigenen K\u00f6rpers mit der M\u00f6glichkeit des schon Gen\u00fcgens und schon Erf\u00fclltseins in Kontakt kommen<br \/>\n\u2022 st\u00e4rkere Pr\u00e4senz entwickeln: Verlangsamen, um den aktuellen Kontext besser lesen und erleben zu k\u00f6nnen<br \/>\n\u2022 das Ungewisse & Spiel erlauben und willkommen hei\u00dfen<br \/>\n\u2022 Erweitere deine Ber\u00fchrungs-, H\u00f6r- und nonverbalen F\u00e4higkeiten<br \/>\n\u2022 Gewohnheiten, die du transformieren m\u00f6chtest andere Szenarien gegen\u00fcber stellen. (zum Beispiel: Grenzen artikulieren, Kontakt ohne den Konsum von Substanzen herstellen, Begegnung proaktiv initiieren oder initiieren lassen, den W\u00fcnschen anderer mit einem ehrlichen aber verbundenem Ja oder Nein begegnen, usw\u2026)<br \/>\n\u2022 Begr\u00fc\u00dfung des Unbekannten<\/p>\n<p>Wir k\u00f6nnen klarer erkennen, was wir in unserem Sex-\/Intimleben tats\u00e4chlich tun, und wir k\u00f6nnen eine Wahl treffen. Wir k\u00f6nnen erforschen, was im Einklang mit dem steht, was wir wirklich sch\u00e4tzen und wollen, und was nicht. Wir k\u00f6nnen experimentieren und neue Formen des Begegnens ausprobieren.<\/p>\n<p>Wir bieten einen Raum, in dem du entscheidest, wie weit du innerhalb des vorgegebenen Rahmens gehen m\u00f6chtest, wobei gegenseitiges Einvernehmen die Voraussetzung ist.<\/p>\n<p>Wenn du deine F\u00e4higkeit zur Intimit\u00e4t entwickeln, deine Grenzen erforschen, dich in einer liebevollen Umgebung n\u00e4hren oder einfach eine tolle Zeit mit dir selbst und anderen Explorierenden haben m\u00f6chtest, dann ist dies der richtige Workshop f\u00fcr dich.<\/p>\n<\/div>\n<\/div>\n<\/div>\n\n\t\t<\/div>\n\t<\/div>\n<\/div><\/div><\/div><\/div>\n<\/div>","protected":false},"excerpt":{"rendered":"<h5>New date<br \/>\n2 Tage Workshop<br \/>\n10:00 \u2013 17:30<\/h5>\n<p class=\"p1\"><strong>| <span style=\"color: #ec6c23;\">GBTQ men*<\/span>\u00a0|<\/strong><\/p>\n<p><strong>Dare to Love!<\/strong>\u00a0Dieser Workshop schafft einen sicheren und spielerischen Rahmen, um zu reflektieren, was wir wirklich wollen, denken, f\u00fchlen oder erleben, wenn es um Intimit\u00e4t und Sex geht. Wir werden eine Art Lupe \u00fcber einige Aspekte der Begegnung legen, damit wir voneinander und von unseren Gewohnheiten lernen und uns auf der Grundlage unserer individuellen Bed\u00fcrfnisse auf neues Verhaltens- und Beziehungsterritorium ausdehnen k\u00f6nnen.<\/p>\n","protected":false},"author":14,"featured_media":10544,"template":"","meta":{"pmpro_default_level":"","inline_featured_image":false},"product_brand":[],"product_cat":[785,83],"product_tag":[256],"class_list":{"0":"post-37770","1":"product","2":"type-product","3":"status-publish","4":"has-post-thumbnail","6":"product_cat-authentic-eros-events-qbtq-men","7":"product_cat-workshops","8":"product_tag-gbtq-men","9":"pmpro-has-access","11":"first","12":"instock","13":"sale","14":"purchasable","15":"product-type-variable"},"wpml_current_locale":"de_DE","wpml_translations":{"en_US":{"locale":"en_US","id":37775,"slug":"authentic-eros-weekend-3","post_title":"Authentic Eros Weekend","href":"https:\/\/wearevillage.org\/en\/shop\/authentic-eros-weekend\/w16-2026"}},"language":{"code":"de","locale":"","name":"","is_rtl":false},"_links":{"self":[{"href":"https:\/\/wearevillage.org\/wp-json\/wp\/v2\/product\/37770","targetHints":{"allow":["GET"]}}],"collection":[{"href":"https:\/\/wearevillage.org\/wp-json\/wp\/v2\/product"}],"about":[{"href":"https:\/\/wearevillage.org\/wp-json\/wp\/v2\/types\/product"}],"author":[{"embeddable":true,"href":"https:\/\/wearevillage.org\/wp-json\/wp\/v2\/users\/14"}],"wp:featuredmedia":[{"embeddable":true,"href":"https:\/\/wearevillage.org\/wp-json\/wp\/v2\/media\/10544"}],"wp:attachment":[{"href":"https:\/\/wearevillage.org\/wp-json\/wp\/v2\/media?parent=37770"}],"wp:term":[{"taxonomy":"product_brand","embeddable":true,"href":"https:\/\/wearevillage.org\/wp-json\/wp\/v2\/product_brand?post=37770"},{"taxonomy":"product_cat","embeddable":true,"href":"https:\/\/wearevillage.org\/wp-json\/wp\/v2\/product_cat?post=37770"},{"taxonomy":"product_tag","embeddable":true,"href":"https:\/\/wearevillage.org\/wp-json\/wp\/v2\/product_tag?post=37770"}],"curies":[{"name":"wp","href":"https:\/\/api.w.org\/{rel}","templated":true}]}}