{"id":38113,"date":"2026-01-22T10:09:12","date_gmt":"2026-01-22T09:09:12","guid":{"rendered":"https:\/\/wearevillage.org\/?post_type=product&#038;p=38113"},"modified":"2026-03-19T09:29:07","modified_gmt":"2026-03-19T08:29:07","slug":"buddy-program-meetup-4","status":"publish","type":"product","link":"https:\/\/wearevillage.org\/shop\/buddyprogram-meetup\/w11-2026\/","title":{"rendered":"Buddy Program Meetup"},"content":{"rendered":"<div class=\"wpb-content-wrapper\"><div class=\"vc_row wpb_row vc_row-fluid\"><div class=\"wpb_column vc_column_container vc_col-sm-12\"><div class=\"vc_column-inner\"><div class=\"wpb_wrapper\"><h4 style=\"text-align: left\" class=\"vc_custom_heading vc_do_custom_heading\" >Buddy Program Meetup<\/h4>\n\t<div class=\"wpb_text_column wpb_content_element\" >\n\t\t<div class=\"wpb_wrapper\">\n\t\t\t<p><span style=\"font-weight: 400;\">Nimm an unserem n\u00e4chsten Treffen im Rahmen unseres Buddy-Programms teil, bei dem wir deine neugierige Seele durch Kennenlernrunden begleiten und dir dabei helfen, queere Freundschaften jenseits des Nachtlebens und Clubbing zu schlie\u00dfen. Es erwarten dich leicht zug\u00e4ngliche Strukturen, fundierte Gespr\u00e4che und Raum, um herauszufinden, mit wem du dich gut verstehst.<\/span><br \/>\n<span style=\"font-weight: 400;\">Wir starten mit einem gemeinsamen Warm-up und stellen Dir anschlie\u00dfend die <\/span><b>village*<\/b><span style=\"font-weight: 400;\"> App vor. Sie begleitet die Verbindungsrunden und hilft Dir, auch nach dem Event in Kontakt zu bleiben.<br \/>\n<\/span>Danach geht es zum Kern des Events: den Kennenlernrunden. Dort kommen wir als Gruppe zusammen, um zu atmen, uns zu erden und \u00fcber die Erfahrungen nachzudenken. Anschlie\u00dfend schaffen wir Raum f\u00fcr entspanntes Beisammensein mit Getr\u00e4nken und Snacks.<\/p>\n\n\t\t<\/div>\n\t<\/div>\n<div class=\"vc_separator wpb_content_element vc_separator_align_center vc_sep_width_100 vc_sep_pos_align_center vc_separator_no_text vc_sep_color_grey wpb_content_element  wpb_content_element\" ><span class=\"vc_sep_holder vc_sep_holder_l\"><span class=\"vc_sep_line\"><\/span><\/span><span class=\"vc_sep_holder vc_sep_holder_r\"><span class=\"vc_sep_line\"><\/span><\/span>\n<\/div>\n\t<div class=\"wpb_text_column wpb_content_element\" >\n\t\t<div class=\"wpb_wrapper\">\n\t\t\t<p><b><img loading=\"lazy\" decoding=\"async\" class=\" wp-image-39022 alignleft\" src=\"https:\/\/wearevillage.org\/wp-content\/uploads\/2026\/01\/wav-team-J.L.-McKain-270x300.png\" alt=\"\" width=\"151\" height=\"168\" srcset=\"https:\/\/wearevillage.org\/wp-content\/uploads\/2026\/01\/wav-team-J.L.-McKain-270x300.png 270w, https:\/\/wearevillage.org\/wp-content\/uploads\/2026\/01\/wav-team-J.L.-McKain-135x150.png 135w, https:\/\/wearevillage.org\/wp-content\/uploads\/2026\/01\/wav-team-J.L.-McKain-768x853.png 768w, https:\/\/wearevillage.org\/wp-content\/uploads\/2026\/01\/wav-team-J.L.-McKain-624x693.png 624w, https:\/\/wearevillage.org\/wp-content\/uploads\/2026\/01\/wav-team-J.L.-McKain-390x433.png 390w, https:\/\/wearevillage.org\/wp-content\/uploads\/2026\/01\/wav-team-J.L.-McKain-600x667.png 600w, https:\/\/wearevillage.org\/wp-content\/uploads\/2026\/01\/wav-team-J.L.-McKain.png 900w\" sizes=\"auto, (max-width: 151px) 100vw, 151px\" \/>Jos<\/b><span style=\"font-weight: 400;\">\u00a0ist Choreograf*in und Autor mit Sitz in Berlin. Jos arbeitet mit Bewegung und Text, um tempor\u00e4re, selbstbestimmte, k\u00f6rperlich erfahrbare R\u00e4ume f\u00fcr Verbindung zu schaffen.<\/span><span style=\"font-weight: 400;\"><br \/>\n<\/span><span style=\"font-weight: 400;\">Mit einem Hintergrund in Performance und Facilitation begleitet Jos Menschen hin zu Pr\u00e4senz, Neugier und echtem, bedeutungsvollem Austausch.<\/span><\/p>\n\n\t\t<\/div>\n\t<\/div>\n<div class=\"vc_separator wpb_content_element vc_separator_align_center vc_sep_width_100 vc_sep_pos_align_center vc_separator_no_text vc_sep_color_grey wpb_content_element  wpb_content_element\" ><span class=\"vc_sep_holder vc_sep_holder_l\"><span class=\"vc_sep_line\"><\/span><\/span><span class=\"vc_sep_holder vc_sep_holder_r\"><span class=\"vc_sep_line\"><\/span><\/span>\n<\/div>\n\t<div class=\"wpb_text_column wpb_content_element\" >\n\t\t<div class=\"wpb_wrapper\">\n\t\t\t<p><strong><u>Hinweise<\/u><\/strong><br \/>\n<strong>Sprache<\/strong>: Dieses Event wird je nach Teilnehmerbed\u00fcrfnissen auf\u00a0 Englisch und\/oder Deutsch sein.<br \/>\n<strong>Kosten<\/strong>: Die Teilnahme ist kostenlos.<\/p>\n\n\t\t<\/div>\n\t<\/div>\n<\/div><\/div><\/div><\/div>\n<\/div>","protected":false},"excerpt":{"rendered":"<h5>18:30-21:00<\/h5>\n<p>Kostenfrei<br \/>\nAnmeldung erforderlich<\/p>\n<p><strong> | <span style=\"color: #ec6c23;\">LGBTQIA+<\/span> |<\/strong><\/p>\n<p>Willkommen zu unserem zweiten \u201ewe are village\u201c Buddy-Programm-Event. Das Buddy-Programm ist ein Gemeinschaftsprojekt, das queeren Menschen in Berlin hilft, eine unterst\u00fctzende Gemeinschaft zu finden, um die Stadt zu erkunden, versteckte Sch\u00e4tze zu entdecken und echte Freundschaften aufzubauen.<\/p>\n","protected":false},"author":12,"featured_media":35069,"template":"","meta":{"pmpro_default_level":"","inline_featured_image":false},"product_brand":[],"product_cat":[956,960,77,769],"product_tag":[469],"class_list":{"0":"post-38113","1":"product","2":"type-product","3":"status-publish","4":"has-post-thumbnail","6":"product_cat-village","7":"product_cat-buddy-program","8":"product_cat-community-events","9":"product_cat-kostenloser-zugang","10":"product_tag-lgbtqiaplus","11":"pmpro-has-access","13":"first","14":"instock","15":"sold-individually","16":"product-type-simple"},"wpml_current_locale":"de_DE","wpml_translations":{"en_US":{"locale":"en_US","id":38115,"slug":"buddy-program-meetup-4","post_title":"Buddy Program Meetup","href":"https:\/\/wearevillage.org\/en\/shop\/buddyprogram-meetup\/w11-2026"}},"language":{"code":"de","locale":"","name":"","is_rtl":false},"_links":{"self":[{"href":"https:\/\/wearevillage.org\/wp-json\/wp\/v2\/product\/38113","targetHints":{"allow":["GET"]}}],"collection":[{"href":"https:\/\/wearevillage.org\/wp-json\/wp\/v2\/product"}],"about":[{"href":"https:\/\/wearevillage.org\/wp-json\/wp\/v2\/types\/product"}],"author":[{"embeddable":true,"href":"https:\/\/wearevillage.org\/wp-json\/wp\/v2\/users\/12"}],"wp:featuredmedia":[{"embeddable":true,"href":"https:\/\/wearevillage.org\/wp-json\/wp\/v2\/media\/35069"}],"wp:attachment":[{"href":"https:\/\/wearevillage.org\/wp-json\/wp\/v2\/media?parent=38113"}],"wp:term":[{"taxonomy":"product_brand","embeddable":true,"href":"https:\/\/wearevillage.org\/wp-json\/wp\/v2\/product_brand?post=38113"},{"taxonomy":"product_cat","embeddable":true,"href":"https:\/\/wearevillage.org\/wp-json\/wp\/v2\/product_cat?post=38113"},{"taxonomy":"product_tag","embeddable":true,"href":"https:\/\/wearevillage.org\/wp-json\/wp\/v2\/product_tag?post=38113"}],"curies":[{"name":"wp","href":"https:\/\/api.w.org\/{rel}","templated":true}]}}