{"id":38434,"date":"2026-01-26T16:18:51","date_gmt":"2026-01-26T15:18:51","guid":{"rendered":"https:\/\/wearevillage.org\/?post_type=product&#038;p=38434"},"modified":"2026-02-07T12:12:11","modified_gmt":"2026-02-07T11:12:11","slug":"weltreise","status":"publish","type":"product","link":"https:\/\/wearevillage.org\/shop\/queer-images\/w06-2026\/","title":{"rendered":"Weltreise"},"content":{"rendered":"<div class=\"wpb-content-wrapper\"><div class=\"vc_row wpb_row vc_row-fluid\"><div class=\"wpb_column vc_column_container vc_col-sm-12\"><div class=\"vc_column-inner\"><div class=\"wpb_wrapper\"><h4 style=\"text-align: left\" class=\"vc_custom_heading vc_do_custom_heading\" >Weltreise - Queer Images<\/h4><h5 style=\"text-align: left\" class=\"vc_custom_heading vc_do_custom_heading\" >mit Jorge De Hoyos<\/h5>\n\t<div class=\"wpb_text_column wpb_content_element\" >\n\t\t<div class=\"wpb_wrapper\">\n\t\t\t<p>Dieser Bewegungskurs besch\u00e4ftigt sich mit Portalen, (anderen)weltlichen Dimensionen und dem Training unserer F\u00e4higkeiten, um tief in unsere \u201eSelbste\u201c (reale und imaginierte) einzutauchen, uns in noch unbekannte Seinszust\u00e4nde zu teleportieren und uns wie Sci-Fi-Ninja-T\u00e4nzer<em>innen-Pionier<\/em>innen anzupassen. Tanzerfahrung ist nicht notwendig, jedoch die Bereitschaft, die Komfortzone zu verlassen und sich auf das Unbekannte, (meta)Physische einzulassen. Es wird K\u00f6rperkontakt geben, emotionale und energetische Zust\u00e4nde sowie viel Bewegung auf Weisen, die sich kaum im Voraus vorstellen lassen. Inspiriert ist der Kurs von einem \u00e4lteren Projekt namens <strong>\u201eMany Lives\u201c<\/strong>, das dem Leben gleicht \u2013 nur dass man viele Leben gleichzeitig lebt. Alle K\u00f6rper und Lebensrealit\u00e4ten sind willkommen!<\/p>\n\n\t\t<\/div>\n\t<\/div>\n<div class=\"vc_separator wpb_content_element vc_separator_align_center vc_sep_width_100 vc_sep_pos_align_center vc_separator_no_text vc_sep_color_grey wpb_content_element  wpb_content_element\" ><span class=\"vc_sep_holder vc_sep_holder_l\"><span class=\"vc_sep_line\"><\/span><\/span><span class=\"vc_sep_holder vc_sep_holder_r\"><span class=\"vc_sep_line\"><\/span><\/span>\n<\/div>\n\t<div class=\"wpb_text_column wpb_content_element\" >\n\t\t<div class=\"wpb_wrapper\">\n\t\t\t<p><strong><img loading=\"lazy\" decoding=\"async\" class=\"wp-image-30 alignleft\" src=\"https:\/\/wearevillage.org\/wp-content\/uploads\/2022\/08\/Jorge-De-Hoyos-271x300.jpg\" alt=\"\" width=\"160\" height=\"177\" srcset=\"https:\/\/wearevillage.org\/wp-content\/uploads\/2022\/08\/Jorge-De-Hoyos-271x300.jpg 271w, https:\/\/wearevillage.org\/wp-content\/uploads\/2022\/08\/Jorge-De-Hoyos-390x431.jpg 390w, https:\/\/wearevillage.org\/wp-content\/uploads\/2022\/08\/Jorge-De-Hoyos-600x663.jpg 600w, https:\/\/wearevillage.org\/wp-content\/uploads\/2022\/08\/Jorge-De-Hoyos-624x690.jpg 624w, https:\/\/wearevillage.org\/wp-content\/uploads\/2022\/08\/Jorge-De-Hoyos.jpg 700w\" sizes=\"auto, (max-width: 160px) 100vw, 160px\" \/>Jorge De Hoyos<\/strong> ist zeitgen\u00f6ssischer T\u00e4nzer, Performer und Choreograf aus S\u00fcdkalifornien und lebt seit 2012 in Berlin. K\u00fcrzlich schloss er sein Masterstudium <em data-start=\"288\" data-end=\"311\">Solo\/Dance\/Authorship<\/em> an der Universit\u00e4t der K\u00fcnste Berlin ab. Derzeit vertieft er erneut seine Kenntnisse in Permakultur-Design, nachdem er vor zehn Jahren bereits einen entsprechenden Kurs in San Francisco absolviert hatte. Ende 2020 begann er mit dem Training von Kung Fu und Tai Chi \u2013 eine Erfahrung, die seine Herangehensweise an Tanz und Erdung grundlegend ver\u00e4ndert hat. www.jorgedehoyos.com<strong><br \/>\n<\/strong><\/p>\n\n\t\t<\/div>\n\t<\/div>\n<div class=\"vc_separator wpb_content_element vc_separator_align_center vc_sep_width_100 vc_sep_pos_align_center vc_separator_no_text vc_sep_color_grey wpb_content_element  wpb_content_element\" ><span class=\"vc_sep_holder vc_sep_holder_l\"><span class=\"vc_sep_line\"><\/span><\/span><span class=\"vc_sep_holder vc_sep_holder_r\"><span class=\"vc_sep_line\"><\/span><\/span>\n<\/div>\n\t<div class=\"wpb_text_column wpb_content_element\" >\n\t\t<div class=\"wpb_wrapper\">\n\t\t\t<p>In diesem Workshop, der monatlich stattfindet, bist du eingeladen, dich durch die Schaffung von visueller Kunst auszudr\u00fccken. Der Fokus liegt auf dem Prozess, nicht auf dem Ergebnis. Unser Ziel ist es, einen Kanal zu unserer pers\u00f6nlichen Kreativit\u00e4t zu \u00f6ffnen und tiefere Verbindungen zu unserem inneren Selbst und zueinander zu schaffen. Es sind keine besonderen F\u00e4higkeiten oder \u201eTalente\u201c erforderlich, nur die Bereitschaft, sich mit Neugier aktiv einzubringen.<\/p>\n\n\t\t<\/div>\n\t<\/div>\n<div class=\"vc_separator wpb_content_element vc_separator_align_center vc_sep_width_100 vc_sep_pos_align_center vc_separator_no_text vc_sep_color_grey wpb_content_element  wpb_content_element\" ><span class=\"vc_sep_holder vc_sep_holder_l\"><span class=\"vc_sep_line\"><\/span><\/span><span class=\"vc_sep_holder vc_sep_holder_r\"><span class=\"vc_sep_line\"><\/span><\/span>\n<\/div>\n\t<div class=\"wpb_text_column wpb_content_element\" >\n\t\t<div class=\"wpb_wrapper\">\n\t\t\t<p><span style=\"text-decoration: underline;\"><strong>Hinweise<\/strong><\/span><br \/>\n<strong>Teilnehmende<\/strong>: Dieser Workshop richtet sich an alle, die sich als LGBTQIA+ identifizieren.<br \/>\n<strong>Sprache<\/strong>: Je nach Bed\u00fcrfnissen der Gruppe werden wir Deutsch und\/oder Englisch sprechen.<br \/>\n<strong>Kosten<\/strong>: kostenlos mit Anmeldung.<\/p>\n<p><em>** Diese Veranstaltung ist Teil unseres Programms \u201a<strong><a href=\"https:\/\/wearevillage.org\/village-quartiere\/addressing-queer-lonliness\" target=\"_blank\" rel=\"noopener\">Gemeinsam statt einsam<\/a><\/strong>\u201a, unterst\u00fctzt von der <strong><a href=\"https:\/\/www.berlin.de\/sen\/lads\/\" target=\"_blank\" rel=\"noopener\">LADS<\/a><\/strong>. <\/em><br \/>\n<em>Erfahre mehr \u00fcber das Programm <a href=\"https:\/\/wearevillage.org\/village-quartiere\/addressing-queer-lonliness\" target=\"_blank\" rel=\"noopener\">hier<\/a>.<\/em><\/p>\n\n\t\t<\/div>\n\t<\/div>\n<\/div><\/div><\/div><\/div>\n<\/div>","protected":false},"excerpt":{"rendered":"<h5>Samstag<br \/>\n13:00-15:00<br \/>\nkostenlos mit Anmeldung<\/h5>\n<p><strong> | <span style=\"color: #ec6c23;\"> LGBTQIA+ <\/span> | <\/strong><\/p>\n<p><strong>Weltreise mit Jorge De Hoyos<\/strong><br \/>\nDurchschreite Portale, erkunde neue Dimensionen und tanze \u00fcber Grenzen hinaus!<\/p>\n","protected":false},"author":12,"featured_media":38596,"template":"","meta":{"pmpro_default_level":"","inline_featured_image":false},"product_brand":[],"product_cat":[77,791,769],"product_tag":[469],"class_list":{"0":"post-38434","1":"product","2":"type-product","3":"status-publish","4":"has-post-thumbnail","6":"product_cat-community-events","7":"product_cat-gemeinsam-statt-einsam","8":"product_cat-kostenloser-zugang","9":"product_tag-lgbtqiaplus","10":"pmpro-has-access","12":"first","13":"instock","14":"product-type-simple"},"wpml_current_locale":"de_DE","wpml_translations":{"en_US":{"locale":"en_US","id":38440,"slug":"weltreise","post_title":"World Travelling","href":"https:\/\/wearevillage.org\/en\/shop\/queer-images\/w06-2026"}},"language":{"code":"de","locale":"","name":"","is_rtl":false},"_links":{"self":[{"href":"https:\/\/wearevillage.org\/wp-json\/wp\/v2\/product\/38434","targetHints":{"allow":["GET"]}}],"collection":[{"href":"https:\/\/wearevillage.org\/wp-json\/wp\/v2\/product"}],"about":[{"href":"https:\/\/wearevillage.org\/wp-json\/wp\/v2\/types\/product"}],"author":[{"embeddable":true,"href":"https:\/\/wearevillage.org\/wp-json\/wp\/v2\/users\/12"}],"wp:featuredmedia":[{"embeddable":true,"href":"https:\/\/wearevillage.org\/wp-json\/wp\/v2\/media\/38596"}],"wp:attachment":[{"href":"https:\/\/wearevillage.org\/wp-json\/wp\/v2\/media?parent=38434"}],"wp:term":[{"taxonomy":"product_brand","embeddable":true,"href":"https:\/\/wearevillage.org\/wp-json\/wp\/v2\/product_brand?post=38434"},{"taxonomy":"product_cat","embeddable":true,"href":"https:\/\/wearevillage.org\/wp-json\/wp\/v2\/product_cat?post=38434"},{"taxonomy":"product_tag","embeddable":true,"href":"https:\/\/wearevillage.org\/wp-json\/wp\/v2\/product_tag?post=38434"}],"curies":[{"name":"wp","href":"https:\/\/api.w.org\/{rel}","templated":true}]}}