{"id":38119,"date":"2026-01-22T10:56:36","date_gmt":"2026-01-22T09:56:36","guid":{"rendered":"https:\/\/wearevillage.org\/?post_type=product&#038;p=38119"},"modified":"2026-01-28T13:00:49","modified_gmt":"2026-01-28T12:00:49","slug":"queer-bridges-meet-up","status":"publish","type":"product","link":"https:\/\/wearevillage.org\/shop\/queer-bridges-monday\/w07-2026\/","title":{"rendered":"Queer Bridges Meet-up"},"content":{"rendered":"<div class=\"wpb-content-wrapper\"><div class=\"vc_row wpb_row vc_row-fluid\"><div class=\"wpb_column vc_column_container vc_col-sm-12\"><div class=\"vc_column-inner\"><div class=\"wpb_wrapper\"><h4 style=\"text-align: left\" class=\"vc_custom_heading vc_do_custom_heading\" >Community Gathering: Lernt die Queer-Bridges Programm<\/h4><h5 style=\"text-align: left\" class=\"vc_custom_heading vc_do_custom_heading\" >mit Munir Arreola<\/h5>\n\t<div class=\"wpb_text_column wpb_content_element\" >\n\t\t<div class=\"wpb_wrapper\">\n\t\t\t<p>Kommt zu diesem Community-Abend und lernt unser Programm kennen. Trefft die neue Projektleitung von Queer Bridges, kommt miteinander in Kontakt und genie\u00dft ein informelles Zusammenkommen voller Community, Tanz und Spiele. Lernt neue Menschen kennen, teilt eure Fragen oder bringt einfach eure sch\u00f6ne Energie mit und erfahrt mehr \u00fcber das Programm.<\/p>\n<p>Munir, unser neuestes Teammitglied, wird anwesend sein und ausf\u00fchrlicher dar\u00fcber sprechen, was Queer Bridges ist und was es f\u00fcr we are village bedeutet. Au\u00dferdem wird er offen daf\u00fcr sein, den Bed\u00fcrfnissen, Ideen und Erfahrungen der Community zuzuh\u00f6ren.<\/p>\n<p>Das Treffen wird eine kurze Tanz- bzw. Bewegungsaktivit\u00e4t beinhalten. Wir empfehlen daher bequeme Kleidung f\u00fcr alle, die teilnehmen m\u00f6chten. Au\u00dferdem wird es Brettspiele und viel Raum geben, um sich zu entspannen, zu sozialisieren und sich in eurem eigenen Tempo zu vernetzen.<\/p>\n<p>Lasst uns einen gemeinsamen Abend verbringen, der sich auf F\u00fcrsorge, Verbindung und positive Energie konzentriert.<\/p>\n\n\t\t<\/div>\n\t<\/div>\n<div class=\"vc_separator wpb_content_element vc_separator_align_center vc_sep_width_100 vc_sep_pos_align_center vc_separator_no_text vc_sep_color_grey wpb_content_element  wpb_content_element\" ><span class=\"vc_sep_holder vc_sep_holder_l\"><span class=\"vc_sep_line\"><\/span><\/span><span class=\"vc_sep_holder vc_sep_holder_r\"><span class=\"vc_sep_line\"><\/span><\/span>\n<\/div>\n\t<div class=\"wpb_text_column wpb_content_element\" >\n\t\t<div class=\"wpb_wrapper\">\n\t\t\t<p><strong>Queer Bridges: Verbindungen schaffen und Ressourcen f\u00fcr LGBTQIA+ Menschen mit Migrationserfahrung bereitstellen.<\/strong><br \/>\nQueere Menschen mit Migrationserfahrung in Berlin sehen sich in ihrem t\u00e4glichen Leben oft mit besonderen Herausforderungen konfrontiert, die ihren Zugang zu unterst\u00fctzenden Gemeinschaften und integrativen Umgebungen einschr\u00e4nken k\u00f6nnen.<\/p>\n<p>Mit Unterst\u00fctzung der<strong> Deutschen Fernsehlotterie Stiftung<\/strong>, haben wir das Programm Queer Bridges entwickelt, um diese H\u00fcrden zu \u00fcberwinden. Wir bieten Ressourcen, Vernetzung und Unterst\u00fctzung in einem einladenden Umfeld f\u00fcr queere Migrant*innen und Gefl\u00fcchtete durch unser spezielles Programm. Unser Ziel ist es, ein Gef\u00fchl der Zugeh\u00f6rigkeit zur lokalen LGBTQIA+ Community zu f\u00f6rdern und damit eine reibungslose Integration sowie eine verbesserte Lebensqualit\u00e4t f\u00fcr queere Menschen mit Migrations- und\/oder Fluchterfahrung zu erm\u00f6glichen.<\/p>\n\n\t\t<\/div>\n\t<\/div>\n<div class=\"vc_separator wpb_content_element vc_separator_align_center vc_sep_width_100 vc_sep_pos_align_center vc_separator_no_text vc_sep_color_grey wpb_content_element  wpb_content_element\" ><span class=\"vc_sep_holder vc_sep_holder_l\"><span class=\"vc_sep_line\"><\/span><\/span><span class=\"vc_sep_holder vc_sep_holder_r\"><span class=\"vc_sep_line\"><\/span><\/span>\n<\/div>\n\t<div class=\"wpb_text_column wpb_content_element\" >\n\t\t<div class=\"wpb_wrapper\">\n\t\t\t<p><u><strong>Hinweise<\/strong><\/u><br \/>\n<strong>Teilnehmende:<\/strong> This workshop is for all who identify as LGBTQ+ and have experienced migration and\/or displacement. If you don\u2019t share these experiences but are interested in joining please reach out to us first to see if space is available. We ask that all participants respect the program\u2019s core focus and contribute to fostering an open respectful space.<br \/>\n<strong>Sprache:<\/strong> Die Veranstaltung wird auf Englisch und Deutsch sein.<br \/>\nKostenlos mit Anmeldung.<\/p>\n\n\t\t<\/div>\n\t<\/div>\n<\/div><\/div><\/div><\/div>\n<\/div>","protected":false},"excerpt":{"rendered":"<h5>Montag<br \/>\n18:00-21:00<br \/>\nKostenfrei<\/h5>\n<p><strong> | <span style=\"color: #ec6c23;\"> LGBTQIA+ <\/span> | <\/strong><\/p>\n<p>Kommt zu einem entspannten Abend, um die neue Koordination von Queer Bridges kennenzulernen, euch mit der Community zu vernetzen und mehr \u00fcber das Programm zu erfahren.<\/p>\n","protected":false},"author":12,"featured_media":38576,"template":"","meta":{"pmpro_default_level":"","inline_featured_image":false},"product_brand":[],"product_cat":[77,769,797],"product_tag":[469],"class_list":{"0":"post-38119","1":"product","2":"type-product","3":"status-publish","4":"has-post-thumbnail","6":"product_cat-community-events","7":"product_cat-kostenloser-zugang","8":"product_cat-queer-bridges-events-2","9":"product_tag-lgbtqiaplus","10":"pmpro-has-access","12":"first","13":"instock","14":"product-type-simple"},"wpml_current_locale":"de_DE","wpml_translations":{"en_US":{"locale":"en_US","id":38583,"slug":"queer-bridges-monday-w07-2026","post_title":"Queer Bridges Meet-up","href":"https:\/\/wearevillage.org\/en\/shop\/queer-bridges-monday\/w07-2026"}},"language":{"code":"de","locale":"","name":"","is_rtl":false},"_links":{"self":[{"href":"https:\/\/wearevillage.org\/wp-json\/wp\/v2\/product\/38119","targetHints":{"allow":["GET"]}}],"collection":[{"href":"https:\/\/wearevillage.org\/wp-json\/wp\/v2\/product"}],"about":[{"href":"https:\/\/wearevillage.org\/wp-json\/wp\/v2\/types\/product"}],"author":[{"embeddable":true,"href":"https:\/\/wearevillage.org\/wp-json\/wp\/v2\/users\/12"}],"wp:featuredmedia":[{"embeddable":true,"href":"https:\/\/wearevillage.org\/wp-json\/wp\/v2\/media\/38576"}],"wp:attachment":[{"href":"https:\/\/wearevillage.org\/wp-json\/wp\/v2\/media?parent=38119"}],"wp:term":[{"taxonomy":"product_brand","embeddable":true,"href":"https:\/\/wearevillage.org\/wp-json\/wp\/v2\/product_brand?post=38119"},{"taxonomy":"product_cat","embeddable":true,"href":"https:\/\/wearevillage.org\/wp-json\/wp\/v2\/product_cat?post=38119"},{"taxonomy":"product_tag","embeddable":true,"href":"https:\/\/wearevillage.org\/wp-json\/wp\/v2\/product_tag?post=38119"}],"curies":[{"name":"wp","href":"https:\/\/api.w.org\/{rel}","templated":true}]}}