{"id":38601,"date":"2026-01-28T14:57:55","date_gmt":"2026-01-28T13:57:55","guid":{"rendered":"https:\/\/wearevillage.org\/?post_type=product&#038;p=38601"},"modified":"2026-01-30T20:02:00","modified_gmt":"2026-01-30T19:02:00","slug":"open-writing-circle-25","status":"publish","type":"product","link":"https:\/\/wearevillage.org\/shop\/writing-circle\/w08-2026\/","title":{"rendered":"Open writing circle"},"content":{"rendered":"<div class=\"wpb-content-wrapper\"><div class=\"vc_row wpb_row vc_row-fluid\"><div class=\"wpb_column vc_column_container vc_col-sm-12\"><div class=\"vc_column-inner\"><div class=\"wpb_wrapper\"><h4 style=\"text-align: left\" class=\"vc_custom_heading vc_do_custom_heading\" >Open writing circle<\/h4><h5 style=\"text-align: left\" class=\"vc_custom_heading vc_do_custom_heading\" >Gast: Djibril Sall<\/h5>\n\t<div class=\"wpb_text_column wpb_content_element\" >\n\t\t<div class=\"wpb_wrapper\">\n\t\t\t<p><strong>Confessionals: Schreiben durch Scham und die Angst, gesehen zu werden<\/strong><\/p>\n<p>Dieser Schreibworkshop l\u00e4dt dazu ein, das Gest\u00e4ndnis als pers\u00f6nliche Praxis der Befreiung zu nutzen, das f\u00fcr sich selbst und nicht unter einer Autorit\u00e4t geschieht. Gemeinsam werden wir das Schreiben nutzen, um Scham und die Angst, gesehen zu werden, zu durchqueren und das, was bisher festgehalten oder verschwiegen wurde, in etwas zu verwandeln, das man formen, halten und loslassen kann. Dies ist ein Raum f\u00fcr Experimentieren, F\u00fcrsorge und Risiko, in dem das Gest\u00e4ndnis zu einem Werkzeug der Selbsterkenntnis statt der Selbstverleugnung wird.<\/p>\n\n\t\t<\/div>\n\t<\/div>\n<div class=\"vc_separator wpb_content_element vc_separator_align_center vc_sep_width_100 vc_sep_pos_align_center vc_separator_no_text vc_sep_color_grey wpb_content_element  wpb_content_element\" ><span class=\"vc_sep_holder vc_sep_holder_l\"><span class=\"vc_sep_line\"><\/span><\/span><span class=\"vc_sep_holder vc_sep_holder_r\"><span class=\"vc_sep_line\"><\/span><\/span>\n<\/div>\n\t<div class=\"wpb_text_column wpb_content_element\" >\n\t\t<div class=\"wpb_wrapper\">\n\t\t\t<p><strong>Worte und Geschichten wohnen in uns allen und warten darauf, entdeckt zu werden.<\/strong><\/p>\n<p>Unser monatlicher offener Schreibkreis l\u00e4dt Menschen mit allen Erfahrungsstufen im Schreiben ein, ihre Kreativit\u00e4t und Fantasie zu erforschen.In jeder Sitzung wird eine der vielen au\u00dfergew\u00f6hnlichen schreibenden, dichtenden oder k\u00fcnstlerisch t\u00e4tigen Personen Berlins ein lebendiges und kollektives Lernerlebnis gestalten.<\/p>\n<p>Ob du dich f\u00fcr Fiktion, Memoiren, Sachb\u00fccher oder Poesie interessierst, dieser unterst\u00fctzende Raum ermutigt dich, die Worte in deinem Inneren zu entdecken. Wir werden Techniken aus Schreibworkshops nutzen, um dein angeborenes Talent in einer kollaborativen Umgebung zu entfesseln, die einen dynamischen Austausch von Ideen und Einsichten erm\u00f6glicht.<\/p>\n<p>Dieser Workshop zielt darauf ab, einen best\u00e4rkenden, spielerischen und erm\u00e4chtigenden Raum f\u00fcr queere Menschen zu schaffen, um ihre Identit\u00e4ten zu erforschen, auszudr\u00fccken und zu feiern, sowie eine Plattform zu bieten, auf der die Geschichten der LGBTQIA+-Gemeinschaft geteilt, geh\u00f6rt und wertgesch\u00e4tzt werden k\u00f6nnen.<\/p>\n\n\t\t<\/div>\n\t<\/div>\n<div class=\"vc_separator wpb_content_element vc_separator_align_center vc_sep_width_100 vc_sep_pos_align_center vc_separator_no_text vc_sep_color_grey wpb_content_element  wpb_content_element\" ><span class=\"vc_sep_holder vc_sep_holder_l\"><span class=\"vc_sep_line\"><\/span><\/span><span class=\"vc_sep_holder vc_sep_holder_r\"><span class=\"vc_sep_line\"><\/span><\/span>\n<\/div>\n\t<div class=\"wpb_text_column wpb_content_element\" >\n\t\t<div class=\"wpb_wrapper\">\n\t\t\t<p><img loading=\"lazy\" decoding=\"async\" class=\"wp-image-38791 alignleft\" src=\"https:\/\/wearevillage.org\/wp-content\/uploads\/2026\/01\/IMG_6268-272x300.jpg\" alt=\"\" width=\"160\" height=\"176\" srcset=\"https:\/\/wearevillage.org\/wp-content\/uploads\/2026\/01\/IMG_6268-272x300.jpg 272w, https:\/\/wearevillage.org\/wp-content\/uploads\/2026\/01\/IMG_6268-136x150.jpg 136w, https:\/\/wearevillage.org\/wp-content\/uploads\/2026\/01\/IMG_6268-624x689.jpg 624w, https:\/\/wearevillage.org\/wp-content\/uploads\/2026\/01\/IMG_6268-390x431.jpg 390w, https:\/\/wearevillage.org\/wp-content\/uploads\/2026\/01\/IMG_6268-600x662.jpg 600w, https:\/\/wearevillage.org\/wp-content\/uploads\/2026\/01\/IMG_6268.jpg 692w\" sizes=\"auto, (max-width: 160px) 100vw, 160px\" \/><strong>Djibril Sall<\/strong> ist ein queerer senegalesischer Performer, Choreograf und Schriftsteller, dessen Arbeit an der Schnittstelle von rassialisierter Migration, Zugeh\u00f6rigkeit und Dazwischensein liegt. Geboren in Dakar und aufgewachsen in einer Arbeiterfamilie im tiefen S\u00fcden der Vereinigten Staaten, wird seine Praxis durch Bewegungen \u00fcber klassen-, rassialisierte und geopolitische Grenzen hinweg gepr\u00e4gt. Ausgehend von seiner eigenen Migrationsgeschichte fragt er, wie Trauma zu einem Ausgangspunkt f\u00fcr Vergn\u00fcgen, Offenheit, Loslassen und herzliche Verbindung werden kann.<\/p>\n<p>Basierend in Berlin arbeitet Djibril in den Bereichen Tanz, Performance und verk\u00f6rperte Forschung. Seine choreografischen Arbeiten wurden in Sophiensaele, Tanz im August, Tanznacht, SAVVY Contemporary, Ballhaus Ost, ImPulsTanz (Wien) pr\u00e4sentiert. Er wurde eingeladen, in Werken aufzutreten, die im radialsystem (Berlin), Centre Pompidou (Paris), Stedelijk Museum (Amsterdam) und DARK MOFO (Australien) gezeigt wurden. Seine neueste Arbeit, DJAM LEELII, feierte im November 2025 in den Sophiensaelen Premiere.<\/p>\n\n\t\t<\/div>\n\t<\/div>\n<div class=\"vc_separator wpb_content_element vc_separator_align_center vc_sep_width_100 vc_sep_pos_align_center vc_separator_no_text vc_sep_color_grey vc_custom_1731067047055 wpb_content_element  vc_custom_1731067047055 wpb_content_element\" ><span class=\"vc_sep_holder vc_sep_holder_l\"><span class=\"vc_sep_line\"><\/span><\/span><span class=\"vc_sep_holder vc_sep_holder_r\"><span class=\"vc_sep_line\"><\/span><\/span>\n<\/div>\n\t<div class=\"wpb_text_column wpb_content_element\" >\n\t\t<div class=\"wpb_wrapper\">\n\t\t\t<p><span style=\"text-decoration: underline;\"><strong>Hinweise<\/strong><\/span><br \/>\n<strong>Level<\/strong>: Es sind keine Vorkenntnisse erforderlich.<br \/>\n<strong>Sprache<\/strong>: W\u00e4hrend die Gruppe haupts\u00e4chlich auf Englisch durchgef\u00fchrt wird, bist du herzlich eingeladen, in jeder Sprache zu schreiben, in der du dich wohlf\u00fchlst.<br \/>\n<strong>Kosten<\/strong>: Diese Veranstaltung ist kostenlos.<br \/>\nWir laden au\u00dferdem alle Schreibenden ein, eine zuk\u00fcnftige Sitzung zu leiten \u2013 bitte kontaktiere uns f\u00fcr weitere Informationen.<\/p>\n\n\t\t<\/div>\n\t<\/div>\n<\/div><\/div><\/div><\/div>\n<\/div>","protected":false},"excerpt":{"rendered":"<h5>(einmal pro Monat)<br \/>\n19:00 \u2013 21:00<br \/>\nKostenlos mit Anmeldung<\/h5>\n<p class=\"p1\"><strong>|<span style=\"color: #ec6c23;\"> LGBTQIA+ <\/span>|<\/strong><\/p>\n<p><strong>Gast in diesem Monat: Djibril Sall<br \/>\n<\/strong><\/p>\n<p><strong>Confessionals: Schreiben durch Scham und die Angst, gesehen zu werden<br \/>\n<\/strong>Dieser Schreibworkshop l\u00e4dt dazu ein, das Gest\u00e4ndnis als pers\u00f6nliche Praxis der Befreiung zu nutzen, das f\u00fcr sich selbst und nicht unter einer Autorit\u00e4t geschieht. Gemeinsam werden wir das Schreiben nutzen, um Scham und die Angst, gesehen zu werden, zu durchqueren und das, was bisher festgehalten oder verschwiegen wurde, in etwas zu verwandeln, das man formen, halten und loslassen kann. Dies ist ein Raum f\u00fcr Experimentieren, F\u00fcrsorge und Risiko, in dem das Gest\u00e4ndnis zu einem Werkzeug der Selbsterkenntnis statt der Selbstverleugnung wird.<\/p>\n","protected":false},"author":12,"featured_media":38789,"template":"","meta":{"pmpro_default_level":"","inline_featured_image":false},"product_brand":[],"product_cat":[769,79,80],"product_tag":[469],"class_list":{"0":"post-38601","1":"product","2":"type-product","3":"status-publish","4":"has-post-thumbnail","6":"product_cat-kostenloser-zugang","7":"product_cat-monatliche-events","8":"product_cat-queer-matters","9":"product_tag-lgbtqiaplus","10":"pmpro-has-access","12":"first","13":"instock","14":"product-type-simple"},"wpml_current_locale":"de_DE","wpml_translations":{"en_US":{"locale":"en_US","id":38602,"slug":"writing-circle-w08-2026","post_title":"Open writing circle","href":"https:\/\/wearevillage.org\/en\/shop\/writing-circle\/w08-2026"}},"language":{"code":"de","locale":"","name":"","is_rtl":false},"_links":{"self":[{"href":"https:\/\/wearevillage.org\/wp-json\/wp\/v2\/product\/38601","targetHints":{"allow":["GET"]}}],"collection":[{"href":"https:\/\/wearevillage.org\/wp-json\/wp\/v2\/product"}],"about":[{"href":"https:\/\/wearevillage.org\/wp-json\/wp\/v2\/types\/product"}],"author":[{"embeddable":true,"href":"https:\/\/wearevillage.org\/wp-json\/wp\/v2\/users\/12"}],"wp:featuredmedia":[{"embeddable":true,"href":"https:\/\/wearevillage.org\/wp-json\/wp\/v2\/media\/38789"}],"wp:attachment":[{"href":"https:\/\/wearevillage.org\/wp-json\/wp\/v2\/media?parent=38601"}],"wp:term":[{"taxonomy":"product_brand","embeddable":true,"href":"https:\/\/wearevillage.org\/wp-json\/wp\/v2\/product_brand?post=38601"},{"taxonomy":"product_cat","embeddable":true,"href":"https:\/\/wearevillage.org\/wp-json\/wp\/v2\/product_cat?post=38601"},{"taxonomy":"product_tag","embeddable":true,"href":"https:\/\/wearevillage.org\/wp-json\/wp\/v2\/product_tag?post=38601"}],"curies":[{"name":"wp","href":"https:\/\/api.w.org\/{rel}","templated":true}]}}