{"id":38639,"date":"2026-01-29T10:33:07","date_gmt":"2026-01-29T09:33:07","guid":{"rendered":"https:\/\/wearevillage.org\/?post_type=product&#038;p=38639"},"modified":"2026-02-25T10:27:55","modified_gmt":"2026-02-25T09:27:55","slug":"film-night-fin-de-siglo-end-of-century","status":"publish","type":"product","link":"https:\/\/wearevillage.org\/shop\/village-film\/w09-2026\/","title":{"rendered":"Film Night \u2013 Fin de Siglo (End of Century)"},"content":{"rendered":"<div class=\"wpb-content-wrapper\"><div class=\"vc_row wpb_row vc_row-fluid\"><div class=\"wpb_column vc_column_container vc_col-sm-12\"><div class=\"vc_column-inner\"><div class=\"wpb_wrapper\"><h4 style=\"text-align: left\" class=\"vc_custom_heading vc_do_custom_heading\" >Village Film Night - Fin de Siglo (End of Century)<\/h4><h5 style=\"text-align: left\" class=\"vc_custom_heading vc_do_custom_heading\" >Gast: Sebasti\u00e1n Arcos<\/h5>\n\t<div class=\"wpb_text_column wpb_content_element\" >\n\t\t<div class=\"wpb_wrapper\">\n\t\t\t<p><strong>Fin de Siglo (Ende des Jahrhunderts)<\/strong><\/p>\n<p><strong>Regie:<\/strong> Lucio Castro<\/p>\n<p><strong>2019 \u2013 84 min<\/strong><\/p>\n<p>In Spanisch mit englischen Untertiteln<\/p>\n<p>Zwei M\u00e4nner treffen sich in Barcelona und verbringen einen Tag damit, durch die Stadt zu streifen \u2013 zu gehen, zu sprechen, N\u00e4he unter der Sommersonne zu teilen. Mit der Zeit wird eine stille Erkenntnis deutlich: Dies ist nicht ihr erstes Zusammentreffen. Vor zwanzig Jahren begegneten sie sich bereits einmal.<\/p>\n<p><em>Fin de Siglo<\/em> erz\u00e4hlt die Geschichte eines drei\u00dfigj\u00e4hrigen argentinischen Poeten und eines Spaniers aus Berlin, deren zuf\u00e4lliges Treffen zu einer aufkeimenden Romanze wird, gepr\u00e4gt von Erinnerung, Zeit und Verlangen. Vor dem warmen, stillen Hintergrund Barcelonas verschwimmen Vergangenheit und Gegenwart, und die Zuschauer:innen werden eingeladen, in Momenten zu verweilen, in denen Verbindung zugleich neu und merkw\u00fcrdig vertraut wirkt.<\/p>\n<p>Z\u00e4rtlich, sinnlich und zutiefst menschlich ist Lucio Castros Deb\u00fct ein Film, der dazu einl\u00e4dt, \u00fcber die Menschen nachzudenken, die unser Leben ber\u00fchren \u2013 und \u00fcber jene, die irgendwie wieder zur\u00fcckfinden.<\/p>\n\n\t\t<\/div>\n\t<\/div>\n<div class=\"vc_separator wpb_content_element vc_separator_align_center vc_sep_width_100 vc_sep_pos_align_center vc_separator_no_text vc_sep_color_grey wpb_content_element  wpb_content_element\" ><span class=\"vc_sep_holder vc_sep_holder_l\"><span class=\"vc_sep_line\"><\/span><\/span><span class=\"vc_sep_holder vc_sep_holder_r\"><span class=\"vc_sep_line\"><\/span><\/span>\n<\/div>\n\t<div class=\"wpb_text_column wpb_content_element\" >\n\t\t<div class=\"wpb_wrapper\">\n\t\t\t<p><strong>\u00dcber die Filmnacht am Village<\/strong><br \/>\nDie monatliche Filmnacht von we are village hat sich zu einem Muss f\u00fcr Cineasten entwickelt, die eine Auswahl an beliebten Klassikern genie\u00dfen wollen. Das Programm umfasst eine breite Erkundung queerer und nicht-normativer Perspektiven in verschiedenen Genres und k\u00fcnstlerischen Stilen, die \u00fcber LGBTQIA+Themen hinausgehen. Nach jeder Vorf\u00fchrung werden die G\u00e4ste zum Verweilen und zur Teilnahme an entspannten Gruppendiskussionen \u00fcber die Filme und damit verbundene Themen eingeladen.<\/p>\n\n\t\t<\/div>\n\t<\/div>\n<div class=\"vc_separator wpb_content_element vc_separator_align_center vc_sep_width_100 vc_sep_pos_align_center vc_separator_no_text vc_sep_color_grey wpb_content_element  wpb_content_element\" ><span class=\"vc_sep_holder vc_sep_holder_l\"><span class=\"vc_sep_line\"><\/span><\/span><span class=\"vc_sep_holder vc_sep_holder_r\"><span class=\"vc_sep_line\"><\/span><\/span>\n<\/div>\n\t<div class=\"wpb_text_column wpb_content_element\" >\n\t\t<div class=\"wpb_wrapper\">\n\t\t\t<p><img loading=\"lazy\" decoding=\"async\" class=\"wp-image-24023 alignleft\" src=\"https:\/\/wearevillage.org\/wp-content\/uploads\/2025\/03\/wav-team-Sebastian-Arcos.png\" alt=\"\" width=\"151\" height=\"181\" \/>Sebasti\u00e1n Arcos ist ein*e kolumbianische*r Kreative*r und Aktivist*in mit Wohnsitz in Berlin, die an der Schnittstelle von Design, Kuratierung und kultureller Produktion arbeitet. In Kolumbien hat Sebasti\u00e1n <strong>Maricafest!<\/strong> mitbegr\u00fcndet \u2013 ein Festival, das queere Identit\u00e4ten feiert \u2013 und ist Vorstandsmitglied der HIV-Aufkl\u00e4rungsorganisation <strong>M\u00e1s Que Tres Letras<\/strong>. In Berlin arbeitet Sebasti\u00e1n mit <strong>We Are Village<\/strong> an Projekten in den Bereichen Marketing, Kommunikation und Kuratierung, darunter das <strong>Instinct Art Project<\/strong>. Au\u00dferdem ist Sebasti\u00e1n als Philanthropie-Berater*in bei <strong>Give Out Germany<\/strong> t\u00e4tig und entwickelt Strategien zur St\u00e4rkung der Finanzierung von <strong>LGBTIQ+ Initiativen im Globalen S\u00fcden<\/strong>.<\/p>\n<div class=\"vc_separator wpb_content_element vc_separator_align_center vc_sep_width_100 vc_sep_pos_align_center vc_separator_no_text vc_sep_color_grey vc_custom_1724778095340 wpb_content_element vc_custom_1724778095340 wpb_content_element\"><\/div>\n\n\t\t<\/div>\n\t<\/div>\n<div class=\"vc_separator wpb_content_element vc_separator_align_center vc_sep_width_100 vc_sep_pos_align_center vc_separator_no_text vc_sep_color_grey vc_custom_1724778095340 wpb_content_element  vc_custom_1724778095340 wpb_content_element\" ><span class=\"vc_sep_holder vc_sep_holder_l\"><span class=\"vc_sep_line\"><\/span><\/span><span class=\"vc_sep_holder vc_sep_holder_r\"><span class=\"vc_sep_line\"><\/span><\/span>\n<\/div>\n\t<div class=\"wpb_text_column wpb_content_element\" >\n\t\t<div class=\"wpb_wrapper\">\n\t\t\t<p><b>Hinweise:<br \/>\n<\/b><strong>Sprache<\/strong>: Englisch\/Deustch<br \/>\n<strong>Kosten<\/strong>: kostenlos mit Anmeldung<\/p>\n<p><em>** Diese Veranstaltung ist Teil unseres Programms \u201a<strong><a href=\"https:\/\/wearevillage.org\/village-quartiere\/addressing-queer-lonliness\" target=\"_blank\" rel=\"noopener\">Gemeinsam statt einsam<\/a><\/strong>\u201a, unterst\u00fctzt von der <strong><a href=\"https:\/\/www.berlin.de\/sen\/lads\/\" target=\"_blank\" rel=\"noopener\">LADS<\/a><\/strong>. <\/em><br \/>\n<em>Erfahre mehr \u00fcber das Programm <a href=\"https:\/\/wearevillage.org\/village-quartiere\/addressing-queer-lonliness\" target=\"_blank\" rel=\"noopener\">hier<\/a>.<\/em><\/p>\n\n\t\t<\/div>\n\t<\/div>\n<\/div><\/div><\/div><\/div>\n<\/div>","protected":false},"excerpt":{"rendered":"<h5>Dienstags (einmal im Monat)<br \/>\n20:00 \u2013 22:30<br \/>\nEintritt frei<\/h5>\n<p class=\"p1\"><strong>| <span style=\"color: #ec6c23;\">LGBTQIA+<\/span> |<\/strong><\/p>\n<p><strong>Fin de Siglo (Ende des Jahrhunderts)<\/strong><\/p>\n<p><strong>Regie:<\/strong> Lucio Castro<\/p>\n<p><strong>2019 \u2013 84 min<\/strong><\/p>\n<p><strong>In Spanisch mit englischen Untertiteln<\/strong><\/p>\n<p><em>Fin de Siglo<\/em> erz\u00e4hlt die Geschichte eines drei\u00dfigj\u00e4hrigen argentinischen Poeten und eines Spaniers aus Berlin, deren zuf\u00e4lliges Treffen zu einer aufkeimenden Romanze wird, gepr\u00e4gt von Erinnerung, Zeit und Verlangen. Vor dem warmen, stillen Hintergrund Barcelonas verschwimmen Vergangenheit und Gegenwart, und die Zuschauer:innen werden eingeladen, in Momenten zu verweilen, in denen Verbindung zugleich neu und merkw\u00fcrdig vertraut wirkt.<\/p>\n","protected":false},"author":12,"featured_media":38642,"template":"","meta":{"pmpro_default_level":"","inline_featured_image":false},"product_brand":[],"product_cat":[77,76,769,79],"product_tag":[469],"class_list":{"0":"post-38639","1":"product","2":"type-product","3":"status-publish","4":"has-post-thumbnail","6":"product_cat-community-events","7":"product_cat-ausstellung","8":"product_cat-kostenloser-zugang","9":"product_cat-monatliche-events","10":"product_tag-lgbtqiaplus","11":"pmpro-has-access","13":"first","14":"outofstock","15":"sold-individually","16":"product-type-simple"},"wpml_current_locale":"de_DE","wpml_translations":{"en_US":{"locale":"en_US","id":38640,"slug":"film-night-fin-de-siglo-end-of-century","post_title":"Film Night - Fin de Siglo (End of Century)","href":"https:\/\/wearevillage.org\/en\/shop\/village-film\/w09-2026"}},"language":{"code":"de","locale":"","name":"","is_rtl":false},"_links":{"self":[{"href":"https:\/\/wearevillage.org\/wp-json\/wp\/v2\/product\/38639","targetHints":{"allow":["GET"]}}],"collection":[{"href":"https:\/\/wearevillage.org\/wp-json\/wp\/v2\/product"}],"about":[{"href":"https:\/\/wearevillage.org\/wp-json\/wp\/v2\/types\/product"}],"author":[{"embeddable":true,"href":"https:\/\/wearevillage.org\/wp-json\/wp\/v2\/users\/12"}],"wp:featuredmedia":[{"embeddable":true,"href":"https:\/\/wearevillage.org\/wp-json\/wp\/v2\/media\/38642"}],"wp:attachment":[{"href":"https:\/\/wearevillage.org\/wp-json\/wp\/v2\/media?parent=38639"}],"wp:term":[{"taxonomy":"product_brand","embeddable":true,"href":"https:\/\/wearevillage.org\/wp-json\/wp\/v2\/product_brand?post=38639"},{"taxonomy":"product_cat","embeddable":true,"href":"https:\/\/wearevillage.org\/wp-json\/wp\/v2\/product_cat?post=38639"},{"taxonomy":"product_tag","embeddable":true,"href":"https:\/\/wearevillage.org\/wp-json\/wp\/v2\/product_tag?post=38639"}],"curies":[{"name":"wp","href":"https:\/\/api.w.org\/{rel}","templated":true}]}}