{"id":39564,"date":"2026-02-17T10:07:09","date_gmt":"2026-02-17T09:07:09","guid":{"rendered":"https:\/\/wearevillage.org\/?post_type=product&#038;p=39564"},"modified":"2026-03-04T21:54:25","modified_gmt":"2026-03-04T20:54:25","slug":"dating-durch-zeichnen","status":"publish","type":"product","link":"https:\/\/wearevillage.org\/shop\/queer-images\/w10-2026\/","title":{"rendered":"Dating durch Zeichnen"},"content":{"rendered":"<div class=\"wpb-content-wrapper\"><div class=\"vc_row wpb_row vc_row-fluid\"><div class=\"wpb_column vc_column_container vc_col-sm-12\"><div class=\"vc_column-inner\"><div class=\"wpb_wrapper\"><h4 style=\"text-align: left\" class=\"vc_custom_heading vc_do_custom_heading\" >Queer Images<\/h4><h5 style=\"text-align: left\" class=\"vc_custom_heading vc_do_custom_heading\" >Dating durch Zeichnen mit Martin Dieudonn\u00e9<\/h5>\n\t<div class=\"wpb_text_column wpb_content_element\" >\n\t\t<div class=\"wpb_wrapper\">\n\t\t\t<p>Begleite uns zu einem einzigartigen Zeichenworkshop, der sich auf Verbindung, Prozess und die Sch\u00f6nheit des menschlichen K\u00f6rpers konzentriert.<\/p>\n<p>Technik ist nicht erforderlich \u2013 und Perfektion d\u00fcrfen wir ganz vergessen. In diesem Workshop geht es ums Beobachten, F\u00fchlen und darum, einander durch das Zeichnen zu begegnen. Die Teilnehmenden arbeiten in Paaren und zeichnen sich abwechselnd auf gro\u00dfen Papierb\u00f6gen. Begleitet von der K\u00fcnstler*in seid ihr eingeladen, euren K\u00f6rper in Bewegung zu bringen und eure Linien frei flie\u00dfen zu lassen.<\/p>\n<p>Dies ist ein entspannter und offener Raum. Wir ermutigen zu einem k\u00f6rperlichen und sinnlichen Zugang zum Zeichnen, sodass ihr \u00fcber die Kunst eine Verbindung zu eurem Gegen\u00fcber aufbauen k\u00f6nnt. Haut zu zeigen ist willkommen, und Nacktheit ist f\u00fcr diejenigen m\u00f6glich, die sich damit wohlf\u00fchlen \u2013 sie ist jedoch keinesfalls verpflichtend. Ihr k\u00f6nnt genau so teilnehmen, wie es sich f\u00fcr euch richtig anf\u00fchlt.<\/p>\n<p>Das Ziel ist einfach: langsamer werden, die nat\u00fcrliche Sch\u00f6nheit unserer K\u00f6rper wertsch\u00e4tzen und durch den einfachen Akt des Betrachtens und Zeichnens mit einer anderen Person in Kontakt treten. Nicht das Ergebnis der Skizzen steht im Vordergrund, sondern die Verbindung.<\/p>\n\n\t\t<\/div>\n\t<\/div>\n<div class=\"vc_separator wpb_content_element vc_separator_align_center vc_sep_width_100 vc_sep_pos_align_center vc_separator_no_text vc_sep_color_grey wpb_content_element  wpb_content_element\" ><span class=\"vc_sep_holder vc_sep_holder_l\"><span class=\"vc_sep_line\"><\/span><\/span><span class=\"vc_sep_holder vc_sep_holder_r\"><span class=\"vc_sep_line\"><\/span><\/span>\n<\/div>\n\t<div class=\"wpb_text_column wpb_content_element\" >\n\t\t<div class=\"wpb_wrapper\">\n\t\t\t<p><strong><img loading=\"lazy\" decoding=\"async\" class=\"wp-image-39567 alignleft\" src=\"https:\/\/wearevillage.org\/wp-content\/uploads\/2026\/02\/DSC_0992-2-scaled-e1771319563502.jpeg\" alt=\"\" width=\"150\" height=\"150\" srcset=\"https:\/\/wearevillage.org\/wp-content\/uploads\/2026\/02\/DSC_0992-2-scaled-e1771319563502.jpeg 950w, https:\/\/wearevillage.org\/wp-content\/uploads\/2026\/02\/DSC_0992-2-scaled-e1771319563502-300x300.jpeg 300w, https:\/\/wearevillage.org\/wp-content\/uploads\/2026\/02\/DSC_0992-2-scaled-e1771319563502-150x150.jpeg 150w, https:\/\/wearevillage.org\/wp-content\/uploads\/2026\/02\/DSC_0992-2-scaled-e1771319563502-768x768.jpeg 768w, https:\/\/wearevillage.org\/wp-content\/uploads\/2026\/02\/DSC_0992-2-scaled-e1771319563502-624x624.jpeg 624w, https:\/\/wearevillage.org\/wp-content\/uploads\/2026\/02\/DSC_0992-2-scaled-e1771319563502-390x390.jpeg 390w, https:\/\/wearevillage.org\/wp-content\/uploads\/2026\/02\/DSC_0992-2-scaled-e1771319563502-600x600.jpeg 600w, https:\/\/wearevillage.org\/wp-content\/uploads\/2026\/02\/DSC_0992-2-scaled-e1771319563502-100x100.jpeg 100w\" sizes=\"auto, (max-width: 150px) 100vw, 150px\" \/>Martin Dieudonn\u00e9<\/strong> ist ein K\u00fcnstler, der seinen eigenen Weg ohne traditionelle Kunstschulen geht. Seine Arbeiten thematisieren Intimit\u00e4t und menschliche Verbindung und nutzen Gem\u00e4lde und Performances, um Ber\u00fchrung, Bewegung und Pr\u00e4senz zu zeigen. Mit Wurzeln im Live-Modellieren und queeren Erfahrungen fordert Martins Kunst uns auf, emotionale und soziale Beziehungen neu zu betrachten und konzentriert sich auf gemeinsame Erlebnisse, die Vertrauen und darauf, Offenheit zu f\u00f6rdern. Er lebt in Berlin und der ruhigen Landschaft von Faucogney-et-la-Mer in Frankreich.<\/p>\n\n\t\t<\/div>\n\t<\/div>\n<div class=\"vc_separator wpb_content_element vc_separator_align_center vc_sep_width_100 vc_sep_pos_align_center vc_separator_no_text vc_sep_color_grey wpb_content_element  wpb_content_element\" ><span class=\"vc_sep_holder vc_sep_holder_l\"><span class=\"vc_sep_line\"><\/span><\/span><span class=\"vc_sep_holder vc_sep_holder_r\"><span class=\"vc_sep_line\"><\/span><\/span>\n<\/div>\n\t<div class=\"wpb_text_column wpb_content_element\" >\n\t\t<div class=\"wpb_wrapper\">\n\t\t\t<p><strong>\u00dcber Queer Image<\/strong><br \/>\nIn diesem Workshop, der monatlich stattfindet, bist du eingeladen, dich durch die Schaffung von visueller Kunst auszudr\u00fccken. Der Fokus liegt auf dem Prozess, nicht auf dem Ergebnis. Unser Ziel ist es, einen Kanal zu unserer pers\u00f6nlichen Kreativit\u00e4t zu \u00f6ffnen und tiefere Verbindungen zu unserem inneren Selbst und zueinander zu schaffen. Es sind keine besonderen F\u00e4higkeiten oder \u201eTalente\u201c erforderlich, nur die Bereitschaft, sich mit Neugier aktiv einzubringen.<\/p>\n\n\t\t<\/div>\n\t<\/div>\n<div class=\"vc_separator wpb_content_element vc_separator_align_center vc_sep_width_100 vc_sep_pos_align_center vc_separator_no_text vc_sep_color_grey wpb_content_element  wpb_content_element\" ><span class=\"vc_sep_holder vc_sep_holder_l\"><span class=\"vc_sep_line\"><\/span><\/span><span class=\"vc_sep_holder vc_sep_holder_r\"><span class=\"vc_sep_line\"><\/span><\/span>\n<\/div>\n\t<div class=\"wpb_text_column wpb_content_element\" >\n\t\t<div class=\"wpb_wrapper\">\n\t\t\t<p><span style=\"text-decoration: underline;\"><strong>Hinweise<\/strong><\/span><br \/>\n<strong>Teilnehmende<\/strong>: Dieser Workshop richtet sich an alle, die sich als LGBTQIA+ identifizieren.<br \/>\n<strong>Sprache<\/strong>: Je nach Bed\u00fcrfnissen der Gruppe werden wir Englisch sprechen.<br \/>\n<strong>Kosten<\/strong>: kostenlos mit Anmeldung.<\/p>\n<p><em>** Diese Veranstaltung ist Teil unseres Programms \u201a<strong><a href=\"https:\/\/wearevillage.org\/village-quartiere\/addressing-queer-lonliness\" target=\"_blank\" rel=\"noopener\">Gemeinsam statt einsam<\/a><\/strong>\u201a, unterst\u00fctzt von der <strong><a href=\"https:\/\/www.berlin.de\/sen\/lads\/\" target=\"_blank\" rel=\"noopener\">LADS<\/a><\/strong>. <\/em><br \/>\n<em>Erfahre mehr \u00fcber das Programm <a href=\"https:\/\/wearevillage.org\/village-quartiere\/addressing-queer-lonliness\" target=\"_blank\" rel=\"noopener\">hier<\/a>.<\/em><\/p>\n\n\t\t<\/div>\n\t<\/div>\n<\/div><\/div><\/div><\/div>\n<\/div>","protected":false},"excerpt":{"rendered":"<h5>Samstag<br \/>\n13:00-15:00<br \/>\nkostenlos mit Anmeldung<\/h5>\n<p><strong> | <span style=\"color: #ec6c23;\"> LGBTQIA+ <\/span> | <\/strong><\/p>\n<p><strong>Dating durch Zeichnen mit Martin Dieudonn\u00e9<br \/>\n<\/strong>Begleite uns zu einem einzigartigen Zeichenworkshop, der sich auf Verbindung, Prozess und die Sch\u00f6nheit des menschlichen K\u00f6rpers konzentriert.<\/p>\n","protected":false},"author":12,"featured_media":39569,"template":"","meta":{"pmpro_default_level":"","inline_featured_image":false},"product_brand":[],"product_cat":[77,791,769],"product_tag":[469],"class_list":{"0":"post-39564","1":"product","2":"type-product","3":"status-publish","4":"has-post-thumbnail","6":"product_cat-community-events","7":"product_cat-gemeinsam-statt-einsam","8":"product_cat-kostenloser-zugang","9":"product_tag-lgbtqiaplus","10":"pmpro-has-access","12":"first","13":"outofstock","14":"product-type-simple"},"wpml_current_locale":"de_DE","wpml_translations":{"en_US":{"locale":"en_US","id":39565,"slug":"dating-durch-zeichnen","post_title":"Dating Through Sketching","href":"https:\/\/wearevillage.org\/en\/shop\/queer-images\/w10-2026"}},"language":{"code":"de","locale":"","name":"","is_rtl":false},"_links":{"self":[{"href":"https:\/\/wearevillage.org\/wp-json\/wp\/v2\/product\/39564","targetHints":{"allow":["GET"]}}],"collection":[{"href":"https:\/\/wearevillage.org\/wp-json\/wp\/v2\/product"}],"about":[{"href":"https:\/\/wearevillage.org\/wp-json\/wp\/v2\/types\/product"}],"author":[{"embeddable":true,"href":"https:\/\/wearevillage.org\/wp-json\/wp\/v2\/users\/12"}],"wp:featuredmedia":[{"embeddable":true,"href":"https:\/\/wearevillage.org\/wp-json\/wp\/v2\/media\/39569"}],"wp:attachment":[{"href":"https:\/\/wearevillage.org\/wp-json\/wp\/v2\/media?parent=39564"}],"wp:term":[{"taxonomy":"product_brand","embeddable":true,"href":"https:\/\/wearevillage.org\/wp-json\/wp\/v2\/product_brand?post=39564"},{"taxonomy":"product_cat","embeddable":true,"href":"https:\/\/wearevillage.org\/wp-json\/wp\/v2\/product_cat?post=39564"},{"taxonomy":"product_tag","embeddable":true,"href":"https:\/\/wearevillage.org\/wp-json\/wp\/v2\/product_tag?post=39564"}],"curies":[{"name":"wp","href":"https:\/\/api.w.org\/{rel}","templated":true}]}}