{"id":39908,"date":"2026-02-23T15:04:10","date_gmt":"2026-02-23T14:04:10","guid":{"rendered":"https:\/\/wearevillage.org\/?post_type=product&#038;p=39908"},"modified":"2026-03-02T11:46:54","modified_gmt":"2026-03-02T10:46:54","slug":"vibrant-body-queer-bridges","status":"publish","type":"product","link":"https:\/\/wearevillage.org\/shop\/queer-bridges-monday\/w10-2026\/","title":{"rendered":"VIBRANT BODY \u2013 Queer Bridges \/ Abgesagt und ge\u00e4ndert f\u00fcr \u201eVom Schlie\u00dfen zum \u00d6ffnen\u201c"},"content":{"rendered":"<div class=\"wpb-content-wrapper\"><div class=\"vc_row wpb_row vc_row-fluid\"><div class=\"wpb_column vc_column_container vc_col-sm-12\"><div class=\"vc_column-inner\"><div class=\"wpb_wrapper\"><h4 style=\"text-align: left\" class=\"vc_custom_heading vc_do_custom_heading\" >VIBRANT BODY<\/h4><h5 style=\"text-align: left\" class=\"vc_custom_heading vc_do_custom_heading\" >VIBRANT BODY mit Soroa Lear<\/h5>\n\t<div class=\"wpb_text_column wpb_content_element\" >\n\t\t<div class=\"wpb_wrapper\">\n\t\t\t<p><strong>VIBRANT BODY<\/strong> ist ein angeleiteter improvisatorischer Bewegungsraum, in dem Groove, Empfindung und ein bewusstes Bekenntnis zu k\u00f6rperlichem Genuss unser Bewegen leiten. Durch das Tanzen treten wir aus dem Kopf heraus und in den K\u00f6rper hinein und verbinden uns mit Freude, Drama, Herzschmerz, Trauer und unserer einfachen F\u00e4higkeit zum spielerischen Vergn\u00fcgen. Auf die gelebte, verk\u00f6rperte Erfahrung statt auf visuelle \u00c4sthetik ausgerichtet, l\u00e4dt Vibrant Body zu einer sinnlichen Erkundung von Bewegung ein, so wie sie erlebt wird.<\/p>\n<p>Das Format bietet migrantischen K\u00f6rpern einen Raum, sich wieder mit dem K\u00f6rper als Zuhause zu verbinden, Lust und Selbsterm\u00e4chtigung zur\u00fcckzugewinnen und Entwurzelung durch gemeinsame Bewegung in Verbindung und Zugeh\u00f6rigkeit zu verwandeln. Es erkennt die leise Politik tanzender K\u00f6rper an, besonders wenn Lust im Zentrum steht. Offen f\u00fcr alle Bewegungshintergr\u00fcnde schafft Vibrant Body einen inklusiven Raum f\u00fcr queere migrantische Identit\u00e4ten, dem K\u00f6rper so zu begegnen, wie er ist, und sich in der eigenen Haut zuhause zu f\u00fchlen.<\/p>\n\n\t\t<\/div>\n\t<\/div>\n<div class=\"vc_separator wpb_content_element vc_separator_align_center vc_sep_width_100 vc_sep_pos_align_center vc_separator_no_text vc_sep_color_grey wpb_content_element  wpb_content_element\" ><span class=\"vc_sep_holder vc_sep_holder_l\"><span class=\"vc_sep_line\"><\/span><\/span><span class=\"vc_sep_holder vc_sep_holder_r\"><span class=\"vc_sep_line\"><\/span><\/span>\n<\/div>\n\t<div class=\"wpb_text_column wpb_content_element\" >\n\t\t<div class=\"wpb_wrapper\">\n\t\t\t<p><strong><img loading=\"lazy\" decoding=\"async\" class=\"alignleft wp-image-39911\" src=\"https:\/\/wearevillage.org\/wp-content\/uploads\/2026\/02\/wav-team-Soroa-Lear.png\" alt=\"\" width=\"150\" height=\"166\" srcset=\"https:\/\/wearevillage.org\/wp-content\/uploads\/2026\/02\/wav-team-Soroa-Lear.png 900w, https:\/\/wearevillage.org\/wp-content\/uploads\/2026\/02\/wav-team-Soroa-Lear-270x300.png 270w, https:\/\/wearevillage.org\/wp-content\/uploads\/2026\/02\/wav-team-Soroa-Lear-135x150.png 135w, https:\/\/wearevillage.org\/wp-content\/uploads\/2026\/02\/wav-team-Soroa-Lear-768x853.png 768w, https:\/\/wearevillage.org\/wp-content\/uploads\/2026\/02\/wav-team-Soroa-Lear-624x693.png 624w, https:\/\/wearevillage.org\/wp-content\/uploads\/2026\/02\/wav-team-Soroa-Lear-390x433.png 390w, https:\/\/wearevillage.org\/wp-content\/uploads\/2026\/02\/wav-team-Soroa-Lear-600x667.png 600w\" sizes=\"auto, (max-width: 150px) 100vw, 150px\" \/><\/strong><\/p>\n<p><strong>Soroa Lear<\/strong> (she\/her) ist eine queere kubanisch-amerikanische T\u00e4nzerin, Performerin und Autorin mit Sitz in Berlin. Ihre Praxis ist gepr\u00e4gt von Physical Theatre, Drag, Tanz und Nachtclubkultur. Performance versteht sie als Ort zwischen Herzschmerz und Humor, zwischen Drama und Intimit\u00e4t, H\u00e4sslichkeit und Sch\u00f6nheit. Sie arbeitete u. a. mit der Staatsoper Berlin, Deva Schubert, Rebecca Howell, Sebastian Abarbanell und Aru Ray Tormann. Ihre Texte erschienen bei Penny Press und Confluence Journal.<\/p>\n\n\t\t<\/div>\n\t<\/div>\n<div class=\"vc_separator wpb_content_element vc_separator_align_center vc_sep_width_100 vc_sep_pos_align_center vc_separator_no_text vc_sep_color_grey wpb_content_element  wpb_content_element\" ><span class=\"vc_sep_holder vc_sep_holder_l\"><span class=\"vc_sep_line\"><\/span><\/span><span class=\"vc_sep_holder vc_sep_holder_r\"><span class=\"vc_sep_line\"><\/span><\/span>\n<\/div>\n\t<div class=\"wpb_text_column wpb_content_element\" >\n\t\t<div class=\"wpb_wrapper\">\n\t\t\t<p><strong>Queer Bridges: Verbindungen schaffen und Ressourcen f\u00fcr LGBTQIA+ Menschen mit Migrationserfahrung bereitstellen.<\/strong><\/p>\n<p>Queere Menschen mit Migrationserfahrung in Berlin sehen sich in ihrem t\u00e4glichen Leben oft mit besonderen Herausforderungen konfrontiert, die ihren Zugang zu unterst\u00fctzenden Gemeinschaften und integrativen Umgebungen einschr\u00e4nken k\u00f6nnen.<\/p>\n<p><img loading=\"lazy\" decoding=\"async\" class=\"wp-image-15170 alignleft\" src=\"https:\/\/wearevillage.org\/wp-content\/uploads\/2024\/06\/stiftung-300x121.png\" alt=\"\" width=\"216\" height=\"87\" srcset=\"https:\/\/wearevillage.org\/wp-content\/uploads\/2024\/06\/stiftung-300x121.png 300w, https:\/\/wearevillage.org\/wp-content\/uploads\/2024\/06\/stiftung-1024x414.png 1024w, https:\/\/wearevillage.org\/wp-content\/uploads\/2024\/06\/stiftung-150x61.png 150w, https:\/\/wearevillage.org\/wp-content\/uploads\/2024\/06\/stiftung-768x310.png 768w, https:\/\/wearevillage.org\/wp-content\/uploads\/2024\/06\/stiftung-1536x620.png 1536w, https:\/\/wearevillage.org\/wp-content\/uploads\/2024\/06\/stiftung-2048x827.png 2048w, https:\/\/wearevillage.org\/wp-content\/uploads\/2024\/06\/stiftung-624x252.png 624w, https:\/\/wearevillage.org\/wp-content\/uploads\/2024\/06\/stiftung-390x158.png 390w, https:\/\/wearevillage.org\/wp-content\/uploads\/2024\/06\/stiftung-600x242.png 600w\" sizes=\"auto, (max-width: 216px) 100vw, 216px\" \/>Mit Unterst\u00fctzung der<strong> Deutschen Fernsehlotterie Stiftung<\/strong>, haben wir das Programm Queer Bridges entwickelt, um diese H\u00fcrden zu \u00fcberwinden. Wir bieten Ressourcen, Vernetzung und Unterst\u00fctzung in einem einladenden Umfeld f\u00fcr queere Migrant*innen und Gefl\u00fcchtete durch unser spezielles Programm. Unser Ziel ist es, ein Gef\u00fchl der Zugeh\u00f6rigkeit zur lokalen LGBTQIA+ Community zu f\u00f6rdern und damit eine reibungslose Integration sowie eine verbesserte Lebensqualit\u00e4t f\u00fcr queere Menschen mit Migrations- und\/oder Fluchterfahrung zu erm\u00f6glichen.<\/p>\n<p><span style=\"vertical-align: inherit;\"><span style=\"vertical-align: inherit;\">\u2705 Unser <strong>Queer Bridges<\/strong> Programm wird sich stetig weiter entwickeln und wir freuen uns auch jederzeit von Euren Bedarfen zu h\u00f6ren. Bei Interesse k\u00f6nnt ihr uns eine E-Mail schicken, um \u00fcber weitere Aktualisierungen informiert zu bleiben.<\/span><\/span><\/p>\n\n\t\t<\/div>\n\t<\/div>\n<div class=\"vc_separator wpb_content_element vc_separator_align_center vc_sep_width_100 vc_sep_pos_align_center vc_separator_no_text vc_sep_color_grey wpb_content_element  wpb_content_element\" ><span class=\"vc_sep_holder vc_sep_holder_l\"><span class=\"vc_sep_line\"><\/span><\/span><span class=\"vc_sep_holder vc_sep_holder_r\"><span class=\"vc_sep_line\"><\/span><\/span>\n<\/div>\n\t<div class=\"wpb_text_column wpb_content_element\" >\n\t\t<div class=\"wpb_wrapper\">\n\t\t\t<p><span style=\"text-decoration: underline;\"><strong>Hinweise<\/strong><\/span><br \/>\n<strong>Teilnehmende<\/strong>: Dieser Workshop richtet sich an alle, die sich als LGBTQIA+ identifizieren und Migrations- und\/oder Fluchterfahrung erlebt haben. Wenn ihr diese Erfahrungen nicht teilt, aber dennoch an einer Teilnahme interessiert seid, meldet euch bitte zuerst bei uns, um zu kl\u00e4ren, ob ein Platz frei ist. Wir bitten alle Teilnehmenden, den Schwerpunkt des Programms zu respektieren und dazu beizutragen, einen offenen, respektvollen Raum zu schaffen.<br \/>\n<strong>Anmeldung<\/strong>: F\u00fcr dieses Event stehen begrenzte Pl\u00e4tze zur Verf\u00fcgung. Eine Registrierung \u00fcber unsere Website ist daher erforderlich.<br \/>\n<strong>Sprache<\/strong>: Englisch<br \/>\n<strong>Kosten<\/strong>: Die Teilnahme ist kostenlos.<\/p>\n\n\t\t<\/div>\n\t<\/div>\n<\/div><\/div><\/div><\/div>\n<\/div>","protected":false},"excerpt":{"rendered":"<h5>Montag<br \/>\n18:00-19:30<br \/>\nKostenlos mit Anmeldung<\/h5>\n<p><strong> | <span style=\"color: #ec6c23;\"> LGBTQIA+ <\/span> |\u00a0 \u00a0 Queere Migranten <\/strong><\/p>\n<p>VIBRANT BODY ist eine angeleitete improvisatorische Bewegungspraxis, die in Wahrnehmung, Groove und Lust verwurzelt ist. Sie l\u00e4dt dazu ein, aus dem Kopf in den K\u00f6rper zu kommen und sich durch Bewegung mit Freude, Trauer und unserer F\u00e4higkeit zu Spiel und Vergn\u00fcgen zu verbinden. Im Fokus steht das k\u00f6rperliche Erleben statt \u00e4u\u00dfere Erscheinung. Vibrant Body bietet einen inklusiven Raum f\u00fcr queere migrantische Identit\u00e4ten dem K\u00f6rper so zu begegnen, wie er ist, und sich in der eigenen Haut zuhause zu f\u00fchlen.<\/p>\n","protected":false},"author":12,"featured_media":39915,"template":"","meta":{"pmpro_default_level":"","inline_featured_image":false},"product_brand":[],"product_cat":[769,797,83],"product_tag":[469],"class_list":{"0":"post-39908","1":"product","2":"type-product","3":"status-publish","4":"has-post-thumbnail","6":"product_cat-kostenloser-zugang","7":"product_cat-queer-bridges-events-2","8":"product_cat-workshops","9":"product_tag-lgbtqiaplus","10":"pmpro-has-access","12":"first","13":"instock","14":"sold-individually","15":"product-type-simple"},"wpml_current_locale":"de_DE","wpml_translations":{"en_US":{"locale":"en_US","id":39909,"slug":"vibrant-body-queer-bridges","post_title":"VIBRANT BODY \u2013 Queer Bridges \/ Canceled and changed for \u201cClose to open\u201d","href":"https:\/\/wearevillage.org\/en\/shop\/queer-bridges-monday\/w10-2026"}},"language":{"code":"de","locale":"","name":"","is_rtl":false},"_links":{"self":[{"href":"https:\/\/wearevillage.org\/wp-json\/wp\/v2\/product\/39908","targetHints":{"allow":["GET"]}}],"collection":[{"href":"https:\/\/wearevillage.org\/wp-json\/wp\/v2\/product"}],"about":[{"href":"https:\/\/wearevillage.org\/wp-json\/wp\/v2\/types\/product"}],"author":[{"embeddable":true,"href":"https:\/\/wearevillage.org\/wp-json\/wp\/v2\/users\/12"}],"wp:featuredmedia":[{"embeddable":true,"href":"https:\/\/wearevillage.org\/wp-json\/wp\/v2\/media\/39915"}],"wp:attachment":[{"href":"https:\/\/wearevillage.org\/wp-json\/wp\/v2\/media?parent=39908"}],"wp:term":[{"taxonomy":"product_brand","embeddable":true,"href":"https:\/\/wearevillage.org\/wp-json\/wp\/v2\/product_brand?post=39908"},{"taxonomy":"product_cat","embeddable":true,"href":"https:\/\/wearevillage.org\/wp-json\/wp\/v2\/product_cat?post=39908"},{"taxonomy":"product_tag","embeddable":true,"href":"https:\/\/wearevillage.org\/wp-json\/wp\/v2\/product_tag?post=39908"}],"curies":[{"name":"wp","href":"https:\/\/api.w.org\/{rel}","templated":true}]}}