{"id":39957,"date":"2026-02-24T09:42:05","date_gmt":"2026-02-24T08:42:05","guid":{"rendered":"https:\/\/wearevillage.org\/?post_type=product&#038;p=39957"},"modified":"2026-02-24T09:54:59","modified_gmt":"2026-02-24T08:54:59","slug":"die-leere-riskieren-klasse-in-spontaner-komposition-queer-bridges","status":"publish","type":"product","link":"https:\/\/wearevillage.org\/shop\/queer-bridges-monday\/w11-2026\/","title":{"rendered":"Die Leere riskieren \u2013 Klasse in spontaner Komposition \u2013 Queer Bridges"},"content":{"rendered":"<div class=\"wpb-content-wrapper\"><div class=\"vc_row wpb_row vc_row-fluid\"><div class=\"wpb_column vc_column_container vc_col-sm-12\"><div class=\"vc_column-inner\"><div class=\"wpb_wrapper\"><h4 style=\"text-align: left\" class=\"vc_custom_heading vc_do_custom_heading\" >Die Leere riskieren \u2013 Klasse in spontaner Komposition<\/h4><h5 style=\"text-align: left\" class=\"vc_custom_heading vc_do_custom_heading\" >Die Leere riskieren \u2013 Klasse in spontaner Komposition mit Dominique Tegho<\/h5>\n\t<div class=\"wpb_text_column wpb_content_element\" >\n\t\t<div class=\"wpb_wrapper\">\n\t\t\t<p>Dieser Kurs l\u00e4dt queere Menschen mit Migrationserfahrung ein, Instant Composition als Praxis von Pr\u00e4senz, F\u00fcrsorge und kreativem \u00dcberleben zu erforschen. Wir arbeiten mit der Kunst, Tanz im Moment entstehen zu lassen \u2013 eine Praxis, die Dominique seit \u00fcber f\u00fcnf Jahren gemeinsam mit dem Kollektiv WILD LISTENING entwickelt und vertieft. Der Kurs versteht Tanzimprovisation als Ressource f\u00fcr Zuh\u00f6ren, Wahrnehmen und das Navigieren von Ver\u00e4nderung.<\/p>\n<p>Durch aktives Zuh\u00f6ren und angeleitete Scores vertiefen wir unsere Beziehung zu Raum, Zeit und Form und sch\u00f6pfen dabei aus gelebten Erfahrungen von Bewegung, Verschiebung, Erinnerung und Zugeh\u00f6rigkeit. Fiktion und Intuition dienen als kompositorische Werkzeuge und er\u00f6ffnen dem K\u00f6rper Zug\u00e4nge zu Imagination, Sinnlichkeit und pers\u00f6nlichen Narrativen.<\/p>\n<p>Auch Stimmarbeit wird Teil des Kurses sein: Wir erforschen, wie sich mit Worten im Tanz komponieren l\u00e4sst und wie Stimme und Bewegung sich in der Echtzeit-Komposition gegenseitig unterst\u00fctzen k\u00f6nnen. Gemeinsam \u00f6ffnen wir uns den Risiken und Freuden des Komponierens im gegenw\u00e4rtigen Moment.<\/p>\n<p>Es sind keine Vorkenntnisse im Tanz erforderlich. Dieser Raum hei\u00dft vielf\u00e4ltige K\u00f6rper, Identit\u00e4ten und Geschichten willkommen.<\/p>\n\n\t\t<\/div>\n\t<\/div>\n<div class=\"vc_separator wpb_content_element vc_separator_align_center vc_sep_width_100 vc_sep_pos_align_center vc_separator_no_text vc_sep_color_grey wpb_content_element  wpb_content_element\" ><span class=\"vc_sep_holder vc_sep_holder_l\"><span class=\"vc_sep_line\"><\/span><\/span><span class=\"vc_sep_holder vc_sep_holder_r\"><span class=\"vc_sep_line\"><\/span><\/span>\n<\/div>\n\t<div class=\"wpb_text_column wpb_content_element\" >\n\t\t<div class=\"wpb_wrapper\">\n\t\t\t<p><strong><img loading=\"lazy\" decoding=\"async\" class=\"wp-image-39960 alignleft\" src=\"https:\/\/wearevillage.org\/wp-content\/uploads\/2026\/02\/wav-team-Dominique-Tegho.png\" alt=\"\" width=\"151\" height=\"168\" srcset=\"https:\/\/wearevillage.org\/wp-content\/uploads\/2026\/02\/wav-team-Dominique-Tegho.png 900w, https:\/\/wearevillage.org\/wp-content\/uploads\/2026\/02\/wav-team-Dominique-Tegho-270x300.png 270w, https:\/\/wearevillage.org\/wp-content\/uploads\/2026\/02\/wav-team-Dominique-Tegho-135x150.png 135w, https:\/\/wearevillage.org\/wp-content\/uploads\/2026\/02\/wav-team-Dominique-Tegho-768x853.png 768w, https:\/\/wearevillage.org\/wp-content\/uploads\/2026\/02\/wav-team-Dominique-Tegho-624x693.png 624w, https:\/\/wearevillage.org\/wp-content\/uploads\/2026\/02\/wav-team-Dominique-Tegho-390x433.png 390w, https:\/\/wearevillage.org\/wp-content\/uploads\/2026\/02\/wav-team-Dominique-Tegho-600x667.png 600w\" sizes=\"auto, (max-width: 151px) 100vw, 151px\" \/><\/strong><\/p>\n<p><strong>Dominique<\/strong> ist eine in Berlin lebende Choreografin und T\u00e4nzerin aus dem Libanon. Sie hat einen MA in Choreografie von der HZT Berlin und ist Gr\u00fcndungsmitglied des Tanzkollektivs WILD LISTENING, das sich der Instant Composition widmet. Sie entwickelt eigene choreografische Arbeiten, arbeitet mit verschiedenen K\u00fcnstler*innen und trat u. a. im Tanzfabrik Berlin B\u00fchne, HKW, TATWERK, ACUD und Uferstudios auf. Sie ist Wijhat-Stipendiatin 2025 (Culture Resource) und unterrichtet Workshops zwischen Berlin und Beirut.<\/p>\n\n\t\t<\/div>\n\t<\/div>\n<div class=\"vc_separator wpb_content_element vc_separator_align_center vc_sep_width_100 vc_sep_pos_align_center vc_separator_no_text vc_sep_color_grey wpb_content_element  wpb_content_element\" ><span class=\"vc_sep_holder vc_sep_holder_l\"><span class=\"vc_sep_line\"><\/span><\/span><span class=\"vc_sep_holder vc_sep_holder_r\"><span class=\"vc_sep_line\"><\/span><\/span>\n<\/div>\n\t<div class=\"wpb_text_column wpb_content_element\" >\n\t\t<div class=\"wpb_wrapper\">\n\t\t\t<p><strong>Queer Bridges: Verbindungen schaffen und Ressourcen f\u00fcr LGBTQIA+ Menschen mit Migrationserfahrung bereitstellen.<\/strong><\/p>\n<p>Queere Menschen mit Migrationserfahrung in Berlin sehen sich in ihrem t\u00e4glichen Leben oft mit besonderen Herausforderungen konfrontiert, die ihren Zugang zu unterst\u00fctzenden Gemeinschaften und integrativen Umgebungen einschr\u00e4nken k\u00f6nnen.<\/p>\n<p><img loading=\"lazy\" decoding=\"async\" class=\"wp-image-15170 alignleft\" src=\"https:\/\/wearevillage.org\/wp-content\/uploads\/2024\/06\/stiftung-300x121.png\" alt=\"\" width=\"216\" height=\"87\" srcset=\"https:\/\/wearevillage.org\/wp-content\/uploads\/2024\/06\/stiftung-300x121.png 300w, https:\/\/wearevillage.org\/wp-content\/uploads\/2024\/06\/stiftung-1024x414.png 1024w, https:\/\/wearevillage.org\/wp-content\/uploads\/2024\/06\/stiftung-150x61.png 150w, https:\/\/wearevillage.org\/wp-content\/uploads\/2024\/06\/stiftung-768x310.png 768w, https:\/\/wearevillage.org\/wp-content\/uploads\/2024\/06\/stiftung-1536x620.png 1536w, https:\/\/wearevillage.org\/wp-content\/uploads\/2024\/06\/stiftung-2048x827.png 2048w, https:\/\/wearevillage.org\/wp-content\/uploads\/2024\/06\/stiftung-624x252.png 624w, https:\/\/wearevillage.org\/wp-content\/uploads\/2024\/06\/stiftung-390x158.png 390w, https:\/\/wearevillage.org\/wp-content\/uploads\/2024\/06\/stiftung-600x242.png 600w\" sizes=\"auto, (max-width: 216px) 100vw, 216px\" \/>Mit Unterst\u00fctzung der<strong> Deutschen Fernsehlotterie Stiftung<\/strong>, haben wir das Programm Queer Bridges entwickelt, um diese H\u00fcrden zu \u00fcberwinden. Wir bieten Ressourcen, Vernetzung und Unterst\u00fctzung in einem einladenden Umfeld f\u00fcr queere Migrant*innen und Gefl\u00fcchtete durch unser spezielles Programm. Unser Ziel ist es, ein Gef\u00fchl der Zugeh\u00f6rigkeit zur lokalen LGBTQIA+ Community zu f\u00f6rdern und damit eine reibungslose Integration sowie eine verbesserte Lebensqualit\u00e4t f\u00fcr queere Menschen mit Migrations- und\/oder Fluchterfahrung zu erm\u00f6glichen.<\/p>\n<p><span style=\"vertical-align: inherit;\"><span style=\"vertical-align: inherit;\">\u2705 Unser <strong>Queer Bridges<\/strong> Programm wird sich stetig weiter entwickeln und wir freuen uns auch jederzeit von Euren Bedarfen zu h\u00f6ren. Bei Interesse k\u00f6nnt ihr uns eine E-Mail schicken, um \u00fcber weitere Aktualisierungen informiert zu bleiben.<\/span><\/span><\/p>\n\n\t\t<\/div>\n\t<\/div>\n<div class=\"vc_separator wpb_content_element vc_separator_align_center vc_sep_width_100 vc_sep_pos_align_center vc_separator_no_text vc_sep_color_grey wpb_content_element  wpb_content_element\" ><span class=\"vc_sep_holder vc_sep_holder_l\"><span class=\"vc_sep_line\"><\/span><\/span><span class=\"vc_sep_holder vc_sep_holder_r\"><span class=\"vc_sep_line\"><\/span><\/span>\n<\/div>\n\t<div class=\"wpb_text_column wpb_content_element\" >\n\t\t<div class=\"wpb_wrapper\">\n\t\t\t<p><span style=\"text-decoration: underline;\"><strong>Hinweise<\/strong><\/span><br \/>\n<strong>Teilnehmende<\/strong>: Dieser Workshop richtet sich an alle, die sich als LGBTQIA+ identifizieren und Migrations- und\/oder Fluchterfahrung erlebt haben. Wenn ihr diese Erfahrungen nicht teilt, aber dennoch an einer Teilnahme interessiert seid, meldet euch bitte zuerst bei uns, um zu kl\u00e4ren, ob ein Platz frei ist. Wir bitten alle Teilnehmenden, den Schwerpunkt des Programms zu respektieren und dazu beizutragen, einen offenen, respektvollen Raum zu schaffen.<br \/>\n<strong>Anmeldung<\/strong>: F\u00fcr dieses Event stehen begrenzte Pl\u00e4tze zur Verf\u00fcgung. Eine Registrierung \u00fcber unsere Website ist daher erforderlich.<br \/>\n<strong>Sprache<\/strong>: Englisch<br \/>\n<strong>Kosten<\/strong>: Die Teilnahme ist kostenlos.<\/p>\n\n\t\t<\/div>\n\t<\/div>\n<\/div><\/div><\/div><\/div>\n<\/div>","protected":false},"excerpt":{"rendered":"<h5>Montag<br \/>\n18:00-19:30<br \/>\nKostenlos mit Anmeldung<\/h5>\n<p><strong> | <span style=\"color: #ec6c23;\"> LGBTQIA+ <\/span> |\u00a0 \u00a0 Queere Migranten <\/strong><\/p>\n<p>This class invites queer migrant people to explore instant composition as a space of care, resilience, and shared presence. Through dance improvisation, active listening, and guided scores, we will explore our relationship to space, time, and form from lived experiences of movement, displacement, and transformation.<\/p>\n<p>Using fiction, intuition, and sensation as compositional tools, we will connect body, imagination, and voice, composing with movement and words in real time. Together we will explore the risks and pleasures of creating in the moment. No previous dance experience is required. This space welcomes diverse bodies, identities, and stories.<\/p>\n","protected":false},"author":12,"featured_media":39962,"template":"","meta":{"pmpro_default_level":"","inline_featured_image":false},"product_brand":[],"product_cat":[769,797,83],"product_tag":[469],"class_list":{"0":"post-39957","1":"product","2":"type-product","3":"status-publish","4":"has-post-thumbnail","6":"product_cat-kostenloser-zugang","7":"product_cat-queer-bridges-events-2","8":"product_cat-workshops","9":"product_tag-lgbtqiaplus","10":"pmpro-has-access","12":"first","13":"instock","14":"sold-individually","15":"product-type-simple"},"wpml_current_locale":"de_DE","wpml_translations":{"en_US":{"locale":"en_US","id":39958,"slug":"die-leere-riskieren-klasse-in-spontaner-komposition-queer-bridges","post_title":"Risking the Void \u2013 Instant Composition Class \u2013 Queer Bridges","href":"https:\/\/wearevillage.org\/en\/shop\/queer-bridges-monday\/w11-2026"}},"language":{"code":"de","locale":"","name":"","is_rtl":false},"_links":{"self":[{"href":"https:\/\/wearevillage.org\/wp-json\/wp\/v2\/product\/39957","targetHints":{"allow":["GET"]}}],"collection":[{"href":"https:\/\/wearevillage.org\/wp-json\/wp\/v2\/product"}],"about":[{"href":"https:\/\/wearevillage.org\/wp-json\/wp\/v2\/types\/product"}],"author":[{"embeddable":true,"href":"https:\/\/wearevillage.org\/wp-json\/wp\/v2\/users\/12"}],"wp:featuredmedia":[{"embeddable":true,"href":"https:\/\/wearevillage.org\/wp-json\/wp\/v2\/media\/39962"}],"wp:attachment":[{"href":"https:\/\/wearevillage.org\/wp-json\/wp\/v2\/media?parent=39957"}],"wp:term":[{"taxonomy":"product_brand","embeddable":true,"href":"https:\/\/wearevillage.org\/wp-json\/wp\/v2\/product_brand?post=39957"},{"taxonomy":"product_cat","embeddable":true,"href":"https:\/\/wearevillage.org\/wp-json\/wp\/v2\/product_cat?post=39957"},{"taxonomy":"product_tag","embeddable":true,"href":"https:\/\/wearevillage.org\/wp-json\/wp\/v2\/product_tag?post=39957"}],"curies":[{"name":"wp","href":"https:\/\/api.w.org\/{rel}","templated":true}]}}