{"id":39985,"date":"2026-02-24T11:15:02","date_gmt":"2026-02-24T10:15:02","guid":{"rendered":"https:\/\/wearevillage.org\/?post_type=product&#038;p=39985"},"modified":"2026-03-30T17:33:40","modified_gmt":"2026-03-30T15:33:40","slug":"film-night-nicht-der-homosexuelle-ist-pervers-sondern-die-situation-in-der-er-lebt","status":"publish","type":"product","link":"https:\/\/wearevillage.org\/shop\/village-film\/w14-2026\/","title":{"rendered":"Film Night \u2013 Nicht der Homosexuelle ist pervers, sondern die Situation, in der er lebt"},"content":{"rendered":"<div class=\"wpb-content-wrapper\"><div class=\"vc_row wpb_row vc_row-fluid\"><div class=\"wpb_column vc_column_container vc_col-sm-12\"><div class=\"vc_column-inner\"><div class=\"wpb_wrapper\"><h4 style=\"text-align: left\" class=\"vc_custom_heading vc_do_custom_heading\" >Village Film Night - Nicht der Homosexuelle ist pervers, sondern die Situation, in der er lebt<\/h4><h5 style=\"text-align: left\" class=\"vc_custom_heading vc_do_custom_heading\" >Gast: Marcelo Alves<\/h5>\n\t<div class=\"wpb_text_column wpb_content_element\" >\n\t\t<div class=\"wpb_wrapper\">\n\t\t\t<p><strong>Nicht der Homosexuelle ist pervers, sondern die Situation, in der er lebt.<\/strong><\/p>\n<p><strong>Regie:<\/strong> Rosa von Praunheim<\/p>\n<p><strong>1971 \u2013 84 min<\/strong><\/p>\n<p><strong>In Deutsch mit englischen Untertiteln<\/strong><\/p>\n<p><strong>Gast<\/strong>: Wieland Speck<\/p>\n<p>Zu Ehren des verstorbenen, ikonischen Filmregisseurs, Autors und Aktivisten Rosa von Praunheim laden wir \u2013 in Zusammenarbeit mit unserem besonderen Gast, dem Filmregisseur und ehemaligen Leiter der Panorama-Sektion der Berlinale, Wieland Speck \u2013 zu einem besonderen Abend ein, an dem wir Rosa von Praunheims bahnbrechenden Beitrag zum queeren Kino zeigen: <em>\u201eNicht der Homosexuelle ist pervers, sondern die Situation, in der er lebt\u201c.<\/em><\/p>\n<p>Der Film gilt als wegweisendes Werk \u2013 nicht nur aufgrund seiner politischen Botschaft, sondern auch wegen seiner schonungslosen Kritik an der \u201ehomosexuellen\u201c Reaktion auf gesellschaftliche Unterdr\u00fcckung.<\/p>\n<p>Erstmals 1971 ver\u00f6ffentlicht, erz\u00e4hlt der Film die Geschichte eines jungen schwulen Mannes, der nach Berlin zieht, um Liebe und Freiheit zu finden. Was zun\u00e4chst wie eine spielerische Erz\u00e4hlung beginnt, entwickelt sich rasch zu einer scharfen und furchtlosen Kritik \u2013 nicht nur an den Vorurteilen und der Heuchelei der Gesellschaft, sondern auch an der Oberfl\u00e4chlichkeit und mangelnden Solidarit\u00e4t innerhalb der eigenen Community. Mit seinem direkten, dokumentarischen Stil und seiner politischen Dringlichkeit wurde der Film zu einem der einflussreichsten queeren Werke seiner Zeit. Er l\u00f6ste \u00f6ffentliche Debatten aus und inspirierte eine neue Welle von Aktivismus.<\/p>\n\n\t\t<\/div>\n\t<\/div>\n<div class=\"vc_separator wpb_content_element vc_separator_align_center vc_sep_width_100 vc_sep_pos_align_center vc_separator_no_text vc_sep_color_grey wpb_content_element  wpb_content_element\" ><span class=\"vc_sep_holder vc_sep_holder_l\"><span class=\"vc_sep_line\"><\/span><\/span><span class=\"vc_sep_holder vc_sep_holder_r\"><span class=\"vc_sep_line\"><\/span><\/span>\n<\/div>\n\t<div class=\"wpb_text_column wpb_content_element\" >\n\t\t<div class=\"wpb_wrapper\">\n\t\t\t<p><strong>\u00dcber die Filmnacht am Village<\/strong><br \/>\nDie monatliche Filmnacht von we are village hat sich zu einem Muss f\u00fcr Cineasten entwickelt, die eine Auswahl an beliebten Klassikern genie\u00dfen wollen. Das Programm umfasst eine breite Erkundung queerer und nicht-normativer Perspektiven in verschiedenen Genres und k\u00fcnstlerischen Stilen, die \u00fcber LGBTQIA+Themen hinausgehen. Nach jeder Vorf\u00fchrung werden die G\u00e4ste zum Verweilen und zur Teilnahme an entspannten Gruppendiskussionen \u00fcber die Filme und damit verbundene Themen eingeladen.<\/p>\n\n\t\t<\/div>\n\t<\/div>\n<div class=\"vc_separator wpb_content_element vc_separator_align_center vc_sep_width_100 vc_sep_pos_align_center vc_separator_no_text vc_sep_color_grey wpb_content_element  wpb_content_element\" ><span class=\"vc_sep_holder vc_sep_holder_l\"><span class=\"vc_sep_line\"><\/span><\/span><span class=\"vc_sep_holder vc_sep_holder_r\"><span class=\"vc_sep_line\"><\/span><\/span>\n<\/div>\n\t<div class=\"wpb_text_column wpb_content_element\" >\n\t\t<div class=\"wpb_wrapper\">\n\t\t\t<p><img loading=\"lazy\" decoding=\"async\" class=\"wp-image-34 alignleft\" src=\"https:\/\/wearevillage.org\/wp-content\/uploads\/2022\/08\/Marcelo-Alves.jpg\" alt=\"\" width=\"149\" height=\"165\" srcset=\"https:\/\/wearevillage.org\/wp-content\/uploads\/2022\/08\/Marcelo-Alves.jpg 700w, https:\/\/wearevillage.org\/wp-content\/uploads\/2022\/08\/Marcelo-Alves-390x431.jpg 390w, https:\/\/wearevillage.org\/wp-content\/uploads\/2022\/08\/Marcelo-Alves-600x663.jpg 600w, https:\/\/wearevillage.org\/wp-content\/uploads\/2022\/08\/Marcelo-Alves-271x300.jpg 271w, https:\/\/wearevillage.org\/wp-content\/uploads\/2022\/08\/Marcelo-Alves-624x690.jpg 624w\" sizes=\"auto, (max-width: 149px) 100vw, 149px\" \/><\/p>\n<div class=\"wpb_text_column wpb_content_element\">\n<div class=\"wpb_wrapper\">\n<p>Nachdem <strong>Marcelo<\/strong> 20 Jahre lang in New York gelebt hat, ist er nach Berlin gezogen, um in Babelsberg Produktionsdesign zu studieren und jetzt in diesem Bereich zu arbeiten. Er betrachtet sein Leben als queerer POC der dritten Generation und engagiert sich in Community-Organisationen wie GMHC, Friends in Deed, der Berliner AIDS Hilfe und dem Berliner Chem-Sex Netzwerk. Seit dem ersten Stretch hat er sich bei Village.Berlin engagiert. Heute ist er Teil einer Anti-Rassismus- und Inklusionsinitiative und kann seine Leidenschaft teilen, indem er die monatliche Filmnacht mit organisiert.<\/p>\n<\/div>\n<\/div>\n<div class=\"vc_separator wpb_content_element vc_separator_align_center vc_sep_width_100 vc_sep_pos_align_center vc_separator_no_text vc_sep_color_grey vc_custom_1724778095340 wpb_content_element vc_custom_1724778095340 wpb_content_element\"><\/div>\n\n\t\t<\/div>\n\t<\/div>\n<div class=\"vc_separator wpb_content_element vc_separator_align_center vc_sep_width_100 vc_sep_pos_align_center vc_separator_no_text vc_sep_color_grey vc_custom_1724778095340 wpb_content_element  vc_custom_1724778095340 wpb_content_element\" ><span class=\"vc_sep_holder vc_sep_holder_l\"><span class=\"vc_sep_line\"><\/span><\/span><span class=\"vc_sep_holder vc_sep_holder_r\"><span class=\"vc_sep_line\"><\/span><\/span>\n<\/div>\n\t<div class=\"wpb_text_column wpb_content_element\" >\n\t\t<div class=\"wpb_wrapper\">\n\t\t\t<p><b>Hinweise:<br \/>\n<\/b><strong>Sprache<\/strong>: Englisch\/Deustch<br \/>\n<strong>Kosten<\/strong>: kostenlos mit Anmeldung<\/p>\n<p><em>** Diese Veranstaltung ist Teil unseres Programms \u201a<strong><a href=\"https:\/\/wearevillage.org\/village-quartiere\/addressing-queer-lonliness\" target=\"_blank\" rel=\"noopener\">Gemeinsam statt einsam<\/a><\/strong>\u201a, unterst\u00fctzt von der <strong><a href=\"https:\/\/www.berlin.de\/sen\/lads\/\" target=\"_blank\" rel=\"noopener\">LADS<\/a><\/strong>. <\/em><br \/>\n<em>Erfahre mehr \u00fcber das Programm <a href=\"https:\/\/wearevillage.org\/village-quartiere\/addressing-queer-lonliness\" target=\"_blank\" rel=\"noopener\">hier<\/a>.<\/em><\/p>\n\n\t\t<\/div>\n\t<\/div>\n<\/div><\/div><\/div><\/div>\n<\/div>","protected":false},"excerpt":{"rendered":"<h5>Dienstags (einmal im Monat)<br \/>\n20:00 \u2013 22:30<br \/>\nEintritt frei<\/h5>\n<p class=\"p1\"><strong>| <span style=\"color: #ec6c23;\">LGBTQIA+<\/span> |<\/strong><\/p>\n<p><strong>Nicht der Homosexuelle ist pervers, sondern die Situation, in der er lebt.<\/strong><\/p>\n<p><strong>Regie:<\/strong> Rosa von Praunheim<\/p>\n<p><strong>1971 \u2013 84 min<\/strong><\/p>\n<p><strong>In Deutsch mit englischen Untertiteln<\/strong><\/p>\n<p><strong>Gast<\/strong>: Wieland Speck<\/p>\n<p>Zu Ehren des verstorbenen, ikonischen Filmregisseurs, Autors und Aktivisten Rosa von Praunheim laden wir \u2013 in Zusammenarbeit mit unserem besonderen Gast, dem Filmregisseur und ehemaligen Leiter der Panorama-Sektion der Berlinale, Wieland Speck \u2013 zu einem besonderen Abend ein, an dem wir Rosa von Praunheims bahnbrechenden Beitrag zum queeren Kino zeigen: <em>\u201eNicht der Homosexuelle ist pervers, sondern die Situation, in der er lebt\u201c.<\/em><\/p>\n","protected":false},"author":12,"featured_media":39983,"template":"","meta":{"pmpro_default_level":"","inline_featured_image":false},"product_brand":[],"product_cat":[77,76,769,79],"product_tag":[469],"class_list":{"0":"post-39985","1":"product","2":"type-product","3":"status-publish","4":"has-post-thumbnail","6":"product_cat-community-events","7":"product_cat-ausstellung","8":"product_cat-kostenloser-zugang","9":"product_cat-monatliche-events","10":"product_tag-lgbtqiaplus","11":"pmpro-has-access","13":"first","14":"instock","15":"sold-individually","16":"product-type-simple"},"wpml_current_locale":"de_DE","wpml_translations":{"en_US":{"locale":"en_US","id":39986,"slug":"film-night-it-is-not-the-homosexual-who-is-perverse-but-the-society-in-which-he-lives-copy","post_title":"Film Night - It Is Not The Homosexual Who is Perverse, But the Society in Which He Lives","href":"https:\/\/wearevillage.org\/en\/shop\/village-film\/w14-2026"}},"language":{"code":"de","locale":"","name":"","is_rtl":false},"_links":{"self":[{"href":"https:\/\/wearevillage.org\/wp-json\/wp\/v2\/product\/39985","targetHints":{"allow":["GET"]}}],"collection":[{"href":"https:\/\/wearevillage.org\/wp-json\/wp\/v2\/product"}],"about":[{"href":"https:\/\/wearevillage.org\/wp-json\/wp\/v2\/types\/product"}],"author":[{"embeddable":true,"href":"https:\/\/wearevillage.org\/wp-json\/wp\/v2\/users\/12"}],"wp:featuredmedia":[{"embeddable":true,"href":"https:\/\/wearevillage.org\/wp-json\/wp\/v2\/media\/39983"}],"wp:attachment":[{"href":"https:\/\/wearevillage.org\/wp-json\/wp\/v2\/media?parent=39985"}],"wp:term":[{"taxonomy":"product_brand","embeddable":true,"href":"https:\/\/wearevillage.org\/wp-json\/wp\/v2\/product_brand?post=39985"},{"taxonomy":"product_cat","embeddable":true,"href":"https:\/\/wearevillage.org\/wp-json\/wp\/v2\/product_cat?post=39985"},{"taxonomy":"product_tag","embeddable":true,"href":"https:\/\/wearevillage.org\/wp-json\/wp\/v2\/product_tag?post=39985"}],"curies":[{"name":"wp","href":"https:\/\/api.w.org\/{rel}","templated":true}]}}