{"id":41063,"date":"2026-03-09T17:13:56","date_gmt":"2026-03-09T16:13:56","guid":{"rendered":"https:\/\/wearevillage.org\/?post_type=product&#038;p=41063"},"modified":"2026-03-24T17:35:43","modified_gmt":"2026-03-24T16:35:43","slug":"village-open-house","status":"publish","type":"product","link":"https:\/\/wearevillage.org\/shop\/open-house\/w17-2026\/","title":{"rendered":"Village Open House"},"content":{"rendered":"<div class=\"wpb-content-wrapper\"><div class=\"vc_row wpb_row vc_row-fluid\"><div class=\"wpb_column vc_column_container vc_col-sm-12\"><div class=\"vc_column-inner\"><div class=\"wpb_wrapper\"><h4 style=\"text-align: left\" class=\"vc_custom_heading vc_do_custom_heading\" >Village Open House<\/h4><h5 style=\"text-align: left\" class=\"vc_custom_heading vc_do_custom_heading\" >with we are village Facilitators<\/h5>\n\t<div class=\"wpb_text_column wpb_content_element\" >\n\t\t<div class=\"wpb_wrapper\">\n\t\t\t<p>Warst du schon neugierig auf <strong>we are village<\/strong>? Hier ist deine Einladung, einen Blick hineinzuwerfen. Das Village Open House ist deine Chance, unsere Community hautnah zu erleben, die Menschen kennenzulernen, die sie lebendig machen, und herauszufinden, wie du dich einbringen kannst.<\/p>\n<p>Der Morgen beginnt mit zwei unserer Signature-Workshops, die deinen K\u00f6rper in Bewegung bringen und deine Synapsen aktivieren. Zur Mittagszeit gibt es veganes Essen zu kaufen und Raum zum Vernetzen. Am Nachmittag erwarten dich Workshop-Teaser, geleitet von Village-Facilitators, sowie Beitr\u00e4ge von Community-Mitgliedern \u00fcber ihren Weg mit Village und dem Stretch Festival.<\/p>\n<p><strong>Den ganzen Tag \u00fcber:<\/strong> lerne neue Queers kennen, nimm an einer Verlosung f\u00fcr eine kostenlose 6-monatige Village-Mitgliedschaft teil und entdecke verschiedene Workshops.<\/p>\n<p>Komm f\u00fcr eine Stunde oder bleib den ganzen Tag. Geh mit einem echten Gef\u00fchl daf\u00fcr, was Village ist \u2013 und wie du Teil der Community werden kannst.<\/p>\n<p><strong>Programm<\/strong><\/p>\n<p>10:00\u201311:00 Registrierung und Morgenkreis<\/p>\n<p>11:00\u201313:00 Naked Yoga (GBTQ M\u00e4nner) \u2013 Studio 1<\/p>\n<p>Workshop tbd (LGBTQIA+) \u2013 Studio 2<\/p>\n<p>13:00\u201313:45 Mittagspause \u2013 veganes Essen unter Freund*innen \u2013 Studio 1<\/p>\n<p>13:45\u201314:00 Wie du dich bei Village einbringen kannst \u2013 Studio 1<\/p>\n<p>14:00\u201314:15 Verlosung einer kostenlosen 6-monatigen Mitgliedschaft<\/p>\n<p>14:15\u201315:00 Workshop-Teaser: Workshop tbd \u2013 Studio 1<\/p>\n<p>14:15\u201315:00 Workshop-Teaser: Workshop tbd \u2013 Studio 2<\/p>\n<p>15:00\u201315:15 Pause<\/p>\n<p>15:15\u201316:00 Workshop-Teaser: Workshop tbd \u2013 Studio 1<\/p>\n<p>15:15\u201316:00 Workshop-Teaser: Workshop tbd \u2013 Studio 2<\/p>\n\n\t\t<\/div>\n\t<\/div>\n<div class=\"vc_separator wpb_content_element vc_separator_align_center vc_sep_width_100 vc_sep_pos_align_center vc_separator_no_text vc_sep_color_grey wpb_content_element  wpb_content_element\" ><span class=\"vc_sep_holder vc_sep_holder_l\"><span class=\"vc_sep_line\"><\/span><\/span><span class=\"vc_sep_holder vc_sep_holder_r\"><span class=\"vc_sep_line\"><\/span><\/span>\n<\/div>\n\t<div class=\"wpb_text_column wpb_content_element\" >\n\t\t<div class=\"wpb_wrapper\">\n\t\t\t<p><span style=\"text-decoration: underline;\"><strong>Hinweise<\/strong><\/span><\/p>\n<section class=\"text-token-text-primary w-full focus:outline-none [--shadow-height:45px] has-data-writing-block:pointer-events-none has-data-writing-block:-mt-(--shadow-height) has-data-writing-block:pt-(--shadow-height) [&:has([data-writing-block])>*]:pointer-events-auto scroll-mt-(--header-height)\" dir=\"auto\" data-turn-id=\"be6c9494-4786-4ee4-af43-6aea94986e32\" data-testid=\"conversation-turn-7\" data-scroll-anchor=\"false\" data-turn=\"user\"><\/section>\n<section class=\"text-token-text-primary w-full focus:outline-none [--shadow-height:45px] has-data-writing-block:pointer-events-none has-data-writing-block:-mt-(--shadow-height) has-data-writing-block:pt-(--shadow-height) [&:has([data-writing-block])>*]:pointer-events-auto scroll-mt-[calc(var(--header-height)+min(200px,max(70px,20svh)))]\" dir=\"auto\" data-turn-id=\"request-WEB:22bcef8a-5dc8-4d4e-b459-1c39acc062ee-5\" data-testid=\"conversation-turn-8\" data-scroll-anchor=\"true\" data-turn=\"assistant\">\n<div class=\"text-base my-auto mx-auto pb-10 [--thread-content-margin:var(--thread-content-margin-xs,calc(var(--spacing)*4))] @w-sm\/main:[--thread-content-margin:var(--thread-content-margin-sm,calc(var(--spacing)*6))] @w-lg\/main:[--thread-content-margin:var(--thread-content-margin-lg,calc(var(--spacing)*16))] px-(--thread-content-margin)\">\n<div class=\"[--thread-content-max-width:40rem] @w-lg\/main:[--thread-content-max-width:48rem] mx-auto max-w-(--thread-content-max-width) flex-1 group\/turn-messages focus-visible:outline-hidden relative flex w-full min-w-0 flex-col agent-turn\">\n<div class=\"flex max-w-full flex-col gap-4 grow\">\n<div class=\"min-h-8 text-message relative flex w-full flex-col items-end gap-2 text-start break-words whitespace-normal outline-none keyboard-focused:focus-ring [.text-message+&]:mt-1\" dir=\"auto\" tabindex=\"0\" data-message-author-role=\"assistant\" data-message-id=\"ca7725e3-7056-435e-9aec-e2714adbc946\" data-message-model-slug=\"gpt-5-mini\" data-turn-start-message=\"true\">\n<div class=\"flex w-full flex-col gap-1 empty:hidden\">\n<div class=\"markdown prose dark:prose-invert w-full wrap-break-word light markdown-new-styling\">\n<p data-start=\"0\" data-end=\"112\"><strong>Teilnehmende:<\/strong> Die Workshops w\u00e4hrend des Open House richten sich an alle, die sich als LGBTQIA+ identifizieren.<br \/>\n<strong>Sprache:<\/strong> Je nach Bedarf der Gruppe sprechen wir Englisch oder Deutsch.<br \/>\n<strong>Kosten:<\/strong> Kostenlos mit Anmeldung.<\/p>\n<\/div>\n<\/div>\n<\/div>\n<\/div>\n<\/div>\n<\/div>\n<\/section>\n\n\t\t<\/div>\n\t<\/div>\n<\/div><\/div><\/div><\/div>\n<\/div>","protected":false},"excerpt":{"rendered":"<h5>Samstag<br \/>\n10:00-16:00<br \/>\nkostenlos<\/h5>\n<p><strong> | <span style=\"color: #ec6c23;\"> LGBTQIA+ <\/span> | <\/strong><\/p>\n<p>Ein Tag voller Community, Bewegung und Entdeckung. Erlebe, was <strong>we are village<\/strong> zu bieten hat: Workshops und echte Menschen, die sich auf bedeutungsvolle Weise verbinden. Offen f\u00fcr alle.<\/p>\n","protected":false},"author":12,"featured_media":41749,"template":"","meta":{"pmpro_default_level":"","inline_featured_image":false},"product_brand":[],"product_cat":[77,791,769],"product_tag":[469],"class_list":{"0":"post-41063","1":"product","2":"type-product","3":"status-publish","4":"has-post-thumbnail","6":"product_cat-community-events","7":"product_cat-gemeinsam-statt-einsam","8":"product_cat-kostenloser-zugang","9":"product_tag-lgbtqiaplus","10":"pmpro-has-access","12":"first","13":"outofstock","14":"purchasable","15":"product-type-simple"},"wpml_current_locale":"de_DE","wpml_translations":{"en_US":{"locale":"en_US","id":41064,"slug":"village-open-house","post_title":"Village Open House","href":"https:\/\/wearevillage.org\/en\/shop\/open-house\/w17-2026"}},"language":{"code":"de","locale":"","name":"","is_rtl":false},"_links":{"self":[{"href":"https:\/\/wearevillage.org\/wp-json\/wp\/v2\/product\/41063","targetHints":{"allow":["GET"]}}],"collection":[{"href":"https:\/\/wearevillage.org\/wp-json\/wp\/v2\/product"}],"about":[{"href":"https:\/\/wearevillage.org\/wp-json\/wp\/v2\/types\/product"}],"author":[{"embeddable":true,"href":"https:\/\/wearevillage.org\/wp-json\/wp\/v2\/users\/12"}],"wp:featuredmedia":[{"embeddable":true,"href":"https:\/\/wearevillage.org\/wp-json\/wp\/v2\/media\/41749"}],"wp:attachment":[{"href":"https:\/\/wearevillage.org\/wp-json\/wp\/v2\/media?parent=41063"}],"wp:term":[{"taxonomy":"product_brand","embeddable":true,"href":"https:\/\/wearevillage.org\/wp-json\/wp\/v2\/product_brand?post=41063"},{"taxonomy":"product_cat","embeddable":true,"href":"https:\/\/wearevillage.org\/wp-json\/wp\/v2\/product_cat?post=41063"},{"taxonomy":"product_tag","embeddable":true,"href":"https:\/\/wearevillage.org\/wp-json\/wp\/v2\/product_tag?post=41063"}],"curies":[{"name":"wp","href":"https:\/\/api.w.org\/{rel}","templated":true}]}}