{"id":41097,"date":"2026-03-10T10:15:55","date_gmt":"2026-03-10T09:15:55","guid":{"rendered":"https:\/\/wearevillage.org\/?post_type=product&#038;p=41097"},"modified":"2026-03-17T13:31:14","modified_gmt":"2026-03-17T12:31:14","slug":"kissing-dojo","status":"publish","type":"product","link":"https:\/\/wearevillage.org\/shop\/sensual-touch\/w16-2026\/","title":{"rendered":"Kissing dojo"},"content":{"rendered":"<div class=\"wpb-content-wrapper\"><div class=\"vc_row wpb_row vc_row-fluid\"><div class=\"wpb_column vc_column_container vc_col-sm-12\"><div class=\"vc_column-inner\"><div class=\"wpb_wrapper\"><h4 style=\"text-align: left\" class=\"vc_custom_heading vc_do_custom_heading\" >Kissing dojo<\/h4><h5 style=\"text-align: left\" class=\"vc_custom_heading vc_do_custom_heading\" >Sensual Touch Lab Series mit Noam Raz<\/h5>\n\t<div class=\"wpb_text_column wpb_content_element\" >\n\t\t<div class=\"wpb_wrapper\">\n\t\t\t<p>Ein Kuss kann sanft, intensiv, sch\u00fcchtern oder hungrig sein. Er kann T\u00fcren \u00f6ffnen, Sehnsucht wecken oder Grenzen sichtbar machen. In diesem Dojo nehmen wir uns Zeit, das K\u00fcssen auf eine feine und detaillierte Weise zu erforschen und schenken den k\u00f6rperlichen, emotionalen und zwischenmenschlichen Nuancen dieses aufregenden Aktes besondere Aufmerksamkeit.<\/p>\n<p>Die Erforschung geschieht langsam, schrittweise und methodisch. Der Verdauung \u2013 verbal wie nonverbal \u2013 geben wir viel Raum, w\u00e4hrend sie geschieht, und bewegen uns dabei zwischen Stimulation und Regulation hin und her. So entsteht ein Rahmen, der uns unterst\u00fctzt wahrzunehmen, welches Gewicht ein Kuss tats\u00e4chlich tragen kann, wie intim es ist, in einen solchen Kontakt zu treten, und was in diesem Moment mit dieser Person f\u00fcr mich stimmig und passend ist.<\/p>\n<p><strong>Was dich erwartet:<\/strong><\/p>\n<p>Dieses Dojo richtet sich an alle, die neugierig sind, Lippe-auf-Lippe-Kontakt auf systematische und achtsame Weise zu erkunden. Der Schwerpunkt liegt darauf, die F\u00e4higkeit des Zuh\u00f6rens zu kultivieren \u2013 dem Gegen\u00fcber und sich selbst gegen\u00fcber. Es entsteht Raum f\u00fcr alle Empfindungen, Emotionen und inneren Anteile, die auftauchen m\u00f6chten.<\/p>\n<p>Wir beginnen mit einem somatischen Solo-Warm-up (inspiriert von Feldenkrais), um in einen Dialog mit dem eigenen K\u00f6rper zu kommen. Wir verweilen bei Empfindungen und Impulsen \u2013 zun\u00e4chst ohne den relationalen Aspekt. Von dort aus gehen wir in die Partnerarbeit \u00fcber und f\u00fchren Kontakt und Konsens behutsam ein. Die Teilnehmenden sind ausdr\u00fccklich eingeladen, Nein zu sagen \u2013 oder zu pr\u00fcfen und dann Nein (oder Ja) zu sagen \u2013 und w\u00e4hrend des gesamten Workshops ihrem eigenen Tempo zu folgen.<\/p>\n<p>Etwa die H\u00e4lfte des Workshops ist der Vorbereitung gewidmet, bevor es zu Lippe-auf-Lippe-Kontakt kommt. Dabei nutzen wir Formen von Ber\u00fchrung und Interaktion, mit denen sich die meisten Menschen auch mit weniger vertrauten Personen wohlf\u00fchlen.<\/p>\n\n\t\t<\/div>\n\t<\/div>\n<div class=\"vc_separator wpb_content_element vc_separator_align_center vc_sep_width_100 vc_sep_pos_align_center vc_separator_no_text vc_sep_color_grey wpb_content_element  wpb_content_element\" ><span class=\"vc_sep_holder vc_sep_holder_l\"><span class=\"vc_sep_line\"><\/span><\/span><span class=\"vc_sep_holder vc_sep_holder_r\"><span class=\"vc_sep_line\"><\/span><\/span>\n<\/div>\n\t<div class=\"wpb_text_column wpb_content_element\" >\n\t\t<div class=\"wpb_wrapper\">\n\t\t\t<p><strong><img loading=\"lazy\" decoding=\"async\" class=\" wp-image-16649 alignleft\" src=\"https:\/\/wearevillage.org\/wp-content\/uploads\/2024\/09\/wav-team-noam-274x300.jpg\" alt=\"\" width=\"160\" height=\"175\" srcset=\"https:\/\/wearevillage.org\/wp-content\/uploads\/2024\/09\/wav-team-noam-274x300.jpg 274w, https:\/\/wearevillage.org\/wp-content\/uploads\/2024\/09\/wav-team-noam-137x150.jpg 137w, https:\/\/wearevillage.org\/wp-content\/uploads\/2024\/09\/wav-team-noam-390x427.jpg 390w, https:\/\/wearevillage.org\/wp-content\/uploads\/2024\/09\/wav-team-noam.jpg 457w\" sizes=\"auto, (max-width: 160px) 100vw, 160px\" \/>Noam Raz <\/strong>ist Workshop-Leiter, Therapeut, Feldenkrais-Praktiker und Leiter von\u00a0 Familienaufstellungen. Seine Arbeit ist gepr\u00e4gt von Sensibilit\u00e4t und dem Versuch, Erfahrungsr\u00e4ume zu schaffen, in denen Menschen Autonomie und Vertrauen in ihren eigenen K\u00f6rper und ihre inneren Prozesse entwickeln k\u00f6nnen. Im Laufe der Jahre trainierte und erforschte er eine Vielzahl von K\u00f6rper- und Embodiment-Praktiken, die seine Arbeit beeinflussen und bereichern: Tanz, Taiji, Somatics, Kink, Stimmbildung und Meditation. Da er urspr\u00fcnglich aus dem Bereich der Philosophie (Wittgenstein!) und Linguistik kommt, steht die Aufmerksamkeit f\u00fcr Sprache und ihre Funktionsweise irgendwie immer im Hintergrund. <strong><a href=\"http:\/\/www.noamra.com\" target=\"_new\" rel=\"noopener\">www.noamra.com<\/a><\/strong><\/p>\n\n\t\t<\/div>\n\t<\/div>\n<div class=\"vc_separator wpb_content_element vc_separator_align_center vc_sep_width_100 vc_sep_pos_align_center vc_separator_no_text vc_sep_color_grey wpb_content_element  wpb_content_element\" ><span class=\"vc_sep_holder vc_sep_holder_l\"><span class=\"vc_sep_line\"><\/span><\/span><span class=\"vc_sep_holder vc_sep_holder_r\"><span class=\"vc_sep_line\"><\/span><\/span>\n<\/div>\n\t<div class=\"wpb_text_column wpb_content_element\" >\n\t\t<div class=\"wpb_wrapper\">\n\t\t\t<p><b>Was ist Sensual Touch Lab Series for GBTQ M\u00e4nner*?<br \/>\n<\/b><b><\/b><span style=\"font-weight: 400;\">Sensual Touch Lab Series f\u00fcr GBTQ M\u00e4nner* ist ein monatlicher Workshop, bei dem wir einen Raum f\u00fcr sinnliche N\u00e4he und spielerische Begegnungen schaffen m\u00f6chten.<br \/>\n<\/span><span style=\"font-weight: 400;\">Verk\u00f6rperte, somatische Erfahrungen, die unsere Gesamtk\u00f6rperlichkeit wertsch\u00e4tzen. Sinnlichkeit als Zugang, neue Wege im Umgang mit unseren eigenen \u00c4ngsten oder Mustern in Bezug auf Nacktheit, Intimit\u00e4t und Ber\u00fchrung erkunden. Wir laden dich ein, deine pers\u00f6nlichen Grenzen in einem Rahmen gegenseitigen Respekts und Einvernehmens zu erforschen, zu kommunizieren und gegebenenfalls zu erweitern. Dabei er\u00f6ffnet sich die M\u00f6glichkeit, die Kraft von Ber\u00fchrung, Empfindung und nonverbaler, zwischenmenschlicher Bezogenheit zu erfahren.<\/span><span style=\"font-weight: 400;\"><br \/>\n<\/span><span style=\"font-weight: 400;\">Jedes Event wird ein gef\u00fchrter Prozess sein, der je nach Thema und Hintergrund der Kursleitenden* eine besondere Note hat, sei es K\u00f6rperarbeit und Ber\u00fchrung, Somatik und Intimit\u00e4t oder etwas anderes. Diese Kurzworkshops k\u00f6nnen Nacktheit, Partner\u00fcbungen sowie k\u00f6rperlich nahe Interaktionen beinhalten.<\/span><\/p>\n<p><b>Vorteile<br \/>\n\u2022 <\/b>Schafft wertvolle, gemeinsame Erfahrungen unter GBTQ M\u00e4nner* durch N\u00e4he, Empathie und Verbundenheit<span style=\"font-weight: 400;\"><br \/>\n<b>\u2022 <\/b><\/span><span style=\"font-weight: 400;\">Bek\u00e4mpft Gef\u00fchle der Isolation und Einsamkeit<br \/>\n<b>\u2022 <\/b><\/span><span style=\"font-weight: 400;\">F\u00f6rdert Selbstliebe und Akzeptanz des eigenen K\u00f6rpers und der Identit\u00e4t<br \/>\n<b>\u2022 <\/b><\/span><span style=\"font-weight: 400;\">Bietet einen sicheren, urteilsfreien Raum zur Erforschung pers\u00f6nlicher Grenzen<br \/>\n<\/span><span style=\"font-weight: 400;\"><b>\u2022 <\/b>Tr\u00e4gt zum allgemeinen Wohlbefinden bei und unterst\u00fctzt die F\u00e4higkeit, dauerhafte Beziehungen aufzubauen<br \/>\n<\/span><span style=\"font-weight: 400;\"><b>\u2022 <\/b>Kann als gesunder Bew\u00e4ltigungsmechanismus dienen und das Risiko von Substanzmissbrauch reduzieren<\/span><\/p>\n\n\t\t<\/div>\n\t<\/div>\n<div class=\"vc_separator wpb_content_element vc_separator_align_center vc_sep_width_100 vc_sep_pos_align_center vc_separator_no_text vc_sep_color_grey wpb_content_element  wpb_content_element\" ><span class=\"vc_sep_holder vc_sep_holder_l\"><span class=\"vc_sep_line\"><\/span><\/span><span class=\"vc_sep_holder vc_sep_holder_r\"><span class=\"vc_sep_line\"><\/span><\/span>\n<\/div>\n\t<div class=\"wpb_text_column wpb_content_element\" >\n\t\t<div class=\"wpb_wrapper\">\n\t\t\t<p><b>Hinweise<br \/>\n<\/b><span style=\"font-weight: 400;\">\u2022 Dieses Format ist f\u00fcr alle queeren M\u00e4nner*\/M\u00e4nnlichkeiten, die Ber\u00fchrung in einer einvernehmlichen, unterst\u00fctzenden Atmosph\u00e4re erfahren m\u00f6chten.<br \/>\n<\/span><span style=\"font-weight: 400;\">\u2022 Bitte lege Wert auf pers\u00f6nliche Hygiene<br \/>\n<\/span><span style=\"font-weight: 400;\">\u2022 Bringe zum Abdecken von Kissen, Matten oder Massageliegen ein Laken und ein Handtuch mit<br \/>\n<\/span><span style=\"font-weight: 400;\">\u2022 Je nach Bed\u00fcrfnissen der Gruppe werden wir Deutsch und\/oder Englisch sprechen<br \/>\n<\/span><span style=\"font-weight: 400;\">\u2022 Dieses Event ist auch zu einem erm\u00e4\u00dfigten Mitgliederpreis erh\u00e4ltlich \u2013 aber kein Bestandteil der kostenlosen monatlichen Mitgliederveranstaltungen<br \/>\n<\/span><b><span style=\"font-weight: 400;\">\u2022 Erm\u00e4\u00dfigter Zugang ist auf schriftliche Anfrage an: <\/span><a href=\"mailto:events@wearevillage.org\"><span style=\"font-weight: 400;\">events@wearevillage.org<\/span><\/a><span style=\"font-weight: 400;\"> m\u00f6glich.<\/span><\/b><\/p>\n\n\t\t<\/div>\n\t<\/div>\n<\/div><\/div><\/div><\/div>\n<\/div>","protected":false},"excerpt":{"rendered":"<h5>Sensual Touch Lab Series<br \/>\nFreitags (einmal im Monat)<br \/>\n20:00 \u2013 23:00<\/h5>\n<p class=\"p1\"><strong>| <span style=\"color: #ec6c23;\">GBTQ men*<\/span>\u00a0|<\/strong><\/p>\n<p>Ein Kuss kann fl\u00fcstern, zittern oder ein Feuer entfachen \u2013 und manchmal sagt er mehr als Worte je k\u00f6nnten. In diesem Dojo verlangsamen wir den Moment und tauchen ein in das feine Zusammenspiel von Begehren, Einvernehmlichkeit, Wahrnehmung und Verbindung. Durch achtsame Vorbereitung und behutsame Partnerarbeit erkunden wir, wie viel Intimit\u00e4t ein einziger Kuss tragen kann \u2013 und wie wir ihm mit Pr\u00e4senz, Klarheit und Wahlfreiheit begegnen.<\/p>\n","protected":false},"author":11,"featured_media":41104,"template":"","meta":{"pmpro_default_level":"","inline_featured_image":false},"product_brand":[],"product_cat":[79,83],"product_tag":[256],"class_list":{"0":"post-41097","1":"product","2":"type-product","3":"status-publish","4":"has-post-thumbnail","6":"product_cat-monatliche-events","7":"product_cat-workshops","8":"product_tag-gbtq-men","9":"pmpro-has-access","11":"first","12":"instock","13":"purchasable","14":"product-type-variable","15":"has-default-attributes"},"wpml_current_locale":"de_DE","wpml_translations":{"en_US":{"locale":"en_US","id":41100,"slug":"kissing-dojo","post_title":"Kissing dojo","href":"https:\/\/wearevillage.org\/en\/shop\/sensual-touch\/w16-2026"}},"language":{"code":"de","locale":"","name":"","is_rtl":false},"_links":{"self":[{"href":"https:\/\/wearevillage.org\/wp-json\/wp\/v2\/product\/41097","targetHints":{"allow":["GET"]}}],"collection":[{"href":"https:\/\/wearevillage.org\/wp-json\/wp\/v2\/product"}],"about":[{"href":"https:\/\/wearevillage.org\/wp-json\/wp\/v2\/types\/product"}],"author":[{"embeddable":true,"href":"https:\/\/wearevillage.org\/wp-json\/wp\/v2\/users\/11"}],"wp:featuredmedia":[{"embeddable":true,"href":"https:\/\/wearevillage.org\/wp-json\/wp\/v2\/media\/41104"}],"wp:attachment":[{"href":"https:\/\/wearevillage.org\/wp-json\/wp\/v2\/media?parent=41097"}],"wp:term":[{"taxonomy":"product_brand","embeddable":true,"href":"https:\/\/wearevillage.org\/wp-json\/wp\/v2\/product_brand?post=41097"},{"taxonomy":"product_cat","embeddable":true,"href":"https:\/\/wearevillage.org\/wp-json\/wp\/v2\/product_cat?post=41097"},{"taxonomy":"product_tag","embeddable":true,"href":"https:\/\/wearevillage.org\/wp-json\/wp\/v2\/product_tag?post=41097"}],"curies":[{"name":"wp","href":"https:\/\/api.w.org\/{rel}","templated":true}]}}