{"id":41249,"date":"2026-03-11T11:03:07","date_gmt":"2026-03-11T10:03:07","guid":{"rendered":"https:\/\/wearevillage.org\/?post_type=product&#038;p=41249"},"modified":"2026-03-11T11:11:22","modified_gmt":"2026-03-11T10:11:22","slug":"tin-embodied-practices-2","status":"publish","type":"product","link":"https:\/\/wearevillage.org\/shop\/tin-embodied-practices\/w16-2026\/","title":{"rendered":"TIN* Embodied Practices"},"content":{"rendered":"<div class=\"wpb-content-wrapper\"><div class=\"vc_row wpb_row vc_row-fluid\"><div class=\"wpb_column vc_column_container vc_col-sm-12\"><div class=\"vc_column-inner\"><div class=\"wpb_wrapper\"><h4 style=\"text-align: left\" class=\"vc_custom_heading vc_do_custom_heading\" >TIN* Embodied Practices<\/h4><h5 style=\"text-align: left\" class=\"vc_custom_heading vc_do_custom_heading\" >mit Lux<\/h5>\n\t<div class=\"wpb_text_column wpb_content_element\" >\n\t\t<div class=\"wpb_wrapper\">\n\t\t\t<p>Ein bewegungsbasierter Raum zur Selbstentfaltung, der sich TIN*-K\u00f6rpern (Trans*, Inter*, Nicht-bin\u00e4r, einschlie\u00dflich agender und genderqueer Identit\u00e4ten) und den Lebenserfahrungen von Menschen widmet, die sich au\u00dferhalb traditioneller Cisgender-Definitionen identifizieren.<\/p>\n<p>Diese Praxis ist inspiriert von der Erfahrungsanatomie von Body-Mind Centering\u00ae, der Atemarbeit von Ilse Middendorf, Authentic Movement, Feldenkrais und anderen somatischen Bewegungsans\u00e4tzen. Ber\u00fchrung, praktische und partnerschaftliche Arbeit, Tanzimprovisationswerkzeuge und kollektive Reflexion werden zu einem integrierten somatischen Bewegungsrahmen verwoben, der auf Zustimmung, Autonomie und F\u00fcrsorge basiert. Die Absicht dieses Raums ist es, die Entwicklung von Selbstvertrauen und Resilienz in unserer K\u00f6rperlichkeit als TIN*-Menschen zu unterst\u00fctzen, die k\u00f6rperliche Autonomie zu f\u00f6rdern und Ber\u00fchrungskompetenz innerhalb einer unterst\u00fctzenden und bewussten Gemeinschaft zu entwickeln.<\/p>\n<p>Jede Sitzung beginnt mit einer gef\u00fchrten somatischen Bewegungs\u00fcbung, die sich auf die Entwicklung anatomischer Werkzeuge zur Selbstbeobachtung konzentriert. Wir arbeiten mit den f\u00fcnf Hauptlinien (Arme, Beine, Wirbels\u00e4ule), den vier Ecken des Rumpfes (Schultern und H\u00fcften), den drei Hauptgewichtspunkten (Kopf, Brustkorb, Becken) und den beiden Seiten des K\u00f6rpers. Diese Prinzipien unterst\u00fctzen die Teilnehmer dabei, sich innerhalb ihrer eigenen k\u00f6rperlichen Architektur zu orientieren und ein verk\u00f6rpertes Bewusstsein zu entwickeln. Auf dieser Grundlage erweitert sich die Praxis zu gemeinschaftlichen Bewegungen und gemeinsamer r\u00e4umlicher Gestaltung, einschlie\u00dflich Zeit f\u00fcr Integration und Reflexion. Bewegung wird als relationale, politische und r\u00e4umliche Praxis an sich betrachtet.<\/p>\n\n\t\t<\/div>\n\t<\/div>\n<div class=\"vc_separator wpb_content_element vc_separator_align_center vc_sep_width_100 vc_sep_pos_align_center vc_separator_no_text vc_sep_color_grey wpb_content_element  wpb_content_element\" ><span class=\"vc_sep_holder vc_sep_holder_l\"><span class=\"vc_sep_line\"><\/span><\/span><span class=\"vc_sep_holder vc_sep_holder_r\"><span class=\"vc_sep_line\"><\/span><\/span>\n<\/div>\n\t<div class=\"wpb_text_column wpb_content_element\" >\n\t\t<div class=\"wpb_wrapper\">\n\t\t\t<p><img loading=\"lazy\" decoding=\"async\" class=\"size-full wp-image-24633 alignleft\" src=\"https:\/\/wearevillage.org\/wp-content\/uploads\/2025\/04\/project-1-e1744801154655.jpg\" alt=\"\" width=\"160\" height=\"178\" srcset=\"https:\/\/wearevillage.org\/wp-content\/uploads\/2025\/04\/project-1-e1744801154655.jpg 878w, https:\/\/wearevillage.org\/wp-content\/uploads\/2025\/04\/project-1-e1744801154655-270x300.jpg 270w, https:\/\/wearevillage.org\/wp-content\/uploads\/2025\/04\/project-1-e1744801154655-135x150.jpg 135w, https:\/\/wearevillage.org\/wp-content\/uploads\/2025\/04\/project-1-e1744801154655-768x853.jpg 768w, https:\/\/wearevillage.org\/wp-content\/uploads\/2025\/04\/project-1-e1744801154655-624x693.jpg 624w, https:\/\/wearevillage.org\/wp-content\/uploads\/2025\/04\/project-1-e1744801154655-390x433.jpg 390w, https:\/\/wearevillage.org\/wp-content\/uploads\/2025\/04\/project-1-e1744801154655-600x666.jpg 600w\" sizes=\"auto, (max-width: 160px) 100vw, 160px\" \/> <strong>Lux<\/strong>, auch bekannt als Luxifera, ist eine transfeminine, nicht-geschlechts-konforme italienische K\u00fcnstlerin, die in Berlin lebt. Als Bewegungsvermittlerin, Bodyworkerin, DJ und Performerin verbindet Lux Somatik, Bewegung, Kunst, Sound, Politik und Gender miteinander. Mit ihrem Hintergrund in den Bereichen Tanz, darstellender Kunst, Vermittlung, Workshopleitung und verk\u00f6rperten Praktiken entwickelt sie Methoden, die sich auf eigene k\u00f6rperliche Handlungsmacht, Ber\u00fchrungskompetenz und r\u00e4umliches Bewusstsein konzentrieren. Lux\u2018 Arbeit ist gepr\u00e4gt von ihren Erfahrungen im Umgang mit Trans-Sein in k\u00fcnstlerischen R\u00e4umen, im Nachtleben und in der K\u00f6rperarbeit, sowie von ihren t\u00e4glichen Begegnungen mit struktureller Gewalt und dem Ziel, ihre Existenz jenseits des Bin\u00e4ren zu erweitern. Sie f\u00f6rdert integrative, nicht-hierarchische R\u00e4ume f\u00fcr die Wiedervereinigung mit dem K\u00f6rper.<\/p>\n\n\t\t<\/div>\n\t<\/div>\n<div class=\"vc_separator wpb_content_element vc_separator_align_center vc_sep_width_100 vc_sep_pos_align_center vc_separator_no_text vc_sep_color_grey wpb_content_element  wpb_content_element\" ><span class=\"vc_sep_holder vc_sep_holder_l\"><span class=\"vc_sep_line\"><\/span><\/span><span class=\"vc_sep_holder vc_sep_holder_r\"><span class=\"vc_sep_line\"><\/span><\/span>\n<\/div>\n\t<div class=\"wpb_text_column wpb_content_element\" >\n\t\t<div class=\"wpb_wrapper\">\n\t\t\t<p><span style=\"text-decoration: underline;\"><strong>Hinweise<\/strong><\/span><br \/>\nUm sich vollst\u00e4ndig auf das Erlebnis einzulassen, werden die Teilnehmenden ermutigt, bequeme Kleidung zu tragen.<strong><br \/>\nTeilnehmer*innen<\/strong>: Dieser Workshop richtet sich an alle transfeminine Menschen aus allen Femme-Spektren (Transfrauen, Transvestiten, Hormonelle Faggots, Butch-Femmes, Gender-Nonconforming und diejenigen, die sich mit der breiteren transfemininen Erfahrung identifizieren).<strong><br \/>\nAnmeldung<\/strong>: F\u00fcr dieses Event stehen begrenzte Pl\u00e4tze zur Verf\u00fcgung. Eine Registrierung \u00fcber unsere Website ist daher erforderlich.<strong><br \/>\nSprache<\/strong>: Dieses Event wird auf Englisch sein.<br \/>\n<strong>Kosten<\/strong>: Die Teilnahme ist kostenlos.<\/p>\n\n\t\t<\/div>\n\t<\/div>\n<\/div><\/div><\/div><\/div>\n<\/div>","protected":false},"excerpt":{"rendered":"<h5>Montag<br \/>\n18:00-21:00<br \/>\nKostenlos mit Anmeldung<br \/>\nAuf Englisch<\/h5>\n<p><strong> | <span style=\"color: #ec6c23;\">TIN* <\/span><\/strong><strong>| <\/strong><\/p>\n<p><strong>Ein somatischer Bewegungsraum f\u00fcr TIN*-K\u00f6rper (trans*, inter*, nicht-bin\u00e4re, agender und genderqueere Personen)<\/strong>. Inspiriert von Body-Mind Centering\u00ae, der Atemarbeit nach Ilse Middendorf, Authentic Movement und Feldenkrais verbinden die Sessions angeleitete Bewegung, Ber\u00fchrung, Improvisation und Reflexion. Auf Basis von Konsens, Autonomie und Care st\u00e4rkt die Praxis K\u00f6rperwahrnehmung, Selbstbestimmung und Resilienz in einer unterst\u00fctzenden Gemeinschaft.<\/p>\n","protected":false},"author":12,"featured_media":32309,"template":"","meta":{"pmpro_default_level":"","inline_featured_image":false},"product_brand":[],"product_cat":[954,769],"product_tag":[979],"class_list":{"0":"post-41249","1":"product","2":"type-product","3":"status-publish","4":"has-post-thumbnail","6":"product_cat-queer-connect","7":"product_cat-kostenloser-zugang","8":"product_tag-trans-inter-non-binary","9":"pmpro-has-access","11":"first","12":"instock","13":"sold-individually","14":"purchasable","15":"product-type-simple"},"wpml_current_locale":"de_DE","wpml_translations":{"en_US":{"locale":"en_US","id":41250,"slug":"tin-embodied-practices-2","post_title":"TIN* Embodied Practices","href":"https:\/\/wearevillage.org\/en\/shop\/tin-embodied-practices\/w16-2026"}},"language":{"code":"de","locale":"","name":"","is_rtl":false},"_links":{"self":[{"href":"https:\/\/wearevillage.org\/wp-json\/wp\/v2\/product\/41249","targetHints":{"allow":["GET"]}}],"collection":[{"href":"https:\/\/wearevillage.org\/wp-json\/wp\/v2\/product"}],"about":[{"href":"https:\/\/wearevillage.org\/wp-json\/wp\/v2\/types\/product"}],"author":[{"embeddable":true,"href":"https:\/\/wearevillage.org\/wp-json\/wp\/v2\/users\/12"}],"wp:featuredmedia":[{"embeddable":true,"href":"https:\/\/wearevillage.org\/wp-json\/wp\/v2\/media\/32309"}],"wp:attachment":[{"href":"https:\/\/wearevillage.org\/wp-json\/wp\/v2\/media?parent=41249"}],"wp:term":[{"taxonomy":"product_brand","embeddable":true,"href":"https:\/\/wearevillage.org\/wp-json\/wp\/v2\/product_brand?post=41249"},{"taxonomy":"product_cat","embeddable":true,"href":"https:\/\/wearevillage.org\/wp-json\/wp\/v2\/product_cat?post=41249"},{"taxonomy":"product_tag","embeddable":true,"href":"https:\/\/wearevillage.org\/wp-json\/wp\/v2\/product_tag?post=41249"}],"curies":[{"name":"wp","href":"https:\/\/api.w.org\/{rel}","templated":true}]}}