{"id":41371,"date":"2026-03-17T10:41:15","date_gmt":"2026-03-17T09:41:15","guid":{"rendered":"https:\/\/wearevillage.org\/?post_type=product&#038;p=41371"},"modified":"2026-03-27T23:40:15","modified_gmt":"2026-03-27T22:40:15","slug":"somatischer-bauchtanz","status":"publish","type":"product","link":"https:\/\/wearevillage.org\/shop\/queer-bridges-monday\/w17-2026\/","title":{"rendered":"Somatischer Bauchtanz"},"content":{"rendered":"<div class=\"wpb-content-wrapper\"><div class=\"vc_row wpb_row vc_row-fluid\"><div class=\"wpb_column vc_column_container vc_col-sm-12\"><div class=\"vc_column-inner\"><div class=\"wpb_wrapper\"><h4 style=\"text-align: left\" class=\"vc_custom_heading vc_do_custom_heading\" >Somatischer Bauchtanz<\/h4><h5 style=\"text-align: left\" class=\"vc_custom_heading vc_do_custom_heading\" >mit Minu Elsherif<\/h5>\n\t<div class=\"wpb_text_column wpb_content_element\" >\n\t\t<div class=\"wpb_wrapper\">\n\t\t\t<p>Das Wort \u201esomatisch\u201c stammt vom griechischen <em>soma<\/em>, was \u201elebender K\u00f6rper\u201c bedeutet. Es betont die K\u00f6rperwahrnehmung von innen nach au\u00dfen \u2013 wie Bewegung sich anf\u00fchlt, nicht nur wie sie aussieht. Bauchtanz ist ein Dialog zwischen K\u00f6rper und Gef\u00fchl, und ein somatischer Ansatz h\u00f6rt diesem Dialog genau zu, sodass Bewegung aus dem Puls des Bauches, dem Atem, den Organen und den im K\u00f6rper gespeicherten Erinnerungen entsteht. Dieser Workshop richtet sich an LGBTQIA+ Migrant*innen und Communities und bietet einen sicheren Raum, um Bauchtanz ohne Scham zu erleben, ihn zu verk\u00f6rpern und aus Empfindung statt Performance zu tanzen.<\/p>\n\n\t\t<\/div>\n\t<\/div>\n<div class=\"vc_separator wpb_content_element vc_separator_align_center vc_sep_width_100 vc_sep_pos_align_center vc_separator_no_text vc_sep_color_grey wpb_content_element  wpb_content_element\" ><span class=\"vc_sep_holder vc_sep_holder_l\"><span class=\"vc_sep_line\"><\/span><\/span><span class=\"vc_sep_holder vc_sep_holder_r\"><span class=\"vc_sep_line\"><\/span><\/span>\n<\/div>\n\t<div class=\"wpb_text_column wpb_content_element\" >\n\t\t<div class=\"wpb_wrapper\">\n\t\t\t<p><strong><img loading=\"lazy\" decoding=\"async\" class=\"wp-image-38065 alignleft\" src=\"https:\/\/wearevillage.org\/wp-content\/uploads\/2026\/01\/DZx6UPprzFyKiAFNI7CzSBvBrdlTNqa2IAYMvyj0xLA.png\" alt=\"\" width=\"150\" height=\"167\" srcset=\"https:\/\/wearevillage.org\/wp-content\/uploads\/2026\/01\/DZx6UPprzFyKiAFNI7CzSBvBrdlTNqa2IAYMvyj0xLA.png 900w, https:\/\/wearevillage.org\/wp-content\/uploads\/2026\/01\/DZx6UPprzFyKiAFNI7CzSBvBrdlTNqa2IAYMvyj0xLA-270x300.png 270w, https:\/\/wearevillage.org\/wp-content\/uploads\/2026\/01\/DZx6UPprzFyKiAFNI7CzSBvBrdlTNqa2IAYMvyj0xLA-135x150.png 135w, https:\/\/wearevillage.org\/wp-content\/uploads\/2026\/01\/DZx6UPprzFyKiAFNI7CzSBvBrdlTNqa2IAYMvyj0xLA-768x853.png 768w, https:\/\/wearevillage.org\/wp-content\/uploads\/2026\/01\/DZx6UPprzFyKiAFNI7CzSBvBrdlTNqa2IAYMvyj0xLA-624x693.png 624w, https:\/\/wearevillage.org\/wp-content\/uploads\/2026\/01\/DZx6UPprzFyKiAFNI7CzSBvBrdlTNqa2IAYMvyj0xLA-390x433.png 390w, https:\/\/wearevillage.org\/wp-content\/uploads\/2026\/01\/DZx6UPprzFyKiAFNI7CzSBvBrdlTNqa2IAYMvyj0xLA-600x667.png 600w\" sizes=\"auto, (max-width: 150px) 100vw, 150px\" \/><\/strong><\/p>\n<p><strong>Minu<\/strong> ist ein*e queere, in Berlin lebende Baucht\u00e4nzer*in, Schauspieler*in und Performancek\u00fcnstler*in mit einem starken Fokus auf somatische Bewegung. Neben der k\u00fcnstlerischen Arbeit studiert Minu derzeit Body-Mind Centering und hat in den letzten Jahren vielf\u00e4ltige somatische Workshops und Bewegungsp\u00e4dagogiken erkundet. Ihre Somatic-Bellydance-Sessions verbinden Tanz, Verk\u00f6rperung, Atem und Pr\u00e4senz auf sanfte und zug\u00e4ngliche Weise. Die Workshops sind offen, gemeinschaftsorientiert und laden alle K\u00f6rper und Identit\u00e4ten willkommen ein.<\/p>\n\n\t\t<\/div>\n\t<\/div>\n<div class=\"vc_separator wpb_content_element vc_separator_align_center vc_sep_width_100 vc_sep_pos_align_center vc_separator_no_text vc_sep_color_grey wpb_content_element  wpb_content_element\" ><span class=\"vc_sep_holder vc_sep_holder_l\"><span class=\"vc_sep_line\"><\/span><\/span><span class=\"vc_sep_holder vc_sep_holder_r\"><span class=\"vc_sep_line\"><\/span><\/span>\n<\/div>\n\t<div class=\"wpb_text_column wpb_content_element\" >\n\t\t<div class=\"wpb_wrapper\">\n\t\t\t<p><strong>Queer Bridges: Verbindungen schaffen und Ressourcen f\u00fcr LGBTQIA+ Menschen mit Migrationserfahrung bereitstellen.<\/strong><\/p>\n<p>Queere Menschen mit Migrationserfahrung in Berlin sehen sich in ihrem t\u00e4glichen Leben oft mit besonderen Herausforderungen konfrontiert, die ihren Zugang zu unterst\u00fctzenden Gemeinschaften und integrativen Umgebungen einschr\u00e4nken k\u00f6nnen.<\/p>\n<p><img loading=\"lazy\" decoding=\"async\" class=\"wp-image-15170 alignleft\" src=\"https:\/\/wearevillage.org\/wp-content\/uploads\/2024\/06\/stiftung-300x121.png\" alt=\"\" width=\"216\" height=\"87\" srcset=\"https:\/\/wearevillage.org\/wp-content\/uploads\/2024\/06\/stiftung-300x121.png 300w, https:\/\/wearevillage.org\/wp-content\/uploads\/2024\/06\/stiftung-1024x414.png 1024w, https:\/\/wearevillage.org\/wp-content\/uploads\/2024\/06\/stiftung-150x61.png 150w, https:\/\/wearevillage.org\/wp-content\/uploads\/2024\/06\/stiftung-768x310.png 768w, https:\/\/wearevillage.org\/wp-content\/uploads\/2024\/06\/stiftung-1536x620.png 1536w, https:\/\/wearevillage.org\/wp-content\/uploads\/2024\/06\/stiftung-2048x827.png 2048w, https:\/\/wearevillage.org\/wp-content\/uploads\/2024\/06\/stiftung-624x252.png 624w, https:\/\/wearevillage.org\/wp-content\/uploads\/2024\/06\/stiftung-390x158.png 390w, https:\/\/wearevillage.org\/wp-content\/uploads\/2024\/06\/stiftung-600x242.png 600w\" sizes=\"auto, (max-width: 216px) 100vw, 216px\" \/>Mit Unterst\u00fctzung der<strong> Deutschen Fernsehlotterie Stiftung<\/strong>, haben wir das Programm Queer Bridges entwickelt, um diese H\u00fcrden zu \u00fcberwinden. Wir bieten Ressourcen, Vernetzung und Unterst\u00fctzung in einem einladenden Umfeld f\u00fcr queere Migrant*innen und Gefl\u00fcchtete durch unser spezielles Programm. Unser Ziel ist es, ein Gef\u00fchl der Zugeh\u00f6rigkeit zur lokalen LGBTQIA+ Community zu f\u00f6rdern und damit eine reibungslose Integration sowie eine verbesserte Lebensqualit\u00e4t f\u00fcr queere Menschen mit Migrations- und\/oder Fluchterfahrung zu erm\u00f6glichen.<\/p>\n<p><span style=\"vertical-align: inherit;\"><span style=\"vertical-align: inherit;\">\u2705 Unser <strong>Queer Bridges<\/strong> Programm wird sich stetig weiter entwickeln und wir freuen uns auch jederzeit von Euren Bedarfen zu h\u00f6ren. Bei Interesse k\u00f6nnt ihr uns eine E-Mail schicken, um \u00fcber weitere Aktualisierungen informiert zu bleiben.<\/span><\/span><\/p>\n\n\t\t<\/div>\n\t<\/div>\n<div class=\"vc_separator wpb_content_element vc_separator_align_center vc_sep_width_100 vc_sep_pos_align_center vc_separator_no_text vc_sep_color_grey wpb_content_element  wpb_content_element\" ><span class=\"vc_sep_holder vc_sep_holder_l\"><span class=\"vc_sep_line\"><\/span><\/span><span class=\"vc_sep_holder vc_sep_holder_r\"><span class=\"vc_sep_line\"><\/span><\/span>\n<\/div>\n\t<div class=\"wpb_text_column wpb_content_element\" >\n\t\t<div class=\"wpb_wrapper\">\n\t\t\t<p><span style=\"text-decoration: underline;\"><strong>Hinweise<\/strong><\/span><br \/>\n<strong>Teilnehmende<\/strong>: Dieser Workshop richtet sich an alle, die sich als LGBTQIA+ identifizieren und Migrations- und\/oder Fluchterfahrung erlebt haben. Wenn ihr diese Erfahrungen nicht teilt, aber dennoch an einer Teilnahme interessiert seid, meldet euch bitte zuerst bei uns, um zu kl\u00e4ren, ob ein Platz frei ist. Wir bitten alle Teilnehmenden, den Schwerpunkt des Programms zu respektieren und dazu beizutragen, einen offenen, respektvollen Raum zu schaffen.<br \/>\n<strong>Anmeldung<\/strong>: F\u00fcr dieses Event stehen begrenzte Pl\u00e4tze zur Verf\u00fcgung. Eine Registrierung \u00fcber unsere Website ist daher erforderlich.<br \/>\n<strong>Sprache<\/strong>: Englisch<br \/>\n<strong>Kosten<\/strong>: Die Teilnahme ist kostenlos.<\/p>\n\n\t\t<\/div>\n\t<\/div>\n<\/div><\/div><\/div><\/div>\n<\/div>","protected":false},"excerpt":{"rendered":"<h5>Montag<br \/>\n18:00-19:30<br \/>\nKostenlos mit Anmeldung<\/h5>\n<p><strong> | <span style=\"color: #ec6c23;\"> LGBTQIA+ <\/span> |\u00a0 \u00a0 Queere Migranten<\/strong><\/p>\n<p>\u201eSomatisch\u201c stammt vom griechischen <em>soma<\/em> \u2013 dem lebenden K\u00f6rper \u2013 und betont, wie Bewegung sich anf\u00fchlt, nicht nur wie sie aussieht. Bauchtanz wird so zu einem Dialog von K\u00f6rper und Gef\u00fchl, aus Puls, Atem, Organen und Erinnerungen. Dieser Workshop bietet LGBTQIA+ Migrant*innen einen sicheren Raum, Bauchtanz ohne Scham zu erleben, aus Empfindung zu tanzen und Gemeinschaft, Leichtigkeit und Ehrlichkeit zu erfahren.<\/p>\n","protected":false},"author":12,"featured_media":38094,"template":"","meta":{"pmpro_default_level":"","inline_featured_image":false},"product_brand":[],"product_cat":[769,797,83],"product_tag":[469],"class_list":{"0":"post-41371","1":"product","2":"type-product","3":"status-publish","4":"has-post-thumbnail","6":"product_cat-kostenloser-zugang","7":"product_cat-queer-bridges-events-2","8":"product_cat-workshops","9":"product_tag-lgbtqiaplus","10":"pmpro-has-access","12":"first","13":"instock","14":"sold-individually","15":"purchasable","16":"product-type-simple"},"wpml_current_locale":"de_DE","wpml_translations":{"en_US":{"locale":"en_US","id":41372,"slug":"somatischer-bauchtanz","post_title":"Somatic Bellydance","href":"https:\/\/wearevillage.org\/en\/shop\/queer-bridges-monday\/w17-2026"}},"language":{"code":"de","locale":"","name":"","is_rtl":false},"_links":{"self":[{"href":"https:\/\/wearevillage.org\/wp-json\/wp\/v2\/product\/41371","targetHints":{"allow":["GET"]}}],"collection":[{"href":"https:\/\/wearevillage.org\/wp-json\/wp\/v2\/product"}],"about":[{"href":"https:\/\/wearevillage.org\/wp-json\/wp\/v2\/types\/product"}],"author":[{"embeddable":true,"href":"https:\/\/wearevillage.org\/wp-json\/wp\/v2\/users\/12"}],"wp:featuredmedia":[{"embeddable":true,"href":"https:\/\/wearevillage.org\/wp-json\/wp\/v2\/media\/38094"}],"wp:attachment":[{"href":"https:\/\/wearevillage.org\/wp-json\/wp\/v2\/media?parent=41371"}],"wp:term":[{"taxonomy":"product_brand","embeddable":true,"href":"https:\/\/wearevillage.org\/wp-json\/wp\/v2\/product_brand?post=41371"},{"taxonomy":"product_cat","embeddable":true,"href":"https:\/\/wearevillage.org\/wp-json\/wp\/v2\/product_cat?post=41371"},{"taxonomy":"product_tag","embeddable":true,"href":"https:\/\/wearevillage.org\/wp-json\/wp\/v2\/product_tag?post=41371"}],"curies":[{"name":"wp","href":"https:\/\/api.w.org\/{rel}","templated":true}]}}