{"id":41381,"date":"2026-03-17T10:56:10","date_gmt":"2026-03-17T09:56:10","guid":{"rendered":"https:\/\/wearevillage.org\/?post_type=product&#038;p=41381"},"modified":"2026-03-27T14:44:38","modified_gmt":"2026-03-27T13:44:38","slug":"kuscheln-als-kollektive-fuersorge-alle-geschlechter","status":"publish","type":"product","link":"https:\/\/wearevillage.org\/shop\/regenerative-touch\/w17-2026\/","title":{"rendered":"*Kuscheln als kollektive F\u00fcrsorge \u2013 Alle Geschlechter"},"content":{"rendered":"<div class=\"wpb-content-wrapper\"><div class=\"vc_row wpb_row vc_row-fluid\"><div class=\"wpb_column vc_column_container vc_col-sm-12\"><div class=\"vc_column-inner\"><div class=\"wpb_wrapper\"><h4 style=\"text-align: left\" class=\"vc_custom_heading vc_do_custom_heading\" >Kuscheln als kollektive F\u00fcrsorge - Alle Geschlechter<\/h4><h5 style=\"text-align: left\" class=\"vc_custom_heading vc_do_custom_heading\" >Kuscheln als kollektive F\u00fcrsorge - Alle Geschlechter mit Stijn<\/h5><div class=\"vc_separator wpb_content_element vc_separator_align_center vc_sep_width_100 vc_sep_pos_align_center vc_separator_no_text vc_sep_color_grey wpb_content_element  wpb_content_element\" ><span class=\"vc_sep_holder vc_sep_holder_l\"><span class=\"vc_sep_line\"><\/span><\/span><span class=\"vc_sep_holder vc_sep_holder_r\"><span class=\"vc_sep_line\"><\/span><\/span>\n<\/div>\n\t<div class=\"wpb_text_column wpb_content_element\" >\n\t\t<div class=\"wpb_wrapper\">\n\t\t\t<p><strong>Cuddle Puddles<\/strong> sind angeleitete R\u00e4ume f\u00fcr bewusste, nicht-sexuelle Ber\u00fchrung, die Stress reduzieren, das Nervensystem regulieren und das Gef\u00fchl von Zugeh\u00f6rigkeit st\u00e4rken k\u00f6nnen. Konsensuelle N\u00e4he unterst\u00fctzt emotionale Stabilit\u00e4t und psychische Gesundheit.<\/p>\n<p>Diese Cuddle Puddle ist f\u00fcr alle Geschlechter innerhalb der LGBTQIA+ Community ge\u00f6ffnet. Ein nicht-geschlechtergetrennter Raum erm\u00f6glicht vielf\u00e4ltige Begegnungen jenseits von Rollenbildern und Erwartungen. So entsteht ein Feld f\u00fcr mehr Empathie, gegenseitiges Verst\u00e4ndnis und authentische Verbindung, immer auf Basis von Wahlfreiheit, klaren Grenzen und gegenseitigem Respekt.<\/p>\n\n\t\t<\/div>\n\t<\/div>\n<div class=\"vc_separator wpb_content_element vc_separator_align_center vc_sep_width_100 vc_sep_pos_align_center vc_separator_no_text vc_sep_color_grey vc_custom_1734460489038 wpb_content_element  vc_custom_1734460489038 wpb_content_element\" ><span class=\"vc_sep_holder vc_sep_holder_l\"><span class=\"vc_sep_line\"><\/span><\/span><span class=\"vc_sep_holder vc_sep_holder_r\"><span class=\"vc_sep_line\"><\/span><\/span>\n<\/div>\n\t<div class=\"wpb_text_column wpb_content_element\" >\n\t\t<div class=\"wpb_wrapper\">\n\t\t\t<p><img loading=\"lazy\" decoding=\"async\" class=\"wp-image-39402 alignleft\" src=\"https:\/\/wearevillage.org\/wp-content\/uploads\/2026\/02\/wav-team-Stijn-new.png\" alt=\"\" width=\"150\" height=\"166\" srcset=\"https:\/\/wearevillage.org\/wp-content\/uploads\/2026\/02\/wav-team-Stijn-new.png 900w, https:\/\/wearevillage.org\/wp-content\/uploads\/2026\/02\/wav-team-Stijn-new-270x300.png 270w, https:\/\/wearevillage.org\/wp-content\/uploads\/2026\/02\/wav-team-Stijn-new-135x150.png 135w, https:\/\/wearevillage.org\/wp-content\/uploads\/2026\/02\/wav-team-Stijn-new-768x853.png 768w, https:\/\/wearevillage.org\/wp-content\/uploads\/2026\/02\/wav-team-Stijn-new-624x693.png 624w, https:\/\/wearevillage.org\/wp-content\/uploads\/2026\/02\/wav-team-Stijn-new-390x433.png 390w, https:\/\/wearevillage.org\/wp-content\/uploads\/2026\/02\/wav-team-Stijn-new-600x667.png 600w\" sizes=\"auto, (max-width: 150px) 100vw, 150px\" \/><\/p>\n<p><strong>Stijn<\/strong> (er\/ihn) ist Bildungsarbeiter, Facilitator\u00a0 und Massagetherapeut mit einer tiefen Leidenschaft f\u00fcr die Intersektion von Ber\u00fchrung, Konsens und Intimit\u00e4t. Mit einem professionellen Hintergrund in Atemarbeit und verschiedenen Massagetechniken genie\u00dft er es, R\u00e4ume f\u00fcr tiefe Verbindung und k\u00f6rperliche Erkundung zu schaffen.<\/p>\n<p>Mehr \u00fcber seine Arbeit: @natma.studio<\/p>\n\n\t\t<\/div>\n\t<\/div>\n<div class=\"vc_separator wpb_content_element vc_separator_align_center vc_sep_width_100 vc_sep_pos_align_center vc_separator_no_text vc_sep_color_grey vc_custom_1734460489038 wpb_content_element  vc_custom_1734460489038 wpb_content_element\" ><span class=\"vc_sep_holder vc_sep_holder_l\"><span class=\"vc_sep_line\"><\/span><\/span><span class=\"vc_sep_holder vc_sep_holder_r\"><span class=\"vc_sep_line\"><\/span><\/span>\n<\/div>\n\t<div class=\"wpb_text_column wpb_content_element\" >\n\t\t<div class=\"wpb_wrapper\">\n\t\t\t<p><strong>Was ist Regenerative Ber\u00fchrung?<\/strong><br \/>\nRegenerative Touch ist ein monatlicher Workshop f\u00fcr Queer People, bei dem wir uns gegenseitig helfen, langsamer zu werden, in unseren K\u00f6rper zu kommen und in einer unterst\u00fctzenden und n\u00e4hrenden Umgebung die wohltuende Wirkung von regenerativer Ber\u00fchrung erkunden. Ber\u00fchrung, die im t\u00e4glichen Leben oft \u00fcbersehen wird, ist ein grundlegendes menschliches Bed\u00fcrfnis.<br \/>\nIn diesen Workshops schaffen wir einen Raum, der ausschlie\u00dflich ihrer regenerativen und heilenden Kraft gewidmet ist, frei von romantischen oder sexuellen Konnotationen.<br \/>\nBer\u00fchrung kommuniziert direkt und erreicht Orte, die Worte nicht erreichen k\u00f6nnen. Hast du jemals die beruhigende Wirkung einer warmen Umarmung oder einer tr\u00f6stenden Hand auf deiner Schulter erlebt? Selbst ein kurzes 15-min\u00fctiges Handhalten kann zu einer signifikanten Senkung der Herzfrequenz und des Blutdrucks f\u00fchren und eine starke Entspannungsreaktion signalisieren. Eine einfache 20-sek\u00fcndige Umarmung kann zu h\u00f6heren Oxytocinspiegeln f\u00fchren, dem Hormon, das mit Bindung und Vertrauen verbunden ist.<br \/>\nJeden Monat wird unser trauma-sensitiver Moderator den Abend um Themen wie Pr\u00e4senz, Regulierung des Nervensystems und emotionale Sicherheit gestalten und sich auf praktisches Erleben anstatt auf zu viele Worte oder Techniken konzentrieren. Es sind keine Vorkenntnisse in K\u00f6rperarbeit erforderlich \u2013 bring einfach deine Neugier mit.<\/p>\n\n\t\t<\/div>\n\t<\/div>\n\n\t<div class=\"wpb_text_column wpb_content_element\" >\n\t\t<div class=\"wpb_wrapper\">\n\t\t\t<p><strong>Vorteile<\/strong><br \/>\n\u2013 Erfahre eine Verringerung von Angstzust\u00e4nden und Depressionen sowie eine erh\u00f6hte emotionale Widerstandsf\u00e4higkeit durch beruhigende, achtsame Ber\u00fchrung.<br \/>\n\u2013 Kultiviere wertsch\u00e4tzende Anwesenheit und tiefere Verbindungen zu dir selbst und anderen.<br \/>\n\u2013 Unterst\u00fctze die Heilung von Traumata und setze in einer sicheren, n\u00e4hrenden Umgebung Emotionen frei.<br \/>\n\u2013 Verbessere deine Stimmung und deine Immunfunktion, indem du Stress reduzierst und Endorphine freisetzt.<br \/>\n\u2013 F\u00f6rdere ein Gef\u00fchl von Gemeinschaft und Zugeh\u00f6rigkeit durch gemeinsame, nonverbale Erfahrungen.<br \/>\n\u2013 Ermutige tieferes Mitgef\u00fchl und Akzeptanz durch sanften, unterst\u00fctzenden Kontakt.<\/p>\n\n\t\t<\/div>\n\t<\/div>\n<div class=\"vc_separator wpb_content_element vc_separator_align_center vc_sep_width_100 vc_sep_pos_align_center vc_separator_no_text vc_sep_color_grey wpb_content_element  wpb_content_element\" ><span class=\"vc_sep_holder vc_sep_holder_l\"><span class=\"vc_sep_line\"><\/span><\/span><span class=\"vc_sep_holder vc_sep_holder_r\"><span class=\"vc_sep_line\"><\/span><\/span>\n<\/div>\n\t<div class=\"wpb_text_column wpb_content_element\" >\n\t\t<div class=\"wpb_wrapper\">\n\t\t\t<p><b>Hinweise<\/b><br \/>\n\u2013 Dieses Format ist f\u00fcr alle queeren Personen (LGBTQIA+), die Ber\u00fchrung in einer einvernehmlichen, unterst\u00fctzenden Atmosph\u00e4re erfahren m\u00f6chten. (Siehe auch unsere <strong><a href=\"https:\/\/wearevillage.org\/faq\">FAQ<\/a><\/strong>)<br \/>\n\u2013 Teilnehmende bleiben bei diesem Format bekleidet.<br \/>\n\u2013 Bringe zum Abdecken von Kissen, Matten oder Massageliegen ein Laken und ein Handtuch mit.<br \/>\n\u2013 Der Workshop wird in englischer Sprache abgehalten<br \/>\n\u2013 Wir haben erm\u00e4\u00dfigte Solidarit\u00e4tstickets.<br \/>\n\u2013 Dieses Event ist auch zu einem erm\u00e4\u00dfigten Mitgliederpreis erh\u00e4ltlich \u2013 aber kein Bestandteil der drei kostenlosen monatlichen Mitgliederveranstaltungen.<br \/>\n\u2013 Erm\u00e4\u00dfigter Zugang ist auf schriftliche Anfrage per E-Mail an\u00a0<strong><a href=\"mailto:events@wearevillage.org\">events@wearevillage.org<\/a><\/strong><\/p>\n\n\t\t<\/div>\n\t<\/div>\n<\/div><\/div><\/div><\/div>\n<\/div>","protected":false},"excerpt":{"rendered":"<h5>Freitags (einmal im Monat)<br \/>\n20:00 \u2013 22:00<\/h5>\n<p class=\"p1\"><strong>| <span style=\"color: #ec6c23;\">LGBTQIA+<\/span>\u00a0|<\/strong><\/p>\n<p><strong><span class=\"\">Kuscheln als kollektive F\u00fcrsorge \u2013 Alle Geschlechter<br \/>\n<\/span><\/strong>Dieser Cuddle Puddle bietet einen sicheren, einvernehmlichen Raum f\u00fcr Menschen aller Geschlechter aus der LGBTQIA+ Community, um nicht-sexuelle N\u00e4he, gemeinschaftliche Verbindung und Entspannung zu erleben. Die angeleitete Erfahrung st\u00e4rkt emotionales Wohlbefinden, K\u00f6rperwahrnehmung und klare Grenzen.<\/p>\n","protected":false},"author":11,"featured_media":39406,"template":"","meta":{"pmpro_default_level":"","inline_featured_image":false},"product_brand":[],"product_cat":[79,83],"product_tag":[469],"class_list":{"0":"post-41381","1":"product","2":"type-product","3":"status-publish","4":"has-post-thumbnail","6":"product_cat-monatliche-events","7":"product_cat-workshops","8":"product_tag-lgbtqiaplus","9":"pmpro-has-access","11":"first","12":"instock","13":"purchasable","14":"product-type-variable","15":"has-default-attributes"},"wpml_current_locale":"de_DE","wpml_translations":{"en_US":{"locale":"en_US","id":41384,"slug":"kuscheln-als-kollektive-fuersorge-alle-geschlechter","post_title":"*Cuddling as Collective Care - all genders","href":"https:\/\/wearevillage.org\/en\/shop\/regenerative-touch\/w17-2026"}},"language":{"code":"de","locale":"","name":"","is_rtl":false},"_links":{"self":[{"href":"https:\/\/wearevillage.org\/wp-json\/wp\/v2\/product\/41381","targetHints":{"allow":["GET"]}}],"collection":[{"href":"https:\/\/wearevillage.org\/wp-json\/wp\/v2\/product"}],"about":[{"href":"https:\/\/wearevillage.org\/wp-json\/wp\/v2\/types\/product"}],"author":[{"embeddable":true,"href":"https:\/\/wearevillage.org\/wp-json\/wp\/v2\/users\/11"}],"wp:featuredmedia":[{"embeddable":true,"href":"https:\/\/wearevillage.org\/wp-json\/wp\/v2\/media\/39406"}],"wp:attachment":[{"href":"https:\/\/wearevillage.org\/wp-json\/wp\/v2\/media?parent=41381"}],"wp:term":[{"taxonomy":"product_brand","embeddable":true,"href":"https:\/\/wearevillage.org\/wp-json\/wp\/v2\/product_brand?post=41381"},{"taxonomy":"product_cat","embeddable":true,"href":"https:\/\/wearevillage.org\/wp-json\/wp\/v2\/product_cat?post=41381"},{"taxonomy":"product_tag","embeddable":true,"href":"https:\/\/wearevillage.org\/wp-json\/wp\/v2\/product_tag?post=41381"}],"curies":[{"name":"wp","href":"https:\/\/api.w.org\/{rel}","templated":true}]}}