{"id":41496,"date":"2026-03-17T16:34:38","date_gmt":"2026-03-17T15:34:38","guid":{"rendered":"https:\/\/wearevillage.org\/?post_type=product&#038;p=41496"},"modified":"2026-03-17T16:47:31","modified_gmt":"2026-03-17T15:47:31","slug":"cruising-durch-farbe-somatografie-der-intimitaet","status":"publish","type":"product","link":"https:\/\/wearevillage.org\/shop\/instinct-residency\/w12-2026\/","title":{"rendered":"Cruising durch Farbe \u2013 Somatografie der Intimit\u00e4t"},"content":{"rendered":"<div class=\"wpb-content-wrapper\"><div class=\"vc_row wpb_row vc_row-fluid\"><div class=\"wpb_column vc_column_container vc_col-sm-12\"><div class=\"vc_column-inner\"><div class=\"wpb_wrapper\"><h4 style=\"text-align: left\" class=\"vc_custom_heading vc_do_custom_heading\" >Cruising durch Farbe \u2013 Somatografie der Intimit\u00e4t<\/h4><h5 style=\"text-align: left\" class=\"vc_custom_heading vc_do_custom_heading\" >Artist: Martin Dieudonn\u00e9<\/h5>\n\t<div class=\"wpb_text_column wpb_content_element\" >\n\t\t<div class=\"wpb_wrapper\">\n\t\t\t<p>In dieser Performance pr\u00e4sentiert Martin Dieudonn\u00e9 eine Live-Begegnung zwischen K\u00fcnstler und Modell, die auf Pr\u00e4senz, Vertrauen, Intimit\u00e4t und Einvernehmen basiert. Obwohl durch eine gro\u00dfe Leinwand getrennt und ohne physischen Kontakt, malt der K\u00fcnstler durch Ber\u00fchrung: Er streichelt, h\u00e4lt und zeichnet den K\u00f6rper des Modells mit Gesten und Pigmenten nach und nutzt dabei seinen eigenen K\u00f6rper als Werkzeug. Die Leinwand wird zu einer Membran, in der Bewegung den direkten Hautkontakt ersetzt und Intimit\u00e4t in ein Bild verwandelt. Am Ende hofft der K\u00fcnstler, dass das Modell die Ber\u00fchrung durch das Gem\u00e4lde selbst sp\u00fcrt \u2013 als h\u00e4tte die Empfindung die Oberfl\u00e4che durchquert und sich im K\u00f6rper niedergelassen.<\/p>\n<p>Der Akt wird zu einem physischen Dialog, in dem Bewegung, Atem und Distanz das Bild formen. Verwurzelt in Live-Sitzungen mit Mitgliedern der schwulen und queeren Community, entsteht eine wachsende Familie von Portr\u00e4ts, die rohe Z\u00e4rtlichkeit und Verletzlichkeit zelebrieren.<\/p>\n<p>Das Modell bleibt ruhig und zugleich vollkommen pr\u00e4sent als Zeuge, w\u00e4hrend das Publikum als dritte Instanz beobachtet, wie K\u00f6rper durch Rhythmus, Aufmerksamkeit und F\u00fcrsorge entdeckt werden k\u00f6nnen. Durch Vertrauen und Hingabe bewahren diese Arbeiten Intimit\u00e4t als gemeinsame, kraftvolle Energie \u2013 ein Zeugnis gemeinsam gefeierter Verletzlichkeit.<\/p>\n<p>Die Performance dauert etwa 40 Minuten. Das Publikum ist eingeladen, sich frei im Raum zu bewegen, verschiedene Perspektiven einzunehmen und die Entstehung des Kunstwerks mitzuerleben.<\/p>\n\n\t\t<\/div>\n\t<\/div>\n<div class=\"vc_separator wpb_content_element vc_separator_align_center vc_sep_width_100 vc_sep_pos_align_center vc_separator_no_text vc_sep_color_grey wpb_content_element  wpb_content_element\" ><span class=\"vc_sep_holder vc_sep_holder_l\"><span class=\"vc_sep_line\"><\/span><\/span><span class=\"vc_sep_holder vc_sep_holder_r\"><span class=\"vc_sep_line\"><\/span><\/span>\n<\/div>\n\t<div class=\"wpb_text_column wpb_content_element\" >\n\t\t<div class=\"wpb_wrapper\">\n\t\t\t<p><img loading=\"lazy\" decoding=\"async\" class=\"wp-image-39567 alignleft\" src=\"https:\/\/wearevillage.org\/wp-content\/uploads\/2026\/02\/DSC_0992-2-scaled-e1771319563502.jpeg\" alt=\"\" width=\"150\" height=\"150\" srcset=\"https:\/\/wearevillage.org\/wp-content\/uploads\/2026\/02\/DSC_0992-2-scaled-e1771319563502.jpeg 950w, https:\/\/wearevillage.org\/wp-content\/uploads\/2026\/02\/DSC_0992-2-scaled-e1771319563502-300x300.jpeg 300w, https:\/\/wearevillage.org\/wp-content\/uploads\/2026\/02\/DSC_0992-2-scaled-e1771319563502-150x150.jpeg 150w, https:\/\/wearevillage.org\/wp-content\/uploads\/2026\/02\/DSC_0992-2-scaled-e1771319563502-768x768.jpeg 768w, https:\/\/wearevillage.org\/wp-content\/uploads\/2026\/02\/DSC_0992-2-scaled-e1771319563502-624x624.jpeg 624w, https:\/\/wearevillage.org\/wp-content\/uploads\/2026\/02\/DSC_0992-2-scaled-e1771319563502-390x390.jpeg 390w, https:\/\/wearevillage.org\/wp-content\/uploads\/2026\/02\/DSC_0992-2-scaled-e1771319563502-600x600.jpeg 600w, https:\/\/wearevillage.org\/wp-content\/uploads\/2026\/02\/DSC_0992-2-scaled-e1771319563502-100x100.jpeg 100w\" sizes=\"auto, (max-width: 150px) 100vw, 150px\" \/><\/p>\n<p><strong>Martin Dieudonn\u00e9<\/strong> ist ein K\u00fcnstler, der seinen eigenen Weg ohne traditionelle Kunstschulen geht. Seine Arbeiten thematisieren Intimit\u00e4t und menschliche Verbindung und nutzen Gem\u00e4lde und Performances, um Ber\u00fchrung, Bewegung und Pr\u00e4senz zu zeigen. Mit Wurzeln im Live-Modellieren und queeren Erfahrungen fordert Martins Kunst uns auf, emotionale und soziale Beziehungen neu zu betrachten und konzentriert sich auf gemeinsame Erlebnisse, die Vertrauen und darauf, Offenheit zu f\u00f6rdern.<\/p>\n<p>Er lebt in Berlin und der ruhigen Landschaft von Faucogney-et-la-Mer in Frankreich.<\/p>\n\n\t\t<\/div>\n\t<\/div>\n<div class=\"vc_separator wpb_content_element vc_separator_align_center vc_sep_width_100 vc_sep_pos_align_center vc_separator_no_text vc_sep_color_grey vc_custom_1723801636502 wpb_content_element  vc_custom_1723801636502 wpb_content_element\" ><span class=\"vc_sep_holder vc_sep_holder_l\"><span class=\"vc_sep_line\"><\/span><\/span><span class=\"vc_sep_holder vc_sep_holder_r\"><span class=\"vc_sep_line\"><\/span><\/span>\n<\/div>\n\t<div class=\"wpb_text_column wpb_content_element\" >\n\t\t<div class=\"wpb_wrapper\">\n\t\t\t<p><strong>\u00dcber Instinct<\/strong><\/p>\n<p>Instinct.berlin ist eine Kunstorganisation, die zweimal j\u00e4hrlich Ausstellungen mit queeren K\u00fcnstler:innen im Village, einem Community Center f\u00fcr queere Menschen in Berlin, pr\u00e4sentiert. Diese Ausstellungen, zusammen mit Performances und Gespr\u00e4chen, f\u00f6rdern die Interaktion zwischen K\u00fcnstler:innen und der lokalen Community.<\/p>\n<p>Das Residenzprogramm erm\u00f6glicht es den K\u00fcnstler:innen, sich intensiv mit der lebendigen Atmosph\u00e4re des Village auseinanderzusetzen und eine Br\u00fccke zwischen ihrer Arbeit und der breiteren queeren Community zu schlagen. Diese Zusammenarbeit bereichert den kulturellen Dialog und unterst\u00fctzt die Entwicklung queerer Kunstprojekte, was sowohl den K\u00fcnstlerinnen als auch der Gemeinschaft insgesamt zugutekommt.<\/p>\n\n\t\t<\/div>\n\t<\/div>\n\n\t<div class=\"wpb_text_column wpb_content_element\" >\n\t\t<div class=\"wpb_wrapper\">\n\t\t\t<p><strong>Informationen:<\/strong><\/p>\n<p>Diese Performance beinhaltet Nacktheit.<\/p>\n\n\t\t<\/div>\n\t<\/div>\n\n\t<div class=\"wpb_text_column wpb_content_element\" >\n\t\t<div class=\"wpb_wrapper\">\n\t\t\t<p>Schau auf\u00a0<strong><a href=\"https:\/\/www.instinct.berlin\/\">www.instinct.berlin<\/a><\/strong>\u00a0vorbei, um die K\u00fcnstler, Programmdetails und \u00d6ffnungszeiten zu finden.<\/p>\n\n\t\t<\/div>\n\t<\/div>\n<\/div><\/div><\/div><\/div>\n<\/div>","protected":false},"excerpt":{"rendered":"<h5>Performance<br \/>\n19:30 \u2013 21:00<br \/>\nkostenlos<\/h5>\n<p class=\"p1\"><strong>| <span style=\"color: #ec6c23;\">LGBTQIA+<\/span>\u00a0|<\/strong><\/p>\n<h5>Cruising durch Farbe \u2013 Somatografie der Intimit\u00e4t<\/h5>\n<p>In dieser Performance pr\u00e4sentiert Martin Dieudonn\u00e9 eine Live-Begegnung zwischen K\u00fcnstler und Modell, die auf Pr\u00e4senz, Vertrauen, Intimit\u00e4t und Einvernehmen basiert. Obwohl durch eine gro\u00dfe Leinwand getrennt und ohne physischen Kontakt, malt der K\u00fcnstler durch Ber\u00fchrung: Er streichelt, h\u00e4lt und zeichnet den K\u00f6rper des Modells mit Gesten und Pigmenten nach und nutzt dabei seinen eigenen K\u00f6rper als Werkzeug.<\/p>\n","protected":false},"author":12,"featured_media":41493,"template":"","meta":{"pmpro_default_level":"","inline_featured_image":false},"product_brand":[],"product_cat":[76,769],"product_tag":[469],"class_list":{"0":"post-41496","1":"product","2":"type-product","3":"status-publish","4":"has-post-thumbnail","6":"product_cat-ausstellung","7":"product_cat-kostenloser-zugang","8":"product_tag-lgbtqiaplus","9":"pmpro-has-access","11":"first","12":"outofstock","13":"product-type-simple"},"wpml_current_locale":"de_DE","wpml_translations":{"en_US":{"locale":"en_US","id":41497,"slug":"cruising-durch-farbe-somatografie-der-intimitaet","post_title":"Cruising through paint- Somatography of intimacy","href":"https:\/\/wearevillage.org\/en\/shop\/book-club\/w12-2026"}},"language":{"code":"de","locale":"","name":"","is_rtl":false},"_links":{"self":[{"href":"https:\/\/wearevillage.org\/wp-json\/wp\/v2\/product\/41496","targetHints":{"allow":["GET"]}}],"collection":[{"href":"https:\/\/wearevillage.org\/wp-json\/wp\/v2\/product"}],"about":[{"href":"https:\/\/wearevillage.org\/wp-json\/wp\/v2\/types\/product"}],"author":[{"embeddable":true,"href":"https:\/\/wearevillage.org\/wp-json\/wp\/v2\/users\/12"}],"wp:featuredmedia":[{"embeddable":true,"href":"https:\/\/wearevillage.org\/wp-json\/wp\/v2\/media\/41493"}],"wp:attachment":[{"href":"https:\/\/wearevillage.org\/wp-json\/wp\/v2\/media?parent=41496"}],"wp:term":[{"taxonomy":"product_brand","embeddable":true,"href":"https:\/\/wearevillage.org\/wp-json\/wp\/v2\/product_brand?post=41496"},{"taxonomy":"product_cat","embeddable":true,"href":"https:\/\/wearevillage.org\/wp-json\/wp\/v2\/product_cat?post=41496"},{"taxonomy":"product_tag","embeddable":true,"href":"https:\/\/wearevillage.org\/wp-json\/wp\/v2\/product_tag?post=41496"}],"curies":[{"name":"wp","href":"https:\/\/api.w.org\/{rel}","templated":true}]}}