{"id":41553,"date":"2026-03-18T16:33:55","date_gmt":"2026-03-18T15:33:55","guid":{"rendered":"https:\/\/wearevillage.org\/?post_type=product&#038;p=41553"},"modified":"2026-03-19T13:35:07","modified_gmt":"2026-03-19T12:35:07","slug":"freiwilligen-treffen-von-queer-bridges","status":"publish","type":"product","link":"https:\/\/wearevillage.org\/shop\/queer-bridges-monday\/w13-2026-2\/","title":{"rendered":"Freiwilligen-Treffen von Queer Bridges"},"content":{"rendered":"<div class=\"wpb-content-wrapper\"><div class=\"vc_row wpb_row vc_row-fluid\"><div class=\"wpb_column vc_column_container vc_col-sm-12\"><div class=\"vc_column-inner\"><div class=\"wpb_wrapper\"><h4 style=\"text-align: left\" class=\"vc_custom_heading vc_do_custom_heading\" >Freiwilligen-Treffen von Queer Bridges<\/h4><h5 style=\"text-align: left\" class=\"vc_custom_heading vc_do_custom_heading\" >mit Munir und Roby<\/h5>\n\t<div class=\"wpb_text_column wpb_content_element\" >\n\t\t<div class=\"wpb_wrapper\">\n\t\t\t<p>Wir laden alle \u201ewe are village\u201c-Volunteers herzlich zu einem Meet-up ein, das von der Projektleitung von Queer Bridges zusammen mit unserer Volunteer-Koordination gestaltet wird.<\/p>\n<p>Viele von euch bringen bereits so viel F\u00fcrsorge und Achtsamkeit in unsere R\u00e4ume ein \u2013 dieses Treffen ist eine Chance, uns zu vernetzen, uns abzustimmen und das zu teilen, was gut l\u00e4uft, w\u00e4hrend unsere Community und unsere Programme stetig wachsen.<\/p>\n<p>Es ist auch ein sch\u00f6ner Moment, um Gesichtern Namen zu geben, das Queer Bridges Programm n\u00e4her kennenzulernen und zu kl\u00e4ren, was dich dort beim Volunteering erwartet. Wir werden ein paar praktische Tipps teilen, die dir bei der Arbeit in den verschiedenen Teams und Aktivit\u00e4ten helfen k\u00f6nnen.<\/p>\n<p>Behutsam begleitet vom Queer Bridges Team, bietet dieses Zusammenkommen Raum f\u00fcr gemeinsames Nachdenken \u00fcber Themen wie Migration, Asyl und Flucht sowie Vielfalt, Community Care und unsere kollektive Verantwortung.<\/p>\n<p>Gleichzeitig m\u00f6chten wir Erfahrungen austauschen: Wie hei\u00dfen wir Teilnehmende willkommen? Wie arbeiten wir mit Facilitators zusammen? Und wie meistern wir Alltagssituationen so, dass unsere R\u00e4ume respektvoll, inklusiv und unterst\u00fctzend bleiben \u2013 ganz ohne die Dinge unn\u00f6tig kompliziert zu machen.<\/p>\n<p>Bring deine Fragen, Tipps und deine Sichtweise mit. Deine Erfahrung ist ein wesentlicher Teil dessen, was unsere Kultur pr\u00e4gt. Dieses Treffen wird auch in unser \u201eVolunteer Guidance Book\u201c einflie\u00dfen, damit dieses die echte Praxis widerspiegelt und uns dabei hilft, gemeinsam zu wachsen.<\/p>\n<p>\ud83d\udcac<strong> Was dich erwartet<\/strong><\/p>\n<p>Dieser Raum ist offen f\u00fcr deine Fragen, Erlebnisse und Perspektiven. Indem wir voneinander lernen, st\u00e4rken wir die Kultur der gegenseitigen Unterst\u00fctzung und der gemeinschaftlichen F\u00fcrsorge im Village.<\/p>\n<p>\ud83c\udf1f<strong> Neu hier? Du bist herzlich willkommen<\/strong><\/p>\n<p>Falls du neugierig bist und gerne mitmachen m\u00f6chtest: Wir freuen uns besonders auf Menschen, die Teil eines Teams sein wollen, das gemeinsam einen warmen, einladenden queeren Community-Ort gestaltet \u2013 einen Ort, der Vielfalt, Respekt und F\u00fcrsorge lebt. Du brauchst keine Vorerfahrung, nur Offenheit und Lust auf Begegnung. Bleib danach auch gerne noch f\u00fcr einen lockeren Austausch und ein Kennenlernen da.<\/p>\n<p>\u2728 <strong>Warum als Volunteer bei \u201ewe are village\u201c mitwirken?<\/strong><\/p>\n<p>Teil des Village zu sein bedeutet mehr, als nur ein einzelnes Event zu unterst\u00fctzen \u2013 es hei\u00dft, Teil einer fortlaufenden Reise zu sein. Gemeinsam schaffen wir bedeutsame, inklusive und lebendige R\u00e4ume, in denen Gemeinschaft wachsen und gedeihen kann.<\/p>\n<p>Wir laden dich herzlich ein, bei diesem gemeinsamen Moment der Verbindung, Reflexion und Mitgestaltung dabei zu sein. \ud83d\udc9b<\/p>\n\n\t\t<\/div>\n\t<\/div>\n<div class=\"vc_separator wpb_content_element vc_separator_align_center vc_sep_width_100 vc_sep_pos_align_center vc_separator_no_text vc_sep_color_grey wpb_content_element  wpb_content_element\" ><span class=\"vc_sep_holder vc_sep_holder_l\"><span class=\"vc_sep_line\"><\/span><\/span><span class=\"vc_sep_holder vc_sep_holder_r\"><span class=\"vc_sep_line\"><\/span><\/span>\n<\/div>\n\t<div class=\"wpb_text_column wpb_content_element\" >\n\t\t<div class=\"wpb_wrapper\">\n\t\t\t<p><strong>Queer Bridges: Verbindungen schaffen und Ressourcen f\u00fcr LGBTQIA+ Menschen mit Migrationserfahrung bereitstellen.<\/strong><br \/>\nQueere Menschen mit Migrationserfahrung in Berlin sehen sich in ihrem t\u00e4glichen Leben oft mit besonderen Herausforderungen konfrontiert, die ihren Zugang zu unterst\u00fctzenden Gemeinschaften und integrativen Umgebungen einschr\u00e4nken k\u00f6nnen.<\/p>\n<p>Mit Unterst\u00fctzung der<strong> Deutschen Fernsehlotterie Stiftung<\/strong>, haben wir das Programm Queer Bridges entwickelt, um diese H\u00fcrden zu \u00fcberwinden. Wir bieten Ressourcen, Vernetzung und Unterst\u00fctzung in einem einladenden Umfeld f\u00fcr queere Migrant*innen und Gefl\u00fcchtete durch unser spezielles Programm. Unser Ziel ist es, ein Gef\u00fchl der Zugeh\u00f6rigkeit zur lokalen LGBTQIA+ Community zu f\u00f6rdern und damit eine reibungslose Integration sowie eine verbesserte Lebensqualit\u00e4t f\u00fcr queere Menschen mit Migrations- und\/oder Fluchterfahrung zu erm\u00f6glichen.<\/p>\n\n\t\t<\/div>\n\t<\/div>\n<div class=\"vc_separator wpb_content_element vc_separator_align_center vc_sep_width_100 vc_sep_pos_align_center vc_separator_no_text vc_sep_color_grey wpb_content_element  wpb_content_element\" ><span class=\"vc_sep_holder vc_sep_holder_l\"><span class=\"vc_sep_line\"><\/span><\/span><span class=\"vc_sep_holder vc_sep_holder_r\"><span class=\"vc_sep_line\"><\/span><\/span>\n<\/div>\n\t<div class=\"wpb_text_column wpb_content_element\" >\n\t\t<div class=\"wpb_wrapper\">\n\t\t\t<p><u><strong>Hinweise<\/strong><\/u><br \/>\n<strong>Teilnehmende:<\/strong> This workshop centers all who identify as LGBTQ+ and have experienced migration and\/or displacement, while welcoming allies.<br \/>\n<strong>Sprache:<\/strong> Die Veranstaltung wird auf Englisch und Deutsch sein.<br \/>\nKostenlos mit Anmeldung.<\/p>\n\n\t\t<\/div>\n\t<\/div>\n<\/div><\/div><\/div><\/div>\n<\/div>","protected":false},"excerpt":{"rendered":"<h5>Montag<br \/>\n18:00-19:30<br \/>\nKostenfrei<\/h5>\n<p><strong> | <span style=\"color: #ec6c23;\"> LGBTQIA+ <\/span> | <\/strong><\/p>\n<p>Wir laden alle we are village Freiwilligen herzlich ein, an diesem Treffen teilzunehmen, das vom Queer Bridges Team gestaltet wird. Ziel dieser Session ist es, gemeinsam zu reflektieren und den Freiwilligen Werkzeuge, Erfahrungen und Lernm\u00f6glichkeiten zu vermitteln, die dazu beitragen, Bewusstsein, Sensibilit\u00e4t und F\u00fcrsorge im Umgang mit den vielf\u00e4ltigen Teilnehmenden und Facilitator*innen unserer Programme zu st\u00e4rken.<\/p>\n","protected":false},"author":12,"featured_media":41556,"template":"","meta":{"pmpro_default_level":"","inline_featured_image":false},"product_brand":[],"product_cat":[77,769,797],"product_tag":[469],"class_list":{"0":"post-41553","1":"product","2":"type-product","3":"status-publish","4":"has-post-thumbnail","6":"product_cat-community-events","7":"product_cat-kostenloser-zugang","8":"product_cat-queer-bridges-events-2","9":"product_tag-lgbtqiaplus","10":"pmpro-has-access","12":"first","13":"instock","14":"product-type-simple"},"wpml_current_locale":"de_DE","wpml_translations":{"en_US":{"locale":"en_US","id":41554,"slug":"freiwilligen-treffen-von-queer-bridges","post_title":"Volunteer Meet-Up by Queer Bridges","href":"https:\/\/wearevillage.org\/en\/shop\/queer-bridges-monday\/w13-2026-2"}},"language":{"code":"de","locale":"","name":"","is_rtl":false},"_links":{"self":[{"href":"https:\/\/wearevillage.org\/wp-json\/wp\/v2\/product\/41553","targetHints":{"allow":["GET"]}}],"collection":[{"href":"https:\/\/wearevillage.org\/wp-json\/wp\/v2\/product"}],"about":[{"href":"https:\/\/wearevillage.org\/wp-json\/wp\/v2\/types\/product"}],"author":[{"embeddable":true,"href":"https:\/\/wearevillage.org\/wp-json\/wp\/v2\/users\/12"}],"wp:featuredmedia":[{"embeddable":true,"href":"https:\/\/wearevillage.org\/wp-json\/wp\/v2\/media\/41556"}],"wp:attachment":[{"href":"https:\/\/wearevillage.org\/wp-json\/wp\/v2\/media?parent=41553"}],"wp:term":[{"taxonomy":"product_brand","embeddable":true,"href":"https:\/\/wearevillage.org\/wp-json\/wp\/v2\/product_brand?post=41553"},{"taxonomy":"product_cat","embeddable":true,"href":"https:\/\/wearevillage.org\/wp-json\/wp\/v2\/product_cat?post=41553"},{"taxonomy":"product_tag","embeddable":true,"href":"https:\/\/wearevillage.org\/wp-json\/wp\/v2\/product_tag?post=41553"}],"curies":[{"name":"wp","href":"https:\/\/api.w.org\/{rel}","templated":true}]}}