{"id":41624,"date":"2026-03-21T17:43:53","date_gmt":"2026-03-21T16:43:53","guid":{"rendered":"https:\/\/wearevillage.org\/?post_type=product&#038;p=41624"},"modified":"2026-03-24T15:29:33","modified_gmt":"2026-03-24T14:29:33","slug":"instinct-20-vernissage","status":"publish","type":"product","link":"https:\/\/wearevillage.org\/shop\/instinct-opening\/w14-2026\/","title":{"rendered":"instinct #20 Vernissage"},"content":{"rendered":"<div class=\"wpb-content-wrapper\"><div class=\"vc_row wpb_row vc_row-fluid\"><div class=\"wpb_column vc_column_container vc_col-sm-12\"><div class=\"vc_column-inner\"><div class=\"wpb_wrapper\"><h4 style=\"text-align: left\" class=\"vc_custom_heading vc_do_custom_heading\" >instinct #20 | Radical Empathy *Queer Perspectives on Conflict, Resilience, and Connection<\/h4><h5 style=\"text-align: left\" class=\"vc_custom_heading vc_do_custom_heading\" >Group exhibition<\/h5>\n\t<div class=\"wpb_text_column wpb_content_element\" >\n\t\t<div class=\"wpb_wrapper\">\n\t\t\t\n\t\t<\/div>\n\t<\/div>\n\n\t<div class=\"wpb_text_column wpb_content_element\" >\n\t\t<div class=\"wpb_wrapper\">\n\t\t\t<p><strong>Radical Empathy *Queere Perspektiven auf Konflikt, Resilienz & Verbundenheit<\/strong> ist <strong>instinct #20<\/strong> und vereint queere K\u00fcnstler:innen und Kollektive, um zu untersuchen, wie wir Konflikte anders leben k\u00f6nnen \u2013 durch Praktiken der F\u00fcrsorge, Resilienz und Verbindung.<\/p>\n<p>Konflikt ist Teil unseres Lebens. Wie k\u00f6nnen wir Konflikte anders leben? Radical Empathy geht von der Erkenntnis aus, dass Empathie nicht weich, neutral oder selbstverst\u00e4ndlich ist. Sie wird erlernt, ge\u00fcbt und riskiert. Die Ausstellung versteht queere k\u00fcnstlerische Praktiken als Orte radikaler Empathie \u2013 nicht als passives emotionales Sich-Identifizieren, sondern als relationale und transformative Auseinandersetzung mit Differenz.<\/p>\n<p>Ausgehend von queerer Geschichte, progressiven Ethiken der F\u00fcrsorge und zeitgen\u00f6ssischen Kunstpraktiken untersucht die Ausstellung, wie queere Kunst Bedingungen f\u00fcr Empathie schafft, die sich Assimilation widersetzen, heteronormative Perspektiven herausfordern und gelebte Erfahrung als eine zentrale Form von Wissen sichtbar machen. Queere K\u00fcnstler:innen und Kollektive arbeiten h\u00e4ufig aus Positionen historischer Ausgrenzung heraus und nutzen Kunst als Mittel zum \u00dcberleben, f\u00fcr Verbundenheit und zum Aufbau von Welten. In diesem Kontext geht Radical Empathy \u00fcber die Vorstellung hinaus, lediglich \u201emitzuf\u00fchlen\u201c; es betont die Bereitschaft, offen zu bleiben f\u00fcr Unbehagen, f\u00fcr Andersheit und f\u00fcr die M\u00f6glichkeit, sich durch Begegnung ver\u00e4ndern zu lassen.<\/p>\n<p><strong>instinct #20<\/strong><br \/>\n__ ge\u00f6ffnet 02.\u201312. April<\/p>\n<p>__ <strong>K\u00fcnstler:innen<br \/>\n<\/strong>Matthias Bade<br \/>\nJosch Hoenes & Tomka Wei\u00df<br \/>\nHeami Lee<br \/>\nPaul Harfleet<br \/>\nOwa Mesa<br \/>\nDylan Mitro<br \/>\nMonika Popiel & Pawe\u0142 \u015awierczek<br \/>\nLars Reimers<br \/>\nTejal Shah<br \/>\nAndrey Shental<\/p>\n<p>__ <strong>Performance<br \/>\n<\/strong>Ahmed El Gendy<br \/>\nDumama<\/p>\n<p>__ <strong>G\u00e4ste (workshops \/ panel)<br \/>\n<\/strong>Joshua Amissah<br \/>\nAntke Engel<br \/>\nJan Gro\u00dfer<br \/>\nLo H\u00f6ckner<br \/>\nMati Klitgard<\/p>\n<p>__ <strong>Film<br \/>\n<\/strong><em>Prinz in H\u00f6lleland<\/em> (1993) von Michael Stock<\/p>\n<p>__ <strong>Kooperation<br \/>\n<\/strong>Schwules Museum Berlin<br \/>\nSalzgeber Verleih<\/p>\n<p>__ <strong>Kuratorisches Team<br \/>\n<\/strong>Eric LeRouge<br \/>\nin Zusammenarbeit mit<br \/>\nNeo Seefried & Kristijan Radakovic<\/p>\n<p><em>* Die Ausstellung <strong>instinct#20 Radical Empathy<\/strong> versteht sich als k\u00fcnstlerische Reflexion zweier we are village Projekte: <strong>Conflict and Resilience<\/strong> und <strong>Queer Connect<\/strong>. Indem diese fr\u00fcheren Initiativen miteinander in Dialog gebracht werden, nimmt instinct#20 Radical Empathy ihre Ideen, Prozesse und Kontexte erneut auf und \u00fcberf\u00fchrt sie in einen neuen kuratorischen Rahmen, der zu einer erneuten Interpretation einl\u00e4dt.<\/em><\/p>\n\n\t\t<\/div>\n\t<\/div>\n<div class=\"vc_separator wpb_content_element vc_separator_align_center vc_sep_width_100 vc_sep_pos_align_center vc_separator_no_text vc_sep_color_grey wpb_content_element  wpb_content_element\" ><span class=\"vc_sep_holder vc_sep_holder_l\"><span class=\"vc_sep_line\"><\/span><\/span><span class=\"vc_sep_holder vc_sep_holder_r\"><span class=\"vc_sep_line\"><\/span><\/span>\n<\/div>\n\t<div class=\"wpb_text_column wpb_content_element\" >\n\t\t<div class=\"wpb_wrapper\">\n\t\t\t<p><b>Detailliertes Programm<\/b><\/p>\n<p>__ <strong>Donnerstag 2\/04<\/strong><\/p>\n<p>Er\u00f6ffnung 18:00\u201322:00<br \/>\nPerformance von Dumama \u2013 18:00<\/p>\n<p>__ <strong>Samstag 4\/04 \u2013 17:00<\/strong><\/p>\n<p>Performance von Ahmed El Gendy<\/p>\n<p>__ <strong>Sonntag 5\/04 \u2013 16:00\u201317:00<\/strong><\/p>\n<p>Kuratorische F\u00fchrung (EN) mit Eric LeRouge & Kristijan Radakovic<\/p>\n<p>__ <strong>Montag 6\/04 \u2013 14:00\u201318:00<\/strong><\/p>\n<p>instinct meets stretch festival (Privatveranstaltung)<\/p>\n<p>__ <strong>Freitag 10\/04 \u2013 19:00\u201321:00<\/strong><\/p>\n<p>Paneldiskussion <em>Between Care and Confrontation<\/em><\/p>\n<p><strong>Moderation<\/strong>: Neo Seefried<br \/>\n<strong>G\u00e4ste:<\/strong> Joshua Amissah, Antke Engel, Jan Gro\u00dfer, Mati Klitgard, Eric LeRouge<\/p>\n<p>__ <strong>Samstag 11\/04 \u2013 16:00\u201318:00<\/strong><\/p>\n<p>Workshop mit Lo H\u00f6ckner<br \/>\n<em>Beyond Overwhelm \u2013 Somatic tools for shifting from individual struggle to a collective one<\/em><\/p>\n<p>__ <strong>Sonntag 12\/04 \u2013 15:00\u201316:00<\/strong><\/p>\n<p>Kuratorische F\u00fchrung (DE) mit Eric LeRouge & Neo Seefried<\/p>\n<p>__ <strong>Sonntag 12\/04 \u2013 17:00\u201320:00<\/strong><\/p>\n<p>Screening <em>Prinz in H\u00f6lleland<\/em> (1993) von Michael Stock<\/p>\n<p>Mit dem Regisseur anwesend, anschlie\u00dfend Q&A.<\/p>\n<p><em><strong>\u00b0\u00b0 alle Veranstaltungen sind kostenlos<\/strong><\/em><\/p>\n\n\t\t<\/div>\n\t<\/div>\n<div class=\"vc_separator wpb_content_element vc_separator_align_center vc_sep_width_100 vc_sep_pos_align_center vc_separator_no_text vc_sep_color_grey wpb_content_element  wpb_content_element\" ><span class=\"vc_sep_holder vc_sep_holder_l\"><span class=\"vc_sep_line\"><\/span><\/span><span class=\"vc_sep_holder vc_sep_holder_r\"><span class=\"vc_sep_line\"><\/span><\/span>\n<\/div>\n\t<div class=\"wpb_text_column wpb_content_element\" >\n\t\t<div class=\"wpb_wrapper\">\n\t\t\t<p><strong>\u00dcber Instinct<br \/>\n<\/strong>Instinct.berlin ist eine Kunstorganisation, die zweimal j\u00e4hrlich Ausstellungen mit queeren K\u00fcnstler:innen im Village, einem Community Center f\u00fcr queere Menschen in Berlin, pr\u00e4sentiert. Diese Ausstellungen, zusammen mit Performances und Gespr\u00e4chen, f\u00f6rdern die Interaktion zwischen K\u00fcnstler:innen und der lokalen Community.<\/p>\n<p>Das Residenzprogramm erm\u00f6glicht es den K\u00fcnstler:innen, sich intensiv mit der lebendigen Atmosph\u00e4re des Village auseinanderzusetzen und eine Br\u00fccke zwischen ihrer Arbeit und der breiteren queeren Community zu schlagen. Diese Zusammenarbeit bereichert den kulturellen Dialog und unterst\u00fctzt die Entwicklung queerer Kunstprojekte, was sowohl den K\u00fcnstlerinnen als auch der Gemeinschaft insgesamt zugutekommt.<\/p>\n<p>Das Event ist Teil unseres Projekts Art Bridge Berlin, das die Einbeziehung von queeren K\u00fcnstlern mit Fl\u00fcchtlings- oder Migrationserfahrung unterst\u00fctzt.<\/p>\n\n\t\t<\/div>\n\t<\/div>\n<div class=\"vc_separator wpb_content_element vc_separator_align_center vc_sep_width_100 vc_sep_pos_align_center vc_separator_no_text vc_sep_color_grey wpb_content_element  wpb_content_element\" ><span class=\"vc_sep_holder vc_sep_holder_l\"><span class=\"vc_sep_line\"><\/span><\/span><span class=\"vc_sep_holder vc_sep_holder_r\"><span class=\"vc_sep_line\"><\/span><\/span>\n<\/div>\n\t<div class=\"wpb_text_column wpb_content_element\" >\n\t\t<div class=\"wpb_wrapper\">\n\t\t\t<div class=\"page\" title=\"Page 1\">\n<div class=\"section\">\n<div class=\"layoutArea\">\n<div class=\"column\">\n<div class=\"page\" title=\"Page 1\">\n<div class=\"section\">\n<div class=\"layoutArea\">\n<div class=\"column\">\n<p>Schau auf <strong><a href=\"https:\/\/www.instinct.berlin\/\">www.instinct.berlin<\/a><\/strong> vorbei, um die K\u00fcnstler, Programmdetails und \u00d6ffnungszeiten zu finden.<\/p>\n<\/div>\n<\/div>\n<\/div>\n<\/div>\n<\/div>\n<\/div>\n<\/div>\n<\/div>\n\n\t\t<\/div>\n\t<\/div>\n<\/div><\/div><\/div><\/div>\n<\/div>","protected":false},"excerpt":{"rendered":"<p><strong>instinct #20<br \/>\n<\/strong><strong>Radical Empathy<br \/>\n<\/strong><strong>*Queer Perspectives on Conflict, Resilience & Connection<br \/>\n<\/strong><\/p>\n<p><strong>Gruppenausstellung<br \/>\n<\/strong>2.\u201312. April 2026<\/p>\n<p class=\"p1\"><strong>| <span style=\"color: #ec6c23;\">LGBTQAI+ <\/span>|<\/strong><\/p>\n<p>Er\u00f6ffnung am 02. April um 18:00 Uhr<br \/>\nGe\u00f6ffnet Freitag, Samstag, Sonntag \u2013 14:00 bis 18:00<br \/>\nDetailliertes Programm: <strong><a class=\"_ps2id\" href=\"https:\/\/www.instinct.berlin\/\" data-ps2id-offset=\"\">www.instinct.berlin<\/a><\/strong><\/p>\n","protected":false},"author":12,"featured_media":41722,"template":"","meta":{"pmpro_default_level":"","inline_featured_image":false},"product_brand":[],"product_cat":[952,954,76,769],"product_tag":[469],"class_list":{"0":"post-41624","1":"product","2":"type-product","3":"status-publish","4":"has-post-thumbnail","6":"product_cat-radical-empathy","7":"product_cat-queer-connect","8":"product_cat-ausstellung","9":"product_cat-kostenloser-zugang","10":"product_tag-lgbtqiaplus","11":"pmpro-has-access","13":"first","14":"outofstock","15":"product-type-variable"},"wpml_current_locale":"de_DE","wpml_translations":{"en_US":{"locale":"en_US","id":41628,"slug":"instinct-opening-w14-2026","post_title":"instinct #20 Vernissage","href":"https:\/\/wearevillage.org\/en\/shop\/instinct-opening-w14-2026\/"}},"language":{"code":"de","locale":"","name":"","is_rtl":false},"_links":{"self":[{"href":"https:\/\/wearevillage.org\/wp-json\/wp\/v2\/product\/41624","targetHints":{"allow":["GET"]}}],"collection":[{"href":"https:\/\/wearevillage.org\/wp-json\/wp\/v2\/product"}],"about":[{"href":"https:\/\/wearevillage.org\/wp-json\/wp\/v2\/types\/product"}],"author":[{"embeddable":true,"href":"https:\/\/wearevillage.org\/wp-json\/wp\/v2\/users\/12"}],"wp:featuredmedia":[{"embeddable":true,"href":"https:\/\/wearevillage.org\/wp-json\/wp\/v2\/media\/41722"}],"wp:attachment":[{"href":"https:\/\/wearevillage.org\/wp-json\/wp\/v2\/media?parent=41624"}],"wp:term":[{"taxonomy":"product_brand","embeddable":true,"href":"https:\/\/wearevillage.org\/wp-json\/wp\/v2\/product_brand?post=41624"},{"taxonomy":"product_cat","embeddable":true,"href":"https:\/\/wearevillage.org\/wp-json\/wp\/v2\/product_cat?post=41624"},{"taxonomy":"product_tag","embeddable":true,"href":"https:\/\/wearevillage.org\/wp-json\/wp\/v2\/product_tag?post=41624"}],"curies":[{"name":"wp","href":"https:\/\/api.w.org\/{rel}","templated":true}]}}