{"id":41642,"date":"2026-03-22T01:03:11","date_gmt":"2026-03-22T00:03:11","guid":{"rendered":"https:\/\/wearevillage.org\/?post_type=product&#038;p=41642"},"modified":"2026-03-25T13:08:56","modified_gmt":"2026-03-25T12:08:56","slug":"instinct-20-workshop","status":"publish","type":"product","link":"https:\/\/wearevillage.org\/shop\/village-instinct-workshop\/w15-2026\/","title":{"rendered":"Instinct #20 | Workshop"},"content":{"rendered":"<div class=\"wpb-content-wrapper\"><div class=\"vc_row wpb_row vc_row-fluid\"><div class=\"wpb_column vc_column_container vc_col-sm-10\"><div class=\"vc_column-inner\"><div class=\"wpb_wrapper\"><\/div><\/div><\/div><div class=\"wpb_column vc_column_container vc_col-sm-2\"><div class=\"vc_column-inner\"><div class=\"wpb_wrapper\"><\/div><\/div><\/div><\/div><div class=\"vc_row wpb_row vc_row-fluid\"><div class=\"wpb_column vc_column_container vc_col-sm-12\"><div class=\"vc_column-inner\"><div class=\"wpb_wrapper\"><h4 style=\"text-align: left\" class=\"vc_custom_heading vc_do_custom_heading\" >Instinct #20 | Beyond Overwhelm | Somatic tools for shifting from individual struggle to a collective one<\/h4><h5 style=\"text-align: left\" class=\"vc_custom_heading vc_do_custom_heading\" >Workshop mit Lo H\u00f6ckner<\/h5>\n\t<div class=\"wpb_text_column wpb_content_element\" >\n\t\t<div class=\"wpb_wrapper\">\n\t\t\t<p><strong>Beyond Overwhelm<\/strong> ist ein somatischer, kollektiver Workshop, der K\u00f6rperarbeit mit sozialem Wandel verbindet. Wir \u00fcben gemeinsam, um wieder mehr Ruhe, Klarheit und Handlungsspielraum zu gewinnen \u2013 als Basis, um gemeinsam statt allein mit Druck und Stress umzugehen.<\/p>\n<p>Im Workshop schauen wir darauf, wie kapitalistische Arbeitskulturen \u00dcberforderung und Daueranspannung f\u00f6rdern \u2013 und was uns hilft, dem etwas entgegenzusetzen. Du bekommst praktische Tools, um aus dem Overwhelm rauszukommen, in Kontakt zu bleiben und Vereinzelung zu durchbrechen. Wir sprechen auch dar\u00fcber, warum das f\u00fcr langfristiges Engagement und politische Handlungsf\u00e4higkeit wichtig ist.<\/p>\n<p>Mit k\u00f6rperbasierten \u00dcbungen, Austausch und einfachen Reflexionsformaten \u00fcbertragen wir das auf deinen Alltag: Was bringt dich aus dem Gleichgewicht \u2013 und was st\u00e4rkt dich? Und wie k\u00f6nnen Verbindung, F\u00fcrsorge und gegenseitige Unterst\u00fctzung darin mehr Platz bekommen?<\/p>\n\n\t\t<\/div>\n\t<\/div>\n<div class=\"vc_separator wpb_content_element vc_separator_align_center vc_sep_width_100 vc_sep_pos_align_center vc_separator_no_text vc_sep_color_grey wpb_content_element  wpb_content_element\" ><span class=\"vc_sep_holder vc_sep_holder_l\"><span class=\"vc_sep_line\"><\/span><\/span><span class=\"vc_sep_holder vc_sep_holder_r\"><span class=\"vc_sep_line\"><\/span><\/span>\n<\/div>\n\t<div class=\"wpb_text_column wpb_content_element\" >\n\t\t<div class=\"wpb_wrapper\">\n\t\t\t<div id=\"wpwrap\">\n<div id=\"adminmenumain\" role=\"navigation\" aria-label=\"Main menu\">\n<div id=\"wpwrap\">\n<div id=\"adminmenumain\" role=\"navigation\" aria-label=\"Main menu\"><img loading=\"lazy\" decoding=\"async\" class=\" wp-image-41650 alignleft\" src=\"https:\/\/wearevillage.org\/wp-content\/uploads\/2026\/03\/wav-team-Lo-Hockner-270x300.png\" alt=\"\" width=\"160\" height=\"178\" srcset=\"https:\/\/wearevillage.org\/wp-content\/uploads\/2026\/03\/wav-team-Lo-Hockner-270x300.png 270w, https:\/\/wearevillage.org\/wp-content\/uploads\/2026\/03\/wav-team-Lo-Hockner-135x150.png 135w, https:\/\/wearevillage.org\/wp-content\/uploads\/2026\/03\/wav-team-Lo-Hockner-768x853.png 768w, https:\/\/wearevillage.org\/wp-content\/uploads\/2026\/03\/wav-team-Lo-Hockner-624x693.png 624w, https:\/\/wearevillage.org\/wp-content\/uploads\/2026\/03\/wav-team-Lo-Hockner-390x433.png 390w, https:\/\/wearevillage.org\/wp-content\/uploads\/2026\/03\/wav-team-Lo-Hockner-600x667.png 600w, https:\/\/wearevillage.org\/wp-content\/uploads\/2026\/03\/wav-team-Lo-Hockner.png 900w\" sizes=\"auto, (max-width: 160px) 100vw, 160px\" \/> <strong>Lo H\u00f6ckner<\/strong> (dey\/dem) ist Choreograf*in, Performerin und somatische Praktikerin, deren Interesse dem transformativen Potenzial des K\u00f6rpers durch neue Beziehungen gilt. Dey hat den \u201eEmbodied Social Justice Learning Circle\u201c ins Leben gerufen und arbeitet mit Somatic Experiencing\u00ae und Pantarei. Los Praxis umfasst erweiterte Choreografie, Gemeinschaftsbildung durch Tanz, somatische sowie k\u00fcnstliche Intelligenzen, ortsspezifische Erkundungen und die Verbindung von Kunst, Heilpraktiken und Aktivismus.<\/div>\n<\/div>\n<\/div>\n<\/div>\n\n\t\t<\/div>\n\t<\/div>\n<div class=\"vc_separator wpb_content_element vc_separator_align_center vc_sep_width_100 vc_sep_pos_align_center vc_separator_no_text vc_sep_color_grey wpb_content_element  wpb_content_element\" ><span class=\"vc_sep_holder vc_sep_holder_l\"><span class=\"vc_sep_line\"><\/span><\/span><span class=\"vc_sep_holder vc_sep_holder_r\"><span class=\"vc_sep_line\"><\/span><\/span>\n<\/div>\n\t<div class=\"wpb_text_column wpb_content_element\" >\n\t\t<div class=\"wpb_wrapper\">\n\t\t\t<p><strong>Hinweise<br \/>\n<\/strong><strong>Sprache<\/strong>: Diese Veranstaltung findet je nach Bedarf der Gruppe auf Englisch statt.<br \/>\n<strong>Anmeldung<\/strong>: Die Pl\u00e4tze sind begrenzt. Eine Anmeldung \u00fcber unsere Website ist daher erforderlich.<br \/>\n<strong>Kosten<\/strong>: Kostenlos mit Anmeldung.<\/p>\n<p><em>**Der Workshop ist Teil der Ausstellung Instinct #20. Das vollst\u00e4ndige Programm: <a href=\"http:\/\/www.instinct.berlin\">www.instinct.berlin<\/a>.<\/em><br \/>\n<em>**Diese Veranstaltung ist Teil unseres Programms \u201e<strong><a href=\"https:\/\/wearevillage.org\/queer-connect\/\" target=\"_blank\" rel=\"noopener\">queer connect<\/a><\/strong>\u201c, unterst\u00fctzt von der <strong>Stiftung Deutsche Klassenlotterie Berlin<\/strong>.<\/em><\/p>\n\n\t\t<\/div>\n\t<\/div>\n<\/div><\/div><\/div><\/div>\n<\/div>","protected":false},"excerpt":{"rendered":"<h5>Samstag<br \/>\n16:00 \u2013 19:00<br \/>\nkostenlos mit Anmeldung<\/h5>\n<p class=\"p1\"><strong>| <span style=\"color: #ec6c23;\">LGBTQIA+<\/span>\u00a0|<\/strong><\/p>\n<p><strong>Beyond Overwhelm<\/strong> ist ein somatischer, kollektiver Workshop, der verk\u00f6rperte Praxis mit sozialem Wandel verbindet. Gemeinsam erkunden die Teilnehmenden, wie kapitalistische Arbeitskulturen unsere Nervensysteme in Richtung chronischer \u00dcberforderung und Isolation pr\u00e4gen \u2013 und wie wir verk\u00f6rperten Widerstand kultivieren k\u00f6nnen.<\/p>\n","protected":false},"author":12,"featured_media":41648,"template":"","meta":{"pmpro_default_level":"","inline_featured_image":false},"product_brand":[],"product_cat":[954,76,83],"product_tag":[469],"class_list":{"0":"post-41642","1":"product","2":"type-product","3":"status-publish","4":"has-post-thumbnail","6":"product_cat-queer-connect","7":"product_cat-ausstellung","8":"product_cat-workshops","9":"product_tag-lgbtqiaplus","10":"pmpro-has-access","12":"first","13":"instock","14":"product-type-simple"},"wpml_current_locale":"de_DE","wpml_translations":{"en_US":{"locale":"en_US","id":41643,"slug":"village-instinct-workshop-w15-2026","post_title":"Instinct #20 | Workshop","href":"https:\/\/wearevillage.org\/en\/shop\/village-instinct-workshop\/w15-2026"}},"language":{"code":"de","locale":"","name":"","is_rtl":false},"_links":{"self":[{"href":"https:\/\/wearevillage.org\/wp-json\/wp\/v2\/product\/41642","targetHints":{"allow":["GET"]}}],"collection":[{"href":"https:\/\/wearevillage.org\/wp-json\/wp\/v2\/product"}],"about":[{"href":"https:\/\/wearevillage.org\/wp-json\/wp\/v2\/types\/product"}],"author":[{"embeddable":true,"href":"https:\/\/wearevillage.org\/wp-json\/wp\/v2\/users\/12"}],"wp:featuredmedia":[{"embeddable":true,"href":"https:\/\/wearevillage.org\/wp-json\/wp\/v2\/media\/41648"}],"wp:attachment":[{"href":"https:\/\/wearevillage.org\/wp-json\/wp\/v2\/media?parent=41642"}],"wp:term":[{"taxonomy":"product_brand","embeddable":true,"href":"https:\/\/wearevillage.org\/wp-json\/wp\/v2\/product_brand?post=41642"},{"taxonomy":"product_cat","embeddable":true,"href":"https:\/\/wearevillage.org\/wp-json\/wp\/v2\/product_cat?post=41642"},{"taxonomy":"product_tag","embeddable":true,"href":"https:\/\/wearevillage.org\/wp-json\/wp\/v2\/product_tag?post=41642"}],"curies":[{"name":"wp","href":"https:\/\/api.w.org\/{rel}","templated":true}]}}