{"id":41861,"date":"2026-03-26T14:30:19","date_gmt":"2026-03-26T13:30:19","guid":{"rendered":"https:\/\/wearevillage.org\/?post_type=product&#038;p=41861"},"modified":"2026-03-26T21:36:57","modified_gmt":"2026-03-26T20:36:57","slug":"life-drawing-queer-images","status":"publish","type":"product","link":"https:\/\/wearevillage.org\/shop\/queer-images\/w21-2026\/","title":{"rendered":"Life Drawing"},"content":{"rendered":"<div class=\"wpb-content-wrapper\"><div class=\"vc_row wpb_row vc_row-fluid\"><div class=\"wpb_column vc_column_container vc_col-sm-12\"><div class=\"vc_column-inner\"><div class=\"wpb_wrapper\"><h4 style=\"text-align: left\" class=\"vc_custom_heading vc_do_custom_heading\" >Life Drawing<\/h4><h5 style=\"text-align: left\" class=\"vc_custom_heading vc_do_custom_heading\" >Life Drawing mit Sholem Krishtalka<\/h5>\n\t<div class=\"wpb_text_column wpb_content_element\" >\n\t\t<div class=\"wpb_wrapper\">\n\t\t\t<p>Diese Sitzung bietet den Teilnehmenden einen Raum, um Aktzeichnen nach Modell zu erkunden. Der Workshop folgt einer typischen Aktzeichen-Struktur: kurze einf\u00fchrende Posen zum Aufw\u00e4rmen, gefolgt von zunehmend l\u00e4ngeren und anspruchsvolleren Posen.<\/p>\n<p>Alle Niveau sind willkommen: wir bieten gern Anleitung, Hinweise und konstruktives Feedback, um deine Tecknick zu verbessern.<\/p>\n<ul>\n<li>Erfahrenere Zeichner*innen, die einfach die Gelegenheit nutzen m\u00f6chten, in einem Kontext mit Live-Modell zu zeichnen, k\u00f6nnen in ihrem eigenen Tempo arbeiten.<\/li>\n<li>F\u00fcr Anf\u00e4nger*innen, die es einfach einmal ausprobieren m\u00f6chten, stehen au\u00dferdem einige grundlegende Materialien in begrenzter Menge zur Verf\u00fcgung.<\/li>\n<\/ul>\n\n\t\t<\/div>\n\t<\/div>\n<div class=\"vc_separator wpb_content_element vc_separator_align_center vc_sep_width_100 vc_sep_pos_align_center vc_separator_no_text vc_sep_color_grey wpb_content_element  wpb_content_element\" ><span class=\"vc_sep_holder vc_sep_holder_l\"><span class=\"vc_sep_line\"><\/span><\/span><span class=\"vc_sep_holder vc_sep_holder_r\"><span class=\"vc_sep_line\"><\/span><\/span>\n<\/div>\n\t<div class=\"wpb_text_column wpb_content_element\" >\n\t\t<div class=\"wpb_wrapper\">\n\t\t\t<p><strong><img loading=\"lazy\" decoding=\"async\" class=\"wp-image-41864 alignleft\" src=\"https:\/\/wearevillage.org\/wp-content\/uploads\/2026\/03\/wav-team-Sholem-Krishtalka.png\" alt=\"\" width=\"150\" height=\"167\" srcset=\"https:\/\/wearevillage.org\/wp-content\/uploads\/2026\/03\/wav-team-Sholem-Krishtalka.png 900w, https:\/\/wearevillage.org\/wp-content\/uploads\/2026\/03\/wav-team-Sholem-Krishtalka-270x300.png 270w, https:\/\/wearevillage.org\/wp-content\/uploads\/2026\/03\/wav-team-Sholem-Krishtalka-135x150.png 135w, https:\/\/wearevillage.org\/wp-content\/uploads\/2026\/03\/wav-team-Sholem-Krishtalka-768x853.png 768w, https:\/\/wearevillage.org\/wp-content\/uploads\/2026\/03\/wav-team-Sholem-Krishtalka-624x693.png 624w, https:\/\/wearevillage.org\/wp-content\/uploads\/2026\/03\/wav-team-Sholem-Krishtalka-390x433.png 390w, https:\/\/wearevillage.org\/wp-content\/uploads\/2026\/03\/wav-team-Sholem-Krishtalka-600x667.png 600w\" sizes=\"auto, (max-width: 150px) 100vw, 150px\" \/><\/strong><\/p>\n<p><strong>Sholem Krishtalka<\/strong> ist ein K\u00fcnstler und Autor, der derzeit in Berlin, Deutschland, lebt. Seine tagebuchartige Arbeit besch\u00e4ftigt sich vor allem mit Intimit\u00e4t, Erinnerung und dem Archiv. Seine Werke wurden in Museen und Galerien in Europa, den USA und Kanada ausgestellt und befinden sich in zahlreichen \u00f6ffentlichen Sammlungen, insbesondere in der Bibliothek der National Gallery of Canada, der Kandinsky-Bibliothek am Centre Pompidou sowie der New York Public Library. Seine Texte sind international in Zeitschriften, Fachjournalen und Ausstellungskatalogen erschienen. <strong>www.sholem.ca<\/strong><\/p>\n<p><strong>\u00a0<\/strong><\/p>\n\n\t\t<\/div>\n\t<\/div>\n<div class=\"vc_separator wpb_content_element vc_separator_align_center vc_sep_width_100 vc_sep_pos_align_center vc_separator_no_text vc_sep_color_grey wpb_content_element  wpb_content_element\" ><span class=\"vc_sep_holder vc_sep_holder_l\"><span class=\"vc_sep_line\"><\/span><\/span><span class=\"vc_sep_holder vc_sep_holder_r\"><span class=\"vc_sep_line\"><\/span><\/span>\n<\/div>\n\t<div class=\"wpb_text_column wpb_content_element\" >\n\t\t<div class=\"wpb_wrapper\">\n\t\t\t<p><span style=\"text-decoration: underline;\"><strong>Hinweise<\/strong><\/span><br \/>\n<strong>Teilnehmende<\/strong>: Dieser Workshop richtet sich an alle, die sich als LGBTQIA+ identifizieren.<br \/>\n<strong>Sprache<\/strong>: Je nach Bed\u00fcrfnissen der Gruppe werden wir Englisch sprechen.<br \/>\n<strong>Kosten<\/strong>: kostenlos mit Anmeldung.<\/p>\n<p><em>** Diese Veranstaltung ist Teil unseres Programms \u201a<strong><a href=\"https:\/\/wearevillage.org\/village-quartiere\/addressing-queer-lonliness\" target=\"_blank\" rel=\"noopener\">Gemeinsam statt einsam<\/a><\/strong>\u201a, unterst\u00fctzt von der <strong><a href=\"https:\/\/www.berlin.de\/sen\/lads\/\" target=\"_blank\" rel=\"noopener\">LADS<\/a><\/strong>. <\/em><br \/>\n<em>Erfahre mehr \u00fcber das Programm <a href=\"https:\/\/wearevillage.org\/village-quartiere\/addressing-queer-lonliness\" target=\"_blank\" rel=\"noopener\">hier<\/a>.<br \/>\n<strong>** Diese Veranstaltung findet einmal im Mai statt und wird ab September regelm\u00e4\u00dfig stattfinden.<\/strong><br \/>\n<\/em><\/p>\n\n\t\t<\/div>\n\t<\/div>\n<\/div><\/div><\/div><\/div>\n<\/div>","protected":false},"excerpt":{"rendered":"<h5>Samstag<br \/>\n13:00-15:00<br \/>\nkostenlos mit Anmeldung<\/h5>\n<p><strong> | <span style=\"color: #ec6c23;\"> LGBTQIA+ <\/span> | <\/strong><\/p>\n<p><strong>Life Drawing mit Sholem Krishtalka<br \/>\n<\/strong>Diese Sitzung bietet den Teilnehmenden einen Raum, um Aktzeichnen nach Modell zu erkunden. Der Workshop folgt einer typischen Aktzeichen-Struktur: kurze einf\u00fchrende Posen zum Aufw\u00e4rmen, gefolgt von zunehmend l\u00e4ngeren und anspruchsvolleren Posen.<\/p>\n","protected":false},"author":12,"featured_media":41866,"template":"","meta":{"pmpro_default_level":"","inline_featured_image":false},"product_brand":[],"product_cat":[77,791,76,769],"product_tag":[469],"class_list":{"0":"post-41861","1":"product","2":"type-product","3":"status-publish","4":"has-post-thumbnail","6":"product_cat-community-events","7":"product_cat-gemeinsam-statt-einsam","8":"product_cat-ausstellung","9":"product_cat-kostenloser-zugang","10":"product_tag-lgbtqiaplus","11":"pmpro-has-access","13":"first","14":"outofstock","15":"purchasable","16":"product-type-simple"},"wpml_current_locale":"de_DE","wpml_translations":{"en_US":{"locale":"en_US","id":41862,"slug":"life-drawing-queer-images","post_title":"Life Drawing - Queer Images","href":"https:\/\/wearevillage.org\/en\/shop\/queer-images\/w21-2026"}},"language":{"code":"de","locale":"","name":"","is_rtl":false},"_links":{"self":[{"href":"https:\/\/wearevillage.org\/wp-json\/wp\/v2\/product\/41861","targetHints":{"allow":["GET"]}}],"collection":[{"href":"https:\/\/wearevillage.org\/wp-json\/wp\/v2\/product"}],"about":[{"href":"https:\/\/wearevillage.org\/wp-json\/wp\/v2\/types\/product"}],"author":[{"embeddable":true,"href":"https:\/\/wearevillage.org\/wp-json\/wp\/v2\/users\/12"}],"wp:featuredmedia":[{"embeddable":true,"href":"https:\/\/wearevillage.org\/wp-json\/wp\/v2\/media\/41866"}],"wp:attachment":[{"href":"https:\/\/wearevillage.org\/wp-json\/wp\/v2\/media?parent=41861"}],"wp:term":[{"taxonomy":"product_brand","embeddable":true,"href":"https:\/\/wearevillage.org\/wp-json\/wp\/v2\/product_brand?post=41861"},{"taxonomy":"product_cat","embeddable":true,"href":"https:\/\/wearevillage.org\/wp-json\/wp\/v2\/product_cat?post=41861"},{"taxonomy":"product_tag","embeddable":true,"href":"https:\/\/wearevillage.org\/wp-json\/wp\/v2\/product_tag?post=41861"}],"curies":[{"name":"wp","href":"https:\/\/api.w.org\/{rel}","templated":true}]}}