{"id":42254,"date":"2026-04-07T14:01:39","date_gmt":"2026-04-07T12:01:39","guid":{"rendered":"https:\/\/wearevillage.org\/?post_type=product&#038;p=42254"},"modified":"2026-04-08T15:13:01","modified_gmt":"2026-04-08T13:13:01","slug":"radical-empathy-2","status":"publish","type":"product","link":"https:\/\/wearevillage.org\/shop\/radical-empathy\/w16-2026\/","title":{"rendered":"Radical Empathy"},"content":{"rendered":"<div class=\"wpb-content-wrapper\"><div class=\"vc_row wpb_row vc_row-fluid\"><div class=\"wpb_column vc_column_container vc_col-sm-12\"><div class=\"vc_column-inner\"><div class=\"wpb_wrapper\"><h4 style=\"text-align: left\" class=\"vc_custom_heading vc_do_custom_heading\" >Radikale Empathie \u2013 Werkzeuge f\u00fcr das Miteinander<\/h4><h5 style=\"text-align: left\" class=\"vc_custom_heading vc_do_custom_heading\" >Beziehungen und Partnerschaften mit neo seefried und Maximilian Popp<\/h5>\n\t<div class=\"wpb_text_column wpb_content_element\" >\n\t\t<div class=\"wpb_wrapper\">\n\t\t\t<p><strong>Gast in diesem Monat: Maximilian Popp \u2013 systemischer Paartherapeut<\/strong><\/p>\n<p><strong>Beziehungen und Partnerschaften<br \/>\n<\/strong>In diesem Workshop l\u00e4dt Gast Maximilian Popp zu einem praxisnahen Mix aus Kurz\u2011Input und \u00dcbung ein. Gemeinsam erkunden wir, was Konflikte in nahen Beziehungen sichtbar machen k\u00f6nnen \u2013 und wie queere Erfahrungen unsere Muster in N\u00e4he, Streit und R\u00fcckzug pr\u00e4gen. Erg\u00e4nzt wird das durch alltagstaugliche Tools, die dabei unterst\u00fctzen, in schwierigen Momenten regulierter, klarer und in Kontakt zu bleiben. Zum Abschluss gibt es Raum, eigene Strategien bewusster zu verstehen und neue M\u00f6glichkeiten f\u00fcr mehr Verbindung zu erproben.<\/p>\n\n\t\t<\/div>\n\t<\/div>\n<div class=\"vc_separator wpb_content_element vc_separator_align_center vc_sep_width_100 vc_sep_pos_align_center vc_separator_no_text vc_sep_color_grey wpb_content_element  wpb_content_element\" ><span class=\"vc_sep_holder vc_sep_holder_l\"><span class=\"vc_sep_line\"><\/span><\/span><span class=\"vc_sep_holder vc_sep_holder_r\"><span class=\"vc_sep_line\"><\/span><\/span>\n<\/div>\n\t<div class=\"wpb_text_column wpb_content_element\" >\n\t\t<div class=\"wpb_wrapper\">\n\t\t\t<p><span style=\"text-decoration: underline;\"><strong>\u00dcber Radical Empathy<\/strong><\/span><\/p>\n<p><strong>Radical Empathy \u2013 Tools for Togetherness<\/strong> kn\u00fcpft an <strong>Radical Empathy \u2013 Queer Storytelling for Connection<\/strong> (2025) an und entwickelt das Format weiter: vom gemeinsamen Erz\u00e4hlen hin zum gemeinsamen \u00dcben. Die Workshop-Reihe st\u00e4rkt queeres Miteinander in seiner Vielfalt und fragt: Wie k\u00f6nnen wir verbunden bleiben, gerade wenn es schwierig wird?<\/p>\n<p>Gehostet von <strong>Neo Seefried<\/strong>, verbindet die Reihe kollektives Storytelling mit somatischen, kommunikativen und kreativen Tools, um in queeren Kontexten mit Konflikten, Emotionen und Differenzen handlungsf\u00e4hig zu bleiben \u2013 ohne zu vermeiden oder zu eskalieren, sondern mit mehr Klarheit, F\u00fcrsorge und Beziehungskompetenz.<\/p>\n<p>Jede Session hat einen eigenen thematischen Fokus (u.a. Trauer & Tod, Beziehungen, Migration, HIV\/Aids, Clubkultur & Substanzen, trans\/inter\/nicht-bin\u00e4r) und wird durch einen Gast erg\u00e4nzt, der das jeweilige Thema vertieft. Im Zentrum steht der Resonance Circle: ein Raum f\u00fcr geteilte Geschichten, bewusstes Zuh\u00f6ren und Resonanz \u2013 Empathie als Praxis, die wir gemeinsam trainieren und in den Alltag mitnehmen.<\/p>\n\n\t\t<\/div>\n\t<\/div>\n<div class=\"vc_separator wpb_content_element vc_separator_align_center vc_sep_width_100 vc_sep_pos_align_center vc_separator_no_text vc_sep_color_grey wpb_content_element  wpb_content_element\" ><span class=\"vc_sep_holder vc_sep_holder_l\"><span class=\"vc_sep_line\"><\/span><\/span><span class=\"vc_sep_holder vc_sep_holder_r\"><span class=\"vc_sep_line\"><\/span><\/span>\n<\/div>\n\t<div class=\"wpb_text_column wpb_content_element\" >\n\t\t<div class=\"wpb_wrapper\">\n\t\t\t<p><img loading=\"lazy\" decoding=\"async\" class=\"wp-image-42259 alignleft\" src=\"https:\/\/wearevillage.org\/wp-content\/uploads\/2026\/04\/wav-team-Neo-Seefried-270x300.jpg\" alt=\"\" width=\"160\" height=\"178\" srcset=\"https:\/\/wearevillage.org\/wp-content\/uploads\/2026\/04\/wav-team-Neo-Seefried-270x300.jpg 270w, https:\/\/wearevillage.org\/wp-content\/uploads\/2026\/04\/wav-team-Neo-Seefried-135x150.jpg 135w, https:\/\/wearevillage.org\/wp-content\/uploads\/2026\/04\/wav-team-Neo-Seefried-768x853.jpg 768w, https:\/\/wearevillage.org\/wp-content\/uploads\/2026\/04\/wav-team-Neo-Seefried-624x693.jpg 624w, https:\/\/wearevillage.org\/wp-content\/uploads\/2026\/04\/wav-team-Neo-Seefried-390x433.jpg 390w, https:\/\/wearevillage.org\/wp-content\/uploads\/2026\/04\/wav-team-Neo-Seefried-600x667.jpg 600w, https:\/\/wearevillage.org\/wp-content\/uploads\/2026\/04\/wav-team-Neo-Seefried.jpg 900w\" sizes=\"auto, (max-width: 160px) 100vw, 160px\" \/><strong>neo seefried<\/strong> (*1995) ist freischaffende Kulturvermittler*in, Kuratorin, K\u00fcnstler und Autor mit Schwerpunkt auf queere Lebensrealit\u00e4ten, Clubkultur und gesellschaftliche Teilhabe. In Berlin lebend und t\u00e4tig, verbindet neo Bildungsformate wie Workshops, Podcasts und Ausstellungen mit einer aktivistischen, intersektionalen Praxis. Neo studierte Kunstp\u00e4dagogik (Universit\u00e4t Leipzig) und Curatorial Studies (ZHdK) und arbeitete u.a. f\u00fcr das Schwule Museum, Schloss Biesdorf, Kunstmuseum Basel, Universit\u00e4t der K\u00fcnste Berlin, TU Berlin, HFBK Hamburg, Haus f\u00fcr Poesie Berlin, Tanzquartier Wien sowie unabh\u00e4ngige Kunstr\u00e4ume wie Parat, Clubb\u00fcro, Baby Angel und Last Tango in Z\u00fcrich.<\/p>\n\n\t\t<\/div>\n\t<\/div>\n<div class=\"vc_separator wpb_content_element vc_separator_align_center vc_sep_width_100 vc_sep_pos_align_center vc_separator_no_text vc_sep_color_grey wpb_content_element  wpb_content_element\" ><span class=\"vc_sep_holder vc_sep_holder_l\"><span class=\"vc_sep_line\"><\/span><\/span><span class=\"vc_sep_holder vc_sep_holder_r\"><span class=\"vc_sep_line\"><\/span><\/span>\n<\/div>\n\t<div class=\"wpb_text_column wpb_content_element\" >\n\t\t<div class=\"wpb_wrapper\">\n\t\t\t<p><img loading=\"lazy\" decoding=\"async\" class=\"wp-image-42261 alignleft\" src=\"https:\/\/wearevillage.org\/wp-content\/uploads\/2026\/04\/wav-team-Maximilian-Popp-270x300.png\" alt=\"\" width=\"161\" height=\"179\" srcset=\"https:\/\/wearevillage.org\/wp-content\/uploads\/2026\/04\/wav-team-Maximilian-Popp-270x300.png 270w, https:\/\/wearevillage.org\/wp-content\/uploads\/2026\/04\/wav-team-Maximilian-Popp-135x150.png 135w, https:\/\/wearevillage.org\/wp-content\/uploads\/2026\/04\/wav-team-Maximilian-Popp-768x853.png 768w, https:\/\/wearevillage.org\/wp-content\/uploads\/2026\/04\/wav-team-Maximilian-Popp-624x693.png 624w, https:\/\/wearevillage.org\/wp-content\/uploads\/2026\/04\/wav-team-Maximilian-Popp-390x433.png 390w, https:\/\/wearevillage.org\/wp-content\/uploads\/2026\/04\/wav-team-Maximilian-Popp-600x667.png 600w, https:\/\/wearevillage.org\/wp-content\/uploads\/2026\/04\/wav-team-Maximilian-Popp.png 900w\" sizes=\"auto, (max-width: 161px) 100vw, 161px\" \/><strong>Maximilian Popp<\/strong> ist systemischer Paartherapeut in Berlin-Neuk\u00f6lln und arbeitet vor allem mit queeren Paaren. Als schwuler Mann verbindet er fachliche Expertise mit pers\u00f6nlicher Perspektive auf queere Beziehung, Konflikt und Intimit\u00e4t. Ihn interessiert, was in Konflikten sichtbar wird: Bed\u00fcrfnisse, Macht, Angst und Begehren \u2013 besonders wenn N\u00e4he und Distanz, Sicherheit und Freiheit aufeinandertreffen. In seiner Arbeit nutzt er Konflikte bewusst als Zugang zu mehr Ehrlichkeit, Klarheit und echter Verbindung \u2013 mit Tiefe, Tools und klarer Haltung. www.paartherapie-popp.com<\/p>\n\n\t\t<\/div>\n\t<\/div>\n<div class=\"vc_separator wpb_content_element vc_separator_align_center vc_sep_width_100 vc_sep_pos_align_center vc_separator_no_text vc_sep_color_grey wpb_content_element  wpb_content_element\" ><span class=\"vc_sep_holder vc_sep_holder_l\"><span class=\"vc_sep_line\"><\/span><\/span><span class=\"vc_sep_holder vc_sep_holder_r\"><span class=\"vc_sep_line\"><\/span><\/span>\n<\/div>\n\t<div class=\"wpb_text_column wpb_content_element\" >\n\t\t<div class=\"wpb_wrapper\">\n\t\t\t<p><img loading=\"lazy\" decoding=\"async\" class=\" wp-image-30028 alignleft\" src=\"https:\/\/wearevillage.org\/wp-content\/uploads\/2025\/08\/Logo-Berlin-gegen-Gewalt_CMYK_farbig-300x199.jpeg\" alt=\"\" width=\"113\" height=\"75\" srcset=\"https:\/\/wearevillage.org\/wp-content\/uploads\/2025\/08\/Logo-Berlin-gegen-Gewalt_CMYK_farbig-300x199.jpeg 300w, https:\/\/wearevillage.org\/wp-content\/uploads\/2025\/08\/Logo-Berlin-gegen-Gewalt_CMYK_farbig-1024x678.jpeg 1024w, https:\/\/wearevillage.org\/wp-content\/uploads\/2025\/08\/Logo-Berlin-gegen-Gewalt_CMYK_farbig-150x99.jpeg 150w, https:\/\/wearevillage.org\/wp-content\/uploads\/2025\/08\/Logo-Berlin-gegen-Gewalt_CMYK_farbig-768x509.jpeg 768w, https:\/\/wearevillage.org\/wp-content\/uploads\/2025\/08\/Logo-Berlin-gegen-Gewalt_CMYK_farbig-624x413.jpeg 624w, https:\/\/wearevillage.org\/wp-content\/uploads\/2025\/08\/Logo-Berlin-gegen-Gewalt_CMYK_farbig-390x258.jpeg 390w, https:\/\/wearevillage.org\/wp-content\/uploads\/2025\/08\/Logo-Berlin-gegen-Gewalt_CMYK_farbig-600x398.jpeg 600w, https:\/\/wearevillage.org\/wp-content\/uploads\/2025\/08\/Logo-Berlin-gegen-Gewalt_CMYK_farbig.jpeg 1280w\" sizes=\"auto, (max-width: 113px) 100vw, 113px\" \/>Mit Unterst\u00fctzung der Senatsverwaltung f\u00fcr Inneres und Sport \u2013 Landeskommission Berlin gegen Gewalt haben wir das Programm <strong>Konflikte als Ausgangspunkt \u2013 Resilienz als Gemeinschaftserfahrung<\/strong> entwickelt. Das Projekt er\u00f6ffnet respektvolle, dialogische R\u00e4ume f\u00fcr queere Menschen in Berlin. Es macht Differenzen sichtbar, l\u00e4dt dazu ein, sie auszuhalten, und schafft M\u00f6glichkeiten, sie produktiv und kreativ zu bearbeiten. Damit soll die soziale Fragmentierung innerhalb der queeren Communities \u00fcberwunden und neue Formen von Austausch, Zusammenhalt und gegenseitiger Teilhabe gest\u00e4rkt werden.<\/p>\n\n\t\t<\/div>\n\t<\/div>\n<div class=\"vc_separator wpb_content_element vc_separator_align_center vc_sep_width_100 vc_sep_pos_align_center vc_separator_no_text vc_sep_color_grey wpb_content_element  wpb_content_element\" ><span class=\"vc_sep_holder vc_sep_holder_l\"><span class=\"vc_sep_line\"><\/span><\/span><span class=\"vc_sep_holder vc_sep_holder_r\"><span class=\"vc_sep_line\"><\/span><\/span>\n<\/div>\n\t<div class=\"wpb_text_column wpb_content_element\" >\n\t\t<div class=\"wpb_wrapper\">\n\t\t\t<p><span style=\"text-decoration: underline;\"><strong>Hinweise<br \/>\n<\/strong><\/span><strong>Teilnehmende:<\/strong> Die Reihe richtet sich an queere Menschen (LGBTQIA+). Wir empfehlen insbesondere die Teilnahme von Menschen mit mehrfachen Marginalisierungen.<br \/>\n<strong>Sprache:<\/strong> Je nach Bed\u00fcrfnissen der Gruppe auf Deutsch und\/oder Englisch.<br \/>\n<strong>Kosten:<\/strong> kostenlos mit Anmeldung.<\/p>\n\n\t\t<\/div>\n\t<\/div>\n<\/div><\/div><\/div><\/div>\n<\/div>","protected":false},"excerpt":{"rendered":"<h5>Freitag<br \/>\n16:00-19:00<br \/>\nKostenlos mit Anmeldung<\/h5>\n<p><strong>Bitte melde dich \u00fcber das folgende Formular an >> <\/strong><a href=\"https:\/\/airtable.com\/appjeCqNKRScMJFFe\/pagagCU8dHKwLEdzv\/form\"><strong>hier anmelden<\/strong><\/a><\/p>\n<p><strong> | <span style=\"color: #ec6c23;\"> LGBTQIA+ <\/span> | <\/strong><\/p>\n<p>Wie bleiben wir in queeren Kontexten verbunden, wenn Konflikte, starke Emotionen und Differenzen auftauchen? In dieser Session zu <strong>Beziehungen & Partnerschaften<\/strong> bringt Gast <strong>Maximilian Popp<\/strong> (systemischer Paartherapeut) einen kompakten Mix aus Input und \u00dcbung mit \u2013 zu Triggern, Scham und typischen Schutzstrategien \u2013 plus konkrete Tools f\u00fcr Regulation, schwierige Gespr\u00e4che und Repair nach Streit.<\/p>\n","protected":false},"author":12,"featured_media":42257,"template":"","meta":{"pmpro_default_level":"","inline_featured_image":false},"product_brand":[],"product_cat":[952,769,83],"product_tag":[469],"class_list":{"0":"post-42254","1":"product","2":"type-product","3":"status-publish","4":"has-post-thumbnail","6":"product_cat-radical-empathy","7":"product_cat-kostenloser-zugang","8":"product_cat-workshops","9":"product_tag-lgbtqiaplus","10":"pmpro-has-access","12":"first","13":"instock","14":"sold-individually","15":"purchasable","16":"product-type-simple"},"wpml_current_locale":"de_DE","wpml_translations":{"en_US":{"locale":"en_US","id":42255,"slug":"radical-empathy-w16-2026","post_title":"Radical Empathy","href":"https:\/\/wearevillage.org\/en\/shop\/radical-empathy\/w16-2026"}},"language":{"code":"de","locale":"","name":"","is_rtl":false},"_links":{"self":[{"href":"https:\/\/wearevillage.org\/wp-json\/wp\/v2\/product\/42254","targetHints":{"allow":["GET"]}}],"collection":[{"href":"https:\/\/wearevillage.org\/wp-json\/wp\/v2\/product"}],"about":[{"href":"https:\/\/wearevillage.org\/wp-json\/wp\/v2\/types\/product"}],"author":[{"embeddable":true,"href":"https:\/\/wearevillage.org\/wp-json\/wp\/v2\/users\/12"}],"wp:featuredmedia":[{"embeddable":true,"href":"https:\/\/wearevillage.org\/wp-json\/wp\/v2\/media\/42257"}],"wp:attachment":[{"href":"https:\/\/wearevillage.org\/wp-json\/wp\/v2\/media?parent=42254"}],"wp:term":[{"taxonomy":"product_brand","embeddable":true,"href":"https:\/\/wearevillage.org\/wp-json\/wp\/v2\/product_brand?post=42254"},{"taxonomy":"product_cat","embeddable":true,"href":"https:\/\/wearevillage.org\/wp-json\/wp\/v2\/product_cat?post=42254"},{"taxonomy":"product_tag","embeddable":true,"href":"https:\/\/wearevillage.org\/wp-json\/wp\/v2\/product_tag?post=42254"}],"curies":[{"name":"wp","href":"https:\/\/api.w.org\/{rel}","templated":true}]}}