{"id":42282,"date":"2026-04-07T17:52:01","date_gmt":"2026-04-07T15:52:01","guid":{"rendered":"https:\/\/wearevillage.org\/?post_type=product&#038;p=42282"},"modified":"2026-04-07T18:13:44","modified_gmt":"2026-04-07T16:13:44","slug":"infoabend-ways-out-of-chemsex","status":"publish","type":"product","link":"https:\/\/wearevillage.org\/shop\/ways-out-of-chemsex\/w16_2026\/","title":{"rendered":"Infoabend \u2013 Ways out of Chemsex"},"content":{"rendered":"<div class=\"wpb-content-wrapper\"><div class=\"vc_row wpb_row vc_row-fluid\"><div class=\"wpb_column vc_column_container vc_col-sm-10\"><div class=\"vc_column-inner\"><div class=\"wpb_wrapper\"><\/div><\/div><\/div><div class=\"wpb_column vc_column_container vc_col-sm-2\"><div class=\"vc_column-inner\"><div class=\"wpb_wrapper\"><\/div><\/div><\/div><\/div><div class=\"vc_row wpb_row vc_row-fluid\"><div class=\"wpb_column vc_column_container vc_col-sm-12\"><div class=\"vc_column-inner\"><div class=\"wpb_wrapper\"><h4 style=\"text-align: left\" class=\"vc_custom_heading vc_do_custom_heading\" >Informationsabend | Wege aus dem Chemsex | Schritte zur N\u00e4he & Verbundenheit | Wissenswertes & praktische F\u00e4higkeiten f\u00fcr schwule, bi und Trans M\u00e4nner*<\/p>\n<p><\/h4><h5 style=\"text-align: left\" class=\"vc_custom_heading vc_do_custom_heading\" >Jan Gro\u00dfer & Kai Ehrhardt<\/h5>\n\t<div class=\"wpb_text_column wpb_content_element\" >\n\t\t<div class=\"wpb_wrapper\">\n\t\t\t<div class=\"x11i5rnm xat24cr x1mh8g0r x1vvkbs xtlvy1s\">\n<div class=\"x11i5rnm xat24cr x1mh8g0r x1vvkbs xtlvy1s\">\n<div class=\"x11i5rnm xat24cr x1mh8g0r x1vvkbs xtlvy1s\">\n<div class=\"x11i5rnm xat24cr x1mh8g0r x1vvkbs xtlvy1s\">\n<div class=\"x11i5rnm xat24cr x1mh8g0r x1vvkbs xtlvy1s\">\n<div class=\"x11i5rnm xat24cr x1mh8g0r x1vvkbs xtlvy1s\">\n<div class=\"x11i5rnm xat24cr x1mh8g0r x1vvkbs xtlvy1s\">\n<div class=\"x11i5rnm xat24cr x1mh8g0r x1vvkbs xtlvy1s\">\n<p>Komm zum <strong>Infoabend<\/strong>, um mehr \u00fcber die kommende <strong>6-t\u00e4gige Workshop-Reihe \u201eWays out of Chemsex\u201c<\/strong> zu erfahren (aufgeteilt auf 3 Wochenenden).<\/p>\n<p>Der Abend ist daf\u00fcr da, dass du einen der Kursleiter kennenlernst, einen klaren \u00dcberblick \u00fcber Inhalte und Ablauf bekommst, Fragen stellen kannst und danach in Ruhe entscheidest, ob du dich anmelden m\u00f6chtest.<\/p>\n<p><strong>\u00dcber die Workshop-Reihe (6 Tage \/ 3 Wochenenden, auf Englisch)<br \/>\n<\/strong>\u2022 Die Reihe richtet sich an schwule, bi & trans M\u00e4nner*, die Chemsex praktizieren und Abstinenz erreichen oder mehr Kontrolle \u00fcber Substanzkonsum und sexuelle Praktiken gewinnen m\u00f6chten.<br \/>\n\u2022 Wir arbeiten mit k\u00f6rperorientierten \u00dcbungen und Reflexion, u. a. zu Themen wie K\u00f6rperwahrnehmung, Emotionen, Scham, Kommunikation, Konflikt, Grenzen und Intimit\u00e4t.<\/p>\n<p><strong>Workshop-Wochenenden<br \/>\n<\/strong>\u2022 WE1: 02.\u201303. Mai 2026<br \/>\n\u2022\u00a0WE2: 27.\u201328. Juni 2026<br \/>\n\u2022\u00a0 WE3: 11.\u201312. Juli 2026<\/p>\n<p>Alle Infos + Anmeldung (Workshop-Reihe) <strong><a href=\"https:\/\/wearevillage.org\/en\/shop\/ways-out-of-chemsex\/w18-2026\">hier<\/a><br \/>\n<\/strong>Wenn du beim Info-Abend nicht dabei sein kannst, aber Interesse hast, schick deine Fragen an <a href=\"mailto:koerperundnaehe@wearevillage.org\">koerperundnaehe@wearevillage.org<\/a><\/p>\n<p>\ud83d\udccd <strong>Raum Wode, Schwulenberatung \u2013 Gotenstra\u00dfe 51, 10829 Berlin<\/strong><\/p>\n<\/div>\n<\/div>\n<\/div>\n<\/div>\n<\/div>\n<\/div>\n<\/div>\n<\/div>\n\n\t\t<\/div>\n\t<\/div>\n\n\t<div class=\"wpb_text_column wpb_content_element\" >\n\t\t<div class=\"wpb_wrapper\">\n\t\t\t<div class=\"x11i5rnm xat24cr x1mh8g0r x1vvkbs xtlvy1s\">\n<div class=\"x11i5rnm xat24cr x1mh8g0r x1vvkbs xtlvy1s\">\n<div class=\"x11i5rnm xat24cr x1mh8g0r x1vvkbs xtlvy1s\">\n<p><em><strong>Dieses Event wird auf Deutsch und English sein.\u00a0 <\/strong><\/em><\/p>\n<\/div>\n<\/div>\n<\/div>\n\n\t\t<\/div>\n\t<\/div>\n<\/div><\/div><\/div><\/div>\n<\/div>","protected":false},"excerpt":{"rendered":"<p>Dienstag<br \/>\n18:00 \u2013 19.00<\/p>\n<h5><strong style=\"font-size: 16px;\">| <span style=\"color: #ec6c23;\">GBTQ men*<\/span>\u00a0|<\/strong><\/h5>\n<p>Komm zum <strong>Infoabend<\/strong>, um mehr \u00fcber die kommende<strong> 6-t\u00e4gige Workshop-Reihe \u201eWays out of Chemsex\u201c<\/strong> zu erfahren (aufgeteilt auf 3 Wochenenden).<br \/>\nDer Abend ist daf\u00fcr da, dass du einen der Kursleiter kennenlernst, einen klaren \u00dcberblick \u00fcber Inhalte und Ablauf bekommst, Fragen stellen kannst und danach in Ruhe entscheidest, ob du dich anmelden m\u00f6chtest.<\/p>\n<p>\ud83d\udccd Raum Wode, Schwulenberatung \u2013 Gotenstra\u00dfe 51, 10829 Berlin<\/p>\n","protected":false},"author":12,"featured_media":1829,"template":"","meta":{"pmpro_default_level":"","inline_featured_image":false},"product_brand":[],"product_cat":[785,769],"product_tag":[256],"class_list":{"0":"post-42282","1":"product","2":"type-product","3":"status-publish","4":"has-post-thumbnail","6":"product_cat-authentic-eros-events-qbtq-men","7":"product_cat-kostenloser-zugang","8":"product_tag-gbtq-men","9":"pmpro-has-access","11":"first","12":"outofstock","13":"purchasable","14":"product-type-variable"},"wpml_current_locale":"de_DE","wpml_translations":{"en_US":{"locale":"en_US","id":42283,"slug":"ways-out-of-chemsex-w16_2026","post_title":"Info Event | Ways out of Chemsex","href":"https:\/\/wearevillage.org\/en\/shop\/ways-out-of-chemsex\/w16_2026"}},"language":{"code":"de","locale":"","name":"","is_rtl":false},"_links":{"self":[{"href":"https:\/\/wearevillage.org\/wp-json\/wp\/v2\/product\/42282","targetHints":{"allow":["GET"]}}],"collection":[{"href":"https:\/\/wearevillage.org\/wp-json\/wp\/v2\/product"}],"about":[{"href":"https:\/\/wearevillage.org\/wp-json\/wp\/v2\/types\/product"}],"author":[{"embeddable":true,"href":"https:\/\/wearevillage.org\/wp-json\/wp\/v2\/users\/12"}],"wp:featuredmedia":[{"embeddable":true,"href":"https:\/\/wearevillage.org\/wp-json\/wp\/v2\/media\/1829"}],"wp:attachment":[{"href":"https:\/\/wearevillage.org\/wp-json\/wp\/v2\/media?parent=42282"}],"wp:term":[{"taxonomy":"product_brand","embeddable":true,"href":"https:\/\/wearevillage.org\/wp-json\/wp\/v2\/product_brand?post=42282"},{"taxonomy":"product_cat","embeddable":true,"href":"https:\/\/wearevillage.org\/wp-json\/wp\/v2\/product_cat?post=42282"},{"taxonomy":"product_tag","embeddable":true,"href":"https:\/\/wearevillage.org\/wp-json\/wp\/v2\/product_tag?post=42282"}],"curies":[{"name":"wp","href":"https:\/\/api.w.org\/{rel}","templated":true}]}}