{"id":42768,"date":"2026-04-15T13:54:22","date_gmt":"2026-04-15T11:54:22","guid":{"rendered":"https:\/\/wearevillage.org\/?post_type=product&#038;p=42768"},"modified":"2026-04-15T14:06:47","modified_gmt":"2026-04-15T12:06:47","slug":"yoga-fuer-queere-maenner-76","status":"publish","type":"product","link":"https:\/\/wearevillage.org\/shop\/yoga-for-queer-men\/w24-2026\/","title":{"rendered":"*Yoga f\u00fcr queere M\u00e4nner*"},"content":{"rendered":"<div class=\"wpb-content-wrapper\"><div class=\"vc_row wpb_row vc_row-fluid\"><div class=\"wpb_column vc_column_container vc_col-sm-12\"><div class=\"vc_column-inner\"><div class=\"wpb_wrapper\"><h4 style=\"text-align: left\" class=\"vc_custom_heading vc_do_custom_heading\" >Yoga f\u00fcr queere M\u00e4nner*: Alle Level<\/h4><h5 style=\"text-align: left\" class=\"vc_custom_heading vc_do_custom_heading\" >Mit Merdan Akbayir oder Mischa van Dullemen<\/h5>\n\t<div class=\"wpb_text_column wpb_content_element\" >\n\t\t<div class=\"wpb_wrapper\">\n\t\t\t<p class=\"p1\"><b>Queer Yoga f\u00fcr M\u00e4nner \/ Alle Level<\/b><\/p>\n<p class=\"p1\">Nehm an einem dynamischen und energiegeladenen Kurs teil, der dich durch gemeinsames Atmen und Bewegen Halt gibt und deinen Geist kl\u00e4rt. In einer unterst\u00fctzenden Umgebung, die Vielfalt und Queerness begr\u00fc\u00dft, sind alle Aspekte deiner Pers\u00f6nlichkeit willkommen. Die Kurse f\u00f6rdern Kraft, Beweglichkeit und Achtsamkeit auf eine Weise, die nicht wettbewerbsorientiert ist und in der jeder auf seinem eigenen Niveau arbeiten kann.<\/p>\n<p class=\"p1\"><b>Vorteile von Yoga<\/b><\/p>\n<p class=\"p1\">Verbesserte Flexibilit\u00e4t: Regelm\u00e4\u00dfige Praxis steigert die Beweglichkeit der Muskulatur und Gelenke.<br \/>\nStressreduktion: Yoga-Techniken f\u00f6rdern Entspannung und helfen, Stress abzubauen.<br \/>\nK\u00f6rperbewusstsein: Du lernst, auf die Signale deines K\u00f6rpers zu h\u00f6ren und dich besser zu sp\u00fcren.<br \/>\nGeistige Klarheit: Die Verbindung von K\u00f6rper und Geist verbessert die Konzentration und mentale Klarheit.<br \/>\nEmotionale Balance: Yoga unterst\u00fctzt die Regulierung von Emotionen und f\u00f6rdert eine positive Stimmung.<br \/>\nGemeinschaftsgef\u00fchl: Teilnahme an einer inklusiven Gruppe schafft ein Gef\u00fchl der Zugeh\u00f6rigkeit und Unterst\u00fctzung.<\/p>\n\n\t\t<\/div>\n\t<\/div>\n<div class=\"vc_separator wpb_content_element vc_separator_align_center vc_sep_width_100 vc_sep_pos_align_center vc_separator_no_text vc_sep_color_grey wpb_content_element  wpb_content_element\" ><span class=\"vc_sep_holder vc_sep_holder_l\"><span class=\"vc_sep_line\"><\/span><\/span><span class=\"vc_sep_holder vc_sep_holder_r\"><span class=\"vc_sep_line\"><\/span><\/span>\n<\/div>\n\t<div class=\"wpb_text_column wpb_content_element\" >\n\t\t<div class=\"wpb_wrapper\">\n\t\t\t<p><img loading=\"lazy\" decoding=\"async\" class=\"wp-image-6134 alignleft\" src=\"https:\/\/wearevillage.org\/wp-content\/uploads\/2023\/06\/wav-team-Mischa-van-Dullemen.png\" alt=\"\" width=\"150\" height=\"167\" srcset=\"https:\/\/wearevillage.org\/wp-content\/uploads\/2023\/06\/wav-team-Mischa-van-Dullemen.png 900w, https:\/\/wearevillage.org\/wp-content\/uploads\/2023\/06\/wav-team-Mischa-van-Dullemen-270x300.png 270w, https:\/\/wearevillage.org\/wp-content\/uploads\/2023\/06\/wav-team-Mischa-van-Dullemen-135x150.png 135w, https:\/\/wearevillage.org\/wp-content\/uploads\/2023\/06\/wav-team-Mischa-van-Dullemen-768x853.png 768w, https:\/\/wearevillage.org\/wp-content\/uploads\/2023\/06\/wav-team-Mischa-van-Dullemen-624x693.png 624w, https:\/\/wearevillage.org\/wp-content\/uploads\/2023\/06\/wav-team-Mischa-van-Dullemen-390x433.png 390w, https:\/\/wearevillage.org\/wp-content\/uploads\/2023\/06\/wav-team-Mischa-van-Dullemen-600x667.png 600w\" sizes=\"auto, (max-width: 150px) 100vw, 150px\" \/><strong>Mischa<\/strong> unterrichtet Bewegung, Yoga, Partneryoga, Kontaktimprovisation und Thai Yoga Massage.<\/p>\n<p>Zwischen dem Alter von 18 und 38 Jahren war ich T\u00e4nzer und arbeitete und tourte international. Meine erste Yogastunde nahm ich 1990 und seitdem habe ich nie aufgeh\u00f6rt, Yoga in der einen oder anderen Form zu praktizieren und zu studieren. Ich mag es, meine Klassen spielerisch und herausfordernd zu gestalten; Kraft, Geschmeidigkeit und K\u00f6rperbewusstsein zu stimulieren, und zwar auf eine Art und Weise, die nicht wettbewerbsorientiert ist und bei der jeder auf seinem eigenen Niveau arbeiten kann.<\/p>\n<p><img loading=\"lazy\" decoding=\"async\" class=\"wp-image-16125 alignleft\" src=\"https:\/\/wearevillage.org\/wp-content\/uploads\/2024\/08\/wav-team-Merdan-Akbayir2.png\" alt=\"\" width=\"150\" height=\"167\" srcset=\"https:\/\/wearevillage.org\/wp-content\/uploads\/2024\/08\/wav-team-Merdan-Akbayir2.png 900w, https:\/\/wearevillage.org\/wp-content\/uploads\/2024\/08\/wav-team-Merdan-Akbayir2-270x300.png 270w, https:\/\/wearevillage.org\/wp-content\/uploads\/2024\/08\/wav-team-Merdan-Akbayir2-135x150.png 135w, https:\/\/wearevillage.org\/wp-content\/uploads\/2024\/08\/wav-team-Merdan-Akbayir2-768x853.png 768w, https:\/\/wearevillage.org\/wp-content\/uploads\/2024\/08\/wav-team-Merdan-Akbayir2-624x693.png 624w, https:\/\/wearevillage.org\/wp-content\/uploads\/2024\/08\/wav-team-Merdan-Akbayir2-390x433.png 390w, https:\/\/wearevillage.org\/wp-content\/uploads\/2024\/08\/wav-team-Merdan-Akbayir2-600x667.png 600w\" sizes=\"auto, (max-width: 150px) 100vw, 150px\" \/><strong>Merdan Akbayir<\/strong> arbeitet seit mehr als 10 Jahren im Bereich Yoga, Massage und K\u00f6rperarbeit, zun\u00e4chst in Amsterdam und jetzt in Berlin. Er hat verschiedene Therapiemethoden studiert und arbeitet intuitiv und aus dem Herzen heraus. Sein akademischer Hintergrund liegt in Biologie und Tanz, die er gerne in seine Praktiken integriert. Er ist Co-Lehrer in einer Yoga-Lehrer Ausbildung und leitet Workshops und Retreats. Wenn er nicht gerade unterrichtet oder massiert, ist er als Tourguide im Naturkundemuseum Berlin anzutreffen.<\/p>\n\n\t\t<\/div>\n\t<\/div>\n<div class=\"vc_separator wpb_content_element vc_separator_align_center vc_sep_width_100 vc_sep_pos_align_center vc_separator_no_text vc_sep_color_grey vc_custom_1724856669252 wpb_content_element  vc_custom_1724856669252 wpb_content_element\" ><span class=\"vc_sep_holder vc_sep_holder_l\"><span class=\"vc_sep_line\"><\/span><\/span><span class=\"vc_sep_holder vc_sep_holder_r\"><span class=\"vc_sep_line\"><\/span><\/span>\n<\/div>\n\t<div class=\"wpb_text_column wpb_content_element\" >\n\t\t<div class=\"wpb_wrapper\">\n\t\t\t<p><strong><span style=\"text-decoration: underline;\">Hinweise<br \/>\n<\/span>Niveau: Mittelstufe (etwas Vorerfahrung mit Yoga wird empfohlen)<\/strong><br \/>\nTrage bequeme Kleidungen. Bringe ein Handtuch mit, um es auf die Matte zu legen.<br \/>\n<strong>Sprache<\/strong>: Je nach Bed\u00fcrfnissen der Gruppe werden wir Deutsch und\/oder Englisch sprechen.<br \/>\n<b>Kosten<\/b>: Diese Veranstaltung z\u00e4hlt zu den kostenfreien Veranstaltungen pro Monat f\u00fcr Mitglieder.<br aria-hidden=\"true\" \/><b>Member werden<\/b>: Als Mitglied unterst\u00fctzt du nicht nur unser Projekt, sondern du erh\u00e4ltst gleichzeitig monatlich Zugang zu den kostenfreien Veranstaltungen. Mehr Infos <u><a href=\"https:\/\/wearevillage.org\/mitgliedschaft\" target=\"_blank\" rel=\"noopener noreferrer\" data-sk=\"tooltip_parent\">hier<\/a><\/u>.<\/p>\n\n\t\t<\/div>\n\t<\/div>\n<\/div><\/div><\/div><\/div>\n<\/div>","protected":false},"excerpt":{"rendered":"<h5>Mittwochs<br \/>\n20:00 \u2013 21:30<\/h5>\n<p class=\"p1\"><strong>| <span style=\"color: #ec6c23;\">GBTQ men*<\/span>\u00a0|<\/strong><\/p>\n<p class=\"p1\">Nehm an einem dynamischen und energiegeladenen Kurs teil, der dich durch gemeinsames Atmen und Bewegen Halt gibt und deinen Geist kl\u00e4rt. In einer unterst\u00fctzenden Umgebung, die Vielfalt und Queerness begr\u00fc\u00dft, sind alle Aspekte deiner Pers\u00f6nlichkeit willkommen.<\/p>\n","protected":false},"author":11,"featured_media":29809,"template":"","meta":{"pmpro_default_level":"","inline_featured_image":false},"product_brand":[],"product_cat":[82],"product_tag":[469],"class_list":{"0":"post-42768","1":"product","2":"type-product","3":"status-publish","4":"has-post-thumbnail","6":"product_cat-woechentliche-klassen","7":"product_tag-lgbtqiaplus","8":"pmpro-has-access","10":"first","11":"instock","12":"purchasable","13":"product-type-variable"},"wpml_current_locale":"de_DE","wpml_translations":{"en_US":{"locale":"en_US","id":42772,"slug":"yoga-fuer-queere-maenner-76","post_title":"*Yoga f\u00fcr queere M\u00e4nner*","href":"https:\/\/wearevillage.org\/en\/shop\/yoga-for-queer-men\/w24-2026"}},"language":{"code":"de","locale":"","name":"","is_rtl":false},"_links":{"self":[{"href":"https:\/\/wearevillage.org\/wp-json\/wp\/v2\/product\/42768","targetHints":{"allow":["GET"]}}],"collection":[{"href":"https:\/\/wearevillage.org\/wp-json\/wp\/v2\/product"}],"about":[{"href":"https:\/\/wearevillage.org\/wp-json\/wp\/v2\/types\/product"}],"author":[{"embeddable":true,"href":"https:\/\/wearevillage.org\/wp-json\/wp\/v2\/users\/11"}],"wp:featuredmedia":[{"embeddable":true,"href":"https:\/\/wearevillage.org\/wp-json\/wp\/v2\/media\/29809"}],"wp:attachment":[{"href":"https:\/\/wearevillage.org\/wp-json\/wp\/v2\/media?parent=42768"}],"wp:term":[{"taxonomy":"product_brand","embeddable":true,"href":"https:\/\/wearevillage.org\/wp-json\/wp\/v2\/product_brand?post=42768"},{"taxonomy":"product_cat","embeddable":true,"href":"https:\/\/wearevillage.org\/wp-json\/wp\/v2\/product_cat?post=42768"},{"taxonomy":"product_tag","embeddable":true,"href":"https:\/\/wearevillage.org\/wp-json\/wp\/v2\/product_tag?post=42768"}],"curies":[{"name":"wp","href":"https:\/\/api.w.org\/{rel}","templated":true}]}}