{"id":42985,"date":"2026-04-21T10:05:14","date_gmt":"2026-04-21T08:05:14","guid":{"rendered":"https:\/\/wearevillage.org\/?post_type=product&#038;p=42985"},"modified":"2026-04-21T11:02:31","modified_gmt":"2026-04-21T09:02:31","slug":"weirding-practice","status":"publish","type":"product","link":"https:\/\/wearevillage.org\/shop\/queer-bridges-monday\/w19-2026\/","title":{"rendered":"Weirding Practice"},"content":{"rendered":"<div class=\"wpb-content-wrapper\"><div class=\"vc_row wpb_row vc_row-fluid\"><div class=\"wpb_column vc_column_container vc_col-sm-12\"><div class=\"vc_column-inner\"><div class=\"wpb_wrapper\"><h4 style=\"text-align: left\" class=\"vc_custom_heading vc_do_custom_heading\" >Weirding Practice<\/h4><h5 style=\"text-align: left\" class=\"vc_custom_heading vc_do_custom_heading\" >mit Sefa Okutan<\/h5>\n\t<div class=\"wpb_text_column wpb_content_element\" >\n\t\t<div class=\"wpb_wrapper\">\n\t\t\t<p>Die Arbeit konzentriert sich auf Bewegung und st\u00e4ndige Transformation, inspiriert von vielf\u00e4ltigen Lebenserfahrungen. Innerhalb dieses Prozesses kann ein Gef\u00fchl des \u201eWeirding\u201c, von Unsicherheit, Verwirrung und Neugier entstehen. Dieses Empfinden ist queeren Menschen mit Migrationserfahrungen nicht fremd; vielmehr kann es zu einem Schnittpunkt werden, an dem unerwartete Situationen und Verbindungen entstehen.<\/p>\n<p>Die Teilnehmenden sind eingeladen, mit Bewegungsforschungs-Scores zu experimentieren, die dieses fortlaufende Gef\u00fchl des Weirding erkunden und es dem Tanz erm\u00f6glichen, sich nach und nach zu entfalten.<\/p>\n<p>Ausgehend von performativen Elementen des Drag sowie verk\u00f6rperten Erfahrungen und sensorischen Erinnerungen werden wir Performing Artifacts schaffen (Akkumulationen von Bewegungsforschung, die eine greifbare und wiederverwendbare Form annehmen).<\/p>\n\n\t\t<\/div>\n\t<\/div>\n<div class=\"vc_separator wpb_content_element vc_separator_align_center vc_sep_width_100 vc_sep_pos_align_center vc_separator_no_text vc_sep_color_grey wpb_content_element  wpb_content_element\" ><span class=\"vc_sep_holder vc_sep_holder_l\"><span class=\"vc_sep_line\"><\/span><\/span><span class=\"vc_sep_holder vc_sep_holder_r\"><span class=\"vc_sep_line\"><\/span><\/span>\n<\/div>\n\t<div class=\"wpb_text_column wpb_content_element\" >\n\t\t<div class=\"wpb_wrapper\">\n\t\t\t<p><strong><img loading=\"lazy\" decoding=\"async\" class=\"wp-image-42994 alignleft\" src=\"https:\/\/wearevillage.org\/wp-content\/uploads\/2026\/04\/wav-team-Sefa-Okutan.png\" alt=\"\" width=\"150\" height=\"167\" srcset=\"https:\/\/wearevillage.org\/wp-content\/uploads\/2026\/04\/wav-team-Sefa-Okutan.png 900w, https:\/\/wearevillage.org\/wp-content\/uploads\/2026\/04\/wav-team-Sefa-Okutan-270x300.png 270w, https:\/\/wearevillage.org\/wp-content\/uploads\/2026\/04\/wav-team-Sefa-Okutan-135x150.png 135w, https:\/\/wearevillage.org\/wp-content\/uploads\/2026\/04\/wav-team-Sefa-Okutan-768x853.png 768w, https:\/\/wearevillage.org\/wp-content\/uploads\/2026\/04\/wav-team-Sefa-Okutan-624x693.png 624w, https:\/\/wearevillage.org\/wp-content\/uploads\/2026\/04\/wav-team-Sefa-Okutan-390x433.png 390w, https:\/\/wearevillage.org\/wp-content\/uploads\/2026\/04\/wav-team-Sefa-Okutan-600x667.png 600w\" sizes=\"auto, (max-width: 150px) 100vw, 150px\" \/><\/strong><\/p>\n<p><strong>Sefa Okutan<\/strong> ist ein<em>e in Berlin lebende<\/em>r Tanz- und Performancek\u00fcnstler<em>in, dessen<\/em>deren Arbeit an der Schnittstelle von verk\u00f6rpertem Protest und queerem Mythos entsteht. Nach dem BA in Dance, Context and Choreography am HZT Berlin erforscht Sefa Freude und Wut als transformative Kr\u00e4fte. Die choreografische Sprache verbindet Folklore, Drag und Gemeinschaftserfahrungen. Zu den j\u00fcngsten Arbeiten z\u00e4hlen <em>Gasoline Queen<\/em> und <em>Planet Lubunya<\/em>. Neben der k\u00fcnstlerischen Praxis engagiert sich Sefa in Workshops zu Homonationalismus, queerer Solidarit\u00e4t und Community-Mentoring.<\/p>\n\n\t\t<\/div>\n\t<\/div>\n<div class=\"vc_separator wpb_content_element vc_separator_align_center vc_sep_width_100 vc_sep_pos_align_center vc_separator_no_text vc_sep_color_grey wpb_content_element  wpb_content_element\" ><span class=\"vc_sep_holder vc_sep_holder_l\"><span class=\"vc_sep_line\"><\/span><\/span><span class=\"vc_sep_holder vc_sep_holder_r\"><span class=\"vc_sep_line\"><\/span><\/span>\n<\/div>\n\t<div class=\"wpb_text_column wpb_content_element\" >\n\t\t<div class=\"wpb_wrapper\">\n\t\t\t<p><strong>Queer Bridges: Verbindungen schaffen und Ressourcen f\u00fcr LGBTQIA+ Menschen mit Migrationserfahrung bereitstellen.<\/strong><\/p>\n<p>Queere Menschen mit Migrationserfahrung in Berlin sehen sich in ihrem t\u00e4glichen Leben oft mit besonderen Herausforderungen konfrontiert, die ihren Zugang zu unterst\u00fctzenden Gemeinschaften und integrativen Umgebungen einschr\u00e4nken k\u00f6nnen.<\/p>\n<p><img loading=\"lazy\" decoding=\"async\" class=\"wp-image-15170 alignleft\" src=\"https:\/\/wearevillage.org\/wp-content\/uploads\/2024\/06\/stiftung-300x121.png\" alt=\"\" width=\"216\" height=\"87\" srcset=\"https:\/\/wearevillage.org\/wp-content\/uploads\/2024\/06\/stiftung-300x121.png 300w, https:\/\/wearevillage.org\/wp-content\/uploads\/2024\/06\/stiftung-1024x414.png 1024w, https:\/\/wearevillage.org\/wp-content\/uploads\/2024\/06\/stiftung-150x61.png 150w, https:\/\/wearevillage.org\/wp-content\/uploads\/2024\/06\/stiftung-768x310.png 768w, https:\/\/wearevillage.org\/wp-content\/uploads\/2024\/06\/stiftung-1536x620.png 1536w, https:\/\/wearevillage.org\/wp-content\/uploads\/2024\/06\/stiftung-2048x827.png 2048w, https:\/\/wearevillage.org\/wp-content\/uploads\/2024\/06\/stiftung-624x252.png 624w, https:\/\/wearevillage.org\/wp-content\/uploads\/2024\/06\/stiftung-390x158.png 390w, https:\/\/wearevillage.org\/wp-content\/uploads\/2024\/06\/stiftung-600x242.png 600w\" sizes=\"auto, (max-width: 216px) 100vw, 216px\" \/>Mit Unterst\u00fctzung der<strong> Deutschen Fernsehlotterie Stiftung<\/strong>, haben wir das Programm Queer Bridges entwickelt, um diese H\u00fcrden zu \u00fcberwinden. Wir bieten Ressourcen, Vernetzung und Unterst\u00fctzung in einem einladenden Umfeld f\u00fcr queere Migrant*innen und Gefl\u00fcchtete durch unser spezielles Programm. Unser Ziel ist es, ein Gef\u00fchl der Zugeh\u00f6rigkeit zur lokalen LGBTQIA+ Community zu f\u00f6rdern und damit eine reibungslose Integration sowie eine verbesserte Lebensqualit\u00e4t f\u00fcr queere Menschen mit Migrations- und\/oder Fluchterfahrung zu erm\u00f6glichen.<\/p>\n<p><span style=\"vertical-align: inherit;\"><span style=\"vertical-align: inherit;\">\u2705 Unser <strong>Queer Bridges<\/strong> Programm wird sich stetig weiter entwickeln und wir freuen uns auch jederzeit von Euren Bedarfen zu h\u00f6ren. Bei Interesse k\u00f6nnt ihr uns eine E-Mail schicken, um \u00fcber weitere Aktualisierungen informiert zu bleiben.<\/span><\/span><\/p>\n\n\t\t<\/div>\n\t<\/div>\n<div class=\"vc_separator wpb_content_element vc_separator_align_center vc_sep_width_100 vc_sep_pos_align_center vc_separator_no_text vc_sep_color_grey wpb_content_element  wpb_content_element\" ><span class=\"vc_sep_holder vc_sep_holder_l\"><span class=\"vc_sep_line\"><\/span><\/span><span class=\"vc_sep_holder vc_sep_holder_r\"><span class=\"vc_sep_line\"><\/span><\/span>\n<\/div>\n\t<div class=\"wpb_text_column wpb_content_element\" >\n\t\t<div class=\"wpb_wrapper\">\n\t\t\t<p><span style=\"text-decoration: underline;\"><strong>Hinweise<\/strong><\/span><br \/>\n<strong>Teilnehmende<\/strong>: Dieser Workshop richtet sich an alle, die sich als LGBTQIA+ identifizieren und Migrations- und\/oder Fluchterfahrung erlebt haben. Wenn ihr diese Erfahrungen nicht teilt, aber dennoch an einer Teilnahme interessiert seid, meldet euch bitte zuerst bei uns, um zu kl\u00e4ren, ob ein Platz frei ist. Wir bitten alle Teilnehmenden, den Schwerpunkt des Programms zu respektieren und dazu beizutragen, einen offenen, respektvollen Raum zu schaffen.<br \/>\n<strong>Anmeldung<\/strong>: F\u00fcr dieses Event stehen begrenzte Pl\u00e4tze zur Verf\u00fcgung. Eine Registrierung \u00fcber unsere Website ist daher erforderlich.<br \/>\n<strong>Sprache<\/strong>: Englisch<br \/>\n<strong>Kosten<\/strong>: Die Teilnahme ist kostenlos.<\/p>\n\n\t\t<\/div>\n\t<\/div>\n<\/div><\/div><\/div><\/div>\n<\/div>","protected":false},"excerpt":{"rendered":"<h5>Montag<br \/>\n18:00-19:30<br \/>\nKostenlos mit Anmeldung<\/h5>\n<p><strong> | <span style=\"color: #ec6c23;\"> LGBTQIA+ <\/span> |\u00a0 \u00a0 Queere Migranten<\/strong><\/p>\n<p>Die Arbeit erforscht Bewegung und st\u00e4ndige Transformation, gepr\u00e4gt von vielf\u00e4ltigen Lebenserfahrungen. Ein Gef\u00fchl des \u201eWeirding\u201c; Unsicherheit, Neugier und Verwirrung; wird als vertrauter Raum f\u00fcr queere Menschen mit Migrationserfahrungen verstanden, in dem unerwartete Verbindungen entstehen k\u00f6nnen.<br \/>\nDie Teilnehmenden experimentieren mit Bewegungsscores und lassen Tanz organisch entstehen. Ausgehend von Drag, verk\u00f6rpertem Wissen und sensorischer Erinnerung entwickeln sie Performing Artifacts; greifbare, wiederverwendbare Formen von Bewegungsforschung.<\/p>\n","protected":false},"author":12,"featured_media":42997,"template":"","meta":{"pmpro_default_level":"","inline_featured_image":false},"product_brand":[],"product_cat":[769,797,83],"product_tag":[469],"class_list":{"0":"post-42985","1":"product","2":"type-product","3":"status-publish","4":"has-post-thumbnail","6":"product_cat-kostenloser-zugang","7":"product_cat-queer-bridges-events-2","8":"product_cat-workshops","9":"product_tag-lgbtqiaplus","10":"pmpro-has-access","12":"first","13":"instock","14":"sold-individually","15":"purchasable","16":"product-type-simple"},"wpml_current_locale":"de_DE","wpml_translations":{"en_US":{"locale":"en_US","id":42986,"slug":"weirding-practice","post_title":"Weirding Practice","href":"https:\/\/wearevillage.org\/en\/shop\/queer-bridges-monday\/w19-2026"}},"language":{"code":"de","locale":"","name":"","is_rtl":false},"_links":{"self":[{"href":"https:\/\/wearevillage.org\/wp-json\/wp\/v2\/product\/42985","targetHints":{"allow":["GET"]}}],"collection":[{"href":"https:\/\/wearevillage.org\/wp-json\/wp\/v2\/product"}],"about":[{"href":"https:\/\/wearevillage.org\/wp-json\/wp\/v2\/types\/product"}],"author":[{"embeddable":true,"href":"https:\/\/wearevillage.org\/wp-json\/wp\/v2\/users\/12"}],"wp:featuredmedia":[{"embeddable":true,"href":"https:\/\/wearevillage.org\/wp-json\/wp\/v2\/media\/42997"}],"wp:attachment":[{"href":"https:\/\/wearevillage.org\/wp-json\/wp\/v2\/media?parent=42985"}],"wp:term":[{"taxonomy":"product_brand","embeddable":true,"href":"https:\/\/wearevillage.org\/wp-json\/wp\/v2\/product_brand?post=42985"},{"taxonomy":"product_cat","embeddable":true,"href":"https:\/\/wearevillage.org\/wp-json\/wp\/v2\/product_cat?post=42985"},{"taxonomy":"product_tag","embeddable":true,"href":"https:\/\/wearevillage.org\/wp-json\/wp\/v2\/product_tag?post=42985"}],"curies":[{"name":"wp","href":"https:\/\/api.w.org\/{rel}","templated":true}]}}