{"id":43015,"date":"2026-04-21T11:20:19","date_gmt":"2026-04-21T09:20:19","guid":{"rendered":"https:\/\/wearevillage.org\/?post_type=product&#038;p=43015"},"modified":"2026-04-21T11:42:19","modified_gmt":"2026-04-21T09:42:19","slug":"luxus-empowerment-die-kunst-des-empfangens-und-gebens-verfeinern","status":"publish","type":"product","link":"https:\/\/wearevillage.org\/shop\/sensual-touch\/w20-2026\/","title":{"rendered":"Luxus & Empowerment: Die Kunst des Empfangens und Gebens verfeinern"},"content":{"rendered":"<div class=\"wpb-content-wrapper\"><div class=\"vc_row wpb_row vc_row-fluid\"><div class=\"wpb_column vc_column_container vc_col-sm-12\"><div class=\"vc_column-inner\"><div class=\"wpb_wrapper\"><h4 style=\"text-align: left\" class=\"vc_custom_heading vc_do_custom_heading\" >Luxus & Empowerment: Die Kunst des Empfangens und Gebens verfeinern<\/h4><h5 style=\"text-align: left\" class=\"vc_custom_heading vc_do_custom_heading\" >Sensual Touch Lab Series mit Jorge De Hoyos<\/h5>\n\t<div class=\"wpb_text_column wpb_content_element\" >\n\t\t<div class=\"wpb_wrapper\">\n\t\t\t<p>Welche Muster zeigst du, wenn es darum geht, das zu bekommen, was du willst? F\u00fchlst du dich verletzlich, wenn du nach deinen wahren W\u00fcnschen fragst? Und wenn etwas von dir erbeten wird: Hast du das Selbstvertrauen, angemessen und aus vollem Herzen zu geben?<br \/>\nDie Beziehungsarbeit, Lust durch Konsens zu kultivieren, erfordert ein tiefes Hineinh\u00f6ren: Wo sp\u00fcrt dein K\u00f6rper offene Kan\u00e4le und wo zeigen sich Widerst\u00e4nde oder Blockaden im Fluss von Absicht und Energie? Welche Gewohnheiten m\u00f6chtest du transformieren? In welche neuen, frischen Rollen w\u00fcrdest du gerne schl\u00fcpfen?<br \/>\nWelche Ber\u00fchrung w\u00e4re f\u00fcr dich wie ein Luxusurlaub, und wie abenteuerlustig kannst du in deiner Gro\u00dfz\u00fcgigkeit sein? Alle Erfahrungsstufen sind willkommen!<\/p>\n<p>*Nacktheit und genitale Ber\u00fchrungen sind m\u00f6glich, werden aber keinesfalls erwartet oder vorausgesetzt.<\/p>\n\n\t\t<\/div>\n\t<\/div>\n<div class=\"vc_separator wpb_content_element vc_separator_align_center vc_sep_width_100 vc_sep_pos_align_center vc_separator_no_text vc_sep_color_grey wpb_content_element  wpb_content_element\" ><span class=\"vc_sep_holder vc_sep_holder_l\"><span class=\"vc_sep_line\"><\/span><\/span><span class=\"vc_sep_holder vc_sep_holder_r\"><span class=\"vc_sep_line\"><\/span><\/span>\n<\/div>\n\t<div class=\"wpb_text_column wpb_content_element\" >\n\t\t<div class=\"wpb_wrapper\">\n\t\t\t<p><strong><img loading=\"lazy\" decoding=\"async\" class=\"wp-image-38438 alignleft\" src=\"https:\/\/wearevillage.org\/wp-content\/uploads\/2026\/01\/teamVillage_Jorge-De-Hoyos2.jpg\" alt=\"\" width=\"150\" height=\"150\" srcset=\"https:\/\/wearevillage.org\/wp-content\/uploads\/2026\/01\/teamVillage_Jorge-De-Hoyos2.jpg 800w, https:\/\/wearevillage.org\/wp-content\/uploads\/2026\/01\/teamVillage_Jorge-De-Hoyos2-300x300.jpg 300w, https:\/\/wearevillage.org\/wp-content\/uploads\/2026\/01\/teamVillage_Jorge-De-Hoyos2-150x150.jpg 150w, https:\/\/wearevillage.org\/wp-content\/uploads\/2026\/01\/teamVillage_Jorge-De-Hoyos2-768x768.jpg 768w, https:\/\/wearevillage.org\/wp-content\/uploads\/2026\/01\/teamVillage_Jorge-De-Hoyos2-624x624.jpg 624w, https:\/\/wearevillage.org\/wp-content\/uploads\/2026\/01\/teamVillage_Jorge-De-Hoyos2-390x390.jpg 390w, https:\/\/wearevillage.org\/wp-content\/uploads\/2026\/01\/teamVillage_Jorge-De-Hoyos2-600x600.jpg 600w, https:\/\/wearevillage.org\/wp-content\/uploads\/2026\/01\/teamVillage_Jorge-De-Hoyos2-100x100.jpg 100w\" sizes=\"auto, (max-width: 150px) 100vw, 150px\" \/>Jorge De Hoyos <\/strong>ist zeitgen\u00f6ssischer T\u00e4nzer, Performer und Choreograf aus S\u00fcdkalifornien und lebt seit 2012 in Berlin. K\u00fcrzlich schloss er sein Masterstudium <em>Solo\/Dance\/Authorship<\/em> an der Universit\u00e4t der K\u00fcnste Berlin ab. Derzeit vertieft er erneut seine Kenntnisse in Permakultur-Design, nachdem er vor zehn Jahren bereits einen entsprechenden Kurs in San Francisco absolviert hatte. Ende 2020 begann er mit dem Training von Kung Fu und Tai Chi \u2013 eine Erfahrung, die seine Herangehensweise an Tanz und Erdung grundlegend ver\u00e4ndert hat.<strong><br \/>\n<\/strong><\/p>\n\n\t\t<\/div>\n\t<\/div>\n<div class=\"vc_separator wpb_content_element vc_separator_align_center vc_sep_width_100 vc_sep_pos_align_center vc_separator_no_text vc_sep_color_grey wpb_content_element  wpb_content_element\" ><span class=\"vc_sep_holder vc_sep_holder_l\"><span class=\"vc_sep_line\"><\/span><\/span><span class=\"vc_sep_holder vc_sep_holder_r\"><span class=\"vc_sep_line\"><\/span><\/span>\n<\/div>\n\t<div class=\"wpb_text_column wpb_content_element\" >\n\t\t<div class=\"wpb_wrapper\">\n\t\t\t<p><b>Was ist Sensual Touch Lab Series for GBTQ M\u00e4nner*?<br \/>\n<\/b><b><\/b><span style=\"font-weight: 400;\">Sensual Touch Lab Series f\u00fcr GBTQ M\u00e4nner* ist ein monatlicher Workshop, bei dem wir einen Raum f\u00fcr sinnliche N\u00e4he und spielerische Begegnungen schaffen m\u00f6chten.<br \/>\n<\/span><span style=\"font-weight: 400;\">Verk\u00f6rperte, somatische Erfahrungen, die unsere Gesamtk\u00f6rperlichkeit wertsch\u00e4tzen. Sinnlichkeit als Zugang, neue Wege im Umgang mit unseren eigenen \u00c4ngsten oder Mustern in Bezug auf Nacktheit, Intimit\u00e4t und Ber\u00fchrung erkunden. Wir laden dich ein, deine pers\u00f6nlichen Grenzen in einem Rahmen gegenseitigen Respekts und Einvernehmens zu erforschen, zu kommunizieren und gegebenenfalls zu erweitern. Dabei er\u00f6ffnet sich die M\u00f6glichkeit, die Kraft von Ber\u00fchrung, Empfindung und nonverbaler, zwischenmenschlicher Bezogenheit zu erfahren.<\/span><span style=\"font-weight: 400;\"><br \/>\n<\/span><span style=\"font-weight: 400;\">Jedes Event wird ein gef\u00fchrter Prozess sein, der je nach Thema und Hintergrund der Kursleitenden* eine besondere Note hat, sei es K\u00f6rperarbeit und Ber\u00fchrung, Somatik und Intimit\u00e4t oder etwas anderes. Diese Kurzworkshops k\u00f6nnen Nacktheit, Partner\u00fcbungen sowie k\u00f6rperlich nahe Interaktionen beinhalten.<\/span><\/p>\n<p><b>Vorteile<br \/>\n\u2022 <\/b>Schafft wertvolle, gemeinsame Erfahrungen unter GBTQ M\u00e4nner* durch N\u00e4he, Empathie und Verbundenheit<span style=\"font-weight: 400;\"><br \/>\n<b>\u2022 <\/b><\/span><span style=\"font-weight: 400;\">Bek\u00e4mpft Gef\u00fchle der Isolation und Einsamkeit<br \/>\n<b>\u2022 <\/b><\/span><span style=\"font-weight: 400;\">F\u00f6rdert Selbstliebe und Akzeptanz des eigenen K\u00f6rpers und der Identit\u00e4t<br \/>\n<b>\u2022 <\/b><\/span><span style=\"font-weight: 400;\">Bietet einen sicheren, urteilsfreien Raum zur Erforschung pers\u00f6nlicher Grenzen<br \/>\n<\/span><span style=\"font-weight: 400;\"><b>\u2022 <\/b>Tr\u00e4gt zum allgemeinen Wohlbefinden bei und unterst\u00fctzt die F\u00e4higkeit, dauerhafte Beziehungen aufzubauen<br \/>\n<\/span><span style=\"font-weight: 400;\"><b>\u2022 <\/b>Kann als gesunder Bew\u00e4ltigungsmechanismus dienen und das Risiko von Substanzmissbrauch reduzieren<\/span><\/p>\n\n\t\t<\/div>\n\t<\/div>\n<div class=\"vc_separator wpb_content_element vc_separator_align_center vc_sep_width_100 vc_sep_pos_align_center vc_separator_no_text vc_sep_color_grey wpb_content_element  wpb_content_element\" ><span class=\"vc_sep_holder vc_sep_holder_l\"><span class=\"vc_sep_line\"><\/span><\/span><span class=\"vc_sep_holder vc_sep_holder_r\"><span class=\"vc_sep_line\"><\/span><\/span>\n<\/div>\n\t<div class=\"wpb_text_column wpb_content_element\" >\n\t\t<div class=\"wpb_wrapper\">\n\t\t\t<p><b>Hinweise<br \/>\n<\/b><span style=\"font-weight: 400;\">\u2022 Dieses Format ist f\u00fcr alle queeren M\u00e4nner*\/M\u00e4nnlichkeiten, die Ber\u00fchrung in einer einvernehmlichen, unterst\u00fctzenden Atmosph\u00e4re erfahren m\u00f6chten.<br \/>\n<\/span><span style=\"font-weight: 400;\">\u2022 Bitte lege Wert auf pers\u00f6nliche Hygiene<br \/>\n<\/span><span style=\"font-weight: 400;\">\u2022 Bringe zum Abdecken von Kissen, Matten oder Massageliegen ein Laken und ein Handtuch mit<br \/>\n<\/span><span style=\"font-weight: 400;\">\u2022 Je nach Bed\u00fcrfnissen der Gruppe werden wir Deutsch und\/oder Englisch sprechen<br \/>\n<\/span><span style=\"font-weight: 400;\">\u2022 Dieses Event ist auch zu einem erm\u00e4\u00dfigten Mitgliederpreis erh\u00e4ltlich \u2013 aber kein Bestandteil der kostenlosen monatlichen Mitgliederveranstaltungen<br \/>\n<\/span><b><span style=\"font-weight: 400;\">\u2022 Erm\u00e4\u00dfigter Zugang ist auf schriftliche Anfrage an: <\/span><a href=\"mailto:events@wearevillage.org\"><span style=\"font-weight: 400;\">events@wearevillage.org<\/span><\/a><span style=\"font-weight: 400;\"> m\u00f6glich.<\/span><\/b><\/p>\n\n\t\t<\/div>\n\t<\/div>\n<\/div><\/div><\/div><\/div>\n<\/div>","protected":false},"excerpt":{"rendered":"<h5>Sensual Touch Lab Series<br \/>\nFreitags (einmal im Monat)<br \/>\n20:00 \u2013 23:00<\/h5>\n<p class=\"p1\"><strong>| <span style=\"color: #ec6c23;\">GBTQ men*<\/span>\u00a0|<\/strong><\/p>\n<p>Bist du bereit, deine Skripte \u00fcber Intimit\u00e4t neu zu schreiben? Begib dich mit uns auf eine Entdeckungsreise durch den feinen Tanz zwischen Geben und Nehmen. Indem du lernst, auf die ganz eigenen Signale deines K\u00f6rpers f\u00fcr \u201eJa\u201c und \u201eNein\u201c zu h\u00f6ren, transformierst du alte Gewohnheiten in spielerische neue Rollen. Egal, ob du den \u201eLuxusurlaub\u201c einer perfekten Ber\u00fchrung suchst oder den Nervenkitzel radikaler Gro\u00dfz\u00fcgigkeit \u2013 dieser Workshop bietet dir einen sicheren, konsensbasierten Raum, um deine F\u00e4higkeit f\u00fcr Genuss zu erweitern.<\/p>\n","protected":false},"author":11,"featured_media":43025,"template":"","meta":{"pmpro_default_level":"","inline_featured_image":false},"product_brand":[],"product_cat":[79,83],"product_tag":[256],"class_list":{"0":"post-43015","1":"product","2":"type-product","3":"status-publish","4":"has-post-thumbnail","6":"product_cat-monatliche-events","7":"product_cat-workshops","8":"product_tag-gbtq-men","9":"pmpro-has-access","11":"first","12":"instock","13":"purchasable","14":"product-type-variable","15":"has-default-attributes"},"wpml_current_locale":"de_DE","wpml_translations":{"en_US":{"locale":"en_US","id":43018,"slug":"luxus-empowerment-die-kunst-des-empfangens-und-gebens-verfeinern","post_title":"Luxury & Empowerment: Refining capacities to receive and to give","href":"https:\/\/wearevillage.org\/en\/shop\/sensual-touch\/w20-2026"}},"language":{"code":"de","locale":"","name":"","is_rtl":false},"_links":{"self":[{"href":"https:\/\/wearevillage.org\/wp-json\/wp\/v2\/product\/43015","targetHints":{"allow":["GET"]}}],"collection":[{"href":"https:\/\/wearevillage.org\/wp-json\/wp\/v2\/product"}],"about":[{"href":"https:\/\/wearevillage.org\/wp-json\/wp\/v2\/types\/product"}],"author":[{"embeddable":true,"href":"https:\/\/wearevillage.org\/wp-json\/wp\/v2\/users\/11"}],"wp:featuredmedia":[{"embeddable":true,"href":"https:\/\/wearevillage.org\/wp-json\/wp\/v2\/media\/43025"}],"wp:attachment":[{"href":"https:\/\/wearevillage.org\/wp-json\/wp\/v2\/media?parent=43015"}],"wp:term":[{"taxonomy":"product_brand","embeddable":true,"href":"https:\/\/wearevillage.org\/wp-json\/wp\/v2\/product_brand?post=43015"},{"taxonomy":"product_cat","embeddable":true,"href":"https:\/\/wearevillage.org\/wp-json\/wp\/v2\/product_cat?post=43015"},{"taxonomy":"product_tag","embeddable":true,"href":"https:\/\/wearevillage.org\/wp-json\/wp\/v2\/product_tag?post=43015"}],"curies":[{"name":"wp","href":"https:\/\/api.w.org\/{rel}","templated":true}]}}