{"id":43059,"date":"2026-04-22T10:07:11","date_gmt":"2026-04-22T08:07:11","guid":{"rendered":"https:\/\/wearevillage.org\/?post_type=product&#038;p=43059"},"modified":"2026-04-22T10:16:50","modified_gmt":"2026-04-22T08:16:50","slug":"book-club-10","status":"publish","type":"product","link":"https:\/\/wearevillage.org\/shop\/book-club\/w23-2026\/","title":{"rendered":"Book Club"},"content":{"rendered":"<div class=\"wpb-content-wrapper\"><div class=\"vc_row wpb_row vc_row-fluid\"><div class=\"wpb_column vc_column_container vc_col-sm-12\"><div class=\"vc_column-inner\"><div class=\"wpb_wrapper\"><h4 style=\"text-align: left\" class=\"vc_custom_heading vc_do_custom_heading\" >Village Book Club in English: \"The Loves of My Life\" von Edmund White (2025)<\/h4><h5 style=\"text-align: left\" class=\"vc_custom_heading vc_do_custom_heading\" >Gast: Marco Astolfi<\/h5>\n\t<div class=\"wpb_text_column wpb_content_element\" >\n\t\t<div class=\"wpb_wrapper\">\n\t\t\t<p>Dieses letzte Memoir des bedeutenden Autors der queeren Literatur zeichnet \u00fcber sechs Jahrzehnte schwulen Lebens anhand von Begehren und Beziehungen nach. Von heimlichen Begegnungen im Amerika der 1950er Jahre \u00fcber die sexuelle Befreiung nach Stonewall bis hin zur AIDS-Krise entfaltet White zugleich seine eigene Biografie und eine kollektive Kulturgeschichte.<br \/>\nStatt einer linearen Erz\u00e4hlung entsteht ein Mosaik aus Liebhabern, Episoden und Reflexionen. White verbindet explizite Erinnerungen mit literarischen \u00dcberlegungen und schreibt \u00fcber k\u00e4uflichen Sex, Sehnsucht, Machtverh\u00e4ltnisse und emotionale Bindungen mit Ironie, Z\u00e4rtlichkeit und analytischem Blick.<br \/>\nDabei geht es weniger um Provokation als um die Frage, was Liebe bedeuten kann \u2013 als fl\u00fcchtiger Moment, als unerf\u00fcllte Projektion oder als pr\u00e4gende Erfahrung. \u201eThe Loves of My Life\u201c wird so zu einer vielstimmigen Feier queerer Existenz, getragen von Erinnerung, Verlust, Humor und einer lebenslangen Hingabe an Sprache und Sch\u00f6nheit.<\/p>\n\n\t\t<\/div>\n\t<\/div>\n<div class=\"vc_separator wpb_content_element vc_separator_align_center vc_sep_width_100 vc_sep_pos_align_center vc_separator_no_text vc_sep_color_grey wpb_content_element  wpb_content_element\" ><span class=\"vc_sep_holder vc_sep_holder_l\"><span class=\"vc_sep_line\"><\/span><\/span><span class=\"vc_sep_holder vc_sep_holder_r\"><span class=\"vc_sep_line\"><\/span><\/span>\n<\/div>\n\t<div class=\"wpb_text_column wpb_content_element\" >\n\t\t<div class=\"wpb_wrapper\">\n\t\t\t<p><img loading=\"lazy\" decoding=\"async\" class=\"wp-image-32865 alignleft\" src=\"https:\/\/wearevillage.org\/wp-content\/uploads\/2025\/10\/wav-team-Marco-270x300.png\" alt=\"\" width=\"160\" height=\"178\" srcset=\"https:\/\/wearevillage.org\/wp-content\/uploads\/2025\/10\/wav-team-Marco-270x300.png 270w, https:\/\/wearevillage.org\/wp-content\/uploads\/2025\/10\/wav-team-Marco-135x150.png 135w, https:\/\/wearevillage.org\/wp-content\/uploads\/2025\/10\/wav-team-Marco-768x853.png 768w, https:\/\/wearevillage.org\/wp-content\/uploads\/2025\/10\/wav-team-Marco-624x693.png 624w, https:\/\/wearevillage.org\/wp-content\/uploads\/2025\/10\/wav-team-Marco-390x433.png 390w, https:\/\/wearevillage.org\/wp-content\/uploads\/2025\/10\/wav-team-Marco-600x667.png 600w, https:\/\/wearevillage.org\/wp-content\/uploads\/2025\/10\/wav-team-Marco.png 900w\" sizes=\"auto, (max-width: 160px) 100vw, 160px\" \/> <strong>Marco Astolfi<\/strong> ist Literatur\u00fcbersetzer, Schriftsteller und Fee aus Italien. Er lebt in Berlin, ist Mitveranstalter des Village Heart Circle f\u00fcr GBTQ-M\u00e4nner und leitet alle zwei Monate den Book Club-Abend. Er ist Stammgast beim Creative Writing und kann gelegentlich als Model f\u00fcr die Life Drawing Unterrichte vorgefunden werden. Er besuchte das One Year Training im 2018 und leitete die Workshops Cock O\u2019Clock beim Easter Stretch Festival 2019 und Privates Talk beim Stretch Imagina 2020.<\/p>\n\n\t\t<\/div>\n\t<\/div>\n<div class=\"vc_separator wpb_content_element vc_separator_align_center vc_sep_width_100 vc_sep_pos_align_center vc_separator_no_text vc_sep_color_grey vc_custom_1723801636502 wpb_content_element  vc_custom_1723801636502 wpb_content_element\" ><span class=\"vc_sep_holder vc_sep_holder_l\"><span class=\"vc_sep_line\"><\/span><\/span><span class=\"vc_sep_holder vc_sep_holder_r\"><span class=\"vc_sep_line\"><\/span><\/span>\n<\/div>\n\t<div class=\"wpb_text_column wpb_content_element\" >\n\t\t<div class=\"wpb_wrapper\">\n\t\t\t<p><strong>\u00dcber den Village Book Club<\/strong><br \/>\nB\u00fccherliebhaber und Leseratten treffen sich jeden Monat, um Literatur und Sachb\u00fccher (Romane, Biografien und Essays) zu besprechen, die sich mit LGBTQIA+-Themen und -Pers\u00f6nlichkeiten befassen oder damit in Zusammenhang stehen.<br \/>\nIn Voraussicht auf aufschlussreiche Diskussionen w\u00e4hlen wir das n\u00e4chste Buch zwei Monate im Voraus aus.<br \/>\nDie Diskussionen am Abend finden <strong>auf Englisch<\/strong> statt, aber die Teilnehmenden k\u00f6nnen die B\u00fccher in ihrer Lieblingssprache lesen.<\/p>\n<p><em>** Diese Veranstaltung ist Teil unseres Programms \u201a<strong><a href=\"https:\/\/wearevillage.org\/village-quartiere\/addressing-queer-lonliness\" target=\"_blank\" rel=\"noopener\">Gemeinsam statt einsam<\/a><\/strong>\u201a, unterst\u00fctzt von der <strong><a href=\"https:\/\/www.berlin.de\/sen\/lads\/\" target=\"_blank\" rel=\"noopener\">LADS<\/a><\/strong>. <\/em><br \/>\n<em>Erfahre mehr \u00fcber das Programm <a href=\"https:\/\/wearevillage.org\/village-quartiere\/addressing-queer-lonliness\" target=\"_blank\" rel=\"noopener\">hier<\/a>.<\/em><\/p>\n\n\t\t<\/div>\n\t<\/div>\n<\/div><\/div><\/div><\/div>\n<\/div>","protected":false},"excerpt":{"rendered":"<h5>Donnerstag (alle 2 Monate)<br \/>\n20:00 \u2013 22:30<br \/>\nkostenlos mit Anmeldung<\/h5>\n<p class=\"p1\"><strong>| <span style=\"color: #ec6c23;\">LGBTQIA+<\/span>\u00a0|<\/strong><\/p>\n<p><strong>\u201eThe Loves of My Life\u201c von Edmund White (2025)<\/strong><\/p>\n<p>In diesem sp\u00e4ten Memoir blickt Edmund White auf Jahrzehnte von Begehren, Intimit\u00e4t und queerer Erfahrung zur\u00fcck. Von den repressiven 1950er-Jahren bis ins digitale Zeitalter erz\u00e4hlt er von Begegnungen, Beziehungen und fl\u00fcchtigen Verbindungen, die sein Leben und Schreiben gepr\u00e4gt haben. Das Ergebnis ist ein offenes, witziges und sehr pers\u00f6nliches Portr\u00e4t von Liebe in all ihren Formen.<\/p>\n","protected":false},"author":12,"featured_media":43062,"template":"","meta":{"pmpro_default_level":"","inline_featured_image":false},"product_brand":[],"product_cat":[791,769,79],"product_tag":[469],"class_list":{"0":"post-43059","1":"product","2":"type-product","3":"status-publish","4":"has-post-thumbnail","6":"product_cat-gemeinsam-statt-einsam","7":"product_cat-kostenloser-zugang","8":"product_cat-monatliche-events","9":"product_tag-lgbtqiaplus","10":"pmpro-has-access","12":"first","13":"instock","14":"purchasable","15":"product-type-simple"},"wpml_current_locale":"de_DE","wpml_translations":{"en_US":{"locale":"en_US","id":43060,"slug":"book-club-10","post_title":"Book Club","href":"https:\/\/wearevillage.org\/en\/shop\/book-club\/w23-2026"}},"language":{"code":"de","locale":"","name":"","is_rtl":false},"_links":{"self":[{"href":"https:\/\/wearevillage.org\/wp-json\/wp\/v2\/product\/43059","targetHints":{"allow":["GET"]}}],"collection":[{"href":"https:\/\/wearevillage.org\/wp-json\/wp\/v2\/product"}],"about":[{"href":"https:\/\/wearevillage.org\/wp-json\/wp\/v2\/types\/product"}],"author":[{"embeddable":true,"href":"https:\/\/wearevillage.org\/wp-json\/wp\/v2\/users\/12"}],"wp:featuredmedia":[{"embeddable":true,"href":"https:\/\/wearevillage.org\/wp-json\/wp\/v2\/media\/43062"}],"wp:attachment":[{"href":"https:\/\/wearevillage.org\/wp-json\/wp\/v2\/media?parent=43059"}],"wp:term":[{"taxonomy":"product_brand","embeddable":true,"href":"https:\/\/wearevillage.org\/wp-json\/wp\/v2\/product_brand?post=43059"},{"taxonomy":"product_cat","embeddable":true,"href":"https:\/\/wearevillage.org\/wp-json\/wp\/v2\/product_cat?post=43059"},{"taxonomy":"product_tag","embeddable":true,"href":"https:\/\/wearevillage.org\/wp-json\/wp\/v2\/product_tag?post=43059"}],"curies":[{"name":"wp","href":"https:\/\/api.w.org\/{rel}","templated":true}]}}