{"id":4346,"date":"2023-05-05T14:46:27","date_gmt":"2023-05-05T12:46:27","guid":{"rendered":"https:\/\/wearevillage.org\/?post_type=product&#038;p=4346"},"modified":"2024-02-11T15:02:02","modified_gmt":"2024-02-11T14:02:02","slug":"main-template-copy","status":"publish","type":"product","link":"https:\/\/wearevillage.org\/shop\/einsamkeit-und-gesundheit-von-lgbtqia-plus-w22\/","title":{"rendered":"Village Salon \u2013 Einsamkeit und Gesundheit von LGBTQIA+"},"content":{"rendered":"<div class=\"wpb-content-wrapper\"><div class=\"vc_row wpb_row vc_row-fluid\"><div class=\"wpb_column vc_column_container vc_col-sm-10\"><div class=\"vc_column-inner\"><div class=\"wpb_wrapper\"><\/div><\/div><\/div><div class=\"wpb_column vc_column_container vc_col-sm-2\"><div class=\"vc_column-inner\"><div class=\"wpb_wrapper\"><\/div><\/div><\/div><\/div><div class=\"vc_row wpb_row vc_row-fluid\"><div class=\"wpb_column vc_column_container vc_col-sm-12\"><div class=\"vc_column-inner\"><div class=\"wpb_wrapper\"><h4 style=\"text-align: left\" class=\"vc_custom_heading vc_do_custom_heading\" >Wie Einsamkeit der Gesundheit von LGBTQIA+ schadet und was man dagegen tun kann<\/h4><h5 style=\"text-align: left\" class=\"vc_custom_heading vc_do_custom_heading\" >Ein Vortrag und Gespr\u00e4ch von und mit Dr. Dr. Dominique Piber<\/h5>\n\t<div class=\"wpb_text_column wpb_content_element\" >\n\t\t<div class=\"wpb_wrapper\">\n\t\t\t<div class=\"x11i5rnm xat24cr x1mh8g0r x1vvkbs xtlvy1s\">\n<div class=\"x11i5rnm xat24cr x1mh8g0r x1vvkbs xtlvy1s\">\n<div class=\"x11i5rnm xat24cr x1mh8g0r x1vvkbs xtlvy1s\">\n<p>In Zusammenarbeit mit der Landesstelle f\u00fcr Gleichbehandlung \u2013 gegen Diskriminierung hat sich Village.Berlin f\u00fcr das Jahr 2023 zum Ziel gesetzt, das Thema Einsamkeit in der queeren Community anzugehen.<\/p>\n<p>Zum Auftakt unseres Programms findet am 27. Juni 2023 um 19 Uhr ein Vortrag von Dr. Dominique Piber (Charit\u00e9 Berlin) \u00fcber Einsamkeit und Gesundheit von LSBTQIA+ in unseren R\u00e4umen in der Kurf\u00fcrstenstra\u00dfe 31\/32 statt. Im Anschluss wird es Gelegenheit f\u00fcr Fragen und Diskussion geben.<\/p>\n<p>LSBTQIA+ Menschen sind nicht erst seit der Covid-19-Pandemie einem h\u00f6heren Risiko f\u00fcr psychische Belastungen, mentalen gesundheitlichen Problemen, Minorit\u00e4tenstress, sozialer Ausgrenzung sowie einer Vielzahl von Diskriminierungsformen ausgesetzt. Diese Mehrfachdiskriminierungserfahrungen, sowohl auf struktureller als auch auf individueller Ebene, sind oft begleitet von chronischen Gef\u00fchlen der Einsamkeit.<\/p>\n<p>In seinem Vortrag wird Dr. Dominique Piper die gesundheitlichen Auswirkungen von Einsamkeit in der LGBTQIA+ Gemeinschaft zusammenfassen und Strategien aufzeigen, um dieser Entwicklung entgegenzuwirken. Anschlie\u00dfend wird es Raum geben, Fragen zu stellen und gemeinsam zu diskutieren. Auch wollen wir in offener Runde dar\u00fcber sprechen, welche Angebotsbedarfe es gibt und wie spezifischen Programme und Veranstaltungen f\u00fcr und mit der queeren Community gestaltet werden k\u00f6nnen, um mehr Gemeinsamkeitsgef\u00fchl zu schaffen.<\/p>\n<\/div>\n<\/div>\n<\/div>\n\n\t\t<\/div>\n\t<\/div>\n\n\t<div class=\"wpb_text_column wpb_content_element\" >\n\t\t<div class=\"wpb_wrapper\">\n\t\t\t<div class=\"x11i5rnm xat24cr x1mh8g0r x1vvkbs xtlvy1s\">\n<div class=\"x11i5rnm xat24cr x1mh8g0r x1vvkbs xtlvy1s\">\n<div class=\"x11i5rnm xat24cr x1mh8g0r x1vvkbs xtlvy1s\">\n<p><strong>unser Gast \/\/<\/strong> Dr. med. univ. Dominique Piber ist klinischer Psychiater und Forscher an der Charit\u00e9 \u2013 Universit\u00e4tsmedizin Berlin und an der University of California, Los Angeles (UCLA). Seine Forschung konzentriert sich auf die Verbindungen zwischen K\u00f6rper und Geist, mit besonderem Augenmerk auf die Wechselwirkungen zwischen Gehirn und Immunsystem. Er setzt sich f\u00fcr Vielfalt ein und ist derzeit Vorsitzender des Equity, Diversity and Inclusion Committee der Psychoneuroimmunology Research Society (PNIRS).<\/p>\n<\/div>\n<\/div>\n<\/div>\n\n\t\t<\/div>\n\t<\/div>\n<\/div><\/div><\/div><\/div>\n<\/div>","protected":false},"excerpt":{"rendered":"<h5>Vortrag<br \/>\n19:00-21:00<br \/>\nEintritt Free<\/h5>\n<h5><strong style=\"font-size: 16px;\">| <span style=\"color: #ec6c23;\">LGBTQIA+ & friends<\/span>\u00a0|<\/strong><\/h5>\n<div class=\"x11i5rnm xat24cr x1mh8g0r x1vvkbs xtlvy1s\">\n<div class=\"x11i5rnm xat24cr x1mh8g0r x1vvkbs xtlvy1s\">\n<p>In diesem Vortrag werden die gesundheitlichen Auswirkungen von Einsamkeit in der LGBTQIA+-Gemeinschaft zusammengefasst und Strategien aufgezeigt, die diese Entwicklung positiv beeinflussen.<\/p>\n<\/div>\n<\/div>\n","protected":false},"author":14,"featured_media":6484,"template":"","meta":{"pmpro_default_level":"","inline_featured_image":false},"product_brand":[],"product_cat":[134,80],"product_tag":[469],"class_list":{"0":"post-4346","1":"product","2":"type-product","3":"status-publish","4":"has-post-thumbnail","6":"product_cat-einmalige-events","7":"product_cat-queer-matters","8":"product_tag-lgbtqiaplus","9":"pmpro-has-access","11":"first","12":"outofstock","13":"purchasable","14":"product-type-variable"},"wpml_current_locale":"de_DE","wpml_translations":{"en_US":{"locale":"en_US","id":4352,"slug":"vernissage-instinct-12-an-aids-walkthrough-copy","post_title":"Village Salon \u2013 Loneliness and LGBTQIA+ health","href":"https:\/\/wearevillage.org\/en\/shop\/einsamkeit-und-gesundheit-w22"}},"language":{"code":"de","locale":"","name":"","is_rtl":false},"_links":{"self":[{"href":"https:\/\/wearevillage.org\/wp-json\/wp\/v2\/product\/4346","targetHints":{"allow":["GET"]}}],"collection":[{"href":"https:\/\/wearevillage.org\/wp-json\/wp\/v2\/product"}],"about":[{"href":"https:\/\/wearevillage.org\/wp-json\/wp\/v2\/types\/product"}],"author":[{"embeddable":true,"href":"https:\/\/wearevillage.org\/wp-json\/wp\/v2\/users\/14"}],"wp:featuredmedia":[{"embeddable":true,"href":"https:\/\/wearevillage.org\/wp-json\/wp\/v2\/media\/6484"}],"wp:attachment":[{"href":"https:\/\/wearevillage.org\/wp-json\/wp\/v2\/media?parent=4346"}],"wp:term":[{"taxonomy":"product_brand","embeddable":true,"href":"https:\/\/wearevillage.org\/wp-json\/wp\/v2\/product_brand?post=4346"},{"taxonomy":"product_cat","embeddable":true,"href":"https:\/\/wearevillage.org\/wp-json\/wp\/v2\/product_cat?post=4346"},{"taxonomy":"product_tag","embeddable":true,"href":"https:\/\/wearevillage.org\/wp-json\/wp\/v2\/product_tag?post=4346"}],"curies":[{"name":"wp","href":"https:\/\/api.w.org\/{rel}","templated":true}]}}