{"id":4369,"date":"2023-05-05T15:51:37","date_gmt":"2023-05-05T13:51:37","guid":{"rendered":"https:\/\/wearevillage.org\/?post_type=product&#038;p=4369"},"modified":"2023-06-21T10:36:28","modified_gmt":"2023-06-21T08:36:28","slug":"akelarre-naikee","status":"publish","type":"product","link":"https:\/\/wearevillage.org\/shop\/akelarre-naikee-w18\/","title":{"rendered":"Akelarre \u2013 Naikee"},"content":{"rendered":"<div class=\"wpb-content-wrapper\"><div class=\"vc_row wpb_row vc_row-fluid\"><div class=\"wpb_column vc_column_container vc_col-sm-10\"><div class=\"vc_column-inner\"><div class=\"wpb_wrapper\"><\/div><\/div><\/div><div class=\"wpb_column vc_column_container vc_col-sm-2\"><div class=\"vc_column-inner\"><div class=\"wpb_wrapper\"><\/div><\/div><\/div><\/div><div class=\"vc_row wpb_row vc_row-fluid\"><div class=\"wpb_column vc_column_container vc_col-sm-12\"><div class=\"vc_column-inner\"><div class=\"wpb_wrapper\"><h4 style=\"text-align: left\" class=\"vc_custom_heading vc_do_custom_heading\" >Akelarre - Naikee<\/h4><h5 style=\"text-align: left\" class=\"vc_custom_heading vc_do_custom_heading\" >Dinner hosted by Village Femme Team<\/h5>\n\t<div class=\"wpb_text_column wpb_content_element\" >\n\t\t<div class=\"wpb_wrapper\">\n\t\t\t<div class=\"x11i5rnm xat24cr x1mh8g0r x1vvkbs xtlvy1s\">\n<div class=\"x11i5rnm xat24cr x1mh8g0r x1vvkbs xtlvy1s\">\n<div class=\"x11i5rnm xat24cr x1mh8g0r x1vvkbs xtlvy1s\">\n<p>Erstes Schwesterndinner oder Hexentreffen (akelarre auf Baskisch) mit unserer geliebten Naikee. Wir werden ein sehr intimes Interview mit ihr bei diesem Gala-Dinner f\u00fchren, mit dem das erste der neuen Femme-Programme im Village eingeweiht wird, mit roten Kerzen, Champagner und einem besonderen Men\u00fc. Darling: h\u00f6r mal, das solltest Du nicht verpassen: Bitte melden dich bis Freitag, den 5. Mai, unter rleveroos@gmail.com an. Wir freuen uns auf jeden Fall auf deine wunderbare Anwesenheit, aber es gibt extra K\u00fcsse, wenn du etwas zu trinken, einen s\u00fc\u00dfen Look und Glitzer zum Teilen mitbringst. Ja, es ist exklusiv f\u00fcr trans Femmes.<\/p>\n<\/div>\n<\/div>\n<\/div>\n\n\t\t<\/div>\n\t<\/div>\n<\/div><\/div><\/div><\/div>\n<\/div>","protected":false},"excerpt":{"rendered":"<h5>Samstag<br \/>\n19:30-23:30<\/h5>\n<h5><strong style=\"font-size: 16px;\">| <span style=\"color: #ec6c23;\">Trans fem*<\/span>\u00a0|<\/strong><\/h5>\n<div class=\"x11i5rnm xat24cr x1mh8g0r x1vvkbs xtlvy1s\">\n<div class=\"x11i5rnm xat24cr x1mh8g0r x1vvkbs xtlvy1s\">\n<p>Das erste Schwesterndinner oder Hexentreffen (akelarre auf Baskisch) im Village. Um das neuen Femme-Programme des Village ein zu weihen. Bitte melden Sie sich bis Freitag, den 5. Mai, unter rleveroos@gmail.com an.<\/p>\n<\/div>\n<\/div>\n","protected":false},"author":14,"featured_media":4374,"template":"","meta":{"pmpro_default_level":"","inline_featured_image":false},"product_brand":[],"product_cat":[77,80],"product_tag":[421],"class_list":{"0":"post-4369","1":"product","2":"type-product","3":"status-publish","4":"has-post-thumbnail","6":"product_cat-community-events","7":"product_cat-queer-matters","8":"product_tag-trans-fem","9":"pmpro-has-access","11":"first","12":"outofstock","13":"purchasable","14":"product-type-variable"},"wpml_current_locale":"de_DE","wpml_translations":{"en_US":{"locale":"en_US","id":4371,"slug":"vernissage-instinct-12-an-aids-walkthrough-copy-kopie","post_title":"Akelarre - Naikee","href":"https:\/\/wearevillage.org\/en\/shop\/vernissage-instinct-12-an-aids-walkthrough-copy-kopie\/"}},"language":{"code":"de","locale":"","name":"","is_rtl":false},"_links":{"self":[{"href":"https:\/\/wearevillage.org\/wp-json\/wp\/v2\/product\/4369","targetHints":{"allow":["GET"]}}],"collection":[{"href":"https:\/\/wearevillage.org\/wp-json\/wp\/v2\/product"}],"about":[{"href":"https:\/\/wearevillage.org\/wp-json\/wp\/v2\/types\/product"}],"author":[{"embeddable":true,"href":"https:\/\/wearevillage.org\/wp-json\/wp\/v2\/users\/14"}],"wp:featuredmedia":[{"embeddable":true,"href":"https:\/\/wearevillage.org\/wp-json\/wp\/v2\/media\/4374"}],"wp:attachment":[{"href":"https:\/\/wearevillage.org\/wp-json\/wp\/v2\/media?parent=4369"}],"wp:term":[{"taxonomy":"product_brand","embeddable":true,"href":"https:\/\/wearevillage.org\/wp-json\/wp\/v2\/product_brand?post=4369"},{"taxonomy":"product_cat","embeddable":true,"href":"https:\/\/wearevillage.org\/wp-json\/wp\/v2\/product_cat?post=4369"},{"taxonomy":"product_tag","embeddable":true,"href":"https:\/\/wearevillage.org\/wp-json\/wp\/v2\/product_tag?post=4369"}],"curies":[{"name":"wp","href":"https:\/\/api.w.org\/{rel}","templated":true}]}}