{"id":43735,"date":"2026-04-30T14:20:14","date_gmt":"2026-04-30T12:20:14","guid":{"rendered":"https:\/\/wearevillage.org\/?post_type=product&#038;p=43735"},"modified":"2026-04-30T17:20:31","modified_gmt":"2026-04-30T15:20:31","slug":"radical-empathy-3","status":"publish","type":"product","link":"https:\/\/wearevillage.org\/shop\/radical-empathy\/w22-2026\/","title":{"rendered":"Radical Empathy"},"content":{"rendered":"<div class=\"wpb-content-wrapper\"><div class=\"vc_row wpb_row vc_row-fluid\"><div class=\"wpb_column vc_column_container vc_col-sm-12\"><div class=\"vc_column-inner\"><div class=\"wpb_wrapper\"><h4 style=\"text-align: left\" class=\"vc_custom_heading vc_do_custom_heading\" >Radikale Empathie \u2013 Konfliktbew\u00e4ltigung als trans, nichtbin\u00e4re und inter Person<\/h4><h5 style=\"text-align: left\" class=\"vc_custom_heading vc_do_custom_heading\" >Konfliktbew\u00e4ltigung als trans, nichtbin\u00e4re und inter Person mit neo seefried und B\u00e9la Hackenberg<\/h5>\n\t<div class=\"wpb_text_column wpb_content_element\" >\n\t\t<div class=\"wpb_wrapper\">\n\t\t\t<p><strong>Gast in diesem Monat: B\u00e9la Hackenberg \u2013 Multidisziplin\u00e4re K\u00fcnstlerin & Fachreferentin f\u00fcr trans Empowerment<\/strong><\/p>\n<p><strong><i data-path-to-node=\"4,0\" data-index-in-node=\"0\">Konfliktbew\u00e4ltigung als trans, nichtbin\u00e4re und inter<\/i> Person<br \/>\n<\/strong><\/p>\n<p data-path-to-node=\"5\">In diesem Workshop l\u00e4dt die Aktivistin und K\u00fcnstlerin <b data-path-to-node=\"5\" data-index-in-node=\"54\">B\u00e9la Belissima<\/b> zu einer empowernden Auseinandersetzung mit Konfliktdynamiken ein. Gemeinsam werfen wir einen Blick darauf, wie trans-weibliche und queere Lebensrealit\u00e4ten unsere Erfahrungen mit Widerstand, Konfrontation und Selbstbehauptung pr\u00e4gen.<\/p>\n<p data-path-to-node=\"6\">B\u00e9la verbindet Impulse aus der politischen Bildungsarbeit mit ihrer Expertise in der Community-Kommunikation, um Wege aufzuzeigen, wie wir in Konflikten handlungsf\u00e4hig bleiben, ohne unsere Identit\u00e4t unsichtbar zu machen. Der Workshop bietet Raum f\u00fcr Reflexion und den Austausch \u00fcber Strategien, die uns helfen, Grenzen zu setzen und gleichzeitig in Verbindung mit uns selbst und unserer Community zu bleiben.<\/p>\n\n\t\t<\/div>\n\t<\/div>\n<div class=\"vc_separator wpb_content_element vc_separator_align_center vc_sep_width_100 vc_sep_pos_align_center vc_separator_no_text vc_sep_color_grey wpb_content_element  wpb_content_element\" ><span class=\"vc_sep_holder vc_sep_holder_l\"><span class=\"vc_sep_line\"><\/span><\/span><span class=\"vc_sep_holder vc_sep_holder_r\"><span class=\"vc_sep_line\"><\/span><\/span>\n<\/div>\n\t<div class=\"wpb_text_column wpb_content_element\" >\n\t\t<div class=\"wpb_wrapper\">\n\t\t\t<p><span style=\"text-decoration: underline;\"><strong>\u00dcber Radical Empathy<\/strong><\/span><\/p>\n<p><strong>Radical Empathy \u2013 Tools for Togetherness<\/strong> kn\u00fcpft an <strong>Radical Empathy \u2013 Queer Storytelling for Connection<\/strong> (2025) an und entwickelt das Format weiter: vom gemeinsamen Erz\u00e4hlen hin zum gemeinsamen \u00dcben. Die Workshop-Reihe st\u00e4rkt queeres Miteinander in seiner Vielfalt und fragt: Wie k\u00f6nnen wir verbunden bleiben, gerade wenn es schwierig wird?<\/p>\n<p>Gehostet von <strong>Neo Seefried<\/strong>, verbindet die Reihe kollektives Storytelling mit somatischen, kommunikativen und kreativen Tools, um in queeren Kontexten mit Konflikten, Emotionen und Differenzen handlungsf\u00e4hig zu bleiben \u2013 ohne zu vermeiden oder zu eskalieren, sondern mit mehr Klarheit, F\u00fcrsorge und Beziehungskompetenz.<\/p>\n<p>Jede Session hat einen eigenen thematischen Fokus (u.a. Trauer & Tod, Beziehungen, Migration, HIV\/Aids, Clubkultur & Substanzen, trans\/inter\/nicht-bin\u00e4r) und wird durch einen Gast erg\u00e4nzt, der das jeweilige Thema vertieft. Im Zentrum steht der Resonance Circle: ein Raum f\u00fcr geteilte Geschichten, bewusstes Zuh\u00f6ren und Resonanz \u2013 Empathie als Praxis, die wir gemeinsam trainieren und in den Alltag mitnehmen.<\/p>\n\n\t\t<\/div>\n\t<\/div>\n<div class=\"vc_separator wpb_content_element vc_separator_align_center vc_sep_width_100 vc_sep_pos_align_center vc_separator_no_text vc_sep_color_grey wpb_content_element  wpb_content_element\" ><span class=\"vc_sep_holder vc_sep_holder_l\"><span class=\"vc_sep_line\"><\/span><\/span><span class=\"vc_sep_holder vc_sep_holder_r\"><span class=\"vc_sep_line\"><\/span><\/span>\n<\/div>\n\t<div class=\"wpb_text_column wpb_content_element\" >\n\t\t<div class=\"wpb_wrapper\">\n\t\t\t<p><img loading=\"lazy\" decoding=\"async\" class=\"wp-image-42259 alignleft\" src=\"https:\/\/wearevillage.org\/wp-content\/uploads\/2026\/04\/wav-team-Neo-Seefried-270x300.jpg\" alt=\"\" width=\"160\" height=\"178\" srcset=\"https:\/\/wearevillage.org\/wp-content\/uploads\/2026\/04\/wav-team-Neo-Seefried-270x300.jpg 270w, https:\/\/wearevillage.org\/wp-content\/uploads\/2026\/04\/wav-team-Neo-Seefried-135x150.jpg 135w, https:\/\/wearevillage.org\/wp-content\/uploads\/2026\/04\/wav-team-Neo-Seefried-768x853.jpg 768w, https:\/\/wearevillage.org\/wp-content\/uploads\/2026\/04\/wav-team-Neo-Seefried-624x693.jpg 624w, https:\/\/wearevillage.org\/wp-content\/uploads\/2026\/04\/wav-team-Neo-Seefried-390x433.jpg 390w, https:\/\/wearevillage.org\/wp-content\/uploads\/2026\/04\/wav-team-Neo-Seefried-600x667.jpg 600w, https:\/\/wearevillage.org\/wp-content\/uploads\/2026\/04\/wav-team-Neo-Seefried.jpg 900w\" sizes=\"auto, (max-width: 160px) 100vw, 160px\" \/><strong>neo seefried<\/strong> (*1995) ist freischaffende Kulturvermittler*in, Kuratorin, K\u00fcnstler und Autor mit Schwerpunkt auf queere Lebensrealit\u00e4ten, Clubkultur und gesellschaftliche Teilhabe. In Berlin lebend und t\u00e4tig, verbindet neo Bildungsformate wie Workshops, Podcasts und Ausstellungen mit einer aktivistischen, intersektionalen Praxis. Neo studierte Kunstp\u00e4dagogik (Universit\u00e4t Leipzig) und Curatorial Studies (ZHdK) und arbeitete u.a. f\u00fcr das Schwule Museum, Schloss Biesdorf, Kunstmuseum Basel, Universit\u00e4t der K\u00fcnste Berlin, TU Berlin, HFBK Hamburg, Haus f\u00fcr Poesie Berlin, Tanzquartier Wien sowie unabh\u00e4ngige Kunstr\u00e4ume wie Parat, Clubb\u00fcro, Baby Angel und Last Tango in Z\u00fcrich.<\/p>\n\n\t\t<\/div>\n\t<\/div>\n<div class=\"vc_separator wpb_content_element vc_separator_align_center vc_sep_width_100 vc_sep_pos_align_center vc_separator_no_text vc_sep_color_grey wpb_content_element  wpb_content_element\" ><span class=\"vc_sep_holder vc_sep_holder_l\"><span class=\"vc_sep_line\"><\/span><\/span><span class=\"vc_sep_holder vc_sep_holder_r\"><span class=\"vc_sep_line\"><\/span><\/span>\n<\/div>\n\t<div class=\"wpb_text_column wpb_content_element\" >\n\t\t<div class=\"wpb_wrapper\">\n\t\t\t<p><img loading=\"lazy\" decoding=\"async\" class=\"wp-image-43731 alignleft\" src=\"https:\/\/wearevillage.org\/wp-content\/uploads\/2026\/04\/94dcf7b1-e394-495a-9b36-211c7c459af4.jpeg\" alt=\"\" width=\"150\" height=\"150\" srcset=\"https:\/\/wearevillage.org\/wp-content\/uploads\/2026\/04\/94dcf7b1-e394-495a-9b36-211c7c459af4.jpeg 2560w, https:\/\/wearevillage.org\/wp-content\/uploads\/2026\/04\/94dcf7b1-e394-495a-9b36-211c7c459af4-300x300.jpeg 300w, https:\/\/wearevillage.org\/wp-content\/uploads\/2026\/04\/94dcf7b1-e394-495a-9b36-211c7c459af4-1024x1024.jpeg 1024w, https:\/\/wearevillage.org\/wp-content\/uploads\/2026\/04\/94dcf7b1-e394-495a-9b36-211c7c459af4-150x150.jpeg 150w, https:\/\/wearevillage.org\/wp-content\/uploads\/2026\/04\/94dcf7b1-e394-495a-9b36-211c7c459af4-768x768.jpeg 768w, https:\/\/wearevillage.org\/wp-content\/uploads\/2026\/04\/94dcf7b1-e394-495a-9b36-211c7c459af4-1536x1536.jpeg 1536w, https:\/\/wearevillage.org\/wp-content\/uploads\/2026\/04\/94dcf7b1-e394-495a-9b36-211c7c459af4-2048x2048.jpeg 2048w, https:\/\/wearevillage.org\/wp-content\/uploads\/2026\/04\/94dcf7b1-e394-495a-9b36-211c7c459af4-624x624.jpeg 624w, https:\/\/wearevillage.org\/wp-content\/uploads\/2026\/04\/94dcf7b1-e394-495a-9b36-211c7c459af4-390x390.jpeg 390w, https:\/\/wearevillage.org\/wp-content\/uploads\/2026\/04\/94dcf7b1-e394-495a-9b36-211c7c459af4-600x600.jpeg 600w, https:\/\/wearevillage.org\/wp-content\/uploads\/2026\/04\/94dcf7b1-e394-495a-9b36-211c7c459af4-100x100.jpeg 100w\" sizes=\"auto, (max-width: 150px) 100vw, 150px\" \/><strong>B\u00e9la Belissima<\/strong> ist eine multidimensionale trans-feminine Aktivistin und K\u00fcnstlerin aus Berlin. Zentrales Element in ihrer Arbeit ist das Empowerment von queeren und besonders trans Personen und Communities. B\u00e9la arbeitet freiberuflich als Podcasterin, Moderatorin, Model, Performer und im Bereich der politischen Bildungsarbeit. Seit Mai 2025 arbeitet sie zus\u00e4tzlich bei \u201eTGEU \u2013 Trans Europe and Central Asia\u201c, aktuell in der Position \u201eJunior Communications Officer\u201c.<\/p>\n\n\t\t<\/div>\n\t<\/div>\n<div class=\"vc_separator wpb_content_element vc_separator_align_center vc_sep_width_100 vc_sep_pos_align_center vc_separator_no_text vc_sep_color_grey wpb_content_element  wpb_content_element\" ><span class=\"vc_sep_holder vc_sep_holder_l\"><span class=\"vc_sep_line\"><\/span><\/span><span class=\"vc_sep_holder vc_sep_holder_r\"><span class=\"vc_sep_line\"><\/span><\/span>\n<\/div>\n\t<div class=\"wpb_text_column wpb_content_element\" >\n\t\t<div class=\"wpb_wrapper\">\n\t\t\t<p><img loading=\"lazy\" decoding=\"async\" class=\" wp-image-30028 alignleft\" src=\"https:\/\/wearevillage.org\/wp-content\/uploads\/2025\/08\/Logo-Berlin-gegen-Gewalt_CMYK_farbig-300x199.jpeg\" alt=\"\" width=\"113\" height=\"75\" srcset=\"https:\/\/wearevillage.org\/wp-content\/uploads\/2025\/08\/Logo-Berlin-gegen-Gewalt_CMYK_farbig-300x199.jpeg 300w, https:\/\/wearevillage.org\/wp-content\/uploads\/2025\/08\/Logo-Berlin-gegen-Gewalt_CMYK_farbig-1024x678.jpeg 1024w, https:\/\/wearevillage.org\/wp-content\/uploads\/2025\/08\/Logo-Berlin-gegen-Gewalt_CMYK_farbig-150x99.jpeg 150w, https:\/\/wearevillage.org\/wp-content\/uploads\/2025\/08\/Logo-Berlin-gegen-Gewalt_CMYK_farbig-768x509.jpeg 768w, https:\/\/wearevillage.org\/wp-content\/uploads\/2025\/08\/Logo-Berlin-gegen-Gewalt_CMYK_farbig-624x413.jpeg 624w, https:\/\/wearevillage.org\/wp-content\/uploads\/2025\/08\/Logo-Berlin-gegen-Gewalt_CMYK_farbig-390x258.jpeg 390w, https:\/\/wearevillage.org\/wp-content\/uploads\/2025\/08\/Logo-Berlin-gegen-Gewalt_CMYK_farbig-600x398.jpeg 600w, https:\/\/wearevillage.org\/wp-content\/uploads\/2025\/08\/Logo-Berlin-gegen-Gewalt_CMYK_farbig.jpeg 1280w\" sizes=\"auto, (max-width: 113px) 100vw, 113px\" \/>Mit Unterst\u00fctzung der Senatsverwaltung f\u00fcr Inneres und Sport \u2013 Landeskommission Berlin gegen Gewalt haben wir das Programm <strong>Konflikte als Ausgangspunkt \u2013 Resilienz als Gemeinschaftserfahrung<\/strong> entwickelt. Das Projekt er\u00f6ffnet respektvolle, dialogische R\u00e4ume f\u00fcr queere Menschen in Berlin. Es macht Differenzen sichtbar, l\u00e4dt dazu ein, sie auszuhalten, und schafft M\u00f6glichkeiten, sie produktiv und kreativ zu bearbeiten. Damit soll die soziale Fragmentierung innerhalb der queeren Communities \u00fcberwunden und neue Formen von Austausch, Zusammenhalt und gegenseitiger Teilhabe gest\u00e4rkt werden.<\/p>\n\n\t\t<\/div>\n\t<\/div>\n<div class=\"vc_separator wpb_content_element vc_separator_align_center vc_sep_width_100 vc_sep_pos_align_center vc_separator_no_text vc_sep_color_grey wpb_content_element  wpb_content_element\" ><span class=\"vc_sep_holder vc_sep_holder_l\"><span class=\"vc_sep_line\"><\/span><\/span><span class=\"vc_sep_holder vc_sep_holder_r\"><span class=\"vc_sep_line\"><\/span><\/span>\n<\/div>\n\t<div class=\"wpb_text_column wpb_content_element\" >\n\t\t<div class=\"wpb_wrapper\">\n\t\t\t<p><span style=\"text-decoration: underline;\"><strong>Hinweise<br \/>\n<\/strong><\/span><strong>Teilnehmende:<\/strong> Dieser Workshop<i data-path-to-node=\"3,0\" data-index-in-node=\"0\">\u00a0ist ein exklusiver Safer Space f\u00fcr TIN-Personen (trans, inter, nichtbin\u00e4re sowie gender-nonkonforme Menschen). Wir begr\u00fc\u00dfen ausdr\u00fccklich die Teilnahme von TIN<\/i>-Personen mit Mehrfachmarginalisierungen.<br \/>\n<strong>Sprache:<\/strong> Je nach Bed\u00fcrfnissen der Gruppe auf Deutsch und\/oder Englisch.<br \/>\n<strong>Kosten:<\/strong> kostenlos mit Anmeldung.<\/p>\n\n\t\t<\/div>\n\t<\/div>\n<\/div><\/div><\/div><\/div>\n<\/div>","protected":false},"excerpt":{"rendered":"<h5>Freitag<br \/>\n14:00-17:00<br \/>\nKostenlos mit Anmeldung<\/h5>\n<h5><strong> | <span style=\"color: #ec6c23;\"> LGBTQIA+ <\/span> | <\/strong><\/h5>\n<p>In diesem Workshop l\u00e4dt die Aktivistin und K\u00fcnstlerin <b data-path-to-node=\"5\" data-index-in-node=\"54\">B\u00e9la Belissima<\/b> zu einer empowernden Auseinandersetzung mit Konfliktdynamiken ein. Gemeinsam werfen wir einen Blick darauf, wie trans-weibliche und queere Lebensrealit\u00e4ten unsere Erfahrungen mit Widerstand, Konfrontation und Selbstbehauptung pr\u00e4gen.<\/p>\n","protected":false},"author":12,"featured_media":43740,"template":"","meta":{"pmpro_default_level":"","inline_featured_image":false},"product_brand":[],"product_cat":[952,769,83],"product_tag":[469],"class_list":{"0":"post-43735","1":"product","2":"type-product","3":"status-publish","4":"has-post-thumbnail","6":"product_cat-radical-empathy","7":"product_cat-kostenloser-zugang","8":"product_cat-workshops","9":"product_tag-lgbtqiaplus","10":"pmpro-has-access","12":"first","13":"instock","14":"sold-individually","15":"purchasable","16":"product-type-simple"},"wpml_current_locale":"de_DE","wpml_translations":{"en_US":{"locale":"en_US","id":43736,"slug":"radical-empathy-w48-2025","post_title":"Radical Empathy","href":"https:\/\/wearevillage.org\/en\/shop\/radical-empathy\/w22-2026"}},"language":{"code":"de","locale":"","name":"","is_rtl":false},"_links":{"self":[{"href":"https:\/\/wearevillage.org\/wp-json\/wp\/v2\/product\/43735","targetHints":{"allow":["GET"]}}],"collection":[{"href":"https:\/\/wearevillage.org\/wp-json\/wp\/v2\/product"}],"about":[{"href":"https:\/\/wearevillage.org\/wp-json\/wp\/v2\/types\/product"}],"author":[{"embeddable":true,"href":"https:\/\/wearevillage.org\/wp-json\/wp\/v2\/users\/12"}],"wp:featuredmedia":[{"embeddable":true,"href":"https:\/\/wearevillage.org\/wp-json\/wp\/v2\/media\/43740"}],"wp:attachment":[{"href":"https:\/\/wearevillage.org\/wp-json\/wp\/v2\/media?parent=43735"}],"wp:term":[{"taxonomy":"product_brand","embeddable":true,"href":"https:\/\/wearevillage.org\/wp-json\/wp\/v2\/product_brand?post=43735"},{"taxonomy":"product_cat","embeddable":true,"href":"https:\/\/wearevillage.org\/wp-json\/wp\/v2\/product_cat?post=43735"},{"taxonomy":"product_tag","embeddable":true,"href":"https:\/\/wearevillage.org\/wp-json\/wp\/v2\/product_tag?post=43735"}],"curies":[{"name":"wp","href":"https:\/\/api.w.org\/{rel}","templated":true}]}}