{"id":43746,"date":"2026-04-30T16:06:59","date_gmt":"2026-04-30T14:06:59","guid":{"rendered":"https:\/\/wearevillage.org\/?post_type=product&#038;p=43746"},"modified":"2026-04-30T17:12:21","modified_gmt":"2026-04-30T15:12:21","slug":"10-year-anniversary","status":"publish","type":"product","link":"https:\/\/wearevillage.org\/shop\/c10-year-anniversary\/w24-2026\/","title":{"rendered":"10 Year Anniversary"},"content":{"rendered":"<div class=\"wpb-content-wrapper\"><div class=\"vc_row wpb_row vc_row-fluid\"><div class=\"wpb_column vc_column_container vc_col-sm-12\"><div class=\"vc_column-inner\"><div class=\"wpb_wrapper\"><h4 style=\"text-align: left\" class=\"vc_custom_heading vc_do_custom_heading\" >10 Year Anniversary<\/h4><h5 style=\"text-align: left\" class=\"vc_custom_heading vc_do_custom_heading\" >Pr\u00e4sentiert von Jay<\/h5>\n\t<div class=\"wpb_text_column wpb_content_element\" >\n\t\t<div class=\"wpb_wrapper\">\n\t\t\t<div class=\"x11i5rnm xat24cr x1mh8g0r x1vvkbs xtlvy1s\">\n<div class=\"x11i5rnm xat24cr x1mh8g0r x1vvkbs xtlvy1s\">\n<div class=\"x11i5rnm xat24cr x1mh8g0r x1vvkbs xtlvy1s\">\n<div class=\"page\" title=\"Page 2\">\n<div class=\"section\">\n<div class=\"layoutArea\">\n<div class=\"column\">\n<p><strong>Gemeinsam feiern wir euch und unsere Community.<\/strong><\/p>\n<p>Vor zehn Jahren begann <strong>we are village<\/strong> als eine Idee \u2013 mit dem Glauben daran, dass R\u00e4ume entstehen k\u00f6nnen, die von F\u00fcrsorge, Verbindung und gemeinsamer Verantwortung getragen sind. Gewachsen ist dieser Ort durch die Menschen, die ihn betreten haben, die geblieben sind, die weitergezogen sind, die R\u00e4ume gehalten, gestaltet, unterst\u00fctzt, hinterfragt und mit uns gemeinsam getr\u00e4umt haben.<\/p>\n<p>Dieses Jubil\u00e4um ist mehr als ein Blick zur\u00fcck. Es ist eine W\u00fcrdigung all der Begegnungen, Beziehungen und Momente, die diese Community geformt haben \u2013 und dazu geh\u00f6rst auch du.<\/p>\n<p>Ob als Facilitator, Volunteer, K\u00fcnstler*in, Kooperationspartner*in<em>, <\/em>Besucher*in, Unterst\u00fctzer*in oder jemand, der nur wenige Ber\u00fchrungspunkte mit dem Village hatte: Du bist Teil dieser Geschichte.<\/p>\n<p>Wir wollen gemeinsam feiern, zusammen essen, ins Gespr\u00e4ch kommen, uns erinnern und neue Verbindungen entstehen lassen. Der Abend umfasst R\u00fcckblicke auf die letzten zehn Jahre, den Launch unserer neuen App, eine Drag Show, Musik sowie Raum zum Tanzen, Wiedersehen und Feiern.<\/p>\n<p>Bring die Menschen mit, die dir wichtig sind.<\/p>\n<p><strong>Bitte melde dich bis zum 15. Mai <\/strong><a href=\"https:\/\/airtable.com\/appjeCqNKRScMJFFe\/paguVHa6d3DjAeROZ\/form\" target=\"_blank\" rel=\"noopener\"><strong>hier <\/strong><\/a><strong>an!<\/strong><\/p>\n<p>Wir freuen uns darauf, gemeinsam mit dir 10 Jahre we are village zu feiern.<\/p>\n<\/div>\n<\/div>\n<\/div>\n<\/div>\n<\/div>\n<\/div>\n<\/div>\n\n\t\t<\/div>\n\t<\/div>\n\n\t<div class=\"wpb_text_column wpb_content_element\" >\n\t\t<div class=\"wpb_wrapper\">\n\t\t\t<div class=\"x11i5rnm xat24cr x1mh8g0r x1vvkbs xtlvy1s\">\n<div class=\"x11i5rnm xat24cr x1mh8g0r x1vvkbs xtlvy1s\">\n<div class=\"x11i5rnm xat24cr x1mh8g0r x1vvkbs xtlvy1s\">\n<div class=\"page\" title=\"Page 2\">\n<div class=\"section\">\n<div class=\"layoutArea\">\n<div class=\"column\">\n<p>Bald teilen wir das Programm f\u00fcr diese fantastische Feier mit euch.<\/p>\n<\/div>\n<\/div>\n<\/div>\n<\/div>\n<\/div>\n<\/div>\n<\/div>\n\n\t\t<\/div>\n\t<\/div>\n\n\t<div class=\"wpb_text_column wpb_content_element\" >\n\t\t<div class=\"wpb_wrapper\">\n\t\t\t<p><img loading=\"lazy\" decoding=\"async\" class=\"wp-image-43749 alignleft\" src=\"https:\/\/wearevillage.org\/wp-content\/uploads\/2026\/04\/Abraham-Saraya-Drag-Energy-8-1-scaled-e1777558751344.jpg\" alt=\"\" width=\"170\" height=\"170\" srcset=\"https:\/\/wearevillage.org\/wp-content\/uploads\/2026\/04\/Abraham-Saraya-Drag-Energy-8-1-scaled-e1777558751344.jpg 1707w, https:\/\/wearevillage.org\/wp-content\/uploads\/2026\/04\/Abraham-Saraya-Drag-Energy-8-1-scaled-e1777558751344-300x300.jpg 300w, https:\/\/wearevillage.org\/wp-content\/uploads\/2026\/04\/Abraham-Saraya-Drag-Energy-8-1-scaled-e1777558751344-1024x1024.jpg 1024w, https:\/\/wearevillage.org\/wp-content\/uploads\/2026\/04\/Abraham-Saraya-Drag-Energy-8-1-scaled-e1777558751344-150x150.jpg 150w, https:\/\/wearevillage.org\/wp-content\/uploads\/2026\/04\/Abraham-Saraya-Drag-Energy-8-1-scaled-e1777558751344-768x768.jpg 768w, https:\/\/wearevillage.org\/wp-content\/uploads\/2026\/04\/Abraham-Saraya-Drag-Energy-8-1-scaled-e1777558751344-1536x1536.jpg 1536w, https:\/\/wearevillage.org\/wp-content\/uploads\/2026\/04\/Abraham-Saraya-Drag-Energy-8-1-scaled-e1777558751344-624x624.jpg 624w, https:\/\/wearevillage.org\/wp-content\/uploads\/2026\/04\/Abraham-Saraya-Drag-Energy-8-1-scaled-e1777558751344-390x390.jpg 390w, https:\/\/wearevillage.org\/wp-content\/uploads\/2026\/04\/Abraham-Saraya-Drag-Energy-8-1-scaled-e1777558751344-600x600.jpg 600w, https:\/\/wearevillage.org\/wp-content\/uploads\/2026\/04\/Abraham-Saraya-Drag-Energy-8-1-scaled-e1777558751344-100x100.jpg 100w\" sizes=\"auto, (max-width: 170px) 100vw, 170px\" \/><\/p>\n<p><strong>Jay \/ Jazbazmaz<\/strong>, ist ein Liebender und ein Kreativer Geist. Jay \/ Jazbazmaz hat Workshops begonnen um queere R\u00e4ume zu schaffen frei von Substanz- und Alkoholkonsum. Um sich authentisch und verletzlich zu zeigen, und dabei trotzdem Spa\u00df zu erleben und die eigenen Grenzen zu erforschen. Jay \/ Jazbazmaz workshops sind gepr\u00e4gt vom eigenen Leben, Kollegen, Somatic Coaching und Jay\u2019s \/ Jazbazmaz\u2019s Jivamukti Yoga Lehrer Ausbildungen.<\/p>\n\n\t\t<\/div>\n\t<\/div>\n<\/div><\/div><\/div><\/div><div class=\"vc_row wpb_row vc_row-fluid\"><div class=\"wpb_column vc_column_container vc_col-sm-12\"><div class=\"vc_column-inner\"><div class=\"wpb_wrapper\"><div class=\"vc_separator wpb_content_element vc_separator_align_center vc_sep_width_100 vc_sep_pos_align_center vc_separator_no_text vc_sep_color_grey wpb_content_element  wpb_content_element\" ><span class=\"vc_sep_holder vc_sep_holder_l\"><span class=\"vc_sep_line\"><\/span><\/span><span class=\"vc_sep_holder vc_sep_holder_r\"><span class=\"vc_sep_line\"><\/span><\/span>\n<\/div><\/div><\/div><\/div><\/div>\n<\/div>","protected":false},"excerpt":{"rendered":"<h5>Sonntag<br \/>\n16:00 \u2013 22:00<br \/>\nEintritt frei mit Anmeldung<\/h5>\n<p class=\"p1\"><strong>| <span style=\"color: #ec6c23;\">LGBTQIA+<\/span>|\u00a0<\/strong><\/p>\n<div class=\"page\" title=\"Page 1\">\n<div class=\"section\">\n<div class=\"layoutArea\">\n<div class=\"column\">\n<p>Vor zehn Jahren begann <strong>we are village<\/strong> als eine Idee \u2013 mit dem Glauben daran, dass R\u00e4ume entstehen k\u00f6nnen, die von F\u00fcrsorge, Verbindung und gemeinsamer Verantwortung getragen sind. Gewachsen ist dieser Ort durch die Menschen, die ihn betreten haben, die geblieben sind, die weitergezogen sind, die R\u00e4ume gehalten, gestaltet, unterst\u00fctzt, hinterfragt und mit uns gemeinsam getr\u00e4umt haben.<\/p>\n<p><strong>Bitte melde dich bis zum 15. Mai <\/strong><a href=\"https:\/\/airtable.com\/appjeCqNKRScMJFFe\/paguVHa6d3DjAeROZ\/form\" target=\"_blank\" rel=\"noopener\"><strong>hier <\/strong><\/a><strong>an!<\/strong><\/p>\n<\/div>\n<\/div>\n<\/div>\n<\/div>\n","protected":false},"author":12,"featured_media":43752,"template":"","meta":{"pmpro_default_level":"","inline_featured_image":false},"product_brand":[],"product_cat":[77,769,80],"product_tag":[],"class_list":{"0":"post-43746","1":"product","2":"type-product","3":"status-publish","4":"has-post-thumbnail","6":"product_cat-community-events","7":"product_cat-kostenloser-zugang","8":"product_cat-queer-matters","9":"pmpro-has-access","11":"first","12":"outofstock","13":"purchasable","14":"product-type-variable"},"wpml_current_locale":"de_DE","wpml_translations":{"en_US":{"locale":"en_US","id":43747,"slug":"10-year-anniversary","post_title":"10 Year Anniversary","href":"https:\/\/wearevillage.org\/en\/shop\/10-year-anniversary\/w24-2026"}},"language":{"code":"de","locale":"","name":"","is_rtl":false},"_links":{"self":[{"href":"https:\/\/wearevillage.org\/wp-json\/wp\/v2\/product\/43746","targetHints":{"allow":["GET"]}}],"collection":[{"href":"https:\/\/wearevillage.org\/wp-json\/wp\/v2\/product"}],"about":[{"href":"https:\/\/wearevillage.org\/wp-json\/wp\/v2\/types\/product"}],"author":[{"embeddable":true,"href":"https:\/\/wearevillage.org\/wp-json\/wp\/v2\/users\/12"}],"wp:featuredmedia":[{"embeddable":true,"href":"https:\/\/wearevillage.org\/wp-json\/wp\/v2\/media\/43752"}],"wp:attachment":[{"href":"https:\/\/wearevillage.org\/wp-json\/wp\/v2\/media?parent=43746"}],"wp:term":[{"taxonomy":"product_brand","embeddable":true,"href":"https:\/\/wearevillage.org\/wp-json\/wp\/v2\/product_brand?post=43746"},{"taxonomy":"product_cat","embeddable":true,"href":"https:\/\/wearevillage.org\/wp-json\/wp\/v2\/product_cat?post=43746"},{"taxonomy":"product_tag","embeddable":true,"href":"https:\/\/wearevillage.org\/wp-json\/wp\/v2\/product_tag?post=43746"}],"curies":[{"name":"wp","href":"https:\/\/api.w.org\/{rel}","templated":true}]}}