{"id":4510,"date":"2023-05-09T17:06:28","date_gmt":"2023-05-09T15:06:28","guid":{"rendered":"https:\/\/wearevillage.org\/?post_type=product&#038;p=4510"},"modified":"2023-06-07T05:12:19","modified_gmt":"2023-06-07T03:12:19","slug":"akelarre-naikee-kopie-kopie","status":"publish","type":"product","link":"https:\/\/wearevillage.org\/shop\/movement-fortransfemmes_w-20\/","title":{"rendered":"Movement for Trans Femmes"},"content":{"rendered":"<div class=\"wpb-content-wrapper\"><div class=\"vc_row wpb_row vc_row-fluid\"><div class=\"wpb_column vc_column_container vc_col-sm-10\"><div class=\"vc_column-inner\"><div class=\"wpb_wrapper\"><\/div><\/div><\/div><div class=\"wpb_column vc_column_container vc_col-sm-2\"><div class=\"vc_column-inner\"><div class=\"wpb_wrapper\"><\/div><\/div><\/div><\/div><div class=\"vc_row wpb_row vc_row-fluid\"><div class=\"wpb_column vc_column_container vc_col-sm-12\"><div class=\"vc_column-inner\"><div class=\"wpb_wrapper\"><h4 style=\"text-align: left\" class=\"vc_custom_heading vc_do_custom_heading\" >Akelarre - Naikee<\/h4><h5 style=\"text-align: left\" class=\"vc_custom_heading vc_do_custom_heading\" >with Brownsugarbiscuit<\/h5>\n\t<div class=\"wpb_text_column wpb_content_element\" >\n\t\t<div class=\"wpb_wrapper\">\n\t\t\t<div class=\"x11i5rnm xat24cr x1mh8g0r x1vvkbs xtlvy1s\">\n<div class=\"x11i5rnm xat24cr x1mh8g0r x1vvkbs xtlvy1s\">\n<div class=\"x11i5rnm xat24cr x1mh8g0r x1vvkbs xtlvy1s\">\n<p>Als Transfrauen sind wir wunderbar, aber wissen wir das wirklich? Wei\u00df unser K\u00f6rper das? Inwieweit k\u00f6nnen wir diese nie versiegende Quelle der Sinnlichkeit und Revolution verk\u00f6rpern, die wir sind, manchmal sogar ohne es zu merken? Brownsugarbiscuit wei\u00df das ganz sicher und lehrt uns in ihrem Workshop, wie wir unseren K\u00f6rper nutzen k\u00f6nnen, um uns Raum zu nehmen, damit wir unsere wildesten Fantasien wahr werden lassen k\u00f6nnen. Nur f\u00fcr Trans fem*<\/p>\n<p>Bitte bringt zwei unterschiedliche Outfits mit.<br \/>\n1.: f\u00fcr Bewegung (Stretch-Hosen, gem\u00fctliches Top)<br \/>\n2.: ein flie\u00dfendes Outfit (etwas womit du \u00fcber den Laufsteg schweben kannst)<\/p>\n<\/div>\n<\/div>\n<\/div>\n\n\t\t<\/div>\n\t<\/div>\n<\/div><\/div><\/div><\/div>\n<\/div>","protected":false},"excerpt":{"rendered":"<h5>Donnerstag<br \/>\n20:00-22:00<br \/>\nEintritt frei<\/h5>\n<h5><strong style=\"font-size: 16px;\">| <span style=\"color: #ec6c23;\">Trans fem*<\/span>\u00a0|<\/strong><\/h5>\n<div class=\"x11i5rnm xat24cr x1mh8g0r x1vvkbs xtlvy1s\">\n<div class=\"x11i5rnm xat24cr x1mh8g0r x1vvkbs xtlvy1s\">\n<p>Als Transfrauen sind wir wunderbar, aber wissen wir das wirklich? Wei\u00df unser K\u00f6rper das? Inwieweit k\u00f6nnen wir diese nie versiegende Quelle der Sinnlichkeit und Revolution verk\u00f6rpern, die wir sind, manchmal sogar ohne es zu merken?<\/p>\n<\/div>\n<\/div>\n","protected":false},"author":11,"featured_media":4513,"template":"","meta":{"pmpro_default_level":"","inline_featured_image":false},"product_brand":[],"product_cat":[77,80],"product_tag":[421],"class_list":{"0":"post-4510","1":"product","2":"type-product","3":"status-publish","4":"has-post-thumbnail","6":"product_cat-community-events","7":"product_cat-queer-matters","8":"product_tag-trans-fem","9":"pmpro-has-access","11":"first","12":"outofstock","13":"purchasable","14":"product-type-variable"},"wpml_current_locale":"de_DE","wpml_translations":{"en_US":{"locale":"en_US","id":4512,"slug":"movement-for-trans-femmes-kopie","post_title":"Movement for Trans Femmes","href":"https:\/\/wearevillage.org\/en\/shop\/movement-fortransfemmes_w-20"}},"language":{"code":"de","locale":"","name":"","is_rtl":false},"_links":{"self":[{"href":"https:\/\/wearevillage.org\/wp-json\/wp\/v2\/product\/4510","targetHints":{"allow":["GET"]}}],"collection":[{"href":"https:\/\/wearevillage.org\/wp-json\/wp\/v2\/product"}],"about":[{"href":"https:\/\/wearevillage.org\/wp-json\/wp\/v2\/types\/product"}],"author":[{"embeddable":true,"href":"https:\/\/wearevillage.org\/wp-json\/wp\/v2\/users\/11"}],"wp:featuredmedia":[{"embeddable":true,"href":"https:\/\/wearevillage.org\/wp-json\/wp\/v2\/media\/4513"}],"wp:attachment":[{"href":"https:\/\/wearevillage.org\/wp-json\/wp\/v2\/media?parent=4510"}],"wp:term":[{"taxonomy":"product_brand","embeddable":true,"href":"https:\/\/wearevillage.org\/wp-json\/wp\/v2\/product_brand?post=4510"},{"taxonomy":"product_cat","embeddable":true,"href":"https:\/\/wearevillage.org\/wp-json\/wp\/v2\/product_cat?post=4510"},{"taxonomy":"product_tag","embeddable":true,"href":"https:\/\/wearevillage.org\/wp-json\/wp\/v2\/product_tag?post=4510"}],"curies":[{"name":"wp","href":"https:\/\/api.w.org\/{rel}","templated":true}]}}