{"id":4534,"date":"2023-05-09T18:05:21","date_gmt":"2023-05-09T16:05:21","guid":{"rendered":"https:\/\/wearevillage.org\/?post_type=product&#038;p=4534"},"modified":"2023-06-07T05:12:18","modified_gmt":"2023-06-07T03:12:18","slug":"partneryoga-w20","status":"publish","type":"product","link":"https:\/\/wearevillage.org\/shop\/partner-yoga-w20\/","title":{"rendered":"Partneryoga"},"content":{"rendered":"<div class=\"wpb-content-wrapper\"><div class=\"vc_row wpb_row vc_row-fluid\"><div class=\"wpb_column vc_column_container vc_col-sm-10\"><div class=\"vc_column-inner\"><div class=\"wpb_wrapper\"><div class=\"vc_row wpb_row vc_inner vc_row-fluid\"><div class=\"wpb_column vc_column_container vc_col-sm-2\"><div class=\"vc_column-inner\"><div class=\"wpb_wrapper\"><\/div><\/div><\/div><\/div><\/div><\/div><\/div><div class=\"wpb_column vc_column_container vc_col-sm-2\"><div class=\"vc_column-inner\"><div class=\"wpb_wrapper\"><\/div><\/div><\/div><\/div><div class=\"vc_row wpb_row vc_row-fluid\"><div class=\"wpb_column vc_column_container vc_col-sm-12\"><div class=\"vc_column-inner\"><div class=\"wpb_wrapper\"><h4 style=\"text-align: left\" class=\"vc_custom_heading vc_do_custom_heading\" >Partner Yoga<\/h4><h5 style=\"text-align: left\" class=\"vc_custom_heading vc_do_custom_heading\" >Mischa van Dullemen & Daniel Salamon<\/h5>\n\t<div class=\"wpb_text_column wpb_content_element\" >\n\t\t<div class=\"wpb_wrapper\">\n\t\t\t<div class=\"x11i5rnm xat24cr x1mh8g0r x1vvkbs xtlvy1s\">\n<div class=\"x11i5rnm xat24cr x1mh8g0r x1vvkbs xtlvy1s\">\n<div class=\"x11i5rnm xat24cr x1mh8g0r x1vvkbs xtlvy1s\">\n<p>Partner-Yoga ist eine spielerische Form des Yoga. Man dehnt und kr\u00e4ftigt sich gemeinsam, w\u00e4hrend man sich auf den eigenen und den K\u00f6rper des anderen einstellt. Du lehnst dich aneinander an, dehnst dich voneinander weg, st\u00fctzt dich gegenseitig oder nutzt das K\u00f6rpergewicht des anderen. Du kommunizierst verbal und k\u00f6rperlich, du schwitzt und hast Spa\u00df. Du brauchst nicht mit einem Partner zu kommen, wir wechseln die Partner ein paar Mal w\u00e4hrend des Kurses. Du musst auch keine Erfahrung mit Yoga haben oder besonders flexibel sein.<\/p>\n<\/div>\n<\/div>\n<\/div>\n\n\t\t<\/div>\n\t<\/div>\n<\/div><\/div><\/div><\/div>\n<\/div>","protected":false},"excerpt":{"rendered":"<h5>Mittwochs, alle 2 Wochen<br \/>\n18:00 \u2013 19:30<br \/>\nZahlung an der T\u00fcr<\/h5>\n<p class=\"p1\"><strong>| <span style=\"color: #ec6c23;\">GBTQ men*<\/span>\u00a0|<\/strong><\/p>\n<p>Partner-Yoga ist eine spielerische Form des Yoga. Man dehnt und kr\u00e4ftigt sich gemeinsam, w\u00e4hrend man sich auf den eigenen und den K\u00f6rper des anderen einstellt. Du lehnst dich aneinander an, dehnst dich voneinander weg, st\u00fctzt dich gegenseitig oder nutzt das K\u00f6rpergewicht des anderen.<\/p>\n","protected":false},"author":11,"featured_media":4341,"template":"","meta":{"pmpro_default_level":"","inline_featured_image":false},"product_brand":[],"product_cat":[84],"product_tag":[256],"class_list":{"0":"post-4534","1":"product","2":"type-product","3":"status-publish","4":"has-post-thumbnail","6":"product_cat-zweiwoechentlich","7":"product_tag-gbtq-men","8":"pmpro-has-access","10":"first","11":"instock","12":"purchasable","13":"product-type-variable"},"wpml_current_locale":"de_DE","wpml_translations":{"en_US":{"locale":"en_US","id":4537,"slug":"partner-yoga-kopie","post_title":"Partner Yoga","href":"https:\/\/wearevillage.org\/en\/shop\/partner-yoga-w20"}},"language":{"code":"de","locale":"","name":"","is_rtl":false},"_links":{"self":[{"href":"https:\/\/wearevillage.org\/wp-json\/wp\/v2\/product\/4534","targetHints":{"allow":["GET"]}}],"collection":[{"href":"https:\/\/wearevillage.org\/wp-json\/wp\/v2\/product"}],"about":[{"href":"https:\/\/wearevillage.org\/wp-json\/wp\/v2\/types\/product"}],"author":[{"embeddable":true,"href":"https:\/\/wearevillage.org\/wp-json\/wp\/v2\/users\/11"}],"wp:featuredmedia":[{"embeddable":true,"href":"https:\/\/wearevillage.org\/wp-json\/wp\/v2\/media\/4341"}],"wp:attachment":[{"href":"https:\/\/wearevillage.org\/wp-json\/wp\/v2\/media?parent=4534"}],"wp:term":[{"taxonomy":"product_brand","embeddable":true,"href":"https:\/\/wearevillage.org\/wp-json\/wp\/v2\/product_brand?post=4534"},{"taxonomy":"product_cat","embeddable":true,"href":"https:\/\/wearevillage.org\/wp-json\/wp\/v2\/product_cat?post=4534"},{"taxonomy":"product_tag","embeddable":true,"href":"https:\/\/wearevillage.org\/wp-json\/wp\/v2\/product_tag?post=4534"}],"curies":[{"name":"wp","href":"https:\/\/api.w.org\/{rel}","templated":true}]}}