{"id":4706,"date":"2023-05-10T15:35:39","date_gmt":"2023-05-10T13:35:39","guid":{"rendered":"https:\/\/wearevillage.org\/?post_type=product&#038;p=4706"},"modified":"2023-05-31T06:36:27","modified_gmt":"2023-05-31T04:36:27","slug":"queer-contact-improv-11","status":"publish","type":"product","link":"https:\/\/wearevillage.org\/shop\/queer-contact-w30\/","title":{"rendered":"Queer Contact Improv"},"content":{"rendered":"<div class=\"wpb-content-wrapper\"><div class=\"vc_row wpb_row vc_row-fluid\"><div class=\"wpb_column vc_column_container vc_col-sm-10\"><div class=\"vc_column-inner\"><div class=\"wpb_wrapper\"><div class=\"vc_row wpb_row vc_inner vc_row-fluid\"><div class=\"wpb_column vc_column_container vc_col-sm-6\"><div class=\"vc_column-inner\"><div class=\"wpb_wrapper\"><\/div><\/div><\/div><div class=\"wpb_column vc_column_container vc_col-sm-6\"><div class=\"vc_column-inner\"><div class=\"wpb_wrapper\"><\/div><\/div><\/div><\/div><\/div><\/div><\/div><div class=\"wpb_column vc_column_container vc_col-sm-2\"><div class=\"vc_column-inner\"><div class=\"wpb_wrapper\"><\/div><\/div><\/div><\/div><div class=\"vc_row wpb_row vc_row-fluid\"><div class=\"wpb_column vc_column_container vc_col-sm-12\"><div class=\"vc_column-inner\"><div class=\"wpb_wrapper\"><h4 style=\"text-align: left\" class=\"vc_custom_heading vc_do_custom_heading\" >Queer Contact Improvisation Dance<\/h4><h5 style=\"text-align: left\" class=\"vc_custom_heading vc_do_custom_heading\" >mit Contact Improvisation Collective<\/h5>\n\t<div class=\"wpb_text_column wpb_content_element\" >\n\t\t<div class=\"wpb_wrapper\">\n\t\t\t<div class=\"x11i5rnm xat24cr x1mh8g0r x1vvkbs xtlvy1s\">\n<div class=\"x11i5rnm xat24cr x1mh8g0r x1vvkbs xtlvy1s\">\n<div class=\"x11i5rnm xat24cr x1mh8g0r x1vvkbs xtlvy1s\">\n<p>Kontakt Improvisation ist ein Tanz f\u00fcr alle. Es gibt fast keine Regeln, keine Schritte oder Figuren, die zu lernen w\u00e4ren. Statt dessen h\u00e4lt man k\u00f6rperlichen Kontakt mit einem Anderen, h\u00f6rt dadurch den K\u00f6rper des Anderen und l\u00e4sst den eigenen K\u00f6rper seine Bewegungen finden. Auf diese Weise kann jede Bewegung zu Tanz werden, egal wie einfach sie ist.<\/p>\n<p>Bei Kontakt geht es nicht darum, zu performen oder sch\u00f6n auszusehen. Es gibt eigentlich gar kein falsch oder richtig. Viel wichtiger ist statt dessen, eigene Wege zu finden, sich in Bewegung auszudr\u00fccken. Kontakt kann alles m\u00f6gliche sein, von Spa\u00df bis meditativ, es kann sinnlich sein, manchmal ein Spiegel dessen, wie wir handeln, therapeutisch, regenerierend, spielerisch, athletisch und akrobatisch, tr\u00e4ge und vieles mehr, ganz abh\u00e4ngig davon was sich zwischen den Tanzpartner*innen im jeweiligen Moment entwickelt.<\/p>\n<p>Unsere Klasse bietet Euch einen angeleiteten Weg, diese und viele andere M\u00f6glichkeiten zu erkunden. F\u00fcr gbtqia M\u00e4nner* bietet es einen gesch\u00fctzten Raum, physische Interaktion mit anderen zu erforschen und damit das Spektrum an Ein- und Ausdr\u00fccken, die daraus entstehen k\u00f6nnen.<\/p>\n<p>Vorherige Tanzerfahrung ist nicht notwendig, lediglich die Bereitschaft, Bewegungen zu erkunden. W\u00e4hrend sich Kontakt seit seiner Erfindung in einer relativ heteronormativen Szene entwickelt hat, finden wir es an der Zeit, es wieder queer zu machen!<\/p>\n<\/div>\n<\/div>\n<\/div>\n\n\t\t<\/div>\n\t<\/div>\n<\/div><\/div><\/div><\/div>\n<\/div>","protected":false},"excerpt":{"rendered":"<h5>Montags<br \/>\n20:00 \u2013 21:30<br \/>\nZahlung an der T\u00fcr<\/h5>\n<p class=\"p1\"><strong>| <span style=\"color: #ec6c23;\">GBTQ men*<\/span>\u00a0|<\/strong><\/p>\n<p class=\"x11i5rnm xat24cr x1mh8g0r x1vvkbs xtlvy1s\">Contact Improvisation ist ein Tanz f\u00fcr alle. Es gibt fast keine Regeln, keine Schritte oder Figuren, die zu lernen w\u00e4ren. Statt dessen h\u00e4lt man k\u00f6rperlichen Kontakt mit einem Anderen, h\u00f6rt dadurch den K\u00f6rper des Anderen und l\u00e4sst den eigenen K\u00f6rper seine Bewegungen finden. Auf diese Weise kann jede Bewegung zu Tanz werden, egal wie einfach sie ist.<\/p>\n","protected":false},"author":11,"featured_media":1746,"template":"","meta":{"pmpro_default_level":"","inline_featured_image":false},"product_brand":[],"product_cat":[82],"product_tag":[256],"class_list":{"0":"post-4706","1":"product","2":"type-product","3":"status-publish","4":"has-post-thumbnail","6":"product_cat-woechentliche-klassen","7":"product_tag-gbtq-men","8":"pmpro-has-access","10":"first","11":"instock","12":"purchasable","13":"product-type-variable"},"wpml_current_locale":"de_DE","wpml_translations":{"en_US":{"locale":"en_US","id":4709,"slug":"queer-contact-improv-kopie-kopie-kopie-3","post_title":"Queer Contact Improv","href":"https:\/\/wearevillage.org\/en\/shop\/queer-contact-w30"}},"language":{"code":"de","locale":"","name":"","is_rtl":false},"_links":{"self":[{"href":"https:\/\/wearevillage.org\/wp-json\/wp\/v2\/product\/4706","targetHints":{"allow":["GET"]}}],"collection":[{"href":"https:\/\/wearevillage.org\/wp-json\/wp\/v2\/product"}],"about":[{"href":"https:\/\/wearevillage.org\/wp-json\/wp\/v2\/types\/product"}],"author":[{"embeddable":true,"href":"https:\/\/wearevillage.org\/wp-json\/wp\/v2\/users\/11"}],"wp:featuredmedia":[{"embeddable":true,"href":"https:\/\/wearevillage.org\/wp-json\/wp\/v2\/media\/1746"}],"wp:attachment":[{"href":"https:\/\/wearevillage.org\/wp-json\/wp\/v2\/media?parent=4706"}],"wp:term":[{"taxonomy":"product_brand","embeddable":true,"href":"https:\/\/wearevillage.org\/wp-json\/wp\/v2\/product_brand?post=4706"},{"taxonomy":"product_cat","embeddable":true,"href":"https:\/\/wearevillage.org\/wp-json\/wp\/v2\/product_cat?post=4706"},{"taxonomy":"product_tag","embeddable":true,"href":"https:\/\/wearevillage.org\/wp-json\/wp\/v2\/product_tag?post=4706"}],"curies":[{"name":"wp","href":"https:\/\/api.w.org\/{rel}","templated":true}]}}