{"id":4766,"date":"2023-05-10T16:25:09","date_gmt":"2023-05-10T14:25:09","guid":{"rendered":"https:\/\/wearevillage.org\/?post_type=product&#038;p=4766"},"modified":"2023-06-07T05:12:16","modified_gmt":"2023-06-07T03:12:16","slug":"queerd-up-yoga-5","status":"publish","type":"product","link":"https:\/\/wearevillage.org\/shop\/queer-yoga-w25\/","title":{"rendered":"Queer\u2019d Up Yoga"},"content":{"rendered":"<div class=\"wpb-content-wrapper\"><div class=\"vc_row wpb_row vc_row-fluid\"><div class=\"wpb_column vc_column_container vc_col-sm-10\"><div class=\"vc_column-inner\"><div class=\"wpb_wrapper\"><div class=\"vc_row wpb_row vc_inner vc_row-fluid\"><div class=\"wpb_column vc_column_container vc_col-sm-2\"><div class=\"vc_column-inner\"><div class=\"wpb_wrapper\"><\/div><\/div><\/div><\/div><\/div><\/div><\/div><div class=\"wpb_column vc_column_container vc_col-sm-2\"><div class=\"vc_column-inner\"><div class=\"wpb_wrapper\"><\/div><\/div><\/div><\/div><div class=\"vc_row wpb_row vc_row-fluid\"><div class=\"wpb_column vc_column_container vc_col-sm-12\"><div class=\"vc_column-inner\"><div class=\"wpb_wrapper\"><h4 style=\"text-align: left\" class=\"vc_custom_heading vc_do_custom_heading\" >Queer'd Up Yoga<\/h4><h5 style=\"text-align: left\" class=\"vc_custom_heading vc_do_custom_heading\" >\u00c9ric Leclerc<\/h5>\n\t<div class=\"wpb_text_column wpb_content_element\" >\n\t\t<div class=\"wpb_wrapper\">\n\t\t\t<div class=\"x11i5rnm xat24cr x1mh8g0r x1vvkbs xtlvy1s\">\n<div class=\"x11i5rnm xat24cr x1mh8g0r x1vvkbs xtlvy1s\">\n<div class=\"x11i5rnm xat24cr x1mh8g0r x1vvkbs xtlvy1s\">\n<p>Diese Klasse bietet eine zutiefst queere Yoga-Praxis, die die drei Kernwerte Verspieltheit, Neugier und Entscheidungsfreiheit verk\u00f6rpert. Wir achten genauso auf die Asanas selbst wie auf die Bewegungen dazwischen und spielen mit einer Mischung aus Struktur und Freiheit. Diese Praxis ist im Wesentlichen nicht vorgeschrieben und h\u00e4ngt nicht von deiner Einhaltung ab.<\/p>\n<p>\u201eEtwas Bekanntes, etwas Neues und etwas Seltsames.\u201c Jede Klasse ist eine \u00fcberraschende Mischung dieser Zutaten.<\/p>\n<p>Lerne, auf deinen K\u00f6rper zu h\u00f6ren, dir selbst mehr zu vertrauen und deine Handlungsf\u00e4higkeit zur\u00fcckzugewinnen.<\/p>\n<\/div>\n<\/div>\n<\/div>\n\n\t\t<\/div>\n\t<\/div>\n<\/div><\/div><\/div><\/div>\n<\/div>","protected":false},"excerpt":{"rendered":"<h5>Montags<br \/>\n18:00 \u2013 19:30<br \/>\nZahlung an der T\u00fcr<\/h5>\n<p class=\"p1\"><strong>| <span style=\"color: #ec6c23;\">LGBTQI+ & Friends<\/span>\u00a0|<\/strong><\/p>\n<p>Diese Klasse bietet eine zutiefst queere Yoga-Praxis, die die drei Kernwerte Verspieltheit, Neugier und Entscheidungsfreiheit verk\u00f6rpert. Wir achten genauso auf die Asanas selbst wie auf die Bewegungen dazwischen und spielen mit einer Mischung aus Struktur und Freiheit.<\/p>\n","protected":false},"author":11,"featured_media":1739,"template":"","meta":{"pmpro_default_level":"","inline_featured_image":false},"product_brand":[],"product_cat":[82],"product_tag":[469],"class_list":{"0":"post-4766","1":"product","2":"type-product","3":"status-publish","4":"has-post-thumbnail","6":"product_cat-woechentliche-klassen","7":"product_tag-lgbtqiaplus","8":"pmpro-has-access","10":"first","11":"instock","12":"purchasable","13":"product-type-variable"},"wpml_current_locale":"de_DE","wpml_translations":{"en_US":{"locale":"en_US","id":4769,"slug":"queerd-up-yoga-kopie-kopie-kopie-2","post_title":"Queer'd Up Yoga","href":"https:\/\/wearevillage.org\/en\/shop\/queer-yoga-w25"}},"language":{"code":"de","locale":"","name":"","is_rtl":false},"_links":{"self":[{"href":"https:\/\/wearevillage.org\/wp-json\/wp\/v2\/product\/4766","targetHints":{"allow":["GET"]}}],"collection":[{"href":"https:\/\/wearevillage.org\/wp-json\/wp\/v2\/product"}],"about":[{"href":"https:\/\/wearevillage.org\/wp-json\/wp\/v2\/types\/product"}],"author":[{"embeddable":true,"href":"https:\/\/wearevillage.org\/wp-json\/wp\/v2\/users\/11"}],"wp:featuredmedia":[{"embeddable":true,"href":"https:\/\/wearevillage.org\/wp-json\/wp\/v2\/media\/1739"}],"wp:attachment":[{"href":"https:\/\/wearevillage.org\/wp-json\/wp\/v2\/media?parent=4766"}],"wp:term":[{"taxonomy":"product_brand","embeddable":true,"href":"https:\/\/wearevillage.org\/wp-json\/wp\/v2\/product_brand?post=4766"},{"taxonomy":"product_cat","embeddable":true,"href":"https:\/\/wearevillage.org\/wp-json\/wp\/v2\/product_cat?post=4766"},{"taxonomy":"product_tag","embeddable":true,"href":"https:\/\/wearevillage.org\/wp-json\/wp\/v2\/product_tag?post=4766"}],"curies":[{"name":"wp","href":"https:\/\/api.w.org\/{rel}","templated":true}]}}