{"id":4951,"date":"2023-05-11T09:34:03","date_gmt":"2023-05-11T07:34:03","guid":{"rendered":"https:\/\/wearevillage.org\/?post_type=product&#038;p=4951"},"modified":"2023-06-07T05:11:50","modified_gmt":"2023-06-07T03:11:50","slug":"nacktyoga-fuer-maenner","status":"publish","type":"product","link":"https:\/\/wearevillage.org\/shop\/naked-yoga-w21\/","title":{"rendered":"Nacktyoga f\u00fcr M\u00e4nner*"},"content":{"rendered":"<div class=\"wpb-content-wrapper\"><div class=\"vc_row wpb_row vc_row-fluid\"><div class=\"wpb_column vc_column_container vc_col-sm-2\"><div class=\"vc_column-inner\"><div class=\"wpb_wrapper\"><\/div><\/div><\/div><\/div><div class=\"vc_row wpb_row vc_row-fluid\"><div class=\"wpb_column vc_column_container vc_col-sm-12\"><div class=\"vc_column-inner\"><div class=\"wpb_wrapper\"><h4 style=\"text-align: left\" class=\"vc_custom_heading vc_do_custom_heading\" >Nacktyoga f\u00fcr M\u00e4nner*<\/h4><h5 style=\"text-align: left\" class=\"vc_custom_heading vc_do_custom_heading\" >Thilo Keller<\/h5>\n\t<div class=\"wpb_text_column wpb_content_element\" >\n\t\t<div class=\"wpb_wrapper\">\n\t\t\t<div class=\"x11i5rnm xat24cr x1mh8g0r x1vvkbs xtlvy1s\">\n<div class=\"x11i5rnm xat24cr x1mh8g0r x1vvkbs xtlvy1s\">\n<div class=\"x11i5rnm xat24cr x1mh8g0r x1vvkbs xtlvy1s\">\n<p>In dieser Nackt-Yogastunde werden wir unsere eigene Zerbrechlichkeit und Verletzlichkeit erforschen, frei von Bekleidung und in einer sicheren Umgebung.<\/p>\n<p>Wie f\u00fchle ich mich, wenn ich keine Kleidung trage? Wie lange dauert es, bis ich mich daran gew\u00f6hnt habe, so zu sein, wie die Natur mich geschaffen hat? Nacktes Yoga geht auf eine Tradition zur\u00fcck, die einige tausend Jahre alt ist und bei der nichts, nicht einmal ein Lendenschurz, zwischen dir und deiner g\u00f6ttlichen Natur stehen sollte \u2013 eine Form der ultimativen Entsagung von weltlichen Dingen.<\/p>\n<p>Erotik und Sexualit\u00e4t stehen dabei nicht im Vordergrund. Alle Teile und Aspekte unseres K\u00f6rpers werden gleicherma\u00dfen als Teil unseres Lebens betrachtet.<\/p>\n<\/div>\n<\/div>\n<\/div>\n\n\t\t<\/div>\n\t<\/div>\n\n\t<div class=\"wpb_text_column wpb_content_element\" >\n\t\t<div class=\"wpb_wrapper\">\n\t\t\t<div class=\"x11i5rnm xat24cr x1mh8g0r x1vvkbs xtlvy1s\">\n<div class=\"x11i5rnm xat24cr x1mh8g0r x1vvkbs xtlvy1s\">\n<div class=\"x11i5rnm xat24cr x1mh8g0r x1vvkbs xtlvy1s\">\n<p><em>Dieses Event wird je nach Teilnehmerbed\u00fcrfnissen auf Deutsch und\/oder Englisch sein.<\/em><\/p>\n<\/div>\n<\/div>\n<\/div>\n\n\t\t<\/div>\n\t<\/div>\n<\/div><\/div><\/div><\/div>\n<\/div>","protected":false},"excerpt":{"rendered":"<h5>Samstags (einmal pro Monat)<br \/>\n10:00 \u2013 12:00<br \/>\nZahlung an der T\u00fcr<\/h5>\n<p class=\"p1\"><strong>| <span style=\"color: #ec6c23;\">GBTQ men*<\/span>\u00a0|<\/strong><\/p>\n<div class=\"x11i5rnm xat24cr x1mh8g0r x1vvkbs xtlvy1s\">In dieser Nackt-Yogastunde werden wir unsere eigene Zerbrechlichkeit und Verletzlichkeit erforschen, frei von Bekleidung und in einer sicheren Umgebung. Wie lange dauert es, bis ich mich daran gew\u00f6hnt habe, so zu sein, wie die Natur mich geschaffen hat? Erotik und Sexualit\u00e4t stehen dabei nicht im Vordergrund. Alle Teile und Aspekte unseres K\u00f6rpers werden gleicherma\u00dfen als Teil unseres Lebens betrachtet.<\/div>\n","protected":false},"author":11,"featured_media":1751,"template":"","meta":{"pmpro_default_level":"","inline_featured_image":false},"product_brand":[],"product_cat":[79],"product_tag":[256],"class_list":{"0":"post-4951","1":"product","2":"type-product","3":"status-publish","4":"has-post-thumbnail","6":"product_cat-monatliche-events","7":"product_tag-gbtq-men","8":"pmpro-has-access","10":"first","11":"instock","12":"purchasable","13":"product-type-variable","14":"has-default-attributes"},"wpml_current_locale":"de_DE","wpml_translations":{"en_US":{"locale":"en_US","id":4954,"slug":"massage-exchange-for-men-kopie-2-2","post_title":"Naked yoga for men*","href":"https:\/\/wearevillage.org\/en\/shop\/naked-yoga-w21"}},"language":{"code":"de","locale":"","name":"","is_rtl":false},"_links":{"self":[{"href":"https:\/\/wearevillage.org\/wp-json\/wp\/v2\/product\/4951","targetHints":{"allow":["GET"]}}],"collection":[{"href":"https:\/\/wearevillage.org\/wp-json\/wp\/v2\/product"}],"about":[{"href":"https:\/\/wearevillage.org\/wp-json\/wp\/v2\/types\/product"}],"author":[{"embeddable":true,"href":"https:\/\/wearevillage.org\/wp-json\/wp\/v2\/users\/11"}],"wp:featuredmedia":[{"embeddable":true,"href":"https:\/\/wearevillage.org\/wp-json\/wp\/v2\/media\/1751"}],"wp:attachment":[{"href":"https:\/\/wearevillage.org\/wp-json\/wp\/v2\/media?parent=4951"}],"wp:term":[{"taxonomy":"product_brand","embeddable":true,"href":"https:\/\/wearevillage.org\/wp-json\/wp\/v2\/product_brand?post=4951"},{"taxonomy":"product_cat","embeddable":true,"href":"https:\/\/wearevillage.org\/wp-json\/wp\/v2\/product_cat?post=4951"},{"taxonomy":"product_tag","embeddable":true,"href":"https:\/\/wearevillage.org\/wp-json\/wp\/v2\/product_tag?post=4951"}],"curies":[{"name":"wp","href":"https:\/\/api.w.org\/{rel}","templated":true}]}}