{"id":4969,"date":"2023-05-11T09:50:19","date_gmt":"2023-05-11T07:50:19","guid":{"rendered":"https:\/\/wearevillage.org\/?post_type=product&#038;p=4969"},"modified":"2023-07-11T11:29:58","modified_gmt":"2023-07-11T09:29:58","slug":"nacktyoga-fuer-maenner-3","status":"publish","type":"product","link":"https:\/\/wearevillage.org\/shop\/naked-yoga-w29\/","title":{"rendered":"Nacktyoga f\u00fcr M\u00e4nner*"},"content":{"rendered":"<div class=\"wpb-content-wrapper\"><div class=\"vc_row wpb_row vc_row-fluid\"><div class=\"wpb_column vc_column_container vc_col-sm-2\"><div class=\"vc_column-inner\"><div class=\"wpb_wrapper\"><\/div><\/div><\/div><\/div><div class=\"vc_row wpb_row vc_row-fluid\"><div class=\"wpb_column vc_column_container vc_col-sm-12\"><div class=\"vc_column-inner\"><div class=\"wpb_wrapper\"><h4 style=\"text-align: left\" class=\"vc_custom_heading vc_do_custom_heading\" >PRIDE Nacktyoga f\u00fcr M\u00e4nner*<\/h4><h5 style=\"text-align: left\" class=\"vc_custom_heading vc_do_custom_heading\" >Tom Barber<\/h5>\n\t<div class=\"wpb_text_column wpb_content_element\" >\n\t\t<div class=\"wpb_wrapper\">\n\t\t\t<div class=\"x11i5rnm xat24cr x1mh8g0r x1vvkbs xtlvy1s\">\n<div class=\"x11i5rnm xat24cr x1mh8g0r x1vvkbs xtlvy1s\">\n<div class=\"x11i5rnm xat24cr x1mh8g0r x1vvkbs xtlvy1s\">\n<p class=\"mb-4\">Anl\u00e4sslich des \ud83c\udf08 Pride month \ud83c\udf08 wird Tom Barber eine besondere Nackt-Yogastunde f\u00fcr M\u00e4nner* geben. Wir werden unsere eigene Zerbrechlichkeit und Verletzlichkeit erforschen, frei von Bekleidung und in einer sicheren Umgebung. Wie lange dauert es, bis ich mich daran gew\u00f6hnt habe, so zu sein, wie die Natur mich geschaffen hat? Erotik und Sexualit\u00e4t stehen dabei nicht im Vordergrund. Alle Teile und Aspekte unseres K\u00f6rpers werden gleicherma\u00dfen als Teil unseres Lebens betrachtet.<\/p>\n<p class=\"mb-4\">Dieser Kurs richtet sich an schwule, bi-, trans- und queere Personen sowie an Menschen, die sich geschlechtlich irgendwo zwischen m\u00e4nnlich und nicht-bin\u00e4r identifizieren. Wir begr\u00fc\u00dfen alle K\u00f6rper, Hintergr\u00fcnde und Identit\u00e4ten innerhalb dieses Spektrums.<\/p>\n<\/div>\n<\/div>\n<\/div>\n\n\t\t<\/div>\n\t<\/div>\n\n\t<div class=\"wpb_text_column wpb_content_element\" >\n\t\t<div class=\"wpb_wrapper\">\n\t\t\t<div class=\"x11i5rnm xat24cr x1mh8g0r x1vvkbs xtlvy1s\">\n<div class=\"x11i5rnm xat24cr x1mh8g0r x1vvkbs xtlvy1s\">\n<div class=\"x11i5rnm xat24cr x1mh8g0r x1vvkbs xtlvy1s\">\n<p>Zahlung an der T\u00fcr<br \/>\nAnmeldung: <span id=\"wpmt-905119-401875\">events@wearevillage.org<\/span><br \/>\nmember 15\u20ac | non member 25\u20ac<br \/>\n25 Participants max.<\/p>\n<\/div>\n<\/div>\n<\/div>\n\n\t\t<\/div>\n\t<\/div>\n<\/div><\/div><\/div><\/div>\n<\/div>","protected":false},"excerpt":{"rendered":"<h5>Special Pride Event<br \/>\n10:00 \u2013 12:00<br \/>\nZahlung an der T\u00fcr<br \/>\nAnmeldung: events@wearevillage.org<br \/>\nmember 15\u20ac | non member 25\u20ac<br \/>\n25 Participants max.<\/h5>\n<p class=\"p1\"><strong>| <span style=\"color: #ec6c23;\">GBTQ men*<\/span>\u00a0|<\/strong><\/p>\n<div class=\"x11i5rnm xat24cr x1mh8g0r x1vvkbs xtlvy1s\">\n<p>Anl\u00e4sslich des \ud83c\udf08 Pride month \ud83c\udf08 wird Tom Barber eine besondere Nackt-Yogastunde f\u00fcr M\u00e4nner* geben. Wir werden unsere eigene Zerbrechlichkeit und Verletzlichkeit erforschen, frei von Bekleidung und in einer sicheren Umgebung.<\/p>\n<\/div>\n","protected":false},"author":11,"featured_media":7672,"template":"","meta":{"pmpro_default_level":"","inline_featured_image":false},"product_brand":[],"product_cat":[77],"product_tag":[256],"class_list":{"0":"post-4969","1":"product","2":"type-product","3":"status-publish","4":"has-post-thumbnail","6":"product_cat-community-events","7":"product_tag-gbtq-men","8":"pmpro-has-access","10":"first","11":"outofstock","12":"purchasable","13":"product-type-variable","14":"has-default-attributes"},"wpml_current_locale":"de_DE","wpml_translations":{"en_US":{"locale":"en_US","id":4972,"slug":"naked-yoga-for-men-kopie-kopie","post_title":"Naked Yoga for men*","href":"https:\/\/wearevillage.org\/en\/shop\/naked-yoga-w29"}},"language":{"code":"de","locale":"","name":"","is_rtl":false},"_links":{"self":[{"href":"https:\/\/wearevillage.org\/wp-json\/wp\/v2\/product\/4969","targetHints":{"allow":["GET"]}}],"collection":[{"href":"https:\/\/wearevillage.org\/wp-json\/wp\/v2\/product"}],"about":[{"href":"https:\/\/wearevillage.org\/wp-json\/wp\/v2\/types\/product"}],"author":[{"embeddable":true,"href":"https:\/\/wearevillage.org\/wp-json\/wp\/v2\/users\/11"}],"wp:featuredmedia":[{"embeddable":true,"href":"https:\/\/wearevillage.org\/wp-json\/wp\/v2\/media\/7672"}],"wp:attachment":[{"href":"https:\/\/wearevillage.org\/wp-json\/wp\/v2\/media?parent=4969"}],"wp:term":[{"taxonomy":"product_brand","embeddable":true,"href":"https:\/\/wearevillage.org\/wp-json\/wp\/v2\/product_brand?post=4969"},{"taxonomy":"product_cat","embeddable":true,"href":"https:\/\/wearevillage.org\/wp-json\/wp\/v2\/product_cat?post=4969"},{"taxonomy":"product_tag","embeddable":true,"href":"https:\/\/wearevillage.org\/wp-json\/wp\/v2\/product_tag?post=4969"}],"curies":[{"name":"wp","href":"https:\/\/api.w.org\/{rel}","templated":true}]}}