{"id":5036,"date":"2023-05-11T14:53:39","date_gmt":"2023-05-11T12:53:39","guid":{"rendered":"https:\/\/wearevillage.org\/?post_type=product&#038;p=5036"},"modified":"2023-06-07T05:11:49","modified_gmt":"2023-06-07T03:11:49","slug":"boxing-and-balance-w18","status":"publish","type":"product","link":"https:\/\/wearevillage.org\/shop\/boxing-w18\/","title":{"rendered":"Boxing & Balance"},"content":{"rendered":"<div class=\"wpb-content-wrapper\"><div class=\"vc_row wpb_row vc_row-fluid\"><div class=\"wpb_column vc_column_container vc_col-sm-10\"><div class=\"vc_column-inner\"><div class=\"wpb_wrapper\"><div class=\"vc_row wpb_row vc_inner vc_row-fluid\"><div class=\"wpb_column vc_column_container vc_col-sm-2\"><div class=\"vc_column-inner\"><div class=\"wpb_wrapper\"><\/div><\/div><\/div><\/div><\/div><\/div><\/div><div class=\"wpb_column vc_column_container vc_col-sm-2\"><div class=\"vc_column-inner\"><div class=\"wpb_wrapper\"><\/div><\/div><\/div><\/div><div class=\"vc_row wpb_row vc_row-fluid\"><div class=\"wpb_column vc_column_container vc_col-sm-12\"><div class=\"vc_column-inner\"><div class=\"wpb_wrapper\"><h4 style=\"text-align: left\" class=\"vc_custom_heading vc_do_custom_heading\" >Boxen und Balance<\/h4><h5 style=\"text-align: left\" class=\"vc_custom_heading vc_do_custom_heading\" >Wanja Warscheid<\/h5>\n\t<div class=\"wpb_text_column wpb_content_element\" >\n\t\t<div class=\"wpb_wrapper\">\n\t\t\t<div class=\"x11i5rnm xat24cr x1mh8g0r x1vvkbs xtlvy1s\">\n<div class=\"x11i5rnm xat24cr x1mh8g0r x1vvkbs xtlvy1s\">\n<div class=\"x11i5rnm xat24cr x1mh8g0r x1vvkbs xtlvy1s\">\n<p>Boxen ist ein Sport, der nicht nur Ausdauer, Koordination und Leistungsf\u00e4higkeit steigert \u2013 sondern auch Selbstsicherheit und Resilienz f\u00f6rdert. Dies tr\u00e4gt erheblich zur psychischen und physischen Gesundheit bei. Das Training bringt eine Menge Abwechslung und Spa\u00df mit sich, auf individuelle Ziele und Voraussetzungen kann konkret eingegangen werden. Anf\u00e4nger und Fortgeschrittene k\u00f6nnen gleicherma\u00dfen von dem Programm profitieren, da jeder dort integriert wird, wo er gerade steht.<\/p>\n<p>Der Kurs beginnt mit 10 Minuten Warm-Up, dann geht es in die Partnerarbeit. Jede dieser Runden bringt uns einen Schritt weiter. Bestandteil der \u00dcbungen sind: Atmen, Konzentration, Respekt und Kontrolle. Nach jeder Runde wird der Partner gewechselt und wir lernen uns kreativ, sportlich und agil auf neue Situationen einzustellen.<\/p>\n<\/div>\n<\/div>\n<\/div>\n\n\t\t<\/div>\n\t<\/div>\n\n\t<div class=\"wpb_text_column wpb_content_element\" >\n\t\t<div class=\"wpb_wrapper\">\n\t\t\t<div class=\"x11i5rnm xat24cr x1mh8g0r x1vvkbs xtlvy1s\">\n<div class=\"x11i5rnm xat24cr x1mh8g0r x1vvkbs xtlvy1s\">\n<div class=\"x11i5rnm xat24cr x1mh8g0r x1vvkbs xtlvy1s\">\n<p><em>Dieses Event wird je nach Teilnehmerbed\u00fcrfnissen auf Deutsch und\/oder Englisch sein.<\/em><\/p>\n<\/div>\n<\/div>\n<\/div>\n\n\t\t<\/div>\n\t<\/div>\n<\/div><\/div><\/div><\/div>\n<\/div>","protected":false},"excerpt":{"rendered":"<h5>Freitags<br \/>\n20:00 \u2013 21:30<br \/>\nZahlung an der T\u00fcr<\/h5>\n<p class=\"p1\"><strong>| <span style=\"color: #ec6c23;\">LGBTQI+ & Friends<\/span>\u00a0|<\/strong><\/p>\n<p>Boxen ist ein Sport, der nicht nur Ausdauer, Koordination und Leistungsf\u00e4higkeit steigert \u2013 sondern auch Selbstsicherheit und Resilienz f\u00f6rdert. Dies tr\u00e4gt erheblich zur psychischen und physischen Gesundheit bei. Das Training bringt eine Menge Abwechslung und Spa\u00df mit sich, auf individuelle Ziele und Voraussetzungen kann konkret eingegangen werden.<\/p>\n","protected":false},"author":11,"featured_media":1744,"template":"","meta":{"pmpro_default_level":"","inline_featured_image":false},"product_brand":[],"product_cat":[82],"product_tag":[469],"class_list":{"0":"post-5036","1":"product","2":"type-product","3":"status-publish","4":"has-post-thumbnail","6":"product_cat-woechentliche-klassen","7":"product_tag-lgbtqiaplus","8":"pmpro-has-access","10":"first","11":"instock","12":"purchasable","13":"product-type-variable"},"wpml_current_locale":"de_DE","wpml_translations":{"en_US":{"locale":"en_US","id":5039,"slug":"queerd-up-yoga-copy","post_title":"Boxing & Balance","href":"https:\/\/wearevillage.org\/en\/shop\/boxing-w18"}},"language":{"code":"de","locale":"","name":"","is_rtl":false},"_links":{"self":[{"href":"https:\/\/wearevillage.org\/wp-json\/wp\/v2\/product\/5036","targetHints":{"allow":["GET"]}}],"collection":[{"href":"https:\/\/wearevillage.org\/wp-json\/wp\/v2\/product"}],"about":[{"href":"https:\/\/wearevillage.org\/wp-json\/wp\/v2\/types\/product"}],"author":[{"embeddable":true,"href":"https:\/\/wearevillage.org\/wp-json\/wp\/v2\/users\/11"}],"wp:featuredmedia":[{"embeddable":true,"href":"https:\/\/wearevillage.org\/wp-json\/wp\/v2\/media\/1744"}],"wp:attachment":[{"href":"https:\/\/wearevillage.org\/wp-json\/wp\/v2\/media?parent=5036"}],"wp:term":[{"taxonomy":"product_brand","embeddable":true,"href":"https:\/\/wearevillage.org\/wp-json\/wp\/v2\/product_brand?post=5036"},{"taxonomy":"product_cat","embeddable":true,"href":"https:\/\/wearevillage.org\/wp-json\/wp\/v2\/product_cat?post=5036"},{"taxonomy":"product_tag","embeddable":true,"href":"https:\/\/wearevillage.org\/wp-json\/wp\/v2\/product_tag?post=5036"}],"curies":[{"name":"wp","href":"https:\/\/api.w.org\/{rel}","templated":true}]}}