{"id":5330,"date":"2023-05-19T10:15:11","date_gmt":"2023-05-19T08:15:11","guid":{"rendered":"https:\/\/wearevillage.org\/?post_type=product&#038;p=5330"},"modified":"2023-05-31T06:36:26","modified_gmt":"2023-05-31T04:36:26","slug":"village-film-night-mysterious-skin","status":"publish","type":"product","link":"https:\/\/wearevillage.org\/shop\/village-film-w22\/","title":{"rendered":"Village Film Night: Mysterious Skin"},"content":{"rendered":"<div class=\"wpb-content-wrapper\"><div class=\"vc_row wpb_row vc_row-fluid\"><div class=\"wpb_column vc_column_container vc_col-sm-10\"><div class=\"vc_column-inner\"><div class=\"wpb_wrapper\"><\/div><\/div><\/div><div class=\"wpb_column vc_column_container vc_col-sm-2\"><div class=\"vc_column-inner\"><div class=\"wpb_wrapper\"><\/div><\/div><\/div><\/div><div class=\"vc_row wpb_row vc_row-fluid\"><div class=\"wpb_column vc_column_container vc_col-sm-12\"><div class=\"vc_column-inner\"><div class=\"wpb_wrapper\"><h4 style=\"text-align: left\" class=\"vc_custom_heading vc_do_custom_heading\" >Village Film Night: Mysterious Skin<\/h4><h5 style=\"text-align: left\" class=\"vc_custom_heading vc_do_custom_heading\" >Moderator: Pierre Em\u00f6<\/h5>\n\t<div class=\"wpb_text_column wpb_content_element\" >\n\t\t<div class=\"wpb_wrapper\">\n\t\t\t<div class=\"page\" title=\"Page 1\">\n<div class=\"section\">\n<div class=\"layoutArea\">\n<div class=\"column\">\n<div class=\"page\" title=\"Page 1\">\n<div class=\"section\">\n<div class=\"layoutArea\">\n<div class=\"column\">\n<p>Mysterious Skin<br \/>\nDIrector: Gregg Araki<br \/>\nDrama, 2004, 105 mins<br \/>\nEngl.<\/p>\n<p>Als der Achtj\u00e4hrige Brian im Keller seines Eltern\u00adhauses zu sich kommt, kann er sich nicht daran erinnern, was in den letzten Stunden mit ihm passiert ist. Die f\u00fcr ihn n\u00e4chst\u00adliegende Erkl\u00e4rung scheint eine Entf\u00fchrung durch Au\u00dferirdische zu sein. Der gleichaltrige Neil erlebt um die gleiche Zeit eine \u00e4hnlich schick\u00adsal\u00adhafte Erfahrung, als er sich in den Trainer seiner Baseballmannschaft verliebt.<\/p>\n<p>Zehn Jahre sp\u00e4ter sucht Brian nach einer Erinnerung an das Erlebte und ahnt, dass Neil der Schl\u00fcssel zur Erinnerung sein k\u00f6nnte. Der arbeitet mittlerweile als Stricher und hat gerade die Kleinstadt verlassen um in New York sein Gl\u00fcck zu suchen. Erst als Neil zum Weihnachtsbesuch in der Stadt ist, treffen sich die beiden und pl\u00f6tzlich ergeben die einzelnen Puzzleteile einen Sinn und sie erkennen, welch dunkles Geheimnis sie verbindet und was ihre Narben, sowohl innerlich als auch \u00e4u\u00dferlich, zu bedeuten haben\u2026<\/p>\n<p>Die monatliche Filmnacht von Village.Berlin begann als informelle Zusammenkunft von Mitgliedern, um einige unserer liebsten Camp-Klassiker zu zeigen. Im Laufe der Jahre hat sich das Programm \u00fcber GBTQ-Filme hinaus erweitert, um mehr queere \/ nicht-normative Sichtweisen in einer Vielzahl von Genres und Stilen zu erkunden. Nach jeder Filmvorf\u00fchrung sind die Besucher*innen herzlich eingeladen, zu bleiben und die Filme und die damit verbundenen Themen in einer informellen Gruppe zu diskutieren.<\/p>\n<\/div>\n<\/div>\n<\/div>\n<\/div>\n<\/div>\n<\/div>\n<\/div>\n<\/div>\n\n\t\t<\/div>\n\t<\/div>\n<\/div><\/div><\/div><\/div>\n<\/div>","protected":false},"excerpt":{"rendered":"<h5>Tuesdays (once a month)<br \/>\n19:30 \u2013 22:30<br \/>\nEintritt frei<\/h5>\n<p class=\"p1\"><strong>| <span style=\"color: #ec6c23;\">LGBTQI+ & Friends<\/span>\u00a0|<\/strong><\/p>\n<p class=\"x11i5rnm xat24cr x1mh8g0r x1vvkbs xtlvy1s\">Die Geschichte dreht sich um zwei Jungen, Neil und Brian, die beide von einem Kindheitstrauma betroffen sind.<\/p>\n<div dir=\"auto\">\n<p>Mysterious Skin<br \/>\nDIrector: Gregg Araki<br \/>\nDrama, 2004, 105 mins<br \/>\nEngl.<\/p>\n<\/div>\n","protected":false},"author":14,"featured_media":5473,"template":"","meta":{"pmpro_default_level":"","inline_featured_image":false},"product_brand":[],"product_cat":[77,79],"product_tag":[469],"class_list":{"0":"post-5330","1":"product","2":"type-product","3":"status-publish","4":"has-post-thumbnail","6":"product_cat-community-events","7":"product_cat-monatliche-events","8":"product_tag-lgbtqiaplus","9":"pmpro-has-access","11":"first","12":"outofstock","13":"purchasable","14":"product-type-variable"},"wpml_current_locale":"de_DE","wpml_translations":{"en_US":{"locale":"en_US","id":5331,"slug":"village-film-night-art-aids-and-activism-kopie-kopie","post_title":"Village Film Night \/\/ Mysterious Skin","href":"https:\/\/wearevillage.org\/en\/shop\/village-film-w22"}},"language":{"code":"de","locale":"","name":"","is_rtl":false},"_links":{"self":[{"href":"https:\/\/wearevillage.org\/wp-json\/wp\/v2\/product\/5330","targetHints":{"allow":["GET"]}}],"collection":[{"href":"https:\/\/wearevillage.org\/wp-json\/wp\/v2\/product"}],"about":[{"href":"https:\/\/wearevillage.org\/wp-json\/wp\/v2\/types\/product"}],"author":[{"embeddable":true,"href":"https:\/\/wearevillage.org\/wp-json\/wp\/v2\/users\/14"}],"wp:featuredmedia":[{"embeddable":true,"href":"https:\/\/wearevillage.org\/wp-json\/wp\/v2\/media\/5473"}],"wp:attachment":[{"href":"https:\/\/wearevillage.org\/wp-json\/wp\/v2\/media?parent=5330"}],"wp:term":[{"taxonomy":"product_brand","embeddable":true,"href":"https:\/\/wearevillage.org\/wp-json\/wp\/v2\/product_brand?post=5330"},{"taxonomy":"product_cat","embeddable":true,"href":"https:\/\/wearevillage.org\/wp-json\/wp\/v2\/product_cat?post=5330"},{"taxonomy":"product_tag","embeddable":true,"href":"https:\/\/wearevillage.org\/wp-json\/wp\/v2\/product_tag?post=5330"}],"curies":[{"name":"wp","href":"https:\/\/api.w.org\/{rel}","templated":true}]}}