{"id":5340,"date":"2023-05-19T11:09:06","date_gmt":"2023-05-19T09:09:06","guid":{"rendered":"https:\/\/wearevillage.org\/?post_type=product&#038;p=5340"},"modified":"2023-06-07T05:53:10","modified_gmt":"2023-06-07T03:53:10","slug":"village-outdoor-tegeler-fliess","status":"publish","type":"product","link":"https:\/\/wearevillage.org\/shop\/village-outdoor-w21\/","title":{"rendered":"Village Outdoor \u2013 Tegeler Flie\u00df"},"content":{"rendered":"<div class=\"wpb-content-wrapper\"><div class=\"vc_row wpb_row vc_row-fluid\"><div class=\"wpb_column vc_column_container vc_col-sm-10\"><div class=\"vc_column-inner\"><div class=\"wpb_wrapper\"><\/div><\/div><\/div><div class=\"wpb_column vc_column_container vc_col-sm-2\"><div class=\"vc_column-inner\"><div class=\"wpb_wrapper\"><\/div><\/div><\/div><\/div><div class=\"vc_row wpb_row vc_row-fluid\"><div class=\"wpb_column vc_column_container vc_col-sm-12\"><div class=\"vc_column-inner\"><div class=\"wpb_wrapper\"><h4 style=\"text-align: left\" class=\"vc_custom_heading vc_do_custom_heading\" >Village Outdoor - Tegeler Flie\u00df<\/h4><h5 style=\"text-align: left\" class=\"vc_custom_heading vc_do_custom_heading\" >with Harms<\/h5>\n\t<div class=\"wpb_text_column wpb_content_element\" >\n\t\t<div class=\"wpb_wrapper\">\n\t\t\t<div class=\"x11i5rnm xat24cr x1mh8g0r x1vvkbs xtlvy1s\">\n<div class=\"x11i5rnm xat24cr x1mh8g0r x1vvkbs xtlvy1s\">\n<div class=\"x11i5rnm xat24cr x1mh8g0r x1vvkbs xtlvy1s\">\n<div class=\"x11i5rnm xat24cr x1mh8g0r x1vvkbs xtlvy1s\">im Mai m\u00f6chten wir mit Euch den Spreewald erkunden!<\/div>\n<div class=\"x11i5rnm xat24cr x1mh8g0r x1vvkbs xtlvy1s\">\n<p>An einem Sonntag treffen wir uns, fahren organisiert zusammen nach L\u00fcbbenau und erkunden die Landschaft mit Kajaks. Es wird Zeit zum Paddeln, Entspannen und Picknicken gebenAuf dieser Wanderung k\u00f6nnt ihr gemeinsam mit Harms das Tegeler Flie\u00dftal entdecken. Dieses geh\u00f6rt zu den sch\u00f6nsten und wertvollsten Naturgebieten geh\u00f6rt. Ein unber\u00fchrtes Naturgebiet mit Feuchtwiesen und Niedermooren, gleichzeitig ein Schutzgebiet f\u00fcr seltene Tiere, Pflanzen und V\u00f6gel.<\/p>\n<p>Unser Weg f\u00fchrt uns vom S-Bahnhof Hermsdorf zum Hermsdorfer See. Dann \u00fcberqueren wir auf einem Holzsteg ein gro\u00dfes Feuchtgebiet und wandern an dessen Nordrand entlang nach L\u00fcbars, dem \u00e4ltesten Dorf Berlins, in dem noch heute Landwirtschaft betrieben wird.<\/p>\n<p>Wenn wir Gl\u00fcck haben, finden wir im Sommergarten des Gasthauses gen\u00fcgend Platz, um eine Pause einzulegen.<\/p>\n<p>Der R\u00fcckweg f\u00fchrt uns \u00fcber Feldwege und Wiesen wieder ins Tegeler Flie\u00dftal zum S-Bahnhof Hermsdorf.<\/p>\n<p>.<\/p>\n<\/div>\n<div class=\"x11i5rnm xat24cr x1mh8g0r x1vvkbs xtlvy1s\">Jorge hat ein perfektes Programm f\u00fcr uns zusammengestellt (siehe unten).\u00a0<span class=\"x3nfvp2 x1j61x8r x1fcty0u xdj266r xhhsvwb xat24cr xgzva0m xxymvpz xlup9mm x1kky2od\"><img loading=\"lazy\" decoding=\"async\" src=\"https:\/\/static.xx.fbcdn.net\/images\/emoji.php\/v9\/t6c\/1\/16\/2764.png\" alt=\"\u2764\ufe0f\" width=\"16\" height=\"16\" \/><\/span><\/div>\n<div class=\"x11i5rnm xat24cr x1mh8g0r x1vvkbs xtlvy1s\">Wir freuen uns auf Euch!<\/div>\n<\/div>\n<\/div>\n<\/div>\n\n\t\t<\/div>\n\t<\/div>\n<\/div><\/div><\/div><\/div>\n<\/div>","protected":false},"excerpt":{"rendered":"<h5>Outdoor Event<br \/>\nTreffpunkt: S-Bahnhof Hermsdorf<\/h5>\n<p class=\"p1\"><strong>| <span style=\"color: #ec6c23;\">GBTQ men* <\/span>|<\/strong><\/p>\n<div class=\"x11i5rnm xat24cr x1mh8g0r x1vvkbs xtlvy1s\">\n<div class=\"x11i5rnm xat24cr x1mh8g0r x1vvkbs xtlvy1s\">\n<p>Auf dieser Wanderung k\u00f6nnt ihr gemeinsam mit Harms das Tegeler Flie\u00dftal entdecken. Dieses geh\u00f6rt zu den sch\u00f6nsten und wertvollsten Naturgebieten geh\u00f6rt.<\/p>\n<\/div>\n<\/div>\n","protected":false},"author":14,"featured_media":5343,"template":"","meta":{"pmpro_default_level":"","inline_featured_image":false},"product_brand":[],"product_cat":[77,79],"product_tag":[469],"class_list":{"0":"post-5340","1":"product","2":"type-product","3":"status-publish","4":"has-post-thumbnail","6":"product_cat-community-events","7":"product_cat-monatliche-events","8":"product_tag-lgbtqiaplus","9":"pmpro-has-access","11":"first","12":"outofstock","13":"purchasable","14":"product-type-variable"},"wpml_current_locale":"de_DE","wpml_translations":{"en_US":{"locale":"en_US","id":5341,"slug":"village-outdoor-kajaktour-spreewald-kopie","post_title":"Village Outdoor \/ Tegeler Flie\u00df","href":"https:\/\/wearevillage.org\/en\/shop\/village-outdoor-w21"}},"language":{"code":"de","locale":"","name":"","is_rtl":false},"_links":{"self":[{"href":"https:\/\/wearevillage.org\/wp-json\/wp\/v2\/product\/5340","targetHints":{"allow":["GET"]}}],"collection":[{"href":"https:\/\/wearevillage.org\/wp-json\/wp\/v2\/product"}],"about":[{"href":"https:\/\/wearevillage.org\/wp-json\/wp\/v2\/types\/product"}],"author":[{"embeddable":true,"href":"https:\/\/wearevillage.org\/wp-json\/wp\/v2\/users\/14"}],"wp:featuredmedia":[{"embeddable":true,"href":"https:\/\/wearevillage.org\/wp-json\/wp\/v2\/media\/5343"}],"wp:attachment":[{"href":"https:\/\/wearevillage.org\/wp-json\/wp\/v2\/media?parent=5340"}],"wp:term":[{"taxonomy":"product_brand","embeddable":true,"href":"https:\/\/wearevillage.org\/wp-json\/wp\/v2\/product_brand?post=5340"},{"taxonomy":"product_cat","embeddable":true,"href":"https:\/\/wearevillage.org\/wp-json\/wp\/v2\/product_cat?post=5340"},{"taxonomy":"product_tag","embeddable":true,"href":"https:\/\/wearevillage.org\/wp-json\/wp\/v2\/product_tag?post=5340"}],"curies":[{"name":"wp","href":"https:\/\/api.w.org\/{rel}","templated":true}]}}